{"id":4998,"date":"2022-05-18T10:50:41","date_gmt":"2022-05-18T08:50:41","guid":{"rendered":"https:\/\/agora.xtec.cat\/iesqm\/?page_id=4998"},"modified":"2022-05-18T11:02:40","modified_gmt":"2022-05-18T09:02:40","slug":"propietat-intellectual","status":"publish","type":"page","link":"https:\/\/agora.xtec.cat\/iesqm\/linstitut\/estrategia-digital\/aplicatius-de-gestio-edc\/propietat-intellectual\/","title":{"rendered":"Propietat intel\u00b7lectual"},"content":{"rendered":"<div id=\"main\" tabindex=\"-1\">\n<section class=\"padding-xs padding-sm padding-md colorSectionOdd\">\n<article class=\"container fullcontainer-xs\">\n<div class=\"row\">\n<div>\n<div id=\"center_1R\">\n<div id=\"bfc4eb8c-3ffc-11e5-beba-000c291c997a\" class=\"fpca_article pd-15\">\n<div class=\"llistat_collapse\">\n<div id=\"acordio_distribuidora\" class=\"panel-group llistat_collapse_cont\">\n<div class=\"panel panel-default\">\n<div class=\"panel-heading\">\n<h2 class=\"panel-title\"><a class=\"collapsed\" href=\"http:\/\/xtec.gencat.cat\/ca\/centres\/propintel_dretauto\/pmf\/#bloc1\" data-toggle=\"collapse\" data-parent=\"#acordio_distribuidora\">A qui pertanyen els drets patrimonials dels materials did\u00e0ctics que elabora el professorat?<\/a><\/h2>\n<\/div>\n<div id=\"bloc1\" class=\"panel-collapse collapsible\">\n<div class=\"col-sm-4 columna_destacats\"><\/div>\n<\/div>\n<\/div>\n<div class=\"panel panel-default\">\n<div class=\"panel-heading\">\n<h2 class=\"panel-title\"><a class=\"collapsed\" href=\"http:\/\/xtec.gencat.cat\/ca\/centres\/propintel_dretauto\/pmf\/#bloc2\" data-toggle=\"collapse\" data-parent=\"#acordio_distribuidora\">\u00c9s compatible el s\u00edmbol \u00a9 (copyright) amb les llic\u00e8ncies Creative Commons?<\/a><\/h2>\n<\/div>\n<div id=\"bloc2\" class=\"panel-collapse collapsible\">\n<div class=\"col-xs-12 columna_esquerra\">\n<div class=\"cos_bloc basic_text_peq pd-15 link-dotted\">\n<div><img decoding=\"async\" src=\"http:\/\/xtec.gencat.cat\/web\/.content\/alfresco\/d\/d\/workspace\/SpacesStore\/0020\/07c72517-ba2f-4e18-8389-8423d1d63f54\/cc-copyright.png\" alt=\"\" \/><\/div>\n<\/div>\n<\/div>\n<div class=\"col-sm-4 columna_destacats\"><\/div>\n<\/div>\n<\/div>\n<div class=\"panel panel-default\">\n<div class=\"panel-heading\">\n<h2 class=\"panel-title\"><a class=\"collapsed\" href=\"http:\/\/xtec.gencat.cat\/ca\/centres\/propintel_dretauto\/pmf\/#bloc3\" data-toggle=\"collapse\" data-parent=\"#acordio_distribuidora\">Qu\u00e8 s\u00f3n els drets connexos?<\/a><\/h2>\n<\/div>\n<div id=\"bloc3\" class=\"panel-collapse collapsible\">\n<div class=\"col-sm-4 columna_destacats\"><\/div>\n<\/div>\n<\/div>\n<div class=\"panel panel-default\">\n<div class=\"panel-heading\">\n<h2 class=\"panel-title\"><a class=\"collapsed\" href=\"http:\/\/xtec.gencat.cat\/ca\/centres\/propintel_dretauto\/pmf\/#bloc4\" data-toggle=\"collapse\" data-parent=\"#acordio_distribuidora\">He trobat una imatge amb Google. Puc utilitzar-la lliurement?<\/a><\/h2>\n<\/div>\n<div id=\"bloc4\" class=\"panel-collapse collapsible\">\n<div class=\"col-sm-4 columna_destacats\"><\/div>\n<\/div>\n<\/div>\n<div class=\"panel panel-default\">\n<div class=\"panel-heading\">\n<h2 class=\"panel-title\"><a class=\"collapsed\" href=\"http:\/\/xtec.gencat.cat\/ca\/centres\/propintel_dretauto\/pmf\/#bloc5\" data-toggle=\"collapse\" data-parent=\"#acordio_distribuidora\">On puc trobar imatges d&#8217;\u00fas lliure?<\/a><\/h2>\n<\/div>\n<div id=\"bloc5\" class=\"panel-collapse collapsible\">\n<div class=\"col-sm-4 columna_destacats\"><\/div>\n<\/div>\n<\/div>\n<div class=\"panel panel-default\">\n<div class=\"panel-heading\">\n<h2 class=\"panel-title\"><a class=\"collapsed\" href=\"http:\/\/xtec.gencat.cat\/ca\/centres\/propintel_dretauto\/pmf\/#bloc6\" data-toggle=\"collapse\" data-parent=\"#acordio_distribuidora\">Com puc referenciar les imatges que incloc a un material?<\/a><\/h2>\n<\/div>\n<div id=\"bloc6\" class=\"panel-collapse collapsible\">\n<div class=\"col-sm-4 columna_destacats\"><\/div>\n<\/div>\n<\/div>\n<div class=\"panel panel-default\">\n<div class=\"panel-heading\">\n<h2 class=\"panel-title\"><a class=\"collapsed\" href=\"http:\/\/xtec.gencat.cat\/ca\/centres\/propintel_dretauto\/pmf\/#bloc7\" data-toggle=\"collapse\" data-parent=\"#acordio_distribuidora\">Quins treballs de l&#8217;alumnat estan subjectes a la legislaci\u00f3 sobre propietat intel\u00b7lectual?<\/a><\/h2>\n<\/div>\n<div id=\"bloc7\" class=\"panel-collapse collapsible\">\n<div class=\"col-sm-4 columna_destacats\"><\/div>\n<\/div>\n<\/div>\n<div class=\"panel panel-default\">\n<div class=\"panel-heading\">\n<h2 class=\"panel-title\"><a class=\"collapsed\" href=\"http:\/\/xtec.gencat.cat\/ca\/centres\/propintel_dretauto\/pmf\/#bloc8\" data-toggle=\"collapse\" data-parent=\"#acordio_distribuidora\">Es poden publicar lliurement els treballs de l&#8217;alumnat a Internet?<\/a><\/h2>\n<\/div>\n<div id=\"bloc8\" class=\"panel-collapse collapsible\">\n<div class=\"col-xs-12 columna_esquerra\">\n<div class=\"cos_bloc basic_text_peq pd-15 link-dotted\">\n<div><\/div>\n<\/div>\n<\/div>\n<div class=\"col-sm-4 columna_destacats\"><\/div>\n<\/div>\n<\/div>\n<div class=\"panel panel-default\">\n<div class=\"panel-heading\">\n<h2 class=\"panel-title\"><a class=\"collapsed\" href=\"http:\/\/xtec.gencat.cat\/ca\/centres\/propintel_dretauto\/pmf\/#bloc9\" data-toggle=\"collapse\" data-parent=\"#acordio_distribuidora\">Qu\u00e8 puc utilitzar per preparar materials did\u00e0ctics?<\/a><\/h2>\n<\/div>\n<\/div>\n<div class=\"panel panel-default\">\n<div class=\"panel-heading\">\n<h2 class=\"panel-title\"><a class=\"collapsed\" href=\"http:\/\/xtec.gencat.cat\/ca\/centres\/propintel_dretauto\/pmf\/#bloc10\" data-toggle=\"collapse\" data-parent=\"#acordio_distribuidora\">Qu\u00e8 puc fer quan a classe haig de fer refer\u00e8ncia a obres protegides pels drets d\u2019autoria?<\/a><\/h2>\n<\/div>\n<div id=\"bloc10\" class=\"panel-collapse collapsible\">\n<div class=\"col-sm-4 columna_destacats\"><\/div>\n<\/div>\n<\/div>\n<div class=\"panel panel-default\">\n<div class=\"panel-heading\">\n<h2 class=\"panel-title\"><a class=\"collapsed\" href=\"http:\/\/xtec.gencat.cat\/ca\/centres\/propintel_dretauto\/pmf\/#bloc11\" data-toggle=\"collapse\" data-parent=\"#acordio_distribuidora\">Cal perm\u00eds d&#8217;imatge per publicar fotografies o audiovisuals?<\/a><\/h2>\n<\/div>\n<div id=\"bloc11\" class=\"panel-collapse collapsible\">\n<div class=\"col-sm-4 columna_destacats\"><\/div>\n<\/div>\n<\/div>\n<div class=\"panel panel-default\">\n<div class=\"panel-heading\">\n<h2 class=\"panel-title\"><a class=\"collapsed\" href=\"http:\/\/xtec.gencat.cat\/ca\/centres\/propintel_dretauto\/pmf\/#bloc12\" data-toggle=\"collapse\" data-parent=\"#acordio_distribuidora\">\u00c9s possible publicar una imatge o un v\u00eddeo en un espai personal a Internet mentre no hi hagi remuneraci\u00f3 econ\u00f2mica?<\/a><\/h2>\n<\/div>\n<div id=\"bloc12\" class=\"panel-collapse collapsible\">\n<div class=\"col-sm-4 columna_destacats\"><\/div>\n<\/div>\n<\/div>\n<div class=\"panel panel-default\">\n<div class=\"panel-heading\">\n<h2 class=\"panel-title\"><a class=\"collapsed\" href=\"http:\/\/xtec.gencat.cat\/ca\/centres\/propintel_dretauto\/pmf\/#bloc13\" data-toggle=\"collapse\" data-parent=\"#acordio_distribuidora\">Qu\u00e8 \u00e9s el dret de comunicaci\u00f3 p\u00fablica?<\/a><\/h2>\n<\/div>\n<div id=\"bloc13\" class=\"panel-collapse collapsible\">\n<div class=\"col-sm-4 columna_destacats\"><\/div>\n<\/div>\n<\/div>\n<div class=\"panel panel-default\">\n<div class=\"panel-heading\">\n<h2 class=\"panel-title\"><a class=\"collapsed\" href=\"http:\/\/xtec.gencat.cat\/ca\/centres\/propintel_dretauto\/pmf\/#bloc14\" data-toggle=\"collapse\" data-parent=\"#acordio_distribuidora\">En quins sup\u00f2sits es poden publicar obres sense perm\u00eds de l&#8217;autor o de la persona titular dels drets?<\/a><\/h2>\n<\/div>\n<\/div>\n<\/div>\n<\/div>\n<\/div>\n<\/div>\n<\/div>\n<\/div>\n<\/article>\n<\/section>\n<\/div>\n<p><a href=\"http:\/\/xtec.gencat.cat\/ca\/centres\/propintel_dretauto\/pmf\/\"><span style=\"font-weight: 400;\">http:\/\/xtec.gencat.cat\/ca\/centres\/propintel_dretauto\/pmf\/<\/span><\/a><\/p>\n","protected":false},"excerpt":{"rendered":"<p>A qui pertanyen els drets patrimonials dels materials did\u00e0ctics que elabora el professorat? \u00c9s compatible el s\u00edmbol \u00a9 (copyright) amb les llic\u00e8ncies Creative Commons? Qu\u00e8 s\u00f3n els drets connexos? He trobat una imatge amb Google. Puc utilitzar-la lliurement? On puc trobar imatges d&#8217;\u00fas lliure? Com puc referenciar les imatges que incloc a un material? Quins [&hellip;]<\/p>\n","protected":false},"author":1,"featured_media":0,"parent":4525,"menu_order":0,"comment_status":"closed","ping_status":"closed","template":"","meta":{"_bbp_topic_count":0,"_bbp_reply_count":0,"_bbp_total_topic_count":0,"_bbp_total_reply_count":0,"_bbp_voice_count":0,"_bbp_anonymous_reply_count":0,"_bbp_topic_count_hidden":0,"_bbp_reply_count_hidden":0,"_bbp_forum_subforum_count":0,"site-sidebar-layout":"default","site-content-layout":"","ast-site-content-layout":"","site-content-style":"default","site-sidebar-style":"default","ast-global-header-display":"","ast-banner-title-visibility":"","ast-main-header-display":"","ast-hfb-above-header-display":"","ast-hfb-below-header-display":"","ast-hfb-mobile-header-display":"","site-post-title":"","ast-breadcrumbs-content":"","ast-featured-img":"","footer-sml-layout":"","theme-transparent-header-meta":"","adv-header-id-meta":"","stick-header-meta":"","header-above-stick-meta":"","header-main-stick-meta":"","header-below-stick-meta":"","astra-migrate-meta-layouts":"default","ast-page-background-enabled":"default","ast-page-background-meta":{"desktop":{"background-color":"var(--ast-global-color-4)","background-image":"","background-repeat":"repeat","background-position":"center center","background-size":"auto","background-attachment":"scroll","background-type":"","background-media":"","overlay-type":"","overlay-color":"","overlay-opacity":"","overlay-gradient":""},"tablet":{"background-color":"","background-image":"","background-repeat":"repeat","background-position":"center center","background-size":"auto","background-attachment":"scroll","background-type":"","background-media":"","overlay-type":"","overlay-color":"","overlay-opacity":"","overlay-gradient":""},"mobile":{"background-color":"","background-image":"","background-repeat":"repeat","background-position":"center center","background-size":"auto","background-attachment":"scroll","background-type":"","background-media":"","overlay-type":"","overlay-color":"","overlay-opacity":"","overlay-gradient":""}},"ast-content-background-meta":{"desktop":{"background-color":"var(--ast-global-color-5)","background-image":"","background-repeat":"repeat","background-position":"center center","background-size":"auto","background-attachment":"scroll","background-type":"","background-media":"","overlay-type":"","overlay-color":"","overlay-opacity":"","overlay-gradient":""},"tablet":{"background-color":"var(--ast-global-color-5)","background-image":"","background-repeat":"repeat","background-position":"center center","background-size":"auto","background-attachment":"scroll","background-type":"","background-media":"","overlay-type":"","overlay-color":"","overlay-opacity":"","overlay-gradient":""},"mobile":{"background-color":"var(--ast-global-color-5)","background-image":"","background-repeat":"repeat","background-position":"center center","background-size":"auto","background-attachment":"scroll","background-type":"","background-media":"","overlay-type":"","overlay-color":"","overlay-opacity":"","overlay-gradient":""}},"footnotes":""},"class_list":["post-4998","page","type-page","status-publish","hentry"],"post_mailing_queue_ids":[],"_links":{"self":[{"href":"https:\/\/agora.xtec.cat\/iesqm\/wp-json\/wp\/v2\/pages\/4998","targetHints":{"allow":["GET"]}}],"collection":[{"href":"https:\/\/agora.xtec.cat\/iesqm\/wp-json\/wp\/v2\/pages"}],"about":[{"href":"https:\/\/agora.xtec.cat\/iesqm\/wp-json\/wp\/v2\/types\/page"}],"author":[{"embeddable":true,"href":"https:\/\/agora.xtec.cat\/iesqm\/wp-json\/wp\/v2\/users\/1"}],"replies":[{"embeddable":true,"href":"https:\/\/agora.xtec.cat\/iesqm\/wp-json\/wp\/v2\/comments?post=4998"}],"version-history":[{"count":1,"href":"https:\/\/agora.xtec.cat\/iesqm\/wp-json\/wp\/v2\/pages\/4998\/revisions"}],"predecessor-version":[{"id":4999,"href":"https:\/\/agora.xtec.cat\/iesqm\/wp-json\/wp\/v2\/pages\/4998\/revisions\/4999"}],"up":[{"embeddable":true,"href":"https:\/\/agora.xtec.cat\/iesqm\/wp-json\/wp\/v2\/pages\/4525"}],"wp:attachment":[{"href":"https:\/\/agora.xtec.cat\/iesqm\/wp-json\/wp\/v2\/media?parent=4998"}],"curies":[{"name":"wp","href":"https:\/\/api.w.org\/{rel}","templated":true}]}}