{"id":4323,"date":"2021-09-29T22:39:53","date_gmt":"2021-09-29T20:39:53","guid":{"rendered":"https:\/\/agora.xtec.cat\/iesqm\/?page_id=4323"},"modified":"2025-08-31T17:38:15","modified_gmt":"2025-08-31T15:38:15","slug":"eines-per-al-canvi-pacte","status":"publish","type":"page","link":"https:\/\/agora.xtec.cat\/iesqm\/linstitut\/eines-per-al-canvi-pacte\/","title":{"rendered":"Formaci\u00f3 i millora"},"content":{"rendered":"<h1 class=\"NG-menu__title\" style=\"text-align: center;\">PACTE<\/h1>\n<h1 class=\"NG-menu__title\" style=\"text-align: center;\">2021-2023<\/h1>\n<h3 class=\"NG-menu__title\" style=\"text-align: center;\"><a href=\"http:\/\/xtec.gencat.cat\/ca\/innovacio\/programes_innovacio\/centres-de-formacio-adults\/pacte-programa-acceleracio-transformacio-educativa-eines-canvi\/\">Programa d&#8217;acceleraci\u00f3 de la transformaci\u00f3 educativa<\/a><\/h3>\n<h3 class=\"NG-menu__title\" style=\"text-align: center;\">Eines per al canvi<\/h3>\n<p style=\"text-align: center;\"><strong>Impulsat per la Direcci\u00f3 General d\u2019Innovaci\u00f3, Recerca i Cultura Digital<\/strong><\/p>\n<p style=\"text-align: center;\"><a href=\"https:\/\/espai.educacio.gencat.cat\/Centres\/Innovacio-pedagogica\/Programes\/acceleracio\/Pagines\/default.aspx\" target=\"_blank\" rel=\"noopener\">Programa PACTE (Acceleraci\u00f3 de la transformaci\u00f3 educativa\/Eines per al canvi<\/a><\/p>\n<p style=\"text-align: center;\"><a href=\"https:\/\/agora.xtec.cat\/iesqm\/wp-content\/uploads\/usu894\/2022\/05\/Captura-1.jpg\"><img loading=\"lazy\" decoding=\"async\" class=\"wp-image-4919 alignnone\" src=\"https:\/\/agora.xtec.cat\/iesqm\/wp-content\/uploads\/usu894\/2022\/05\/Captura-1.jpg\" alt=\"\" width=\"218\" height=\"120\" srcset=\"https:\/\/agora.xtec.cat\/iesqm\/wp-content\/uploads\/usu894\/2022\/05\/Captura-1.jpg 1368w, https:\/\/agora.xtec.cat\/iesqm\/wp-content\/uploads\/usu894\/2022\/05\/Captura-1-300x165.jpg 300w, https:\/\/agora.xtec.cat\/iesqm\/wp-content\/uploads\/usu894\/2022\/05\/Captura-1-1024x564.jpg 1024w, https:\/\/agora.xtec.cat\/iesqm\/wp-content\/uploads\/usu894\/2022\/05\/Captura-1-768x423.jpg 768w\" sizes=\"auto, (max-width: 218px) 100vw, 218px\" \/><\/a><\/p>\n<p>El Departament d\u2019Educaci\u00f3 impulsa iniciatives de col\u00b7laboraci\u00f3, de corresponsabilitzaci\u00f3 i de treball conjunt entre els diferents agents i actors educatius amb l\u2019horitz\u00f3 com\u00fa de canvi educatiu que parteix d\u2019una concepci\u00f3 inclusiva i orientadora de l\u2019educaci\u00f3 i que ha de comportar una transformaci\u00f3 global del sistema educatiu.<\/p>\n<p>Aquest proc\u00e9s planificat es fonamenta en un aprenentatge centrat en l\u2019alumne que implica canvis significatius en els projectes educatius dels centres que afecten les pr\u00e0ctiques i metodologies docents, l\u2019organitzaci\u00f3 i el funcionament dels centres, en un escenari d\u2019autonomia, descentralitzaci\u00f3 i corresponsabilitat.<\/p>\n<p><a href=\"https:\/\/projectes.xtec.cat\/transformacioenxarxa\/\" rel=\"attachment wp-att-4352\"><img loading=\"lazy\" decoding=\"async\" class=\"wp-image-4352 aligncenter\" src=\"https:\/\/agora.xtec.cat\/iesqm\/wp-content\/uploads\/usu894\/2021\/10\/Captura.jpg\" alt=\"\" width=\"269\" height=\"128\" srcset=\"https:\/\/agora.xtec.cat\/iesqm\/wp-content\/uploads\/usu894\/2021\/10\/Captura.jpg 435w, https:\/\/agora.xtec.cat\/iesqm\/wp-content\/uploads\/usu894\/2021\/10\/Captura-300x143.jpg 300w\" sizes=\"auto, (max-width: 269px) 100vw, 269px\" \/><\/a><\/p>\n<p><a href=\"https:\/\/projectes.xtec.cat\/transformacioenxarxa\/xarxes-territorials-de-transformacio-educativa\/\"><img loading=\"lazy\" decoding=\"async\" class=\"wp-image-4353 aligncenter\" src=\"https:\/\/agora.xtec.cat\/iesqm\/wp-content\/uploads\/usu894\/2021\/10\/Logo-Xarxes-1-e1583302432851.jpg\" alt=\"\" width=\"146\" height=\"127\" srcset=\"https:\/\/agora.xtec.cat\/iesqm\/wp-content\/uploads\/usu894\/2021\/10\/Logo-Xarxes-1-e1583302432851.jpg 317w, https:\/\/agora.xtec.cat\/iesqm\/wp-content\/uploads\/usu894\/2021\/10\/Logo-Xarxes-1-e1583302432851-300x261.jpg 300w\" sizes=\"auto, (max-width: 146px) 100vw, 146px\" \/><\/a><\/p>\n\n\n<p><\/p>\n","protected":false},"excerpt":{"rendered":"<p>PACTE 2021-2023 Programa d&#8217;acceleraci\u00f3 de la transformaci\u00f3 educativa Eines per al canvi Impulsat per la Direcci\u00f3 General d\u2019Innovaci\u00f3, Recerca i Cultura Digital Programa PACTE (Acceleraci\u00f3 de la transformaci\u00f3 educativa\/Eines per al canvi El Departament d\u2019Educaci\u00f3 impulsa iniciatives de col\u00b7laboraci\u00f3, de corresponsabilitzaci\u00f3 i de treball conjunt entre els diferents agents i actors educatius amb l\u2019horitz\u00f3 com\u00fa [&hellip;]<\/p>\n","protected":false},"author":1,"featured_media":0,"parent":19,"menu_order":0,"comment_status":"closed","ping_status":"closed","template":"","meta":{"_bbp_topic_count":0,"_bbp_reply_count":0,"_bbp_total_topic_count":0,"_bbp_total_reply_count":0,"_bbp_voice_count":0,"_bbp_anonymous_reply_count":0,"_bbp_topic_count_hidden":0,"_bbp_reply_count_hidden":0,"_bbp_forum_subforum_count":0,"site-sidebar-layout":"default","site-content-layout":"","ast-site-content-layout":"","site-content-style":"default","site-sidebar-style":"default","ast-global-header-display":"","ast-banner-title-visibility":"","ast-main-header-display":"","ast-hfb-above-header-display":"","ast-hfb-below-header-display":"","ast-hfb-mobile-header-display":"","site-post-title":"","ast-breadcrumbs-content":"","ast-featured-img":"","footer-sml-layout":"","theme-transparent-header-meta":"","adv-header-id-meta":"","stick-header-meta":"","header-above-stick-meta":"","header-main-stick-meta":"","header-below-stick-meta":"","astra-migrate-meta-layouts":"default","ast-page-background-enabled":"default","ast-page-background-meta":{"desktop":{"background-color":"var(--ast-global-color-4)","background-image":"","background-repeat":"repeat","background-position":"center center","background-size":"auto","background-attachment":"scroll","background-type":"","background-media":"","overlay-type":"","overlay-color":"","overlay-opacity":"","overlay-gradient":""},"tablet":{"background-color":"","background-image":"","background-repeat":"repeat","background-position":"center center","background-size":"auto","background-attachment":"scroll","background-type":"","background-media":"","overlay-type":"","overlay-color":"","overlay-opacity":"","overlay-gradient":""},"mobile":{"background-color":"","background-image":"","background-repeat":"repeat","background-position":"center center","background-size":"auto","background-attachment":"scroll","background-type":"","background-media":"","overlay-type":"","overlay-color":"","overlay-opacity":"","overlay-gradient":""}},"ast-content-background-meta":{"desktop":{"background-color":"var(--ast-global-color-5)","background-image":"","background-repeat":"repeat","background-position":"center center","background-size":"auto","background-attachment":"scroll","background-type":"","background-media":"","overlay-type":"","overlay-color":"","overlay-opacity":"","overlay-gradient":""},"tablet":{"background-color":"var(--ast-global-color-5)","background-image":"","background-repeat":"repeat","background-position":"center center","background-size":"auto","background-attachment":"scroll","background-type":"","background-media":"","overlay-type":"","overlay-color":"","overlay-opacity":"","overlay-gradient":""},"mobile":{"background-color":"var(--ast-global-color-5)","background-image":"","background-repeat":"repeat","background-position":"center center","background-size":"auto","background-attachment":"scroll","background-type":"","background-media":"","overlay-type":"","overlay-color":"","overlay-opacity":"","overlay-gradient":""}},"footnotes":""},"class_list":["post-4323","page","type-page","status-publish","hentry"],"post_mailing_queue_ids":[],"_links":{"self":[{"href":"https:\/\/agora.xtec.cat\/iesqm\/wp-json\/wp\/v2\/pages\/4323","targetHints":{"allow":["GET"]}}],"collection":[{"href":"https:\/\/agora.xtec.cat\/iesqm\/wp-json\/wp\/v2\/pages"}],"about":[{"href":"https:\/\/agora.xtec.cat\/iesqm\/wp-json\/wp\/v2\/types\/page"}],"author":[{"embeddable":true,"href":"https:\/\/agora.xtec.cat\/iesqm\/wp-json\/wp\/v2\/users\/1"}],"replies":[{"embeddable":true,"href":"https:\/\/agora.xtec.cat\/iesqm\/wp-json\/wp\/v2\/comments?post=4323"}],"version-history":[{"count":6,"href":"https:\/\/agora.xtec.cat\/iesqm\/wp-json\/wp\/v2\/pages\/4323\/revisions"}],"predecessor-version":[{"id":7510,"href":"https:\/\/agora.xtec.cat\/iesqm\/wp-json\/wp\/v2\/pages\/4323\/revisions\/7510"}],"up":[{"embeddable":true,"href":"https:\/\/agora.xtec.cat\/iesqm\/wp-json\/wp\/v2\/pages\/19"}],"wp:attachment":[{"href":"https:\/\/agora.xtec.cat\/iesqm\/wp-json\/wp\/v2\/media?parent=4323"}],"curies":[{"name":"wp","href":"https:\/\/api.w.org\/{rel}","templated":true}]}}