{"id":43,"date":"2014-09-17T16:45:07","date_gmt":"2014-09-17T14:45:07","guid":{"rendered":"http:\/\/agora.xtec.cat\/iesqm\/?page_id=43"},"modified":"2026-02-03T09:35:19","modified_gmt":"2026-02-03T08:35:19","slug":"consell-escolar","status":"publish","type":"page","link":"https:\/\/agora.xtec.cat\/iesqm\/linstitut\/consell-escolar\/","title":{"rendered":"Consell escolar"},"content":{"rendered":"\n<figure class=\"wp-block-table\"><table class=\"has-fixed-layout\"><tbody><tr><td><strong>Directora<\/strong><\/td><td>Gemma Isanta<\/td><\/tr><tr><td><strong>Cap d\u2019estudis<\/strong><\/td><td>Montse Feix\u00f3 <\/td><\/tr><tr><td><strong>Secret\u00e0ria<\/strong><\/td><td>Mireia Monterde <\/td><\/tr><tr><td><strong>Representant Ajuntament<\/strong><\/td><td>Lorena P\u00e9rez <\/td><\/tr><tr><td><strong>Representant de l\u2019alumnat<\/strong><\/td><td>Rauil Ruiz A<\/td><\/tr><tr><td><strong>Representant AFA<\/strong><\/td><td>Ester Deu A<\/td><\/tr><tr><td><strong>Representant pares i mares<\/strong><\/td><td>Lara Montenegro, Marieme Elouafi, Montse Guilera, Paula Casta\u00f1eda, Roser Creixell<\/td><\/tr><tr><td><strong>Representant PAE<\/strong><\/td><td>Sandra Santamaria<\/td><\/tr><tr><td><strong>Representant PAS<\/strong><\/td><td><\/td><\/tr><tr><td><strong>Representant professorat<\/strong><\/td><td>Araceli Soto Galimany, Helena Mata Carbonell, Meritxell Mart\u00ed, Nadia Vanesa Santillan Bretcha, Sara Aguilera.<\/td><\/tr><\/tbody><\/table><\/figure>\n\n\n\n<p class=\"has-light-green-cyan-background-color has-background\">Les comissions del Consell Escolar 2025-2027<\/p>\n\n\n\n<figure class=\"wp-block-table\"><table class=\"has-fixed-layout\"><tbody><tr><td><\/td><td><strong>Econ\u00f2mica<\/strong><\/td><td><strong>Conviv\u00e8ncia<\/strong><\/td><td><strong>Igualtat<\/strong><\/td><td><strong>Permanent<\/strong><\/td><\/tr><tr><td>Gemma Isanta<\/td><td>X<\/td><td>X<\/td><td>X<\/td><td>X<\/td><\/tr><tr><td>Montse Feix\u00f3<\/td><td><\/td><td>X<\/td><td><\/td><td>X<\/td><\/tr><tr><td>Mireia Monterde<\/td><td>X<\/td><td>X<\/td><td>X<\/td><td>X<\/td><\/tr><tr><td>Sergi Garcia<\/td><td><\/td><td>X<\/td><td><\/td><td>X<\/td><\/tr><tr><td>Lorena P\u00e9rez<\/td><td>X<\/td><td><\/td><td><\/td><td>X<\/td><\/tr><tr><td>Marieme Elouafi<\/td><td>X<\/td><td>X<\/td><td><\/td><td><\/td><\/tr><tr><td>Roser Creixell<\/td><td><\/td><td><\/td><td>X<\/td><td>X<\/td><\/tr><tr><td>Paula Casta\u00f1eda<\/td><td><\/td><td><\/td><td>X<\/td><td>X<\/td><\/tr><tr><td>Lara Montenegro<\/td><td><\/td><td>X<\/td><td>X<\/td><td><\/td><\/tr><tr><td>Montse Guilera<\/td><td>X<\/td><td>X<\/td><td><\/td><td><\/td><\/tr><tr><td>Raul Ruiz<\/td><td><\/td><td>X<\/td><td>X<\/td><td><\/td><\/tr><tr><td>Subaltern<\/td><td><\/td><td><\/td><td><\/td><td><\/td><\/tr><tr><td>Meritxell Mart\u00ed<\/td><td>X<\/td><td>X<\/td><td><\/td><td><\/td><\/tr><tr><td>Sara Aguilera<\/td><td>X<\/td><td>X<\/td><td><\/td><td><\/td><\/tr><tr><td>Nadia Santillan<\/td><td>X<\/td><td>X<\/td><td><\/td><td><\/td><\/tr><tr><td>Araceli Soto<\/td><td><\/td><td>X<\/td><td>X<\/td><td><\/td><\/tr><tr><td>Helena Mata<\/td><td><\/td><td><\/td><td>X<\/td><td>X<\/td><\/tr><tr><td>Sandra Santamaria<\/td><td><\/td><td>X<\/td><td><\/td><td>X<\/td><\/tr><tr><td>Ester Deu<\/td><td>X<\/td><td><\/td><td>X<\/td><td><\/td><\/tr><\/tbody><\/table><\/figure>\n\n\n\n<p class=\"has-large-font-size\">ACORDS DE LES SESSIONS<\/p>\n\n\n\n<p class=\"has-pale-cyan-blue-background-color has-background has-medium-font-size\">Consell escolar 2 de desembre de 2025<\/p>\n\n\n\n<p class=\"has-small-font-size\"><strong>Ordre del dia:&nbsp;<\/strong><\/p>\n\n\n\n<p class=\"has-small-font-size\"><strong>1.Lectura de les actes de votaci\u00f3 dels diferents sectors.<\/strong><\/p>\n\n\n\n<p class=\"has-small-font-size\"><strong>2. Constituci\u00f3 del Nou consell Escolar<\/strong><\/p>\n\n\n\n<p class=\"has-small-font-size\"><strong>3. Constituci\u00f3 de les Comissions del Consell Escolar<\/strong><\/p>\n\n\n\n<p class=\"has-small-font-size\"><strong>4. Comiat de les persones del Consell que acaben el seu per\u00edode en el Consell Escolar i benvinguda a les persones que s\u2019hi incorporen.<\/strong><\/p>\n\n\n\n<p class=\"has-small-font-size\"><strong>Acords que s\u2019han pres en el Consell Escolar <\/strong><strong><\/strong><\/p>\n\n\n\n<ul class=\"wp-block-list\">\n<li class=\"has-small-font-size\">A la localitat de Sant Quint\u00ed de Mediona, a les 18:00 hores del dia 02\/12\/2025, al centre Institut Escola Sant Quint\u00ed de Mediona , sota la pres\u00e8ncia de la directora del centre, es constitueix el nou Consell Escolar.<\/li>\n\n\n\n<li class=\"has-small-font-size\">Es constitueixen les comissions del Consell Escolar.<\/li>\n<\/ul>\n\n\n\n<p><\/p>\n","protected":false},"excerpt":{"rendered":"<p>Directora Gemma Isanta Cap d\u2019estudis Montse Feix\u00f3 Secret\u00e0ria Mireia Monterde Representant Ajuntament Lorena P\u00e9rez Representant de l\u2019alumnat Rauil Ruiz A Representant AFA Ester Deu A Representant pares i mares Lara Montenegro, Marieme Elouafi, Montse Guilera, Paula Casta\u00f1eda, Roser Creixell Representant PAE Sandra Santamaria Representant PAS Representant professorat Araceli Soto Galimany, Helena Mata Carbonell, Meritxell Mart\u00ed, [&hellip;]<\/p>\n","protected":false},"author":1,"featured_media":0,"parent":19,"menu_order":50,"comment_status":"closed","ping_status":"closed","template":"","meta":{"_bbp_topic_count":0,"_bbp_reply_count":0,"_bbp_total_topic_count":0,"_bbp_total_reply_count":0,"_bbp_voice_count":0,"_bbp_anonymous_reply_count":0,"_bbp_topic_count_hidden":0,"_bbp_reply_count_hidden":0,"_bbp_forum_subforum_count":0,"site-sidebar-layout":"default","site-content-layout":"","ast-site-content-layout":"default","site-content-style":"default","site-sidebar-style":"default","ast-global-header-display":"","ast-banner-title-visibility":"","ast-main-header-display":"","ast-hfb-above-header-display":"","ast-hfb-below-header-display":"","ast-hfb-mobile-header-display":"","site-post-title":"","ast-breadcrumbs-content":"","ast-featured-img":"","footer-sml-layout":"","theme-transparent-header-meta":"","adv-header-id-meta":"","stick-header-meta":"","header-above-stick-meta":"","header-main-stick-meta":"","header-below-stick-meta":"","astra-migrate-meta-layouts":"set","ast-page-background-enabled":"default","ast-page-background-meta":{"desktop":{"background-color":"var(--ast-global-color-4)","background-image":"","background-repeat":"repeat","background-position":"center center","background-size":"auto","background-attachment":"scroll","background-type":"","background-media":"","overlay-type":"","overlay-color":"","overlay-opacity":"","overlay-gradient":""},"tablet":{"background-color":"","background-image":"","background-repeat":"repeat","background-position":"center center","background-size":"auto","background-attachment":"scroll","background-type":"","background-media":"","overlay-type":"","overlay-color":"","overlay-opacity":"","overlay-gradient":""},"mobile":{"background-color":"","background-image":"","background-repeat":"repeat","background-position":"center center","background-size":"auto","background-attachment":"scroll","background-type":"","background-media":"","overlay-type":"","overlay-color":"","overlay-opacity":"","overlay-gradient":""}},"ast-content-background-meta":{"desktop":{"background-color":"var(--ast-global-color-5)","background-image":"","background-repeat":"repeat","background-position":"center center","background-size":"auto","background-attachment":"scroll","background-type":"","background-media":"","overlay-type":"","overlay-color":"","overlay-opacity":"","overlay-gradient":""},"tablet":{"background-color":"var(--ast-global-color-5)","background-image":"","background-repeat":"repeat","background-position":"center center","background-size":"auto","background-attachment":"scroll","background-type":"","background-media":"","overlay-type":"","overlay-color":"","overlay-opacity":"","overlay-gradient":""},"mobile":{"background-color":"var(--ast-global-color-5)","background-image":"","background-repeat":"repeat","background-position":"center center","background-size":"auto","background-attachment":"scroll","background-type":"","background-media":"","overlay-type":"","overlay-color":"","overlay-opacity":"","overlay-gradient":""}},"footnotes":""},"class_list":["post-43","page","type-page","status-publish","hentry"],"post_mailing_queue_ids":[],"_links":{"self":[{"href":"https:\/\/agora.xtec.cat\/iesqm\/wp-json\/wp\/v2\/pages\/43","targetHints":{"allow":["GET"]}}],"collection":[{"href":"https:\/\/agora.xtec.cat\/iesqm\/wp-json\/wp\/v2\/pages"}],"about":[{"href":"https:\/\/agora.xtec.cat\/iesqm\/wp-json\/wp\/v2\/types\/page"}],"author":[{"embeddable":true,"href":"https:\/\/agora.xtec.cat\/iesqm\/wp-json\/wp\/v2\/users\/1"}],"replies":[{"embeddable":true,"href":"https:\/\/agora.xtec.cat\/iesqm\/wp-json\/wp\/v2\/comments?post=43"}],"version-history":[{"count":6,"href":"https:\/\/agora.xtec.cat\/iesqm\/wp-json\/wp\/v2\/pages\/43\/revisions"}],"predecessor-version":[{"id":7791,"href":"https:\/\/agora.xtec.cat\/iesqm\/wp-json\/wp\/v2\/pages\/43\/revisions\/7791"}],"up":[{"embeddable":true,"href":"https:\/\/agora.xtec.cat\/iesqm\/wp-json\/wp\/v2\/pages\/19"}],"wp:attachment":[{"href":"https:\/\/agora.xtec.cat\/iesqm\/wp-json\/wp\/v2\/media?parent=43"}],"curies":[{"name":"wp","href":"https:\/\/api.w.org\/{rel}","templated":true}]}}