{"id":2967,"date":"2020-10-14T19:44:49","date_gmt":"2020-10-14T17:44:49","guid":{"rendered":"https:\/\/agora.xtec.cat\/iesqm\/?page_id=2967"},"modified":"2022-02-10T09:41:31","modified_gmt":"2022-02-10T08:41:31","slug":"xarxa-educativa","status":"publish","type":"page","link":"https:\/\/agora.xtec.cat\/iesqm\/xarxa-educativa\/","title":{"rendered":"Xarxa educativa"},"content":{"rendered":"<p><a href=\"https:\/\/projectes.xtec.cat\/xarxacb\/\"><br \/>\n<\/a><a href=\"http:\/\/xtec.gencat.cat\/ca\/inici\"><br \/>\n<img loading=\"lazy\" decoding=\"async\" class=\"aligncenter wp-image-2970\" src=\"https:\/\/agora.xtec.cat\/iesqm\/wp-content\/uploads\/usu894\/2020\/10\/4a3afb61ae558d8b4593ccb078091a8b-300x300.jpg\" alt=\"\" width=\"240\" height=\"240\" srcset=\"https:\/\/agora.xtec.cat\/iesqm\/wp-content\/uploads\/usu894\/2020\/10\/4a3afb61ae558d8b4593ccb078091a8b-300x300.jpg 300w, https:\/\/agora.xtec.cat\/iesqm\/wp-content\/uploads\/usu894\/2020\/10\/4a3afb61ae558d8b4593ccb078091a8b-150x150.jpg 150w, https:\/\/agora.xtec.cat\/iesqm\/wp-content\/uploads\/usu894\/2020\/10\/4a3afb61ae558d8b4593ccb078091a8b.jpg 400w\" sizes=\"auto, (max-width: 240px) 100vw, 240px\" \/><\/a><\/p>\n<p style=\"text-align: center;\"><a href=\"https:\/\/agora.xtec.cat\/iesqm\/wp-content\/uploads\/usu894\/2020\/10\/4a3afb61ae558d8b4593ccb078091a8b.jpg\">\u00a0Xarxa Telem\u00e0tica Educativa de Catalunya<\/a><\/p>\n<p style=\"text-align: center;\"><a href=\"https:\/\/projectes.xtec.cat\/xarxacb\/\">Recursos, Curr\u00edlum, Innovaci\u00f3, comunitat&#8230;<\/a><\/p>\n<hr \/>\n<p style=\"text-align: center;\"><a href=\"https:\/\/projectes.xtec.cat\/xarxacb\/\"><br \/>\n<img loading=\"lazy\" decoding=\"async\" class=\"size-medium wp-image-2968 aligncenter\" src=\"https:\/\/agora.xtec.cat\/iesqm\/wp-content\/uploads\/usu894\/2020\/10\/logoxcb2-300x154.png\" alt=\"\" width=\"300\" height=\"154\" srcset=\"https:\/\/agora.xtec.cat\/iesqm\/wp-content\/uploads\/usu894\/2020\/10\/logoxcb2-300x154.png 300w, https:\/\/agora.xtec.cat\/iesqm\/wp-content\/uploads\/usu894\/2020\/10\/logoxcb2.png 340w\" sizes=\"auto, (max-width: 300px) 100vw, 300px\" \/><\/a><\/p>\n<p><a href=\"https:\/\/agora.xtec.cat\/iesqm\/wp-content\/uploads\/usu894\/2020\/10\/logoxcb2.png\">La La Xarxa de Compet\u00e8ncies B\u00e0siques (Xarxa Cb) \u00e9s una modalitat de formaci\u00f3 i desenvolupament professional docent basat en l\u2019aprenentatge entre iguals i en xarxa, promoguda pel Departament d\u2019Educaci\u00f3, dins el seu pla de formaci\u00f3 permanent. La Xarxa Cb est\u00e0 formada per equips docents de centres d\u2019educaci\u00f3 infantil, prim\u00e0ria, secund\u00e0ria i batxillerat que volen iniciar, mantenir o consolidar processos de reflexi\u00f3-acci\u00f3 en equip i en xarxa per transformar l\u2019escola en un espai que afavoreixi l\u2019aprenentatge i ajudi els docents a millorar el seu desenvolupament professional i als centres a constituir-se en organitzacions que aprenen. Actualment est\u00e0 formada per m\u00e9s de 700 centres, tant de prim\u00e0ria com de secund\u00e0ria, organitzats en xarxes territorials, i implica m\u00e9s de 10.000 docents.<\/a><\/p>\n<h4 class=\"widget-title\">Destacat<\/h4>\n<div class=\"textwidget custom-html-widget\"><a href=\"https:\/\/projectes.xtec.cat\/xarxacb\/projectes\/?customize_changeset_uuid=9db4dfd2-787d-4e7f-b194-f7a6b5fa81c0&amp;customize_autosaved=on&amp;customize_messenger_channel=preview-10\">1. Banc de projectes<\/a><br \/>\n<a href=\"https:\/\/projectes.xtec.cat\/xarxacb\/actavmillora\/?customize_changeset_uuid=9db4dfd2-787d-4e7f-b194-f7a6b5fa81c0&amp;customize_autosaved=on&amp;customize_messenger_channel=preview-38\">2. Exemples activitats avaluaci\u00f3 millorades<\/a><br \/>\n<a href=\"https:\/\/projectes.xtec.cat\/xarxacb\/actavmillora\/?customize_changeset_uuid=9db4dfd2-787d-4e7f-b194-f7a6b5fa81c0&amp;customize_autosaved=on&amp;customize_messenger_channel=preview-38\">3. Banc d&#8217;activitats compartides<\/a><br \/>\n<a href=\"https:\/\/projectes.xtec.cat\/xarxacb\/actavmillora\/?customize_changeset_uuid=9db4dfd2-787d-4e7f-b194-f7a6b5fa81c0&amp;customize_autosaved=on&amp;customize_messenger_channel=preview-38\">4. Propostes per als ODS<\/a><\/div>\n<div><\/div>\n<div><\/div>\n<hr \/>\n<p><a href=\"https:\/\/www.escolanova21.cat\"><br \/>\n<img loading=\"lazy\" decoding=\"async\" class=\"size-full wp-image-2969 aligncenter\" src=\"https:\/\/agora.xtec.cat\/iesqm\/wp-content\/uploads\/usu894\/2020\/10\/Logo-EN21_110h.png\" alt=\"\" width=\"243\" height=\"110\" \/><\/a><\/p>\n<p><a href=\"https:\/\/agora.xtec.cat\/iesqm\/wp-content\/uploads\/usu894\/2020\/10\/Logo-EN21_110h.png\">Escola Nova 21 ha estat una alian\u00e7a de centres educatius i entitats per un sistema educatiu avan\u00e7at que s\u2019ha dut a terme entre 2016 i 2019, responent a l\u2019<\/a><a href=\"http:\/\/cads.gencat.cat\/ca\/Agenda_2030\/nacions-unides\/\">Agenda 2030<\/a><a href=\"https:\/\/agora.xtec.cat\/iesqm\/wp-content\/uploads\/usu894\/2020\/10\/Logo-EN21_110h.png\"> de Nacions Unides i a la crida de la UNESCO per la participaci\u00f3 de tots els sectors en un proc\u00e9s inclusiu per possibilitar el canvi de paradigma educatiu. L\u2019objectiu d\u2019aquest canvi \u00e9s que tot infant, independentment del seu context i condicions, pugui gaudir en qualsevol centre del Servei Educatiu de Catalunya d\u2019experi\u00e8ncies d\u2019aprenentatge empoderadores i rellevants que li permetin desenvolupar el seu projecte de vida amb dignitat, sentit i benestar.<\/a><\/p>\n<hr \/>\n<p><a href=\"https:\/\/agora.xtec.cat\/cesire\/?_ga=2.47761122.458076927.1602696790-1944327335.1571681234\"><img loading=\"lazy\" decoding=\"async\" class=\"aligncenter size-medium wp-image-2971\" src=\"https:\/\/agora.xtec.cat\/iesqm\/wp-content\/uploads\/usu894\/2020\/10\/cesire-300x165.png\" alt=\"\" width=\"300\" height=\"165\" \/><\/a><\/p>\n<p>El <a title=\"CESIRE\" href=\"http:\/\/agora.xtec.cat\/cesire\/\" target=\"_blank\" rel=\"noopener noreferrer\">CESIRE<\/a> (Centre de Recursos Pedag\u00f2gics Espec\u00edfics de Suport a la Innovaci\u00f3 i la Recerca Educativa) \u00e9s un centre espec\u00edfic de suport a la innovaci\u00f3 i la recerca educativa. La seva finalitat \u00e9s con\u00e8ixer la recerca en did\u00e0ctica i educaci\u00f3, per promoure i difondre els seus resultats i adequar-los a les necessitats del professorat que els haur\u00e0 de transferir a la pr\u00e0ctica docent. Tamb\u00e9 t\u00e9 la funci\u00f3 de dissenyar i difondre activitats i recursos que ajudin el professorat en la seva tasca innovadora, per tal de millorar els resultats escolars de l&#8217;alumnat.<\/p>\n<div><\/div>\n<hr \/>\n<p><a href=\"https:\/\/projectes.xtec.cat\/programacioirobotica\/\"><img loading=\"lazy\" decoding=\"async\" class=\"aligncenter size-medium wp-image-2977\" src=\"https:\/\/agora.xtec.cat\/iesqm\/wp-content\/uploads\/usu894\/2020\/10\/logo_progrobo-2-300x173.png\" alt=\"\" width=\"300\" height=\"173\" srcset=\"https:\/\/agora.xtec.cat\/iesqm\/wp-content\/uploads\/usu894\/2020\/10\/logo_progrobo-2-300x173.png 300w, https:\/\/agora.xtec.cat\/iesqm\/wp-content\/uploads\/usu894\/2020\/10\/logo_progrobo-2.png 514w\" sizes=\"auto, (max-width: 300px) 100vw, 300px\" \/><\/a><\/p>\n<p><a href=\"https:\/\/projectes.xtec.cat\/programacioirobotica\/curs-scratch-primaria\/\"><img decoding=\"async\" class=\"aligncenter\" src=\"https:\/\/projectes.xtec.cat\/programacioirobotica\/wp-content\/uploads\/usu604\/2018\/09\/scratch.png\" alt=\"Scratch Challenge\" \/><\/a><a href=\"https:\/\/projectes.xtec.cat\/programacioirobotica\/programacio\/app-inventor\/cursos-dapp-education\/\"><img loading=\"lazy\" decoding=\"async\" class=\"aligncenter\" src=\"https:\/\/projectes.xtec.cat\/programacioirobotica\/wp-content\/uploads\/usu604\/2018\/09\/appinventor.png\" alt=\"App Education\" width=\"311\" height=\"67\" \/><\/a><a href=\"https:\/\/projectes.xtec.cat\/programacioirobotica\/pensament-computacional\/materials-didactics-pensament-computacional\/\"><img loading=\"lazy\" decoding=\"async\" class=\"aligncenter\" src=\"https:\/\/projectes.xtec.cat\/programacioirobotica\/wp-content\/uploads\/usu604\/2020\/10\/Logo-PC.png\" alt=\"PC Desendollat\" width=\"344\" height=\"84\" \/><\/a><\/p>\n<div>\n<hr \/>\n<\/div>\n<h3>Per seguir:<\/h3>\n<div>\n<table style=\"width: 72.1512%; height: 473px;\">\n<tbody>\n<tr style=\"height: 168px;\">\n<td style=\"width: 364px; height: 168px;\"><a href=\"http:\/\/calaix2.blogspot.com\"><img loading=\"lazy\" decoding=\"async\" class=\"size-medium wp-image-2987 alignleft\" src=\"https:\/\/agora.xtec.cat\/iesqm\/wp-content\/uploads\/usu894\/2020\/10\/baner2-300x60.png\" alt=\"\" width=\"300\" height=\"60\" srcset=\"https:\/\/agora.xtec.cat\/iesqm\/wp-content\/uploads\/usu894\/2020\/10\/baner2-300x60.png 300w, https:\/\/agora.xtec.cat\/iesqm\/wp-content\/uploads\/usu894\/2020\/10\/baner2.png 505w\" sizes=\"auto, (max-width: 300px) 100vw, 300px\" \/><\/a><\/td>\n<td style=\"width: 213px; height: 168px;\">\n<h2><a href=\"http:\/\/puntmat.blogspot.com\">PUNTMAT<\/a><\/h2>\n<\/td>\n<td style=\"width: 412px; height: 168px;\">\n<h2><a href=\"http:\/\/mmaca.cat\"><span style=\"color: #800080;\">Museu de les MATEM\u00c0TIQUES<\/span><\/a><\/h2>\n<p style=\"text-align: center;\">Les matem\u00e0tiques entren per les mans<\/p>\n<\/td>\n<\/tr>\n<tr style=\"height: 274px;\">\n<td style=\"width: 577px; height: 274px;\" colspan=\"3\"><a href=\"https:\/\/www.elcel.org\/ca\/\"><img loading=\"lazy\" decoding=\"async\" class=\"aligncenter size-large wp-image-3286\" src=\"https:\/\/agora.xtec.cat\/iesqm\/wp-content\/uploads\/usu894\/2020\/12\/cel-1024x417.jpg\" alt=\"\" width=\"1024\" height=\"417\" srcset=\"https:\/\/agora.xtec.cat\/iesqm\/wp-content\/uploads\/usu894\/2020\/12\/cel-1024x417.jpg 1024w, https:\/\/agora.xtec.cat\/iesqm\/wp-content\/uploads\/usu894\/2020\/12\/cel-300x122.jpg 300w, https:\/\/agora.xtec.cat\/iesqm\/wp-content\/uploads\/usu894\/2020\/12\/cel-768x313.jpg 768w, https:\/\/agora.xtec.cat\/iesqm\/wp-content\/uploads\/usu894\/2020\/12\/cel.jpg 1440w\" sizes=\"auto, (max-width: 1024px) 100vw, 1024px\" \/><\/a><\/td>\n<\/tr>\n<\/tbody>\n<\/table>\n<\/div>\n<div><\/div>\n<div><\/div>\n<div style=\"text-align: left;\"><\/div>\n<div><\/div>\n<div>\n<p>&nbsp;<\/p>\n<hr \/>\n<\/div>\n","protected":false},"excerpt":{"rendered":"<p>\u00a0Xarxa Telem\u00e0tica Educativa de Catalunya Recursos, Curr\u00edlum, Innovaci\u00f3, comunitat&#8230; La La Xarxa de Compet\u00e8ncies B\u00e0siques (Xarxa Cb) \u00e9s una modalitat de formaci\u00f3 i desenvolupament professional docent basat en l\u2019aprenentatge entre iguals i en xarxa, promoguda pel Departament d\u2019Educaci\u00f3, dins el seu pla de formaci\u00f3 permanent. La Xarxa Cb est\u00e0 formada per equips docents de centres [&hellip;]<\/p>\n","protected":false},"author":1,"featured_media":0,"parent":0,"menu_order":0,"comment_status":"closed","ping_status":"closed","template":"page-templates\/side-menu.php","meta":{"_bbp_topic_count":0,"_bbp_reply_count":0,"_bbp_total_topic_count":0,"_bbp_total_reply_count":0,"_bbp_voice_count":0,"_bbp_anonymous_reply_count":0,"_bbp_topic_count_hidden":0,"_bbp_reply_count_hidden":0,"_bbp_forum_subforum_count":0,"site-sidebar-layout":"default","site-content-layout":"","ast-site-content-layout":"","site-content-style":"default","site-sidebar-style":"default","ast-global-header-display":"","ast-banner-title-visibility":"","ast-main-header-display":"","ast-hfb-above-header-display":"","ast-hfb-below-header-display":"","ast-hfb-mobile-header-display":"","site-post-title":"","ast-breadcrumbs-content":"","ast-featured-img":"","footer-sml-layout":"","theme-transparent-header-meta":"","adv-header-id-meta":"","stick-header-meta":"","header-above-stick-meta":"","header-main-stick-meta":"","header-below-stick-meta":"","astra-migrate-meta-layouts":"default","ast-page-background-enabled":"default","ast-page-background-meta":{"desktop":{"background-color":"var(--ast-global-color-4)","background-image":"","background-repeat":"repeat","background-position":"center center","background-size":"auto","background-attachment":"scroll","background-type":"","background-media":"","overlay-type":"","overlay-color":"","overlay-opacity":"","overlay-gradient":""},"tablet":{"background-color":"","background-image":"","background-repeat":"repeat","background-position":"center center","background-size":"auto","background-attachment":"scroll","background-type":"","background-media":"","overlay-type":"","overlay-color":"","overlay-opacity":"","overlay-gradient":""},"mobile":{"background-color":"","background-image":"","background-repeat":"repeat","background-position":"center center","background-size":"auto","background-attachment":"scroll","background-type":"","background-media":"","overlay-type":"","overlay-color":"","overlay-opacity":"","overlay-gradient":""}},"ast-content-background-meta":{"desktop":{"background-color":"var(--ast-global-color-5)","background-image":"","background-repeat":"repeat","background-position":"center center","background-size":"auto","background-attachment":"scroll","background-type":"","background-media":"","overlay-type":"","overlay-color":"","overlay-opacity":"","overlay-gradient":""},"tablet":{"background-color":"var(--ast-global-color-5)","background-image":"","background-repeat":"repeat","background-position":"center center","background-size":"auto","background-attachment":"scroll","background-type":"","background-media":"","overlay-type":"","overlay-color":"","overlay-opacity":"","overlay-gradient":""},"mobile":{"background-color":"var(--ast-global-color-5)","background-image":"","background-repeat":"repeat","background-position":"center center","background-size":"auto","background-attachment":"scroll","background-type":"","background-media":"","overlay-type":"","overlay-color":"","overlay-opacity":"","overlay-gradient":""}},"footnotes":""},"class_list":["post-2967","page","type-page","status-publish","hentry"],"post_mailing_queue_ids":[],"_links":{"self":[{"href":"https:\/\/agora.xtec.cat\/iesqm\/wp-json\/wp\/v2\/pages\/2967","targetHints":{"allow":["GET"]}}],"collection":[{"href":"https:\/\/agora.xtec.cat\/iesqm\/wp-json\/wp\/v2\/pages"}],"about":[{"href":"https:\/\/agora.xtec.cat\/iesqm\/wp-json\/wp\/v2\/types\/page"}],"author":[{"embeddable":true,"href":"https:\/\/agora.xtec.cat\/iesqm\/wp-json\/wp\/v2\/users\/1"}],"replies":[{"embeddable":true,"href":"https:\/\/agora.xtec.cat\/iesqm\/wp-json\/wp\/v2\/comments?post=2967"}],"version-history":[{"count":3,"href":"https:\/\/agora.xtec.cat\/iesqm\/wp-json\/wp\/v2\/pages\/2967\/revisions"}],"predecessor-version":[{"id":4666,"href":"https:\/\/agora.xtec.cat\/iesqm\/wp-json\/wp\/v2\/pages\/2967\/revisions\/4666"}],"wp:attachment":[{"href":"https:\/\/agora.xtec.cat\/iesqm\/wp-json\/wp\/v2\/media?parent=2967"}],"curies":[{"name":"wp","href":"https:\/\/api.w.org\/{rel}","templated":true}]}}