{"id":2952,"date":"2020-10-07T06:52:03","date_gmt":"2020-10-07T04:52:03","guid":{"rendered":"https:\/\/agora.xtec.cat\/iesqm\/?page_id=2952"},"modified":"2020-10-07T06:52:03","modified_gmt":"2020-10-07T04:52:03","slug":"tramits","status":"publish","type":"page","link":"https:\/\/agora.xtec.cat\/iesqm\/secretaria\/tramits\/","title":{"rendered":"Tr\u00e0mits"},"content":{"rendered":"<h3>Solicitud de l&#8217;IDALU &#8211; RALC<\/h3>\n<p>Tot l\u2019alumnat en entrar al sistema educatiu catal\u00e0 se\u2019ls hi assigna un n\u00famero IDALU &#8211; RALC.<\/p>\n<p>L&#8217;identificador de l&#8217;alumne \u00e9s el n\u00famero d&#8217;inscripci\u00f3 al Registre d&#8217;alumnes de Catalunya (RALC), que s&#8217;assigna (de manera \u00fanica) a un alumne quan fa la primera matr\u00edcula en centres educatius p\u00fablics i privats d&#8217;ensenyaments reglats no universitaris que desenvolupen l&#8217;activitat a Catalunya.<\/p>\n<p>Per alguns tr\u00e0mits relacionats amb la seva escolaritzaci\u00f3, la tramitaci\u00f3 de beques, preinscripci\u00f3 en un altre centre&#8230; us pot fer falta, \u00e9s per aix\u00f2 que us adjuntem l\u2019enlla\u00e7 on el podeu consultar sempre que el necessiteu.<\/p>\n<p><a href=\"http:\/\/web.gencat.cat\/ca\/tramits\/tramits-temes\/identificador-alumne\">http:\/\/web.gencat.cat\/ca\/tramits\/tramits-temes\/identificador-alumne<\/a><\/p>\n<p><strong>Requisits:<\/strong><\/p>\n<p>Per consultar l&#8217;identificador, cal autenticar-se electr\u00f2nicament per una de les vies seg\u00fcents:<\/p>\n<ul>\n<li>idCAT M\u00f2bil, que \u00e9s la via m\u00e9s f\u00e0cil i r\u00e0pida;<\/li>\n<li>certificat digital (per exemple, T-CAT, DNIe o Cl@ve).<\/li>\n<\/ul>\n<p>Els sol\u00b7licitants (alumnes, si s\u00f3n majors d&#8217;edat, o tutors, en cas d&#8217;alumnes menors d&#8217;edat) obtindran per pantalla l&#8217;identificador del RALC despr\u00e9s d&#8217;introduir la corresponent data de naixement.<\/p>\n<p>Clicant a la icona del llapis, s&#8217;accedeix al detall d&#8217;altres dades identificatives (data de naixement, documents identificatius, nacionalitat, etc. i la nota mitjana dels tres primers cursos de l&#8217;ESO en el cas que l&#8217;alumne estigui cursant actualment 4t d&#8217;ESO i estigui informada, anomenada QPRE).<\/p>\n<p>L&#8217;aplicaci\u00f3 pot mostrar un missatge d&#8217;error si l&#8217;identificador no existeix o no est\u00e0 autoritzat a consultar la informaci\u00f3.<\/p>\n<p>En el cas d&#8217;obtenir dades incorrectes, o de no obtenir-les, cal contactar amb el centre.<\/p>\n","protected":false},"excerpt":{"rendered":"<p>Solicitud de l&#8217;IDALU &#8211; RALC Tot l\u2019alumnat en entrar al sistema educatiu catal\u00e0 se\u2019ls hi assigna un n\u00famero IDALU &#8211; RALC. L&#8217;identificador de l&#8217;alumne \u00e9s el n\u00famero d&#8217;inscripci\u00f3 al Registre d&#8217;alumnes de Catalunya (RALC), que s&#8217;assigna (de manera \u00fanica) a un alumne quan fa la primera matr\u00edcula en centres educatius p\u00fablics i privats d&#8217;ensenyaments reglats [&hellip;]<\/p>\n","protected":false},"author":1,"featured_media":0,"parent":81,"menu_order":10,"comment_status":"closed","ping_status":"closed","template":"page-templates\/side-menu.php","meta":{"_bbp_topic_count":0,"_bbp_reply_count":0,"_bbp_total_topic_count":0,"_bbp_total_reply_count":0,"_bbp_voice_count":0,"_bbp_anonymous_reply_count":0,"_bbp_topic_count_hidden":0,"_bbp_reply_count_hidden":0,"_bbp_forum_subforum_count":0,"site-sidebar-layout":"default","site-content-layout":"","ast-site-content-layout":"","site-content-style":"default","site-sidebar-style":"default","ast-global-header-display":"","ast-banner-title-visibility":"","ast-main-header-display":"","ast-hfb-above-header-display":"","ast-hfb-below-header-display":"","ast-hfb-mobile-header-display":"","site-post-title":"","ast-breadcrumbs-content":"","ast-featured-img":"","footer-sml-layout":"","theme-transparent-header-meta":"","adv-header-id-meta":"","stick-header-meta":"","header-above-stick-meta":"","header-main-stick-meta":"","header-below-stick-meta":"","astra-migrate-meta-layouts":"default","ast-page-background-enabled":"default","ast-page-background-meta":{"desktop":{"background-color":"var(--ast-global-color-4)","background-image":"","background-repeat":"repeat","background-position":"center center","background-size":"auto","background-attachment":"scroll","background-type":"","background-media":"","overlay-type":"","overlay-color":"","overlay-opacity":"","overlay-gradient":""},"tablet":{"background-color":"","background-image":"","background-repeat":"repeat","background-position":"center center","background-size":"auto","background-attachment":"scroll","background-type":"","background-media":"","overlay-type":"","overlay-color":"","overlay-opacity":"","overlay-gradient":""},"mobile":{"background-color":"","background-image":"","background-repeat":"repeat","background-position":"center center","background-size":"auto","background-attachment":"scroll","background-type":"","background-media":"","overlay-type":"","overlay-color":"","overlay-opacity":"","overlay-gradient":""}},"ast-content-background-meta":{"desktop":{"background-color":"var(--ast-global-color-5)","background-image":"","background-repeat":"repeat","background-position":"center center","background-size":"auto","background-attachment":"scroll","background-type":"","background-media":"","overlay-type":"","overlay-color":"","overlay-opacity":"","overlay-gradient":""},"tablet":{"background-color":"var(--ast-global-color-5)","background-image":"","background-repeat":"repeat","background-position":"center center","background-size":"auto","background-attachment":"scroll","background-type":"","background-media":"","overlay-type":"","overlay-color":"","overlay-opacity":"","overlay-gradient":""},"mobile":{"background-color":"var(--ast-global-color-5)","background-image":"","background-repeat":"repeat","background-position":"center center","background-size":"auto","background-attachment":"scroll","background-type":"","background-media":"","overlay-type":"","overlay-color":"","overlay-opacity":"","overlay-gradient":""}},"footnotes":""},"class_list":["post-2952","page","type-page","status-publish","hentry"],"post_mailing_queue_ids":[],"_links":{"self":[{"href":"https:\/\/agora.xtec.cat\/iesqm\/wp-json\/wp\/v2\/pages\/2952","targetHints":{"allow":["GET"]}}],"collection":[{"href":"https:\/\/agora.xtec.cat\/iesqm\/wp-json\/wp\/v2\/pages"}],"about":[{"href":"https:\/\/agora.xtec.cat\/iesqm\/wp-json\/wp\/v2\/types\/page"}],"author":[{"embeddable":true,"href":"https:\/\/agora.xtec.cat\/iesqm\/wp-json\/wp\/v2\/users\/1"}],"replies":[{"embeddable":true,"href":"https:\/\/agora.xtec.cat\/iesqm\/wp-json\/wp\/v2\/comments?post=2952"}],"version-history":[{"count":2,"href":"https:\/\/agora.xtec.cat\/iesqm\/wp-json\/wp\/v2\/pages\/2952\/revisions"}],"predecessor-version":[{"id":7509,"href":"https:\/\/agora.xtec.cat\/iesqm\/wp-json\/wp\/v2\/pages\/2952\/revisions\/7509"}],"up":[{"embeddable":true,"href":"https:\/\/agora.xtec.cat\/iesqm\/wp-json\/wp\/v2\/pages\/81"}],"wp:attachment":[{"href":"https:\/\/agora.xtec.cat\/iesqm\/wp-json\/wp\/v2\/media?parent=2952"}],"curies":[{"name":"wp","href":"https:\/\/api.w.org\/{rel}","templated":true}]}}