{"id":2136,"date":"2020-06-30T18:37:00","date_gmt":"2020-06-30T16:37:00","guid":{"rendered":"https:\/\/agora.xtec.cat\/iesqm\/?page_id=2136"},"modified":"2025-08-31T17:36:58","modified_gmt":"2025-08-31T15:36:58","slug":"beques","status":"publish","type":"page","link":"https:\/\/agora.xtec.cat\/iesqm\/secretaria\/beques\/","title":{"rendered":"Beques"},"content":{"rendered":"<table style=\"height: 531px; width: 83.3517%;\">\n<tbody>\n<tr style=\"height: 201px;\">\n<td style=\"text-align: center; height: 169px; width: 13.4945%;\"><strong>AJUNTAMENT SANT QUINT\u00cd DE MEDIONA<\/strong><\/td>\n<td style=\"text-align: center; height: 169px; width: 15.5086%;\"><strong>MATERIAL,SORTIDES I COL\u00d2NIES<\/strong><\/td>\n<td style=\"text-align: center; height: 169px; width: 52.0645%;\">Poden ser beneficiaris dels ajuts els alumnes empadronats a Sant Quint\u00ed de Mediona, matriculats en centres p\u00fablics, que es trobin en una especial situaci\u00f3 familiar amb necessitats socials i\/o econ\u00f2miques.La sol\u00b7licitud s\u2019obt\u00e9 i es presenta a l\u2019Oficina d\u2019Atenci\u00f3 al Ciutad\u00e0 de l\u2019Ajuntament de Sant Quint\u00ed de Mediona, situada a la Pla\u00e7a de l\u2019Esgl\u00e9sia n\u00fam. 4, en horari d\u2019atenci\u00f3 al p\u00fablic.<\/td>\n<\/tr>\n<tr style=\"height: 316px;\">\n<td style=\"text-align: center; height: 96px; width: 13.4945%;\"><strong>AJUNTAMENT DE MEDIONA<\/strong><\/td>\n<td style=\"text-align: center; height: 96px; width: 15.5086%;\"><strong>MATERIAL, SORTIDES I COL\u00d2NIES<\/strong><\/td>\n<td style=\"text-align: center; height: 96px; width: 52.0645%;\">INFORMACI\u00d3 PER A LES FAM\u00cdLIESREQUISITS<br \/>\nAquests ajuts estan adre\u00e7ats a les fam\u00edlies d\u2019alumnes empadronats al municipi deMediona i matriculats en centres p\u00fablics que cursin educaci\u00f3 infantil, prim\u00e0ria osecund\u00e0ria obligat\u00f2ria (de P-3 fins a 4t ESO).Ajuntament de Mediona <strong>\u00a0<\/strong><a href=\"https:\/\/mediona.cat\/\" target=\"_blank\" rel=\"noreferrer noopener\"><strong>https:\/\/mediona.cat\/<\/strong><\/a><\/td>\n<\/tr>\n<tr style=\"height: 31px;\">\n<td style=\"text-align: center; height: 31px; width: 13.4945%;\"><strong>CONSELL COMARCAL<\/strong><\/td>\n<td style=\"text-align: center; height: 31px; width: 15.5086%;\"><strong>AJUTS MENJADOR<\/strong><\/td>\n<td style=\"text-align: center; height: 31px; width: 52.0645%;\"><a href=\"https:\/\/tramits.ccapenedes.cat\/Ciutadania\/DetallTramit.aspx?IdTema=24&amp;IdTramit=197\">Ajuts menjador del Consell comarcal<\/a><\/p>\n<h5 style=\"text-align: start;\">CONVOCAT\u00d2RIA D\u2019AJUTS A BEQUES MENJADOR<\/h5>\n<ul style=\"font-size: 14px; font-family: 'Helvetica Neue', Helvetica, Helvetica, Arial, sans-serif; text-align: start;\">\n<li><strong>Per els alumnes\u00a0<u>nous<\/u>\u00a0s\u2019obrir\u00e0 un altre termini al juliol.<\/strong><\/li>\n<\/ul>\n<p style=\"font-family: 'Helvetica Neue', Helvetica, Helvetica, Arial, sans-serif; font-size: 14px; text-align: start;\">Degut a la situaci\u00f3 de pand\u00e8mia la presentaci\u00f3 de sol\u00b7licituds, es far\u00e0 nom\u00e9s de forma\u00a0<strong><u>TELEM\u00c0TICA.<\/u><\/strong><\/p>\n<p style=\"font-family: 'Helvetica Neue', Helvetica, Helvetica, Arial, sans-serif; font-size: 14px; text-align: start;\"><strong>A TRAV\u00c9S D\u2019INERNET al<\/strong> web del Consell Comarcal de l&#8217;AlPened\u00e8s <a href=\"http:\/\/www.ccapenedes.cat\/\">www.ccapenedes.cat<\/a><\/p>\n<p style=\"font-family: 'Helvetica Neue', Helvetica, Helvetica, Arial, sans-serif; font-size: 14px; text-align: start;\">\u00a0\u00a0<strong>Tr\u00e0mits i Gestions\/Ciutadania\/Ensenyament-Menjador\u00a0escolar.<\/strong><\/p>\n<ul style=\"font-size: 14px; font-family: 'Helvetica Neue', Helvetica, Helvetica, Arial, sans-serif; text-align: start;\">\n<li>En cas d\u2019incid\u00e8ncia, podeu enviar un correu electr\u00f2nic electr\u00f2nic adjuntant captura de pantalla del problema sorgit a\u00a0<a href=\"mailto:suport@ccapendes.cat\">suport@ccapendes.cat<\/a><\/li>\n<li>Per altres consultes sobre l\u2019ajut de menjador podeu enviar un correu electr\u00f2nic a\u00a0<a href=\"mailto:bequesmenjador@ccapenedes.cat\">bequesmenjador@ccapenedes.cat<\/a><\/li>\n<\/ul>\n<p style=\"font-family: 'Helvetica Neue', Helvetica, Helvetica, Arial, sans-serif; font-size: 14px; text-align: start;\">LES FAM\u00cdLIES QUE VAREU PRESENTAR SOL\u00b7LICITUD EL CURS PASSAT, NO CALDR\u00c0 QUE ADJUNTEU LA DOCUMENTACI\u00d3\u00a0<strong><u>NO ECON\u00d2MICA<\/u>\u00a0<\/strong>(LLIBRE DE FAM\u00cdLIA, IDALU, SENT\u00c8NCIA DE DIVORCI, ETC) JA LLIURADA ANTERIORMENT, SEMPRE QUE NO HI HAGI MODIFICACIONS I SEGUEIXI VIGENT.<\/p>\n<\/td>\n<\/tr>\n<tr style=\"height: 101px;\">\n<td style=\"text-align: center; height: 101px; width: 13.4945%;\"><strong>DEPARTAMENT D&#8217;EDUCACI\u00d3<\/strong><\/td>\n<td style=\"text-align: center; height: 101px; width: 15.5086%;\"><strong>NECESSITATS EDUCATIVES<\/strong><\/td>\n<td style=\"height: 101px; width: 52.0645%;\">\n<div>\n<div>\n<div>\n<div>\n<div style=\"text-align: center;\"><a title=\"Ajuts per a alumnes amb necessitat espec\u00edfica de suport educatiu\" href=\"http:\/\/ensenyament.gencat.cat\/ca\/serveis-tramits\/beques\/ajuts-alumnes-necessitat-especifica-suport-educatiu\/\">Ajuts per a alumnes amb necessitat espec\u00edfica de suport educatiu<\/a><\/div>\n<\/div>\n<\/div>\n<\/div>\n<\/div>\n<\/td>\n<\/tr>\n<tr style=\"height: 58px;\">\n<td style=\"text-align: center; height: 58px; width: 13.4945%;\"><strong>MINISTERIO DE EDUCACI\u00d3N Y FORMACI\u00d3N PROFESIONAL<\/strong><\/td>\n<td style=\"text-align: center; height: 58px; width: 15.5086%;\"><strong>ESTUDIS POSTOBLIGATORIS<\/strong><\/td>\n<td style=\"text-align: center; height: 58px; width: 52.0645%;\">\n<p class=\"border_blau4\"><a title=\"Beques per a ensenyaments postobligatoris no universitaris\" href=\"http:\/\/ensenyament.gencat.cat\/ca\/serveis-tramits\/beques\/beques_ensenyaments_postobligatoris\/\">Beques per a ensenyaments postobligatoris no universitaris<\/a><\/p>\n<\/td>\n<\/tr>\n<tr style=\"height: 76px;\">\n<td style=\"text-align: center; width: 13.4945%; height: 76px;\"><b>MINISTERIO DE EDUCACI\u00d3N Y FORMACI\u00d3N PROFESIONAL<\/b><\/td>\n<td style=\"text-align: center; width: 15.5086%; height: 76px;\"><strong>NECESSITATS EDUCATIVES ESPECIALS<\/strong><\/td>\n<td style=\"text-align: center; width: 52.0645%; height: 76px;\"><a href=\"http:\/\/www.educacionyfp.gob.es\/contenidos\/estudiantes\/educacion-infantil\/becas-ayudas-premios\/necesidad-especifica-apoyo-educativo.html\">Becas y ayudas para alumnos con necesidad espec\u00edfica de apoyo educativo<\/a><\/td>\n<\/tr>\n<\/tbody>\n<\/table>\n","protected":false},"excerpt":{"rendered":"<p>AJUNTAMENT SANT QUINT\u00cd DE MEDIONA MATERIAL,SORTIDES I COL\u00d2NIES Poden ser beneficiaris dels ajuts els alumnes empadronats a Sant Quint\u00ed de Mediona, matriculats en centres p\u00fablics, que es trobin en una especial situaci\u00f3 familiar amb necessitats socials i\/o econ\u00f2miques.La sol\u00b7licitud s\u2019obt\u00e9 i es presenta a l\u2019Oficina d\u2019Atenci\u00f3 al Ciutad\u00e0 de l\u2019Ajuntament de Sant Quint\u00ed de Mediona, [&hellip;]<\/p>\n","protected":false},"author":1,"featured_media":0,"parent":81,"menu_order":40,"comment_status":"closed","ping_status":"closed","template":"","meta":{"_bbp_topic_count":0,"_bbp_reply_count":0,"_bbp_total_topic_count":0,"_bbp_total_reply_count":0,"_bbp_voice_count":0,"_bbp_anonymous_reply_count":0,"_bbp_topic_count_hidden":0,"_bbp_reply_count_hidden":0,"_bbp_forum_subforum_count":0,"site-sidebar-layout":"default","site-content-layout":"","ast-site-content-layout":"","site-content-style":"default","site-sidebar-style":"default","ast-global-header-display":"","ast-banner-title-visibility":"","ast-main-header-display":"","ast-hfb-above-header-display":"","ast-hfb-below-header-display":"","ast-hfb-mobile-header-display":"","site-post-title":"","ast-breadcrumbs-content":"","ast-featured-img":"","footer-sml-layout":"","theme-transparent-header-meta":"","adv-header-id-meta":"","stick-header-meta":"","header-above-stick-meta":"","header-main-stick-meta":"","header-below-stick-meta":"","astra-migrate-meta-layouts":"default","ast-page-background-enabled":"default","ast-page-background-meta":{"desktop":{"background-color":"var(--ast-global-color-4)","background-image":"","background-repeat":"repeat","background-position":"center center","background-size":"auto","background-attachment":"scroll","background-type":"","background-media":"","overlay-type":"","overlay-color":"","overlay-opacity":"","overlay-gradient":""},"tablet":{"background-color":"","background-image":"","background-repeat":"repeat","background-position":"center center","background-size":"auto","background-attachment":"scroll","background-type":"","background-media":"","overlay-type":"","overlay-color":"","overlay-opacity":"","overlay-gradient":""},"mobile":{"background-color":"","background-image":"","background-repeat":"repeat","background-position":"center center","background-size":"auto","background-attachment":"scroll","background-type":"","background-media":"","overlay-type":"","overlay-color":"","overlay-opacity":"","overlay-gradient":""}},"ast-content-background-meta":{"desktop":{"background-color":"var(--ast-global-color-5)","background-image":"","background-repeat":"repeat","background-position":"center center","background-size":"auto","background-attachment":"scroll","background-type":"","background-media":"","overlay-type":"","overlay-color":"","overlay-opacity":"","overlay-gradient":""},"tablet":{"background-color":"var(--ast-global-color-5)","background-image":"","background-repeat":"repeat","background-position":"center center","background-size":"auto","background-attachment":"scroll","background-type":"","background-media":"","overlay-type":"","overlay-color":"","overlay-opacity":"","overlay-gradient":""},"mobile":{"background-color":"var(--ast-global-color-5)","background-image":"","background-repeat":"repeat","background-position":"center center","background-size":"auto","background-attachment":"scroll","background-type":"","background-media":"","overlay-type":"","overlay-color":"","overlay-opacity":"","overlay-gradient":""}},"footnotes":""},"class_list":["post-2136","page","type-page","status-publish","hentry"],"post_mailing_queue_ids":[],"_links":{"self":[{"href":"https:\/\/agora.xtec.cat\/iesqm\/wp-json\/wp\/v2\/pages\/2136","targetHints":{"allow":["GET"]}}],"collection":[{"href":"https:\/\/agora.xtec.cat\/iesqm\/wp-json\/wp\/v2\/pages"}],"about":[{"href":"https:\/\/agora.xtec.cat\/iesqm\/wp-json\/wp\/v2\/types\/page"}],"author":[{"embeddable":true,"href":"https:\/\/agora.xtec.cat\/iesqm\/wp-json\/wp\/v2\/users\/1"}],"replies":[{"embeddable":true,"href":"https:\/\/agora.xtec.cat\/iesqm\/wp-json\/wp\/v2\/comments?post=2136"}],"version-history":[{"count":4,"href":"https:\/\/agora.xtec.cat\/iesqm\/wp-json\/wp\/v2\/pages\/2136\/revisions"}],"predecessor-version":[{"id":7312,"href":"https:\/\/agora.xtec.cat\/iesqm\/wp-json\/wp\/v2\/pages\/2136\/revisions\/7312"}],"up":[{"embeddable":true,"href":"https:\/\/agora.xtec.cat\/iesqm\/wp-json\/wp\/v2\/pages\/81"}],"wp:attachment":[{"href":"https:\/\/agora.xtec.cat\/iesqm\/wp-json\/wp\/v2\/media?parent=2136"}],"curies":[{"name":"wp","href":"https:\/\/api.w.org\/{rel}","templated":true}]}}