{"id":1448,"date":"2020-03-09T11:45:47","date_gmt":"2020-03-09T10:45:47","guid":{"rendered":"https:\/\/agora.xtec.cat\/iesqm\/?page_id=1448"},"modified":"2026-02-02T12:23:31","modified_gmt":"2026-02-02T11:23:31","slug":"preinscripcio-curs-2020-2021","status":"publish","type":"page","link":"https:\/\/agora.xtec.cat\/iesqm\/secretaria\/preinscripcio-curs-2020-2021\/","title":{"rendered":"Preinscripci\u00f3  i matr\u00edcula"},"content":{"rendered":"<h5><strong>\u00a0<\/strong><\/h5>\n<p style=\"font-family: 'Helvetica Neue', Helvetica, Helvetica, Arial, sans-serif; font-size: 16px;\">\n<h3 style=\"text-align: center;\"><span style=\"color: #ff00ff;\"><strong>PORTES OBERTES 2026<\/strong><\/span><\/h3>\n<h3 style=\"text-align: center;\"><span style=\"color: #ff00ff;\">DIMARTS 3 DE MAR\u00c7 DE 2026<\/span><\/h3>\n<h3 style=\"text-align: center;\"><span style=\"color: #ff00ff;\">A LES 5 DE LA TARDA<\/span><\/h3>\n<p style=\"text-align: center;\"><iframe loading=\"lazy\" title=\"YouTube video player\" src=\"https:\/\/www.youtube.com\/embed\/1cl_J04R1vE?si=Gm1IJVeSvcFVEEnV\" width=\"560\" height=\"315\" frameborder=\"0\" allowfullscreen=\"allowfullscreen\" data-mce-fragment=\"1\"><\/iframe><\/p>\n<h4 style=\"text-align: center;\"><strong style=\"font-size: 1.125em;\">\u00a0 \u00a0 \u00a0 <span style=\"color: #ff0000;\">\u00a0 \u00a0 \u00a0 \u00a0 <span style=\"color: #000080;\">PREIN<\/span><\/span><\/strong><span style=\"color: #000080;\"><strong style=\"font-size: 1.125em;\">SRIPCI\u00d3 PER AL NOU CURS\u00a0 2026-2027<\/strong><\/span><\/h4>\n<p>Ja s\u2019han fet p\u00fabliques les primeres dates de\u00a0<strong>preinscripci\u00f3 escolar 2026-2027 a Catalunya<\/strong>.<\/p>\n<p>Aqu\u00ed et detallem <strong>tot el que has de saber<\/strong>\u00a0i el\u00a0<strong>calendari\u00a0<\/strong>per cicles amb les\u00a0<strong>dates clau<\/strong>\u00a0que has de tenir en compte per a les inscripcions a<strong>\u00a0l\u2019educaci\u00f3 infantil, prim\u00e0ria, ESO, batxillerat i FP<\/strong>.<strong>\u00a0<\/strong><\/p>\n<p>*Anirem actualitzant aquest article a mesura que es vagin publicant totes les dates<\/p>\n<h5 id=\"preinscripcio-infantil-primaria\" class=\"wp-block-heading\"><span style=\"color: #800000;\">Preinscripci\u00f3 2026-2027: educaci\u00f3 infantil i prim\u00e0ria<\/span><\/h5>\n<p>Inclou l\u2019etapa dels tres als sis anys (infantil) i la dels sis als 12 anys (prim\u00e0ria):<\/p>\n<ul class=\"wp-block-list\">\n<li>Presentaci\u00f3 de sol\u00b7licituds:\u00a0per\u00a0<span style=\"color: #000080;\"><strong>internet\u00a0del 4 al 18 de mar\u00e7 del 2026.<\/strong><\/span><\/li>\n<li>Llista de sol\u00b7licituds amb la puntuaci\u00f3 provisional:<strong>\u00a0<\/strong>dates encara no publicades.<\/li>\n<li><strong>Sorteig de desempat:\u00a0<\/strong>dates encara no publicades.<\/li>\n<li>Publicaci\u00f3 de la\u00a0<strong>llista ordenada de sol\u00b7licituds<\/strong>:\u00a0dates encara no publicades.<\/li>\n<li><strong>Publicaci\u00f3 de les llistes d\u2019alumnes admesos<\/strong>\u00a0i llista d\u2019espera: dates encara no publicades.<\/li>\n<li>Matr\u00edcula: dates encara no publicades.<\/li>\n<\/ul>\n<h5 class=\"wp-block-heading\"><span style=\"color: #800000;\">Preinscripci\u00f3 a l\u2019educaci\u00f3 secund\u00e0ria obligat\u00f2ria (ESO)<\/span><\/h5>\n<ul class=\"wp-block-list\">\n<li>Presentaci\u00f3 de sol\u00b7licituds:\u00a0<span style=\"color: #000080;\"><strong>del 6 al 18 de mar\u00e7 del 2026.<\/strong><\/span><\/li>\n<\/ul>\n<h5 class=\"wp-block-heading\"><span style=\"color: #800000;\">Preinscripci\u00f3 al batxillerat<\/span><\/h5>\n<ul class=\"wp-block-list\">\n<li>Presentaci\u00f3 de sol\u00b7licituds:\u00a0del<span style=\"color: #000080;\">\u00a0<strong>9 al 16 d\u2019abril del 2026<\/strong>.<\/span><\/li>\n<\/ul>\n<h5 class=\"wp-block-heading\"><span style=\"color: #800000;\">Estudis de M\u00fasica i dansa<\/span><\/h5>\n<ul class=\"wp-block-list\">\n<li>Presentaci\u00f3 de sol\u00b7licituds:\u00a0del\u00a0<span style=\"color: #000080;\"><strong>18 al 27 de mar\u00e7 de 2026<\/strong><\/span><\/li>\n<\/ul>\n<p><strong>* Totes <u>les sol\u00b7licituds s\u00f3n en format telem\u00e0tic<\/u>\u00a0(no hi ha la possibilitat de full de preinscripci\u00f3 en paper).<\/strong><\/p>\n<p><span style=\"color: #000080;\"><strong><u>Recomanacions per comen\u00e7ar a omplir la sol\u00b7licitud telem\u00e0ticament<\/u><\/strong><\/span><\/p>\n<ul>\n<li><span style=\"color: #000080;\">Tenir fotografiada o escanejada la documentaci\u00f3 en el mateix dispositiu des d\u2019on es fa la sol\u00b7licitud<\/span><\/li>\n<li><span style=\"color: #000080;\">El nostre codi del centre \u00e9s <strong>08076479<\/strong><\/span><\/li>\n<li><span style=\"color: #000080;\">Demaneu al centre actual el n\u00fam. d\u2019Identificaci\u00f3 de l\u2019alumne\/a RALC.<\/span><\/li>\n<\/ul>\n<p><span style=\"color: #000080;\"><strong>En cas de tenir dubtes per omplir telem\u00e0ticament la sol\u00b7licitud podeu contactar amb nosaltres, i us ajudarem a complimentar el proc\u00e9s. (93 899 84 54 \u2013 Rosa).<\/strong><\/span><\/p>\n<p><span style=\"color: #000080;\"><strong>A les fam\u00edlies de l\u2019alumnat de P3 empadronat a Sant Quint\u00ed de Mediona\u00a0 <\/strong>us farem arribar un sobre amb la documentaci\u00f3 pr\u00f2pia del centre per emplenar.<\/span><\/p>\n<p><span style=\"color: #000080;\"><strong>A les fam\u00edlies del nou alumnat de 1r d&#8217;ESO de les escoles La Fassina i Renaixen\u00e7a us portarem el sobre al vostre centre actual.<\/strong><\/span><\/p>\n<p>En el sobre hi trobareu la documentaci\u00f3 que heu d\u2019omplir i portar\u00a0<strong>al vostre centre actual ( Renaixen\u00e7a &#8211; La Fassina) <\/strong>, nosaltres ens encarregarem de recollir-la, revisar-la i en cas de que trob\u00e9ssim alguna incid\u00e8ncia ens posar\u00edem en contacte telef\u00f2nic amb vosaltres.<\/p>\n<h4 style=\"text-align: center;\">PORTES OBERTES<\/h4>\n<table style=\"width: 97.9258%; height: 636px;\">\n<tbody>\n<tr style=\"height: 302px;\">\n<td style=\"width: 70.4261%; height: 302px; text-align: center;\" colspan=\"2\"><img loading=\"lazy\" decoding=\"async\" class=\"aligncenter wp-image-3642\" style=\"font-size: 16px;\" src=\"https:\/\/agora.xtec.cat\/iesqm\/wp-content\/uploads\/usu894\/2021\/03\/Captura-1024x452.jpg\" alt=\"\" width=\"539\" height=\"238\" srcset=\"https:\/\/agora.xtec.cat\/iesqm\/wp-content\/uploads\/usu894\/2021\/03\/Captura-1024x452.jpg 1024w, https:\/\/agora.xtec.cat\/iesqm\/wp-content\/uploads\/usu894\/2021\/03\/Captura-300x133.jpg 300w, https:\/\/agora.xtec.cat\/iesqm\/wp-content\/uploads\/usu894\/2021\/03\/Captura-768x339.jpg 768w, https:\/\/agora.xtec.cat\/iesqm\/wp-content\/uploads\/usu894\/2021\/03\/Captura.jpg 1082w\" sizes=\"auto, (max-width: 539px) 100vw, 539px\" \/><br \/>\n<a style=\"color: #2795b6; font-size: 16px; text-align: center;\" href=\"https:\/\/drive.google.com\/file\/d\/1arrd3gKSp7R0dwx8or-8B_BIA-mQenz9\/view?usp=sharing\">V\u00eddeo<\/a><\/td>\n<\/tr>\n<tr style=\"height: 283px;\">\n<td style=\"width: 70.4261%; height: 283px;\" colspan=\"2\"><img loading=\"lazy\" decoding=\"async\" class=\"aligncenter wp-image-3685\" src=\"https:\/\/agora.xtec.cat\/iesqm\/wp-content\/uploads\/usu894\/2021\/03\/Captura-2-1024x764.jpg\" alt=\"\" width=\"364\" height=\"272\" srcset=\"https:\/\/agora.xtec.cat\/iesqm\/wp-content\/uploads\/usu894\/2021\/03\/Captura-2-1024x764.jpg 1024w, https:\/\/agora.xtec.cat\/iesqm\/wp-content\/uploads\/usu894\/2021\/03\/Captura-2-300x224.jpg 300w, https:\/\/agora.xtec.cat\/iesqm\/wp-content\/uploads\/usu894\/2021\/03\/Captura-2-768x573.jpg 768w, https:\/\/agora.xtec.cat\/iesqm\/wp-content\/uploads\/usu894\/2021\/03\/Captura-2-200x150.jpg 200w, https:\/\/agora.xtec.cat\/iesqm\/wp-content\/uploads\/usu894\/2021\/03\/Captura-2.jpg 1096w\" sizes=\"auto, (max-width: 364px) 100vw, 364px\" \/><\/td>\n<\/tr>\n<\/tbody>\n<\/table>\n<p>El Consell d&#8217;Alumnes i alumnes voluntaris estan preparant un <strong>v\u00eddeo per mostrar-vos les instal\u00b7lacions, l&#8217;organitzaci\u00f3 , l&#8217;ideari i els projectes que fem al centre.<\/strong><\/p>\n<p style=\"padding-left: 200px; text-align: center;\">\u00a0 \u00a0 <iframe loading=\"lazy\" src=\"https:\/\/www.youtube.com\/embed\/5scMCIiuzFg\" width=\"560\" height=\"315\" frameborder=\"0\" data-mce-fragment=\"1\"><\/iframe><\/p>\n<p style=\"text-align: center;\"><strong><span style=\"color: #000080;\">TINC DUBTES? QU\u00c8 FAIG? \u00a0<\/span><\/strong>ESCRIURE UN\u00a0 CORREU AL CENTRE\u00a0 <strong><span style=\"color: #800000;\">a8076479<span class=\"\">@xtec.cat <\/span><\/span><\/strong><\/p>\n<table style=\"width: 96.4219%; height: 895px;\">\n<tbody>\n<tr style=\"height: 54px;\">\n<td style=\"width: 155.717%; height: 54px; text-align: center;\" colspan=\"3\">\n<h5>DOCUNMENTS PROPIS DEL CENTRE<\/h5>\n<\/td>\n<\/tr>\n<tr style=\"height: 39px;\">\n<td style=\"height: 39px; width: 44.7643%; text-align: center;\" colspan=\"2\">Document oficial de preinscripci\u00f3<\/td>\n<td style=\"height: 39px; width: 110.953%; text-align: center;\">\n<h5>S&#8217;OMPLE VIA TELEM\u00c0TICA AL <a href=\"http:\/\/queestudiar.gencat.cat\/es\/preinscripcio\/estudis\/obligatoris\/\">WEB ESTUDIAR A CATALUNYA<\/a><\/h5>\n<\/td>\n<\/tr>\n<tr style=\"height: 50px;\">\n<td style=\"width: 155.717%; height: 50px; text-align: center;\" colspan=\"3\">\n<h5>Documentaci\u00f3<\/h5>\n<\/td>\n<\/tr>\n<tr style=\"height: 39px;\">\n<td style=\"width: 44.7643%; height: 39px; text-align: center;\" colspan=\"2\">Fitxa de dades b\u00e0siques -FDB<\/td>\n<td style=\"width: 110.953%; height: 39px; text-align: center;\"><a href=\"https:\/\/agora.xtec.cat\/iesqm\/wp-content\/uploads\/usu894\/2020\/03\/FDB-FITXA-DE-DADES-B\u00c0SIQUES.pdf\">FDB &#8211; FITXA DE DADES B\u00c0SIQUES<\/a><\/td>\n<\/tr>\n<tr style=\"height: 39px;\">\n<td style=\"width: 44.7643%; height: 39px; text-align: center;\" colspan=\"2\">Carta comprom\u00eds educatiu- CCE<\/td>\n<td style=\"width: 110.953%; height: 39px; text-align: center;\"><a href=\"https:\/\/agora.xtec.cat\/iesqm\/wp-content\/uploads\/usu894\/2020\/03\/CCE-CARTA-DE-COMPROM\u00cdS-EDUCATIU.pdf\">CCE-CARTA DE COMPROM\u00cdS EDUCATIU<\/a><\/td>\n<\/tr>\n<tr style=\"height: 39px;\">\n<td style=\"width: 44.7643%; height: 39px; text-align: center;\" colspan=\"2\">Autoritzaci\u00f3 d&#8217;\u00fas d&#8217;imatge-ADI<\/td>\n<td style=\"width: 110.953%; height: 39px; text-align: center;\"><a href=\"https:\/\/agora.xtec.cat\/iesqm\/wp-content\/uploads\/usu894\/2020\/03\/ADI-AUTORITZACI\u00d3-DIGITAL-I-IMATGE.pdf\">ADI -AUTORITZACI\u00d3 DIGITAL I IMATGE<\/a><\/td>\n<\/tr>\n<tr style=\"height: 58px;\">\n<td style=\"width: 44.7643%; height: 58px; text-align: center;\" colspan=\"2\">Administraci\u00f3 Paracetamol-AAP<\/td>\n<td style=\"width: 110.953%; height: 58px; text-align: center;\"><a href=\"https:\/\/agora.xtec.cat\/iesqm\/wp-content\/uploads\/usu894\/2020\/03\/AAP-AUTORITZACI\u00d3-ADMINISTRACI\u00d3-PARACETAMOL.pdf\">AAP -AUTORITZACI\u00d3 ADMINISTRACI\u00d3 PARACETAMOL<\/a><\/td>\n<\/tr>\n<tr style=\"height: 58px;\">\n<td style=\"width: 44.7643%; height: 58px; text-align: center;\" colspan=\"2\">Actuacions Sanit\u00e0ries d&#8217;Urg\u00e8ncia-ASU<\/td>\n<td style=\"width: 110.953%; height: 58px; text-align: center;\"><a href=\"https:\/\/agora.xtec.cat\/iesqm\/wp-content\/uploads\/usu894\/2020\/03\/ASU-AUTORITZACI\u00d3-SANIT\u00c0RIA-DURGENCIA.pdf\">ASU &#8211; AUTORITZACI\u00d3 SANIT\u00c0RIA D&#8217;URGENCIA<\/a><\/td>\n<\/tr>\n<tr style=\"height: 39px;\">\n<td style=\"width: 44.7643%; height: 39px; text-align: center;\" colspan=\"2\">Sortides Curs-ASC<\/td>\n<td style=\"width: 110.953%; height: 39px; text-align: center;\"><a href=\"https:\/\/agora.xtec.cat\/iesqm\/wp-content\/uploads\/usu894\/2020\/03\/AS-AUTORITZACI\u00d3-SORTIDES-CURS.pdf\">AS-AUTORITZACI\u00d3 SORTIDES CURS<\/a><\/td>\n<\/tr>\n<tr style=\"height: 58px;\">\n<td style=\"width: 44.7643%; height: 58px; text-align: center;\" colspan=\"2\">Creaci\u00f3 i \u00fas Correus Electr\u00f2nics-ACC<\/td>\n<td style=\"width: 110.953%; height: 58px; text-align: center;\"><a href=\"https:\/\/agora.xtec.cat\/iesqm\/wp-content\/uploads\/usu894\/2020\/03\/ACC-AUTORITZACI\u00d3-CREACI\u00d3-CORREUS.pdf\">ACC -AUTORITZACI\u00d3 CREACI\u00d3 CORREUS<\/a><\/td>\n<\/tr>\n<tr style=\"height: 58px;\">\n<td style=\"width: 44.7643%; height: 52px; text-align: center;\" colspan=\"2\">Inscripci\u00f3 Associaci\u00f3 de Fam\u00edlies<br \/>\n1 per fam\u00edlia<\/td>\n<td style=\"width: 110.953%; height: 52px; text-align: center;\"><a href=\"https:\/\/agora.xtec.cat\/iesqm\/wp-content\/uploads\/usu894\/2020\/03\/sol\u00b7licitud-inscripci\u00f3-AFA.pdf\">Sol\u00b7licitud inscripci\u00f3 AFA<\/a><a href=\"https:\/\/agora.xtec.cat\/iesqm\/linstitut\/documentacio\/preinscripcio-curs-2020-2021\/attachment\/sollicitud-inscripcio-afa\/\" rel=\"attachment wp-att-1449\"><br \/>\n<\/a><\/td>\n<\/tr>\n<tr style=\"height: 39px;\">\n<td style=\"text-align: center; height: 39px; width: 155.717%;\" colspan=\"3\">\n<h5 style=\"text-align: left;\">Documents Espec\u00edfics d&#8217;Etapa<\/h5>\n<\/td>\n<\/tr>\n<tr style=\"height: 39px;\">\n<td style=\"width: 25.8026%; height: 39px; text-align: center;\">Informe pediatria<\/td>\n<td style=\"width: 18.9617%; height: 39px; text-align: center;\">P3<\/td>\n<td style=\"width: 110.953%; height: 39px; text-align: center;\"><a href=\"https:\/\/agora.xtec.cat\/iesqm\/wp-content\/uploads\/usu894\/2020\/03\/INFPED-Informaci\u00f3-pedi\u00e0trica.pdf\">INFPED- Informaci\u00f3 pedi\u00e0trica<\/a><\/td>\n<\/tr>\n<tr style=\"height: 58px;\">\n<td style=\"width: 25.8026%; height: 58px; text-align: center;\">Sortides sols<\/td>\n<td style=\"width: 18.9617%; height: 58px; text-align: center;\">PRI. 1-2-3<\/td>\n<td style=\"width: 110.953%; height: 58px; text-align: center;\"><a href=\"https:\/\/agora.xtec.cat\/iesqm\/wp-content\/uploads\/usu894\/2020\/03\/ASS-AUTORITZACI\u00d3-SORTIDES-SOLS-PRI.pdf\">ASS-AUTORITZACI\u00d3 SORTIDES SOLS PRI<\/a><\/td>\n<\/tr>\n<tr style=\"height: 39px;\">\n<td style=\"width: 25.8026%; height: 39px; text-align: center;\">Cessi\u00f3 dades GESTIN-ACD<\/td>\n<td style=\"width: 18.9617%; height: 39px; text-align: center;\">ESO<\/td>\n<td style=\"width: 110.953%; height: 39px; text-align: center;\"><a href=\"https:\/\/agora.xtec.cat\/iesqm\/wp-content\/uploads\/usu894\/2020\/03\/ACD-ESO-AUTORITZACI\u00d3-CESSI\u00d3-DADES.pdf\">ACD-ESO AUTORITZACI\u00d3 CESSI\u00d3 DADES<\/a><\/td>\n<\/tr>\n<tr style=\"height: 39px;\">\n<td style=\"height: 39px; width: 155.717%; text-align: center;\" colspan=\"3\"><strong>Cal portar ORIGINAL I FOTOC\u00d2PIES\u00a0 DE:<\/strong><\/td>\n<\/tr>\n<tr style=\"height: 39px;\">\n<td style=\"height: 39px; width: 155.717%; text-align: center;\" colspan=\"3\">\n<h5>Si \u00e9s el cas, sent\u00e8ncia judicial r\u00e8gim de cust\u00f2dia<\/h5>\n<\/td>\n<\/tr>\n<tr style=\"height: 39px;\">\n<td style=\"height: 39px; width: 155.717%; text-align: center;\" colspan=\"3\">\n<h5>Carnet de Salut\/Vacunacions\/Certificat de Vacunaci\u00f3<\/h5>\n<\/td>\n<\/tr>\n<tr style=\"height: 39px;\">\n<td style=\"height: 39px; width: 155.717%;\" colspan=\"3\">\n<h5>Targeta Sanit\u00e0ria<\/h5>\n<\/td>\n<\/tr>\n<tr style=\"height: 39px;\">\n<td style=\"width: 25.8026%; height: 39px;\">\n<h5>IDALU (n\u00fam. identificaci\u00f3)<\/h5>\n<\/td>\n<td style=\"width: 18.9617%; height: 39px;\"><\/td>\n<td style=\"width: 110.953%; height: 39px;\">\n<h5>NOM\u00c9S ESO i noves matr\u00edcules de PRIM\u00c0RIA.<\/h5>\n<\/td>\n<\/tr>\n<\/tbody>\n<\/table>\n","protected":false},"excerpt":{"rendered":"<p>\u00a0 PORTES OBERTES 2026 DIMARTS 3 DE MAR\u00c7 DE 2026 A LES 5 DE LA TARDA \u00a0 \u00a0 \u00a0 \u00a0 \u00a0 \u00a0 \u00a0 PREINSRIPCI\u00d3 PER AL NOU CURS\u00a0 2026-2027 Ja s\u2019han fet p\u00fabliques les primeres dates de\u00a0preinscripci\u00f3 escolar 2026-2027 a Catalunya. Aqu\u00ed et detallem tot el que has de saber\u00a0i el\u00a0calendari\u00a0per cicles amb les\u00a0dates clau\u00a0que [&hellip;]<\/p>\n","protected":false},"author":1,"featured_media":7760,"parent":81,"menu_order":30,"comment_status":"closed","ping_status":"closed","template":"","meta":{"_bbp_topic_count":0,"_bbp_reply_count":0,"_bbp_total_topic_count":0,"_bbp_total_reply_count":0,"_bbp_voice_count":0,"_bbp_anonymous_reply_count":0,"_bbp_topic_count_hidden":0,"_bbp_reply_count_hidden":0,"_bbp_forum_subforum_count":0,"site-sidebar-layout":"default","site-content-layout":"","ast-site-content-layout":"default","site-content-style":"default","site-sidebar-style":"default","ast-global-header-display":"","ast-banner-title-visibility":"","ast-main-header-display":"","ast-hfb-above-header-display":"","ast-hfb-below-header-display":"","ast-hfb-mobile-header-display":"","site-post-title":"","ast-breadcrumbs-content":"","ast-featured-img":"","footer-sml-layout":"","theme-transparent-header-meta":"","adv-header-id-meta":"","stick-header-meta":"","header-above-stick-meta":"","header-main-stick-meta":"","header-below-stick-meta":"","astra-migrate-meta-layouts":"set","ast-page-background-enabled":"default","ast-page-background-meta":{"desktop":{"background-color":"var(--ast-global-color-4)","background-image":"","background-repeat":"repeat","background-position":"center center","background-size":"auto","background-attachment":"scroll","background-type":"","background-media":"","overlay-type":"","overlay-color":"","overlay-opacity":"","overlay-gradient":""},"tablet":{"background-color":"","background-image":"","background-repeat":"repeat","background-position":"center center","background-size":"auto","background-attachment":"scroll","background-type":"","background-media":"","overlay-type":"","overlay-color":"","overlay-opacity":"","overlay-gradient":""},"mobile":{"background-color":"","background-image":"","background-repeat":"repeat","background-position":"center center","background-size":"auto","background-attachment":"scroll","background-type":"","background-media":"","overlay-type":"","overlay-color":"","overlay-opacity":"","overlay-gradient":""}},"ast-content-background-meta":{"desktop":{"background-color":"var(--ast-global-color-5)","background-image":"","background-repeat":"repeat","background-position":"center center","background-size":"auto","background-attachment":"scroll","background-type":"","background-media":"","overlay-type":"","overlay-color":"","overlay-opacity":"","overlay-gradient":""},"tablet":{"background-color":"var(--ast-global-color-5)","background-image":"","background-repeat":"repeat","background-position":"center center","background-size":"auto","background-attachment":"scroll","background-type":"","background-media":"","overlay-type":"","overlay-color":"","overlay-opacity":"","overlay-gradient":""},"mobile":{"background-color":"var(--ast-global-color-5)","background-image":"","background-repeat":"repeat","background-position":"center center","background-size":"auto","background-attachment":"scroll","background-type":"","background-media":"","overlay-type":"","overlay-color":"","overlay-opacity":"","overlay-gradient":""}},"footnotes":""},"class_list":["post-1448","page","type-page","status-publish","has-post-thumbnail","hentry"],"post_mailing_queue_ids":[],"_links":{"self":[{"href":"https:\/\/agora.xtec.cat\/iesqm\/wp-json\/wp\/v2\/pages\/1448","targetHints":{"allow":["GET"]}}],"collection":[{"href":"https:\/\/agora.xtec.cat\/iesqm\/wp-json\/wp\/v2\/pages"}],"about":[{"href":"https:\/\/agora.xtec.cat\/iesqm\/wp-json\/wp\/v2\/types\/page"}],"author":[{"embeddable":true,"href":"https:\/\/agora.xtec.cat\/iesqm\/wp-json\/wp\/v2\/users\/1"}],"replies":[{"embeddable":true,"href":"https:\/\/agora.xtec.cat\/iesqm\/wp-json\/wp\/v2\/comments?post=1448"}],"version-history":[{"count":5,"href":"https:\/\/agora.xtec.cat\/iesqm\/wp-json\/wp\/v2\/pages\/1448\/revisions"}],"predecessor-version":[{"id":7762,"href":"https:\/\/agora.xtec.cat\/iesqm\/wp-json\/wp\/v2\/pages\/1448\/revisions\/7762"}],"up":[{"embeddable":true,"href":"https:\/\/agora.xtec.cat\/iesqm\/wp-json\/wp\/v2\/pages\/81"}],"wp:featuredmedia":[{"embeddable":true,"href":"https:\/\/agora.xtec.cat\/iesqm\/wp-json\/wp\/v2\/media\/7760"}],"wp:attachment":[{"href":"https:\/\/agora.xtec.cat\/iesqm\/wp-json\/wp\/v2\/media?parent=1448"}],"curies":[{"name":"wp","href":"https:\/\/api.w.org\/{rel}","templated":true}]}}