{"id":1088,"date":"2019-12-04T20:27:01","date_gmt":"2019-12-04T19:27:01","guid":{"rendered":"https:\/\/agora.xtec.cat\/iesqm\/?page_id=1088"},"modified":"2025-11-04T11:27:31","modified_gmt":"2025-11-04T10:27:31","slug":"serveis","status":"publish","type":"page","link":"https:\/\/agora.xtec.cat\/iesqm\/serveis\/","title":{"rendered":"Serveis i AFA"},"content":{"rendered":"\n<h5 class=\"wp-block-heading has-text-align-center\">Associaci\u00f3 de Fam\u00edlies<\/h5>\n\n\n\n<p class=\"has-text-align-center\">Contacte Associaci\u00f3 de Fam\u00edlies:\u00a0<a href=\"mailto:afa@iesantquinti.com\">afa@iesantquinti.com<\/a><\/p>\n\n\n\n<figure class=\"wp-block-image size-full\"><a href=\"https:\/\/agora.xtec.cat\/iesqm\/wp-content\/uploads\/usu894\/2025\/09\/Captura-de-pantalla-2025-09-03-a-las-17.47.23.png\"><img loading=\"lazy\" decoding=\"async\" width=\"954\" height=\"288\" src=\"https:\/\/agora.xtec.cat\/iesqm\/wp-content\/uploads\/usu894\/2025\/09\/Captura-de-pantalla-2025-09-03-a-las-17.47.23.png\" alt=\"\" class=\"wp-image-7531\" srcset=\"https:\/\/agora.xtec.cat\/iesqm\/wp-content\/uploads\/usu894\/2025\/09\/Captura-de-pantalla-2025-09-03-a-las-17.47.23.png 954w, https:\/\/agora.xtec.cat\/iesqm\/wp-content\/uploads\/usu894\/2025\/09\/Captura-de-pantalla-2025-09-03-a-las-17.47.23-300x91.png 300w, https:\/\/agora.xtec.cat\/iesqm\/wp-content\/uploads\/usu894\/2025\/09\/Captura-de-pantalla-2025-09-03-a-las-17.47.23-768x232.png 768w\" sizes=\"auto, (max-width: 954px) 100vw, 954px\" \/><\/a><\/figure>\n\n\n\n<p>En l&#8217;assemblea celebrada el 20 d&#8217;octubre de 2025 es va  aprovar el relleu de la junta de l&#8217;AFA IE SANT QUINT\u00cd DE MEDIONA, i la nova ha quedat composada de la seg\u00fcent manera:<\/p>\n\n\n\n<p>Presidenta: Judit Ferrer<\/p>\n\n\n\n<p>Secret\u00e0ria: Ester Deu<\/p>\n\n\n\n<p>Tresorer: Ferran Porlan<\/p>\n\n\n\n<p>Vocals: Montse Alises<\/p>\n\n\n\n<p>&nbsp; &nbsp; &nbsp; &nbsp; &nbsp; &nbsp; Joan Gallart<\/p>\n\n\n\n<p>&nbsp; &nbsp; &nbsp; &nbsp; &nbsp; &nbsp; Rafael Bux\u00f3<\/p>\n\n\n\n<p>&nbsp; &nbsp; &nbsp; &nbsp; &nbsp; &nbsp; Jordi Pola<\/p>\n\n\n\n<p>&nbsp; &nbsp; &nbsp; &nbsp; &nbsp; &nbsp; Mari Reitg<\/p>\n","protected":false},"excerpt":{"rendered":"<p>Associaci\u00f3 de Fam\u00edlies Contacte Associaci\u00f3 de Fam\u00edlies:\u00a0afa@iesantquinti.com En l&#8217;assemblea celebrada el 20 d&#8217;octubre de 2025 es va aprovar el relleu de la junta de l&#8217;AFA IE SANT QUINT\u00cd DE MEDIONA, i la nova ha quedat composada de la seg\u00fcent manera: Presidenta: Judit Ferrer Secret\u00e0ria: Ester Deu Tresorer: Ferran Porlan Vocals: Montse Alises &nbsp; &nbsp; &nbsp; [&hellip;]<\/p>\n","protected":false},"author":1,"featured_media":0,"parent":0,"menu_order":40,"comment_status":"closed","ping_status":"closed","template":"","meta":{"_bbp_topic_count":0,"_bbp_reply_count":0,"_bbp_total_topic_count":0,"_bbp_total_reply_count":0,"_bbp_voice_count":0,"_bbp_anonymous_reply_count":0,"_bbp_topic_count_hidden":0,"_bbp_reply_count_hidden":0,"_bbp_forum_subforum_count":0,"site-sidebar-layout":"default","site-content-layout":"","ast-site-content-layout":"default","site-content-style":"default","site-sidebar-style":"default","ast-global-header-display":"","ast-banner-title-visibility":"","ast-main-header-display":"","ast-hfb-above-header-display":"","ast-hfb-below-header-display":"","ast-hfb-mobile-header-display":"","site-post-title":"","ast-breadcrumbs-content":"","ast-featured-img":"","footer-sml-layout":"","theme-transparent-header-meta":"","adv-header-id-meta":"","stick-header-meta":"","header-above-stick-meta":"","header-main-stick-meta":"","header-below-stick-meta":"","astra-migrate-meta-layouts":"set","ast-page-background-enabled":"default","ast-page-background-meta":{"desktop":{"background-color":"var(--ast-global-color-4)","background-image":"","background-repeat":"repeat","background-position":"center center","background-size":"auto","background-attachment":"scroll","background-type":"","background-media":"","overlay-type":"","overlay-color":"","overlay-opacity":"","overlay-gradient":""},"tablet":{"background-color":"","background-image":"","background-repeat":"repeat","background-position":"center center","background-size":"auto","background-attachment":"scroll","background-type":"","background-media":"","overlay-type":"","overlay-color":"","overlay-opacity":"","overlay-gradient":""},"mobile":{"background-color":"","background-image":"","background-repeat":"repeat","background-position":"center center","background-size":"auto","background-attachment":"scroll","background-type":"","background-media":"","overlay-type":"","overlay-color":"","overlay-opacity":"","overlay-gradient":""}},"ast-content-background-meta":{"desktop":{"background-color":"var(--ast-global-color-5)","background-image":"","background-repeat":"repeat","background-position":"center center","background-size":"auto","background-attachment":"scroll","background-type":"","background-media":"","overlay-type":"","overlay-color":"","overlay-opacity":"","overlay-gradient":""},"tablet":{"background-color":"var(--ast-global-color-5)","background-image":"","background-repeat":"repeat","background-position":"center center","background-size":"auto","background-attachment":"scroll","background-type":"","background-media":"","overlay-type":"","overlay-color":"","overlay-opacity":"","overlay-gradient":""},"mobile":{"background-color":"var(--ast-global-color-5)","background-image":"","background-repeat":"repeat","background-position":"center center","background-size":"auto","background-attachment":"scroll","background-type":"","background-media":"","overlay-type":"","overlay-color":"","overlay-opacity":"","overlay-gradient":""}},"footnotes":""},"class_list":["post-1088","page","type-page","status-publish","hentry"],"post_mailing_queue_ids":[],"_links":{"self":[{"href":"https:\/\/agora.xtec.cat\/iesqm\/wp-json\/wp\/v2\/pages\/1088","targetHints":{"allow":["GET"]}}],"collection":[{"href":"https:\/\/agora.xtec.cat\/iesqm\/wp-json\/wp\/v2\/pages"}],"about":[{"href":"https:\/\/agora.xtec.cat\/iesqm\/wp-json\/wp\/v2\/types\/page"}],"author":[{"embeddable":true,"href":"https:\/\/agora.xtec.cat\/iesqm\/wp-json\/wp\/v2\/users\/1"}],"replies":[{"embeddable":true,"href":"https:\/\/agora.xtec.cat\/iesqm\/wp-json\/wp\/v2\/comments?post=1088"}],"version-history":[{"count":6,"href":"https:\/\/agora.xtec.cat\/iesqm\/wp-json\/wp\/v2\/pages\/1088\/revisions"}],"predecessor-version":[{"id":7708,"href":"https:\/\/agora.xtec.cat\/iesqm\/wp-json\/wp\/v2\/pages\/1088\/revisions\/7708"}],"wp:attachment":[{"href":"https:\/\/agora.xtec.cat\/iesqm\/wp-json\/wp\/v2\/media?parent=1088"}],"curies":[{"name":"wp","href":"https:\/\/api.w.org\/{rel}","templated":true}]}}