{"id":1059,"date":"2019-11-26T12:14:41","date_gmt":"2019-11-26T11:14:41","guid":{"rendered":"https:\/\/agora.xtec.cat\/iesqm\/?page_id=1059"},"modified":"2025-08-31T17:34:29","modified_gmt":"2025-08-31T15:34:29","slug":"primaria","status":"publish","type":"page","link":"https:\/\/agora.xtec.cat\/iesqm\/primaria\/","title":{"rendered":"Educaci\u00f3 Prim\u00e0ria"},"content":{"rendered":"<h3 style=\"text-align: center;\"><span style=\"color: #0000ff;\"><a style=\"color: #0000ff;\" href=\"https:\/\/agora.xtec.cat\/iesqm\/categoria\/etapes-educatives\/primaria\/\">QU\u00c8 FEM A PRIM\u00c0RIA?<\/a><\/span><\/h3>\n<h4 style=\"text-align: center;\"><strong><a href=\"https:\/\/agora.xtec.cat\/iesqm\/categoria\/etapes-educatives\/primaria\/\">Clica<\/a> i veur\u00e0s moltes de les activitats d&#8217;aprenentatge que realitzem<\/strong><\/h4>\n<p><a href=\"https:\/\/agora.xtec.cat\/iesqm\/wp-content\/uploads\/usu894\/2021\/12\/CICLE-INICIAL-Organitzacio\u0301-a-laula_page-0001-scaled.jpg\"><img loading=\"lazy\" decoding=\"async\" class=\"size-full wp-image-4551 aligncenter\" src=\"https:\/\/agora.xtec.cat\/iesqm\/wp-content\/uploads\/usu894\/2021\/12\/CICLE-INICIAL-Organitzacio\u0301-a-laula_page-0001-scaled.jpg\" alt=\"\" width=\"1024\" height=\"2560\" srcset=\"https:\/\/agora.xtec.cat\/iesqm\/wp-content\/uploads\/usu894\/2021\/12\/CICLE-INICIAL-Organitzacio\u0301-a-laula_page-0001-scaled.jpg 1024w, https:\/\/agora.xtec.cat\/iesqm\/wp-content\/uploads\/usu894\/2021\/12\/CICLE-INICIAL-Organitzacio\u0301-a-laula_page-0001-120x300.jpg 120w, https:\/\/agora.xtec.cat\/iesqm\/wp-content\/uploads\/usu894\/2021\/12\/CICLE-INICIAL-Organitzacio\u0301-a-laula_page-0001-410x1024.jpg 410w, https:\/\/agora.xtec.cat\/iesqm\/wp-content\/uploads\/usu894\/2021\/12\/CICLE-INICIAL-Organitzacio\u0301-a-laula_page-0001-768x1920.jpg 768w, https:\/\/agora.xtec.cat\/iesqm\/wp-content\/uploads\/usu894\/2021\/12\/CICLE-INICIAL-Organitzacio\u0301-a-laula_page-0001-614x1536.jpg 614w, https:\/\/agora.xtec.cat\/iesqm\/wp-content\/uploads\/usu894\/2021\/12\/CICLE-INICIAL-Organitzacio\u0301-a-laula_page-0001-819x2048.jpg 819w\" sizes=\"auto, (max-width: 1024px) 100vw, 1024px\" \/><\/a><\/p>\n<p>&nbsp;<\/p>\n<p><a href=\"https:\/\/agora.xtec.cat\/iesqm\/wp-content\/uploads\/usu894\/2021\/12\/HORES-PANY-scaled.jpg\"><img loading=\"lazy\" decoding=\"async\" class=\"size-full wp-image-4552 aligncenter\" src=\"https:\/\/agora.xtec.cat\/iesqm\/wp-content\/uploads\/usu894\/2021\/12\/HORES-PANY-scaled.jpg\" alt=\"\" width=\"1024\" height=\"2560\" srcset=\"https:\/\/agora.xtec.cat\/iesqm\/wp-content\/uploads\/usu894\/2021\/12\/HORES-PANY-scaled.jpg 1024w, https:\/\/agora.xtec.cat\/iesqm\/wp-content\/uploads\/usu894\/2021\/12\/HORES-PANY-120x300.jpg 120w, https:\/\/agora.xtec.cat\/iesqm\/wp-content\/uploads\/usu894\/2021\/12\/HORES-PANY-410x1024.jpg 410w, https:\/\/agora.xtec.cat\/iesqm\/wp-content\/uploads\/usu894\/2021\/12\/HORES-PANY-768x1920.jpg 768w, https:\/\/agora.xtec.cat\/iesqm\/wp-content\/uploads\/usu894\/2021\/12\/HORES-PANY-614x1536.jpg 614w, https:\/\/agora.xtec.cat\/iesqm\/wp-content\/uploads\/usu894\/2021\/12\/HORES-PANY-819x2048.jpg 819w\" sizes=\"auto, (max-width: 1024px) 100vw, 1024px\" \/><\/a><\/p>\n<p style=\"text-align: center;\"><b>CENTRE D\u2019INTER\u00c8S 2022-2030\u00a0<\/b><\/p>\n<p><span style=\"font-weight: 400;\">Un dels principals resultats de la Confer\u00e8ncia de Rio +20 va ser l&#8217;acord de desenvolupar un conjunt d&#8217;objectius de desenvolupament sostenible (ODS) en els quals es basa l\u2019Agenda 2030 de Desenvolupament Sostenible de les Nacions Unides.\u00a0<\/span><\/p>\n<p><span style=\"font-weight: 400;\">Partint de l\u2019experi\u00e8ncia adquirida amb els Objectius de Desenvolupament del Mil\u00b7lenni, els ODS es plantegen com uns objectius orientats a l\u2019acci\u00f3, concisos, f\u00e0cils de comunicar, limitats en nombre i universalment aplicables a tots els pa\u00efsos, tenint en compte les diferents realitats i nivells de desenvolupament.\u00a0<\/span><\/p>\n<p><span style=\"font-weight: 400;\">Els 17 Objectius de Desenvolupament Sostenible (ODS) \u2013objectius universals, integradors i ambiciosos- s\u00f3n els que guien la implementaci\u00f3 de l\u2019Agenda 2030 de les Nacions Unides per al Desenvolupament Sostenible, aprovada el 25 de setembre del 2015.\u00a0<\/span><\/p>\n<p><span style=\"font-weight: 400;\">Les tem\u00e0tiques que aborden van des de la pobresa, la fam, la pau, la salut, l\u2019educaci\u00f3, les desigualtats, la inclusi\u00f3, la prosperitat econ\u00f2mica, la protecci\u00f3 del planeta, la lluita contra el canvi clim\u00e0tic, les ciutats i els territoris, l\u2019energia, el consum i la producci\u00f3 sostenibles i la governan\u00e7a.\u00a0<\/span><\/p>\n<p><span style=\"font-weight: 400;\">Cada nivell escollir\u00e0 i treballar\u00e0 un dels objectius al llarg del curs 2022-2023\u00a0<\/span><\/p>\n<p style=\"text-align: center;\"><b>COM TREBALLEM A PRIM\u00c0RIA\u00a0<\/b><\/p>\n<p><span style=\"font-weight: 400;\">A Educaci\u00f3 Prim\u00e0ria es treballa de diferents maneres, de les quals en destaquem: <\/span><span style=\"font-weight: 400;\">HORES CLAU\u00a0<\/span><\/p>\n<p><span style=\"font-weight: 400;\">Son aquelles sessions on s\u2019introdueixen conceptes de diferents \u00e0rees com ara les de llengua catalana i castellana o la de coneixement del medi.\u00a0\u00a0<\/span><\/p>\n<p><span style=\"font-weight: 400;\">Dins les \u00e0rees de llengua tamb\u00e9 hi ha sistematitzades diferents sessions:\u00a0 <\/span><span style=\"font-weight: 400;\">ESCRIPTURA\u00a0\u00a0<\/span><\/p>\n<p><span style=\"font-weight: 400;\">Sessions setmanals en les que es treballa la iniciaci\u00f3 a l\u2019escriptura, els primers cursos, i diferents tipologies textuals.\u00a0\u00a0<\/span><\/p>\n<p><span style=\"font-weight: 400;\">COMPRENSI\u00d3 LECTORA\u00a0<\/span><\/p>\n<p><span style=\"font-weight: 400;\">Sessions en les que es practica la comprensi\u00f3 lectora de textos de diferents tipologies. Tan poden ser en llengua catalana com en llengua castellana.\u00a0\u00a0<\/span><\/p>\n<p><span style=\"font-weight: 400;\">DICTATS\u00a0\u00a0<\/span><\/p>\n<p><span style=\"font-weight: 400;\">Sessions per a posar en pr\u00e0ctica les diferents normes ortogr\u00e0fiques treballades a l&#8217;aula. <\/span><span style=\"font-weight: 400;\">LECTURA\u00a0\u00a0<\/span><\/p>\n<p><span style=\"font-weight: 400;\">Sessions di\u00e0ries de 30 minuts. Tres en catal\u00e0, una en castell\u00e0 i una en angl\u00e8s. <\/span><span style=\"font-weight: 400;\">EXPRESSI\u00d3 ORAL\u00a0\u00a0<\/span><\/p>\n<p><span style=\"font-weight: 400;\">Sessi\u00f3, com a m\u00ednim trimestral, on els alumnes s&#8217;expressen oralment de manera\u00a0 <\/span><span style=\"font-weight: 400;\">individual. Tant en catal\u00e0 com en castell\u00e0. Tamb\u00e9 s\u2019hi inclou l\u2019expressi\u00f3 dels sentiments del Bon Dia (educaci\u00f3 emocional).\u00a0\u00a0<\/span><\/p>\n<p><span style=\"font-weight: 400;\">FET\u00a0\u00a0<\/span><\/p>\n<p><span style=\"font-weight: 400;\">Es continua el treball iniciat a Educaci\u00f3 Infantil fins a 3r de prim\u00e0ria.\u00a0<\/span><\/p>\n<p><span style=\"font-weight: 400;\">ACTIVITATS PANY\u00a0 <\/span><\/p>\n<p><span style=\"font-weight: 400;\">Les activitats pany s\u00f3n aquelles que duem a terme a les hores pany. S\u00f3n activitats pensades per anar adquirint diferents conceptes de manera manipulativa i aut\u00f2noma.\u00a0\u00a0<\/span><\/p>\n<p><span style=\"font-weight: 400;\">Al llarg de l\u2019etapa es realitzen panys de llengua i de coneixement del medi. <\/span><span style=\"font-weight: 400;\">PROJECTE INNOVAMAT <\/span><span style=\"font-weight: 400;\">\u00a0<\/span><\/p>\n<p><span style=\"font-weight: 400;\">Enguany continuem amb el treball de les matem\u00e0tiques a trav\u00e9s del projecte Innovamat de la mateixa manera que ho fan a Educaci\u00f3 Infantil, implantat durant el curs 2021-22.\u00a0\u00a0<\/span><\/p>\n<p><span style=\"font-weight: 400;\">REPTES\u00a0\u00a0<\/span><\/p>\n<p><span style=\"font-weight: 400;\">Treball cooperatiu per tal de resoldre uns interrogants que ens portaran a l\u2019assoliment d\u2019uns continguts de manera competencial.\u00a0\u00a0<\/span><\/p>\n<p><span style=\"font-weight: 400;\">PROJECTES\u00a0<\/span><\/p>\n<p><span style=\"font-weight: 400;\">Treball cooperatiu i interdisciplinari a partir d\u2019un tema plantejat per la mestra o per l&#8217;alumnat que es desenvolupa en part o en la seva totalitat a partir del que els alumnes en volen saber.\u00a0\u00a0<\/span><\/p>\n<p><span style=\"font-weight: 400;\">BON DIA (EDUCACI\u00d3 EMOCIONAL)\u00a0<\/span><\/p>\n<p><span style=\"font-weight: 400;\">Din\u00e0miques diverses de gesti\u00f3 de conflictes, de cohesi\u00f3 de grup, treball de valors i expressi\u00f3 de sentiments.\u00a0\u00a0<\/span><\/p>\n<p>&nbsp;<\/p>\n","protected":false},"excerpt":{"rendered":"<p>QU\u00c8 FEM A PRIM\u00c0RIA? Clica i veur\u00e0s moltes de les activitats d&#8217;aprenentatge que realitzem &nbsp; CENTRE D\u2019INTER\u00c8S 2022-2030\u00a0 Un dels principals resultats de la Confer\u00e8ncia de Rio +20 va ser l&#8217;acord de desenvolupar un conjunt d&#8217;objectius de desenvolupament sostenible (ODS) en els quals es basa l\u2019Agenda 2030 de Desenvolupament Sostenible de les Nacions Unides.\u00a0 Partint [&hellip;]<\/p>\n","protected":false},"author":1,"featured_media":0,"parent":0,"menu_order":20,"comment_status":"closed","ping_status":"closed","template":"","meta":{"_bbp_topic_count":0,"_bbp_reply_count":0,"_bbp_total_topic_count":0,"_bbp_total_reply_count":0,"_bbp_voice_count":0,"_bbp_anonymous_reply_count":0,"_bbp_topic_count_hidden":0,"_bbp_reply_count_hidden":0,"_bbp_forum_subforum_count":0,"site-sidebar-layout":"default","site-content-layout":"","ast-site-content-layout":"","site-content-style":"default","site-sidebar-style":"default","ast-global-header-display":"","ast-banner-title-visibility":"","ast-main-header-display":"","ast-hfb-above-header-display":"","ast-hfb-below-header-display":"","ast-hfb-mobile-header-display":"","site-post-title":"","ast-breadcrumbs-content":"","ast-featured-img":"","footer-sml-layout":"","theme-transparent-header-meta":"","adv-header-id-meta":"","stick-header-meta":"","header-above-stick-meta":"","header-main-stick-meta":"","header-below-stick-meta":"","astra-migrate-meta-layouts":"default","ast-page-background-enabled":"default","ast-page-background-meta":{"desktop":{"background-color":"var(--ast-global-color-4)","background-image":"","background-repeat":"repeat","background-position":"center center","background-size":"auto","background-attachment":"scroll","background-type":"","background-media":"","overlay-type":"","overlay-color":"","overlay-opacity":"","overlay-gradient":""},"tablet":{"background-color":"","background-image":"","background-repeat":"repeat","background-position":"center center","background-size":"auto","background-attachment":"scroll","background-type":"","background-media":"","overlay-type":"","overlay-color":"","overlay-opacity":"","overlay-gradient":""},"mobile":{"background-color":"","background-image":"","background-repeat":"repeat","background-position":"center center","background-size":"auto","background-attachment":"scroll","background-type":"","background-media":"","overlay-type":"","overlay-color":"","overlay-opacity":"","overlay-gradient":""}},"ast-content-background-meta":{"desktop":{"background-color":"var(--ast-global-color-5)","background-image":"","background-repeat":"repeat","background-position":"center center","background-size":"auto","background-attachment":"scroll","background-type":"","background-media":"","overlay-type":"","overlay-color":"","overlay-opacity":"","overlay-gradient":""},"tablet":{"background-color":"var(--ast-global-color-5)","background-image":"","background-repeat":"repeat","background-position":"center center","background-size":"auto","background-attachment":"scroll","background-type":"","background-media":"","overlay-type":"","overlay-color":"","overlay-opacity":"","overlay-gradient":""},"mobile":{"background-color":"var(--ast-global-color-5)","background-image":"","background-repeat":"repeat","background-position":"center center","background-size":"auto","background-attachment":"scroll","background-type":"","background-media":"","overlay-type":"","overlay-color":"","overlay-opacity":"","overlay-gradient":""}},"footnotes":""},"class_list":["post-1059","page","type-page","status-publish","hentry"],"post_mailing_queue_ids":[],"_links":{"self":[{"href":"https:\/\/agora.xtec.cat\/iesqm\/wp-json\/wp\/v2\/pages\/1059","targetHints":{"allow":["GET"]}}],"collection":[{"href":"https:\/\/agora.xtec.cat\/iesqm\/wp-json\/wp\/v2\/pages"}],"about":[{"href":"https:\/\/agora.xtec.cat\/iesqm\/wp-json\/wp\/v2\/types\/page"}],"author":[{"embeddable":true,"href":"https:\/\/agora.xtec.cat\/iesqm\/wp-json\/wp\/v2\/users\/1"}],"replies":[{"embeddable":true,"href":"https:\/\/agora.xtec.cat\/iesqm\/wp-json\/wp\/v2\/comments?post=1059"}],"version-history":[{"count":4,"href":"https:\/\/agora.xtec.cat\/iesqm\/wp-json\/wp\/v2\/pages\/1059\/revisions"}],"predecessor-version":[{"id":7599,"href":"https:\/\/agora.xtec.cat\/iesqm\/wp-json\/wp\/v2\/pages\/1059\/revisions\/7599"}],"wp:attachment":[{"href":"https:\/\/agora.xtec.cat\/iesqm\/wp-json\/wp\/v2\/media?parent=1059"}],"curies":[{"name":"wp","href":"https:\/\/api.w.org\/{rel}","templated":true}]}}