{"id":69,"date":"2014-09-18T10:15:07","date_gmt":"2014-09-18T10:15:07","guid":{"rendered":"http:\/\/agora.xtec.cat\/iespviana\/?page_id=69"},"modified":"2025-07-10T08:22:11","modified_gmt":"2025-07-10T06:22:11","slug":"menjador-escolar","status":"publish","type":"page","link":"https:\/\/agora.xtec.cat\/iespviana\/administracio-i-serveis-2\/menjador-escolar\/","title":{"rendered":"Menjador escolar"},"content":{"rendered":"\n<p><\/p>\n\n\n<table style=\"width: 98.3598%; height: 222px;\">\n<tbody>\n<tr style=\"height: 222px;\">\n<td style=\"width: 29.0284%; height: 222px;\"><strong>Contacte: 7 i TRIA, SA<\/strong>\n<div>\u00a0<\/div>\n<div><a href=\"http:\/\/www.7itria.cat\" target=\"_blank\" rel=\"noopener noreferrer\">www.7itria.cat<\/a><\/div>\n<div>\u00a0<\/div>\n<div>Coordinadora de menjador: Gl\u00f2ria<\/div>\n<div>Despatx: entrada escola Pegaso<\/div>\n<div>C\/Dublin 5-15<\/div>\n<div>\u00a0<\/div>\n<div>Tlf.: 934085013<\/div>\n<div>mail:\u00a0<a href=\"mailto:menjadorpegaso@gmail.com\" target=\"_blank\" rel=\"noopener\">menjadorpegaso@gmail.com<\/a><\/div>\n<p style=\"text-align: justify;\">\u00a0<\/p>\n<\/td>\n<td style=\"width: 54.7718%; height: 222px;\">\n<p style=\"text-align: justify;\">El menjador est\u00e0 gestionat per l&#8217;empresa 7itria-Fundesplai i el dinar es cuina a la pr\u00f2pia escola.<\/p>\n<p>El menjador \u00e9s compartit entre l&#8217;institut i l&#8217;escola Pegaso.<\/p>\n<p>Els alumnes de l&#8217;institut que es queden a menjador entren a dinar a les 14.35h quan surten de classe i estan fins les 15.35h. Existeix l&#8217;opci\u00f3 de quedar-se de manera fixe durant tot el curs (ja sigui de dilluns a divendres o uns dies concrets cada setmana) o de manera espor\u00e0dica.<\/p>\n<p>Actualment tota la gesti\u00f3 de menjador (inscripci\u00f3, informaci\u00f3 de cobraments, etc.) es fa a trav\u00e9s d&#8217;una aplicaci\u00f3 en la que us heu de registrar. Vegeu la <a href=\"https:\/\/drive.google.com\/file\/d\/1vuYP7j0hg3wghy1h_EF1Hv2gEkvhCk7c\/view?usp=drive_link\" target=\"_blank\" rel=\"noopener\">informaci\u00f3 per a la inscripci\u00f3<\/a>.<\/p>\n<\/td>\n<td style=\"width: 80.5116%; height: 222px;\"><a href=\"http:\/\/agora.xtec.cat\/iespviana\/wp-content\/uploads\/usu1199\/2014\/09\/7itria1.png\"><img loading=\"lazy\" decoding=\"async\" class=\"aligncenter size-full wp-image-642\" src=\"http:\/\/agora.xtec.cat\/iespviana\/wp-content\/uploads\/usu1199\/2014\/09\/7itria1.png\" alt=\"7itria\" width=\"226\" height=\"210\" \/><\/a><\/td>\n<\/tr>\n<\/tbody>\n<\/table>\n\n\n<p><\/p>\n\n\n\n<p><\/p>\n","protected":false},"excerpt":{"rendered":"<p>Contacte: 7 i TRIA, SA \u00a0 www.7itria.cat \u00a0 Coordinadora de menjador: Gl\u00f2ria Despatx: entrada escola Pegaso C\/Dublin 5-15 \u00a0 Tlf.: [&hellip;]<\/p>\n","protected":false},"author":2,"featured_media":0,"parent":12180,"menu_order":50,"comment_status":"closed","ping_status":"closed","template":"","meta":{"_bbp_topic_count":0,"_bbp_reply_count":0,"_bbp_total_topic_count":0,"_bbp_total_reply_count":0,"_bbp_voice_count":0,"_bbp_anonymous_reply_count":0,"_bbp_topic_count_hidden":0,"_bbp_reply_count_hidden":0,"_bbp_forum_subforum_count":0,"site-sidebar-layout":"default","site-content-layout":"","ast-site-content-layout":"default","site-content-style":"default","site-sidebar-style":"default","ast-global-header-display":"","ast-banner-title-visibility":"","ast-main-header-display":"","ast-hfb-above-header-display":"","ast-hfb-below-header-display":"","ast-hfb-mobile-header-display":"","site-post-title":"","ast-breadcrumbs-content":"","ast-featured-img":"","footer-sml-layout":"","theme-transparent-header-meta":"","adv-header-id-meta":"","stick-header-meta":"","header-above-stick-meta":"","header-main-stick-meta":"","header-below-stick-meta":"","astra-migrate-meta-layouts":"set","ast-page-background-enabled":"default","ast-page-background-meta":{"desktop":{"background-color":"var(--ast-global-color-4)","background-image":"","background-repeat":"repeat","background-position":"center center","background-size":"auto","background-attachment":"scroll","background-type":"","background-media":"","overlay-type":"","overlay-color":"","overlay-opacity":"","overlay-gradient":""},"tablet":{"background-color":"","background-image":"","background-repeat":"repeat","background-position":"center center","background-size":"auto","background-attachment":"scroll","background-type":"","background-media":"","overlay-type":"","overlay-color":"","overlay-opacity":"","overlay-gradient":""},"mobile":{"background-color":"","background-image":"","background-repeat":"repeat","background-position":"center center","background-size":"auto","background-attachment":"scroll","background-type":"","background-media":"","overlay-type":"","overlay-color":"","overlay-opacity":"","overlay-gradient":""}},"ast-content-background-meta":{"desktop":{"background-color":"var(--ast-global-color-5)","background-image":"","background-repeat":"repeat","background-position":"center center","background-size":"auto","background-attachment":"scroll","background-type":"","background-media":"","overlay-type":"","overlay-color":"","overlay-opacity":"","overlay-gradient":""},"tablet":{"background-color":"var(--ast-global-color-5)","background-image":"","background-repeat":"repeat","background-position":"center center","background-size":"auto","background-attachment":"scroll","background-type":"","background-media":"","overlay-type":"","overlay-color":"","overlay-opacity":"","overlay-gradient":""},"mobile":{"background-color":"var(--ast-global-color-5)","background-image":"","background-repeat":"repeat","background-position":"center center","background-size":"auto","background-attachment":"scroll","background-type":"","background-media":"","overlay-type":"","overlay-color":"","overlay-opacity":"","overlay-gradient":""}},"footnotes":""},"class_list":["post-69","page","type-page","status-publish","hentry"],"post_mailing_queue_ids":[],"_links":{"self":[{"href":"https:\/\/agora.xtec.cat\/iespviana\/wp-json\/wp\/v2\/pages\/69","targetHints":{"allow":["GET"]}}],"collection":[{"href":"https:\/\/agora.xtec.cat\/iespviana\/wp-json\/wp\/v2\/pages"}],"about":[{"href":"https:\/\/agora.xtec.cat\/iespviana\/wp-json\/wp\/v2\/types\/page"}],"author":[{"embeddable":true,"href":"https:\/\/agora.xtec.cat\/iespviana\/wp-json\/wp\/v2\/users\/2"}],"replies":[{"embeddable":true,"href":"https:\/\/agora.xtec.cat\/iespviana\/wp-json\/wp\/v2\/comments?post=69"}],"version-history":[{"count":6,"href":"https:\/\/agora.xtec.cat\/iespviana\/wp-json\/wp\/v2\/pages\/69\/revisions"}],"predecessor-version":[{"id":13291,"href":"https:\/\/agora.xtec.cat\/iespviana\/wp-json\/wp\/v2\/pages\/69\/revisions\/13291"}],"up":[{"embeddable":true,"href":"https:\/\/agora.xtec.cat\/iespviana\/wp-json\/wp\/v2\/pages\/12180"}],"wp:attachment":[{"href":"https:\/\/agora.xtec.cat\/iespviana\/wp-json\/wp\/v2\/media?parent=69"}],"curies":[{"name":"wp","href":"https:\/\/api.w.org\/{rel}","templated":true}]}}