{"id":12387,"date":"2025-02-16T12:36:22","date_gmt":"2025-02-16T11:36:22","guid":{"rendered":"https:\/\/agora.xtec.cat\/iespviana\/?page_id=12387"},"modified":"2026-02-03T13:34:18","modified_gmt":"2026-02-03T12:34:18","slug":"families","status":"publish","type":"page","link":"https:\/\/agora.xtec.cat\/iespviana\/families\/","title":{"rendered":"Fam\u00edlies"},"content":{"rendered":"\n<div class=\"wp-block-columns alignfull has-border-color is-layout-flex wp-container-core-columns-is-layout-2 wp-block-columns-is-layout-flex\" style=\"border-color:var(--ast-global-color-0);border-width:1px;border-radius:54px;margin-top:0;margin-bottom:0\">\n<div class=\"wp-block-column is-layout-flow wp-block-column-is-layout-flow\" style=\"border-style:none;border-width:0px\">\n<figure class=\"wp-block-image aligncenter size-full is-resized\"><a href=\"https:\/\/inspviana.atutoria.com\/index2.php\"><img loading=\"lazy\" decoding=\"async\" width=\"500\" height=\"500\" src=\"https:\/\/agora.xtec.cat\/iespviana\/wp-content\/uploads\/usu1199\/2025\/02\/3-2.png\" alt=\"\" class=\"wp-image-12264\" style=\"width:200px\" srcset=\"https:\/\/agora.xtec.cat\/iespviana\/wp-content\/uploads\/usu1199\/2025\/02\/3-2.png 500w, https:\/\/agora.xtec.cat\/iespviana\/wp-content\/uploads\/usu1199\/2025\/02\/3-2-300x300.png 300w, https:\/\/agora.xtec.cat\/iespviana\/wp-content\/uploads\/usu1199\/2025\/02\/3-2-150x150.png 150w\" sizes=\"auto, (max-width: 500px) 100vw, 500px\" \/><\/a><\/figure>\n\n\n\n<h3 class=\"wp-block-heading has-text-align-center has-ast-global-color-1-color has-text-color has-link-color has-medium-font-size wp-elements-3f3a81675c5cc27387022b4a73b4b837\">Aplicatiu tutoria<\/h3>\n\n\n\n<p>Eina de seguiment i comunicaci\u00f3 entre el centre educatiu i les fam\u00edlies, utilitzada per informar d&#8217;incid\u00e8ncies hor\u00e0ries (abs\u00e8ncies, retards, etc.) i establir una via de comunicaci\u00f3.<\/p>\n<\/div>\n\n\n\n<div class=\"wp-block-column is-layout-flow wp-block-column-is-layout-flow\" style=\"border-top-style:none;border-top-width:0px;border-right-color:var(--wp--preset--color--ast-global-color-0);border-right-width:1px;border-bottom-style:none;border-bottom-width:0px;border-left-style:none;border-left-width:0px;flex-basis:5px\"><\/div>\n\n\n\n<div class=\"wp-block-column is-layout-constrained wp-block-column-is-layout-constrained\">\n<figure class=\"wp-block-image aligncenter size-full is-resized\"><a href=\"https:\/\/agora.xtec.cat\/iespviana\/comunicats\/\"><img loading=\"lazy\" decoding=\"async\" width=\"500\" height=\"500\" src=\"https:\/\/agora.xtec.cat\/iespviana\/wp-content\/uploads\/usu1199\/2025\/02\/2.png\" alt=\"\" class=\"wp-image-11970\" style=\"width:200px\" srcset=\"https:\/\/agora.xtec.cat\/iespviana\/wp-content\/uploads\/usu1199\/2025\/02\/2.png 500w, https:\/\/agora.xtec.cat\/iespviana\/wp-content\/uploads\/usu1199\/2025\/02\/2-300x300.png 300w, https:\/\/agora.xtec.cat\/iespviana\/wp-content\/uploads\/usu1199\/2025\/02\/2-150x150.png 150w\" sizes=\"auto, (max-width: 500px) 100vw, 500px\" \/><\/a><\/figure>\n\n\n\n<h3 class=\"wp-block-heading has-text-align-center has-ast-global-color-1-color has-text-color has-link-color has-medium-font-size wp-elements-372315728abfb7d4a8b6e27cd5d9fdd9\">Comunicats<\/h3>\n\n\n\n<p>En aquesta secci\u00f3, trobareu totes les comunicacions que s&#8217;envien en paper a trav\u00e9s de l&#8217;alumnat: autoritzacions, informacions i altres documents rellevants.<\/p>\n\n\n\n<div class=\"wp-block-columns is-layout-flex wp-container-core-columns-is-layout-1 wp-block-columns-is-layout-flex\">\n<div class=\"wp-block-column is-layout-flow wp-block-column-is-layout-flow\"><\/div>\n<\/div>\n<\/div>\n<\/div>\n\n\n\n<div class=\"wp-block-columns is-layout-flex wp-container-core-columns-is-layout-3 wp-block-columns-is-layout-flex\" style=\"padding-top:var(--wp--preset--spacing--50);padding-bottom:var(--wp--preset--spacing--50)\">\n<div class=\"wp-block-column is-layout-flow wp-container-core-column-is-layout-5 wp-block-column-is-layout-flow\" style=\"padding-top:0;padding-right:0;padding-bottom:0;padding-left:0\">\n<h3 class=\"wp-block-heading has-text-align-center has-ast-global-color-1-color has-text-color has-link-color wp-elements-af82ae7175a7b74b3816237bde9fe9eb\" style=\"padding-top:0;padding-bottom:0\">Espais d&#8217;aula<\/h3>\n\n\n\n<p class=\"has-text-align-center\" style=\"padding-top:0;padding-right:0;padding-bottom:0;padding-left:0\">Informaci\u00f3 de la tutoria i l&#8217;agenda digital<\/p>\n<\/div>\n<\/div>\n\n\n\n<div class=\"wp-block-columns has-border-color has-ast-global-color-0-border-color is-layout-flex wp-container-core-columns-is-layout-4 wp-block-columns-is-layout-flex\" style=\"border-width:1px;border-radius:54px\">\n<div class=\"wp-block-column is-layout-flow wp-container-core-column-is-layout-6 wp-block-column-is-layout-flow\" style=\"border-top-style:none;border-top-width:0px;border-right-color:var(--wp--preset--color--ast-global-color-0);border-right-width:1px;border-bottom-style:none;border-bottom-width:0px;border-left-style:none;border-left-width:0px;padding-right:var(--wp--preset--spacing--20);padding-left:var(--wp--preset--spacing--20)\">\n<p class=\"has-text-align-center\"><strong>1r d&#8217;ESO<\/strong><\/p>\n\n\n\n<p class=\"has-text-align-center\"><a href=\"https:\/\/agora.xtec.cat\/iespviana\/1r-deso-a\/\" data-type=\"page\" data-id=\"12457\"> <strong>1r ESO A<\/strong><\/a><\/p>\n\n\n\n<p class=\"has-text-align-center\"><a href=\"https:\/\/agora.xtec.cat\/iespviana\/blog-de-classe-de-1r-deso-b\/\" data-type=\"page\" data-id=\"12476\"><strong>1r ESO B<\/strong><\/a><\/p>\n\n\n\n<p class=\"has-text-align-center\"><a href=\"https:\/\/agora.xtec.cat\/iespviana\/blog-de-classe-de-1r-deso-c\/\" data-type=\"page\" data-id=\"12499\"><strong>1r ESO C<\/strong><\/a><\/p>\n\n\n\n<p class=\"has-text-align-center\"><a href=\"https:\/\/agora.xtec.cat\/iespviana\/blog-de-classe-de-1r-deso-d\/\" data-type=\"page\" data-id=\"12509\"><strong>1r ESO D<\/strong><\/a><\/p>\n<\/div>\n\n\n\n<div class=\"wp-block-column is-layout-flow wp-container-core-column-is-layout-7 wp-block-column-is-layout-flow\" style=\"border-top-style:none;border-top-width:0px;border-right-color:var(--wp--preset--color--ast-global-color-0);border-right-width:1px;border-bottom-style:none;border-bottom-width:0px;border-left-style:none;border-left-width:0px;padding-right:var(--wp--preset--spacing--20);padding-left:var(--wp--preset--spacing--20)\">\n<p class=\"has-text-align-center\"><strong> 2n d&#8217;ESO<\/strong><\/p>\n\n\n\n<p class=\"has-text-align-center\"><a href=\"https:\/\/agora.xtec.cat\/iespviana\/blog-de-classe-de-2n-deso-a\/\" data-type=\"page\" data-id=\"12517\"><strong>2n ESO A<\/strong><\/a><\/p>\n\n\n\n<p class=\"has-text-align-center\"><a href=\"https:\/\/agora.xtec.cat\/iespviana\/blog-de-classe-de-2n-deso-b\/\" data-type=\"page\" data-id=\"12522\"><strong>2n ESO B<\/strong><\/a><\/p>\n\n\n\n<p class=\"has-text-align-center\"><a href=\"https:\/\/agora.xtec.cat\/iespviana\/blog-de-classe-de-2n-deso-c\/\" data-type=\"page\" data-id=\"12526\"><strong>2n ESO C<\/strong><\/a><\/p>\n<\/div>\n\n\n\n<div class=\"wp-block-column is-layout-flow wp-container-core-column-is-layout-8 wp-block-column-is-layout-flow\" style=\"border-top-style:none;border-top-width:0px;border-right-color:var(--wp--preset--color--ast-global-color-0);border-right-width:1px;border-bottom-style:none;border-bottom-width:0px;border-left-style:none;border-left-width:0px;padding-right:var(--wp--preset--spacing--20);padding-left:var(--wp--preset--spacing--20)\">\n<p class=\"has-text-align-center\"><strong> 3r d&#8217;ESO<\/strong><\/p>\n\n\n\n<p class=\"has-text-align-center\"><a href=\"https:\/\/agora.xtec.cat\/iespviana\/blog-de-classe-de-3r-deso-a\/\" data-type=\"page\" data-id=\"12536\"><strong>3r ESO A<\/strong><\/a><\/p>\n\n\n\n<p class=\"has-text-align-center\"><a href=\"https:\/\/agora.xtec.cat\/iespviana\/blog-de-classe-de-3r-deso-b\/\" data-type=\"page\" data-id=\"12540\"><strong>3r ESO B<\/strong><\/a><\/p>\n\n\n\n<p class=\"has-text-align-center\"><a href=\"https:\/\/agora.xtec.cat\/iespviana\/blog-de-classe-de-3r-deso-c\/\" data-type=\"page\" data-id=\"12544\"><strong>3r ESO C<\/strong><\/a><\/p>\n\n\n\n<p class=\"has-text-align-center\"><a href=\"https:\/\/agora.xtec.cat\/iespviana\/blog-de-classe-de-3r-deso-d\/\" data-type=\"link\" data-id=\"https:\/\/agora.xtec.cat\/iespviana\/blog-de-classe-de-3r-deso-d\/\"><strong>3r ESO D<\/strong><\/a><\/p>\n<\/div>\n\n\n\n<div class=\"wp-block-column is-layout-flow wp-container-core-column-is-layout-9 wp-block-column-is-layout-flow\" style=\"border-top-style:none;border-top-width:0px;border-right-color:var(--wp--preset--color--ast-global-color-0);border-right-width:1px;border-bottom-style:none;border-bottom-width:0px;border-left-style:none;border-left-width:0px;padding-right:var(--wp--preset--spacing--20);padding-left:var(--wp--preset--spacing--20)\">\n<p class=\"has-text-align-center\"><strong>4t d&#8217;ESO<\/strong><\/p>\n\n\n\n<p class=\"has-text-align-center\"><a href=\"https:\/\/agora.xtec.cat\/iespviana\/blog-de-classe-de-4t-deso-a\/\" data-type=\"page\" data-id=\"12553\"><strong>4t ESO A<\/strong><\/a><\/p>\n\n\n\n<p class=\"has-text-align-center\"><a href=\"https:\/\/agora.xtec.cat\/iespviana\/blog-de-classe-de-4t-deso-b\/\" data-type=\"page\" data-id=\"12557\"><strong>4t ESO B<\/strong><\/a><\/p>\n\n\n\n<p class=\"has-text-align-center\"><a href=\"https:\/\/agora.xtec.cat\/iespviana\/blog-de-classe-de-4t-deso-c-2\/\" data-type=\"page\" data-id=\"12568\"><strong>4t ESO C<\/strong><\/a><\/p>\n<\/div>\n\n\n\n<div class=\"wp-block-column is-layout-flow wp-container-core-column-is-layout-10 wp-block-column-is-layout-flow\" style=\"border-style:none;border-width:0px;padding-right:var(--wp--preset--spacing--20);padding-left:var(--wp--preset--spacing--20)\">\n<p class=\"has-text-align-center\"><strong>Batxillerat<\/strong><\/p>\n\n\n\n<p class=\"has-text-align-center\"><a href=\"https:\/\/agora.xtec.cat\/iespviana\/blog-de-classe-de-4t-deso-c\/\" data-type=\"page\" data-id=\"12561\"><strong>1r BATX A<\/strong><\/a><\/p>\n\n\n\n<p class=\"has-text-align-center\"><a href=\"https:\/\/agora.xtec.cat\/iespviana\/blog-de-classe-de-1r-de-batxillerat-b\/\" data-type=\"page\" data-id=\"12573\"><strong>1r BATX B<\/strong><\/a><\/p>\n\n\n\n<p class=\"has-text-align-center\"><a href=\"https:\/\/agora.xtec.cat\/iespviana\/blog-de-classe-de-2r-de-batxillerat-a\/\" data-type=\"page\" data-id=\"12577\"><strong>2n BATX A<\/strong><\/a><\/p>\n\n\n\n<p class=\"has-text-align-center\"><a href=\"https:\/\/agora.xtec.cat\/iespviana\/blog-de-classe-de-2r-de-batxillerat-b\/\" data-type=\"page\" data-id=\"12581\"><strong>2n  BATX<\/strong> <strong> B<\/strong><\/a> <\/p>\n<\/div>\n<\/div>\n\n\n\n<div class=\"wp-block-columns is-layout-flex wp-container-core-columns-is-layout-5 wp-block-columns-is-layout-flex\">\n<div class=\"wp-block-column is-layout-flow wp-block-column-is-layout-flow\"><\/div>\n<\/div>\n","protected":false},"excerpt":{"rendered":"<p>Aplicatiu tutoria Eina de seguiment i comunicaci\u00f3 entre el centre educatiu i les fam\u00edlies, utilitzada per informar d&#8217;incid\u00e8ncies hor\u00e0ries (abs\u00e8ncies, [&hellip;]<\/p>\n","protected":false},"author":1,"featured_media":0,"parent":0,"menu_order":0,"comment_status":"closed","ping_status":"close","template":"","meta":{"_bbp_topic_count":0,"_bbp_reply_count":0,"_bbp_total_topic_count":0,"_bbp_total_reply_count":0,"_bbp_voice_count":0,"_bbp_anonymous_reply_count":0,"_bbp_topic_count_hidden":0,"_bbp_reply_count_hidden":0,"_bbp_forum_subforum_count":0,"site-sidebar-layout":"right-sidebar","site-content-layout":"","ast-site-content-layout":"default","site-content-style":"default","site-sidebar-style":"boxed","ast-global-header-display":"","ast-banner-title-visibility":"","ast-main-header-display":"","ast-hfb-above-header-display":"","ast-hfb-below-header-display":"","ast-hfb-mobile-header-display":"","site-post-title":"","ast-breadcrumbs-content":"","ast-featured-img":"","footer-sml-layout":"","theme-transparent-header-meta":"default","adv-header-id-meta":"","stick-header-meta":"","header-above-stick-meta":"","header-main-stick-meta":"","header-below-stick-meta":"","astra-migrate-meta-layouts":"set","ast-page-background-enabled":"default","ast-page-background-meta":{"desktop":{"background-color":"var(--ast-global-color-4)","background-image":"","background-repeat":"repeat","background-position":"center center","background-size":"auto","background-attachment":"scroll","background-type":"","background-media":"","overlay-type":"","overlay-color":"","overlay-opacity":"","overlay-gradient":""},"tablet":{"background-color":"","background-image":"","background-repeat":"repeat","background-position":"center center","background-size":"auto","background-attachment":"scroll","background-type":"","background-media":"","overlay-type":"","overlay-color":"","overlay-opacity":"","overlay-gradient":""},"mobile":{"background-color":"","background-image":"","background-repeat":"repeat","background-position":"center center","background-size":"auto","background-attachment":"scroll","background-type":"","background-media":"","overlay-type":"","overlay-color":"","overlay-opacity":"","overlay-gradient":""}},"ast-content-background-meta":{"desktop":{"background-color":"var(--ast-global-color-5)","background-image":"","background-repeat":"repeat","background-position":"center center","background-size":"auto","background-attachment":"scroll","background-type":"","background-media":"","overlay-type":"","overlay-color":"","overlay-opacity":"","overlay-gradient":""},"tablet":{"background-color":"var(--ast-global-color-5)","background-image":"","background-repeat":"repeat","background-position":"center center","background-size":"auto","background-attachment":"scroll","background-type":"","background-media":"","overlay-type":"","overlay-color":"","overlay-opacity":"","overlay-gradient":""},"mobile":{"background-color":"var(--ast-global-color-5)","background-image":"","background-repeat":"repeat","background-position":"center center","background-size":"auto","background-attachment":"scroll","background-type":"","background-media":"","overlay-type":"","overlay-color":"","overlay-opacity":"","overlay-gradient":""}},"footnotes":""},"class_list":["post-12387","page","type-page","status-publish","hentry"],"post_mailing_queue_ids":[],"_links":{"self":[{"href":"https:\/\/agora.xtec.cat\/iespviana\/wp-json\/wp\/v2\/pages\/12387","targetHints":{"allow":["GET"]}}],"collection":[{"href":"https:\/\/agora.xtec.cat\/iespviana\/wp-json\/wp\/v2\/pages"}],"about":[{"href":"https:\/\/agora.xtec.cat\/iespviana\/wp-json\/wp\/v2\/types\/page"}],"author":[{"embeddable":true,"href":"https:\/\/agora.xtec.cat\/iespviana\/wp-json\/wp\/v2\/users\/1"}],"replies":[{"embeddable":true,"href":"https:\/\/agora.xtec.cat\/iespviana\/wp-json\/wp\/v2\/comments?post=12387"}],"version-history":[{"count":5,"href":"https:\/\/agora.xtec.cat\/iespviana\/wp-json\/wp\/v2\/pages\/12387\/revisions"}],"predecessor-version":[{"id":13744,"href":"https:\/\/agora.xtec.cat\/iespviana\/wp-json\/wp\/v2\/pages\/12387\/revisions\/13744"}],"wp:attachment":[{"href":"https:\/\/agora.xtec.cat\/iespviana\/wp-json\/wp\/v2\/media?parent=12387"}],"curies":[{"name":"wp","href":"https:\/\/api.w.org\/{rel}","templated":true}]}}