{"id":537,"date":"2019-11-07T17:38:31","date_gmt":"2019-11-07T16:38:31","guid":{"rendered":"https:\/\/agora.xtec.cat\/iespuigdelacreu\/?page_id=537"},"modified":"2023-01-11T11:40:35","modified_gmt":"2023-01-11T10:40:35","slug":"salut-i-escola","status":"publish","type":"page","link":"https:\/\/agora.xtec.cat\/iespuigdelacreu\/salut-i-escola\/","title":{"rendered":"Salut i Escola"},"content":{"rendered":"<p>El programa Salut i Escola neix l&#8217;any 2004 amb l&#8217;impuls dels departaments d&#8217;Educaci\u00f3 i Salut de la Generalitat. El programa es desenvolupa a tots els centres educatius de secund\u00e0ria dins la xarxa de centres p\u00fablics i concertats de Catalunya.<\/p>\n<div>T\u00e9 com a objectiu general millorar la salut dels adolescents a trav\u00e9s d&#8217;accions a l&#8217;escola com:<\/div>\n<div>\n<ul>\n<li>Promoci\u00f3 de la Salut<\/li>\n<li>Prevenci\u00f3 de les situacions de risc<\/li>\n<li>Detecci\u00f3 preco\u00e7 dels problemes de salut i posterior atenci\u00f3<\/li>\n<li>Afavoriment de l&#8217;accessibilitat dels adolescents als programes de salut i als serveis sanitaris<\/li>\n<\/ul>\n<p>El servei est\u00e0 disponible <strong>el 1r <\/strong>i el <strong>3r dimarts <\/strong>de cada mes, de <strong>8:30<\/strong> a<strong> 10:30<\/strong>, a la saleta de Mediaci\u00f3 (al costat de Direcci\u00f3).<\/p>\n<\/div>\n","protected":false},"excerpt":{"rendered":"<p>El programa Salut i Escola neix l&#8217;any 2004 amb l&#8217;impuls dels departaments d&#8217;Educaci\u00f3 i Salut de la Generalitat. El programa es desenvolupa a tots els centres educatius de secund\u00e0ria dins la xarxa de centres p\u00fablics i concertats de Catalunya.<br \/>\nT\u00e9 com a objectiu general millorar la&hellip;  <a href=\"https:\/\/agora.xtec.cat\/iespuigdelacreu\/salut-i-escola\/\" title=\"Read Salut i Escola\">Llegeix m\u00e9s\u00bb<\/a><\/p>\n","protected":false},"author":4,"featured_media":0,"parent":0,"menu_order":0,"comment_status":"closed","ping_status":"closed","template":"","meta":{"_bbp_topic_count":0,"_bbp_reply_count":0,"_bbp_total_topic_count":0,"_bbp_total_reply_count":0,"_bbp_voice_count":0,"_bbp_anonymous_reply_count":0,"_bbp_topic_count_hidden":0,"_bbp_reply_count_hidden":0,"_bbp_forum_subforum_count":0,"footnotes":""},"class_list":["post-537","page","type-page","status-publish","hentry"],"post_mailing_queue_ids":[],"_links":{"self":[{"href":"https:\/\/agora.xtec.cat\/iespuigdelacreu\/wp-json\/wp\/v2\/pages\/537","targetHints":{"allow":["GET"]}}],"collection":[{"href":"https:\/\/agora.xtec.cat\/iespuigdelacreu\/wp-json\/wp\/v2\/pages"}],"about":[{"href":"https:\/\/agora.xtec.cat\/iespuigdelacreu\/wp-json\/wp\/v2\/types\/page"}],"author":[{"embeddable":true,"href":"https:\/\/agora.xtec.cat\/iespuigdelacreu\/wp-json\/wp\/v2\/users\/4"}],"replies":[{"embeddable":true,"href":"https:\/\/agora.xtec.cat\/iespuigdelacreu\/wp-json\/wp\/v2\/comments?post=537"}],"version-history":[{"count":3,"href":"https:\/\/agora.xtec.cat\/iespuigdelacreu\/wp-json\/wp\/v2\/pages\/537\/revisions"}],"predecessor-version":[{"id":3223,"href":"https:\/\/agora.xtec.cat\/iespuigdelacreu\/wp-json\/wp\/v2\/pages\/537\/revisions\/3223"}],"wp:attachment":[{"href":"https:\/\/agora.xtec.cat\/iespuigdelacreu\/wp-json\/wp\/v2\/media?parent=537"}],"curies":[{"name":"wp","href":"https:\/\/api.w.org\/{rel}","templated":true}]}}