{"id":46,"date":"2014-09-17T16:53:45","date_gmt":"2014-09-17T16:53:45","guid":{"rendered":"http:\/\/agora.xtec.cat\/iespuigdelacreu\/?page_id=46"},"modified":"2025-09-24T17:27:09","modified_gmt":"2025-09-24T15:27:09","slug":"organigrama","status":"publish","type":"page","link":"https:\/\/agora.xtec.cat\/iespuigdelacreu\/linstitut\/organigrama\/","title":{"rendered":"Organigrama"},"content":{"rendered":"<p><strong>Equip Directiu:<\/strong><\/p>\n<p>Direcci\u00f3: <strong>Francesc Xavier Mart\u00edn<\/strong><br \/>\nCap d&#8217;estudis: <strong>Gemma Estopi\u00f1\u00e1<\/strong><br \/>\nCoordinaci\u00f3 pedag\u00f2gica: <strong>Eli Zamora<\/strong><br \/>\nSecretaria: <strong>Xavier Romero<\/strong><\/p>\n<p><strong> Equip de Coordinaci\u00f3:<\/strong><\/p>\n<p>Coordinaci\u00f3 de Primer cicle d\u2019ESO: <strong>Naomi Guti\u00e9rrez<\/strong><br \/>\nCoordinaci\u00f3 de Segon cicle d\u2019ESO: <strong>Clara Capdevila<\/strong><br \/>\nCoordinaci\u00f3 de Batxillerat: <strong>Noem\u00ed Hijano<\/strong><br \/>\nCoordinaci\u00f3 d\u2019Activitats i serveis escolars: <strong>Rosa Blasco<\/strong><br \/>\nCoordinaci\u00f3 de Grups de curr\u00edculum adaptat: <strong>Esther Ma\u00f1as <\/strong><br \/>\nCoordinadora del Servei Comunitari: <strong>Cristina Sol\u00e9<\/strong><br \/>\nCoordinadora COCOBE: <strong>Mireia Parellada<\/strong><br \/>\nCoordinaci\u00f3 de Biblioteca: <strong>N\u00faria Aloy<\/strong><br \/>\nCoordinaci\u00f3 de Cultura digital: <strong>Eli Navarro<\/strong>, <strong>Carles Urrutia<\/strong><br \/>\nCoordinadora\u00a0 de Prevenci\u00f3 de riscos laborals: <strong>Marga Oncins<\/strong><br \/>\nCoordinaci\u00f3 LIC: <strong>Pablo Rico<\/strong><br \/>\nCoordinaci\u00f3\u00a0 d&#8217;Imatge: <strong>Susanna Sim\u00f3n<\/strong><\/p>\n<p>EAP: <strong>Marta Mart\u00ednez<\/strong><\/p>\n<p>Programa Salut i escola: <strong>Dolors Alcaraz\u00a0<\/strong> (dimarts de 10 a 12)<\/p>\n<p>Secretaria: <strong>Ariadna Vil\u00e0, Imma Albiol<\/strong><\/p>\n<p>Consergeria: <strong>Rosa S\u00e1nchez, S\u00edlvia Aguilar<\/strong><\/p>\n<p>Cafeteria: <strong>Gina Ros<\/strong><\/p>\n<p>AFA: <b>Feliciano Rivera\u00a0<\/b>(president)<\/p>\n","protected":false},"excerpt":{"rendered":"<p>Equip Directiu:<br \/>\nDirecci\u00f3: Francesc Xavier Mart\u00edn<br \/>\nCap d&#8217;estudis: Gemma Estopi\u00f1\u00e1<br \/>\nCoordinaci\u00f3 pedag\u00f2gica: Eli Zamora<br \/>\nSecretaria: Xavier Romero<br \/>\n Equip de Coordinaci\u00f3:<br \/>\nCoordinaci\u00f3 de Primer cicle d\u2019ESO: Naomi Guti\u00e9rrez<br \/>\nCoordinaci\u00f3 de Segon cicle d\u2019ESO: Clara Capdevila<br \/>\nCoordinaci\u00f3 de Batxillerat: Noem\u00ed Hijano<br \/>\nCoordinaci\u00f3 d\u2019Activitats i serveis escolars: Rosa Blasco<br \/>\nCoordinaci\u00f3 de Grups de curr\u00edculum adaptat: Esther Ma\u00f1as&hellip;  <a href=\"https:\/\/agora.xtec.cat\/iespuigdelacreu\/linstitut\/organigrama\/\" title=\"Read Organigrama\">Llegeix m\u00e9s\u00bb<\/a><\/p>\n","protected":false},"author":1,"featured_media":0,"parent":19,"menu_order":50,"comment_status":"closed","ping_status":"closed","template":"page-templates\/side-menu.php","meta":{"_bbp_topic_count":0,"_bbp_reply_count":0,"_bbp_total_topic_count":0,"_bbp_total_reply_count":0,"_bbp_voice_count":0,"_bbp_anonymous_reply_count":0,"_bbp_topic_count_hidden":0,"_bbp_reply_count_hidden":0,"_bbp_forum_subforum_count":0,"footnotes":""},"class_list":["post-46","page","type-page","status-publish","hentry"],"post_mailing_queue_ids":[],"_links":{"self":[{"href":"https:\/\/agora.xtec.cat\/iespuigdelacreu\/wp-json\/wp\/v2\/pages\/46","targetHints":{"allow":["GET"]}}],"collection":[{"href":"https:\/\/agora.xtec.cat\/iespuigdelacreu\/wp-json\/wp\/v2\/pages"}],"about":[{"href":"https:\/\/agora.xtec.cat\/iespuigdelacreu\/wp-json\/wp\/v2\/types\/page"}],"author":[{"embeddable":true,"href":"https:\/\/agora.xtec.cat\/iespuigdelacreu\/wp-json\/wp\/v2\/users\/1"}],"replies":[{"embeddable":true,"href":"https:\/\/agora.xtec.cat\/iespuigdelacreu\/wp-json\/wp\/v2\/comments?post=46"}],"version-history":[{"count":7,"href":"https:\/\/agora.xtec.cat\/iespuigdelacreu\/wp-json\/wp\/v2\/pages\/46\/revisions"}],"predecessor-version":[{"id":3888,"href":"https:\/\/agora.xtec.cat\/iespuigdelacreu\/wp-json\/wp\/v2\/pages\/46\/revisions\/3888"}],"up":[{"embeddable":true,"href":"https:\/\/agora.xtec.cat\/iespuigdelacreu\/wp-json\/wp\/v2\/pages\/19"}],"wp:attachment":[{"href":"https:\/\/agora.xtec.cat\/iespuigdelacreu\/wp-json\/wp\/v2\/media?parent=46"}],"curies":[{"name":"wp","href":"https:\/\/api.w.org\/{rel}","templated":true}]}}