{"id":3229,"date":"2023-01-11T12:02:07","date_gmt":"2023-01-11T11:02:07","guid":{"rendered":"https:\/\/agora.xtec.cat\/iespuigdelacreu\/?page_id=3229"},"modified":"2026-02-23T13:10:30","modified_gmt":"2026-02-23T12:10:30","slug":"jove-tescoltem","status":"publish","type":"page","link":"https:\/\/agora.xtec.cat\/iespuigdelacreu\/jove-tescoltem\/","title":{"rendered":"JOVE, T&#8217;ESCOLTEM &#8211; PROGRAMA APROPA&#8217;T"},"content":{"rendered":"<h4>APROPA\u2019T<\/h4>\n<p style=\"font-weight: 400;\">El programa <strong>Apropa\u2019t<\/strong> de l\u2019Ajuntament de Castellar del Vall\u00e9s \u00e9s un servei gratu\u00eft i confidencial d\u2019atenci\u00f3 individual que t\u00e9 com a objectiu general millorar la salut emocional dels adolescents a trav\u00e9s de l\u2019escolta activa i d\u2019accions a l\u2019escola com:<\/p>\n<ul style=\"font-weight: 400;\">\n<li>Donar suport emocional i orientaci\u00f3 a la poblaci\u00f3 adolescent i jove.<\/li>\n<li>Detectar situacions de de risc.<\/li>\n<li>Millorar habilitats socials.<\/li>\n<li>Donar resposta a les diverses necessitats: dificultats en les relacions socials, baixa autoestima, etc.<\/li>\n<\/ul>\n<p style=\"font-weight: 400;\">El servei est\u00e0 disponible el\u00a0<strong>1r<\/strong>\u00a0i el\u00a0<strong>3r dimarts<\/strong>\u00a0de cada mes, de<strong>\u00a010<\/strong>\u00a0a\u00a0<strong>11:30<\/strong>\u00a0a la sala de Mediaci\u00f3 (al costat de Direcci\u00f3).<\/p>\n","protected":false},"excerpt":{"rendered":"<p>APROPA\u2019T<br \/>\nEl programa Apropa\u2019t de l\u2019Ajuntament de Castellar del Vall\u00e9s \u00e9s un servei gratu\u00eft i confidencial d\u2019atenci\u00f3 individual que t\u00e9 com a objectiu general millorar la salut emocional dels adolescents a trav\u00e9s de l\u2019escolta activa i d\u2019accions a l\u2019escola com:<\/p>\n<ul style=\"font-weight: 400;\">\n<li>Donar suport emocional i orientaci\u00f3&hellip;  <a href=\"https:\/\/agora.xtec.cat\/iespuigdelacreu\/jove-tescoltem\/\" title=\"Read JOVE, T&#8217;ESCOLTEM &#8211; PROGRAMA APROPA&#8217;T\">Llegeix m\u00e9s\u00bb<\/a><br \/>\n","protected":false},"author":101,"featured_media":0,"parent":0,"menu_order":0,"comment_status":"closed","ping_status":"closed","template":"","meta":{"_bbp_topic_count":0,"_bbp_reply_count":0,"_bbp_total_topic_count":0,"_bbp_total_reply_count":0,"_bbp_voice_count":0,"_bbp_anonymous_reply_count":0,"_bbp_topic_count_hidden":0,"_bbp_reply_count_hidden":0,"_bbp_forum_subforum_count":0,"footnotes":""},"class_list":["post-3229","page","type-page","status-publish","hentry"],"post_mailing_queue_ids":[],"_links":{"self":[{"href":"https:\/\/agora.xtec.cat\/iespuigdelacreu\/wp-json\/wp\/v2\/pages\/3229","targetHints":{"allow":["GET"]}}],"collection":[{"href":"https:\/\/agora.xtec.cat\/iespuigdelacreu\/wp-json\/wp\/v2\/pages"}],"about":[{"href":"https:\/\/agora.xtec.cat\/iespuigdelacreu\/wp-json\/wp\/v2\/types\/page"}],"author":[{"embeddable":true,"href":"https:\/\/agora.xtec.cat\/iespuigdelacreu\/wp-json\/wp\/v2\/users\/101"}],"replies":[{"embeddable":true,"href":"https:\/\/agora.xtec.cat\/iespuigdelacreu\/wp-json\/wp\/v2\/comments?post=3229"}],"version-history":[{"count":4,"href":"https:\/\/agora.xtec.cat\/iespuigdelacreu\/wp-json\/wp\/v2\/pages\/3229\/revisions"}],"predecessor-version":[{"id":3922,"href":"https:\/\/agora.xtec.cat\/iespuigdelacreu\/wp-json\/wp\/v2\/pages\/3229\/revisions\/3922"}],"wp:attachment":[{"href":"https:\/\/agora.xtec.cat\/iespuigdelacreu\/wp-json\/wp\/v2\/media?parent=3229"}],"curies":[{"name":"wp","href":"https:\/\/api.w.org\/{rel}","templated":true}]}}