{"id":2943,"date":"2022-03-29T12:08:40","date_gmt":"2022-03-29T10:08:40","guid":{"rendered":"https:\/\/agora.xtec.cat\/iespuigdelacreu\/?page_id=2943"},"modified":"2022-03-29T12:16:44","modified_gmt":"2022-03-29T10:16:44","slug":"protocol-vaga-alumnat","status":"publish","type":"page","link":"https:\/\/agora.xtec.cat\/iespuigdelacreu\/protocol-vaga-alumnat\/","title":{"rendered":"Protocol vaga alumnat"},"content":{"rendered":"<p>En aquesta p\u00e0gina l&#8217;alumnat trobar\u00e0 la documentaci\u00f3 necess\u00e0ria en cas d&#8217;adhesi\u00f3 a vaga:<\/p>\n<ul>\n<li>JUSTIFICANT DE FALTA D&#8217;ASSIST\u00c8NCIA PER VAGA D&#8217;ALUMNES. Per descarregar-lo, cliqueu <a href=\"https:\/\/drive.google.com\/file\/d\/1aGhnwN9_opW_-1yWQ98Zat7DYmb-kYX-\/view?usp=sharing\">aqu\u00ed<\/a>.<\/li>\n<li>ACTA DE REUNI\u00d3. Per descarregar-la, cliqueu <a href=\"https:\/\/drive.google.com\/file\/d\/1qccCYRj-tSTXJ8EJ4aOP8T12JSbFqOAz\/view?usp=sharing\">aqu\u00ed<\/a>.<\/li>\n<li>NORMATIVA VAGA D&#8217;ALUMNAT. Per descarregar-lo, cliqueu <a href=\"https:\/\/drive.google.com\/file\/d\/1HpbzAopvRj4q_YVU218QTWiOFLXNlUFp\/view?usp=sharing\">aqu\u00ed<\/a>.<\/li>\n<\/ul>\n","protected":false},"excerpt":{"rendered":"<p>En aquesta p\u00e0gina l&#8217;alumnat trobar\u00e0 la documentaci\u00f3 necess\u00e0ria en cas d&#8217;adhesi\u00f3 a vaga:<\/p>\n<ul>\n<li>JUSTIFICANT DE FALTA D&#8217;ASSIST\u00c8NCIA PER VAGA D&#8217;ALUMNES. Per descarregar-lo, cliqueu <a href=\"https:\/\/drive.google.com\/file\/d\/1aGhnwN9_opW_-1yWQ98Zat7DYmb-kYX-\/view?usp=sharing\">aqu\u00ed<\/a>.<\/li>\n<li>ACTA DE REUNI\u00d3. Per descarregar-la, cliqueu <a href=\"https:\/\/drive.google.com\/file\/d\/1qccCYRj-tSTXJ8EJ4aOP8T12JSbFqOAz\/view?usp=sharing\">aqu\u00ed<\/a>.<\/li>\n<li>NORMATIVA VAGA D&#8217;ALUMNAT. Per descarregar-lo, cliqueu <a href=\"https:\/\/drive.google.com\/file\/d\/1HpbzAopvRj4q_YVU218QTWiOFLXNlUFp\/view?usp=sharing\">aqu\u00ed<\/a>.<\/li>\n<\/ul>\n","protected":false},"author":101,"featured_media":0,"parent":0,"menu_order":0,"comment_status":"closed","ping_status":"closed","template":"","meta":{"_bbp_topic_count":0,"_bbp_reply_count":0,"_bbp_total_topic_count":0,"_bbp_total_reply_count":0,"_bbp_voice_count":0,"_bbp_anonymous_reply_count":0,"_bbp_topic_count_hidden":0,"_bbp_reply_count_hidden":0,"_bbp_forum_subforum_count":0,"footnotes":""},"class_list":["post-2943","page","type-page","status-publish","hentry"],"post_mailing_queue_ids":[],"_links":{"self":[{"href":"https:\/\/agora.xtec.cat\/iespuigdelacreu\/wp-json\/wp\/v2\/pages\/2943","targetHints":{"allow":["GET"]}}],"collection":[{"href":"https:\/\/agora.xtec.cat\/iespuigdelacreu\/wp-json\/wp\/v2\/pages"}],"about":[{"href":"https:\/\/agora.xtec.cat\/iespuigdelacreu\/wp-json\/wp\/v2\/types\/page"}],"author":[{"embeddable":true,"href":"https:\/\/agora.xtec.cat\/iespuigdelacreu\/wp-json\/wp\/v2\/users\/101"}],"replies":[{"embeddable":true,"href":"https:\/\/agora.xtec.cat\/iespuigdelacreu\/wp-json\/wp\/v2\/comments?post=2943"}],"version-history":[{"count":3,"href":"https:\/\/agora.xtec.cat\/iespuigdelacreu\/wp-json\/wp\/v2\/pages\/2943\/revisions"}],"predecessor-version":[{"id":2948,"href":"https:\/\/agora.xtec.cat\/iespuigdelacreu\/wp-json\/wp\/v2\/pages\/2943\/revisions\/2948"}],"wp:attachment":[{"href":"https:\/\/agora.xtec.cat\/iespuigdelacreu\/wp-json\/wp\/v2\/media?parent=2943"}],"curies":[{"name":"wp","href":"https:\/\/api.w.org\/{rel}","templated":true}]}}