{"id":2902,"date":"2022-02-16T17:26:57","date_gmt":"2022-02-16T16:26:57","guid":{"rendered":"https:\/\/agora.xtec.cat\/iespuigdelacreu\/?page_id=2902"},"modified":"2023-01-11T12:11:50","modified_gmt":"2023-01-11T11:11:50","slug":"2on-batxillerat-pau","status":"publish","type":"page","link":"https:\/\/agora.xtec.cat\/iespuigdelacreu\/2on-batxillerat-pau\/","title":{"rendered":"2n Batxillerat PAU"},"content":{"rendered":"<ul>\n<li><a href=\"https:\/\/agora.xtec.cat\/iespuigdelacreu\/wp-content\/uploads\/usu334\/2022\/02\/22_PAU_Calendari.pdf\">Calendari PAU 2022<\/a><\/li>\n<li><a href=\"https:\/\/agora.xtec.cat\/iespuigdelacreu\/wp-content\/uploads\/usu334\/2022\/02\/22_PAU_Horari-1.pdf\">Horari PAU 2022<\/a><\/li>\n<li><a href=\"https:\/\/agora.xtec.cat\/iespuigdelacreu\/wp-content\/uploads\/usu334\/2022\/02\/22_PAP_Grau_Ed_INF-PRIM_Calendari.pdf\">PAP-2022 PER A ACC\u00c9S ALS GRAUS EN EDUCACI\u00d3 INFANTIL I EDUCACI\u00d3<\/a><br \/>\n<a href=\"https:\/\/agora.xtec.cat\/iespuigdelacreu\/wp-content\/uploads\/usu334\/2022\/02\/22_PAP_Grau_Ed_INF-PRIM_Calendari.pdf\">PRIM\u00c0RIA. CALENDARI I HORARI<\/a><\/li>\n<\/ul>\n","protected":false},"excerpt":{"rendered":"<ul>\n<li><a href=\"https:\/\/agora.xtec.cat\/iespuigdelacreu\/wp-content\/uploads\/usu334\/2022\/02\/22_PAU_Calendari.pdf\">Calendari PAU 2022<\/a><\/li>\n<li><a href=\"https:\/\/agora.xtec.cat\/iespuigdelacreu\/wp-content\/uploads\/usu334\/2022\/02\/22_PAU_Horari-1.pdf\">Horari PAU 2022<\/a><\/li>\n<li><a href=\"https:\/\/agora.xtec.cat\/iespuigdelacreu\/wp-content\/uploads\/usu334\/2022\/02\/22_PAP_Grau_Ed_INF-PRIM_Calendari.pdf\">PAP-2022 PER A ACC\u00c9S ALS GRAUS EN EDUCACI\u00d3 INFANTIL I EDUCACI\u00d3<\/a><br \/>\n<a href=\"https:\/\/agora.xtec.cat\/iespuigdelacreu\/wp-content\/uploads\/usu334\/2022\/02\/22_PAP_Grau_Ed_INF-PRIM_Calendari.pdf\">PRIM\u00c0RIA. CALENDARI I HORARI<\/a><\/li>\n<\/ul>\n","protected":false},"author":4,"featured_media":0,"parent":0,"menu_order":0,"comment_status":"closed","ping_status":"closed","template":"","meta":{"_bbp_topic_count":0,"_bbp_reply_count":0,"_bbp_total_topic_count":0,"_bbp_total_reply_count":0,"_bbp_voice_count":0,"_bbp_anonymous_reply_count":0,"_bbp_topic_count_hidden":0,"_bbp_reply_count_hidden":0,"_bbp_forum_subforum_count":0,"footnotes":""},"class_list":["post-2902","page","type-page","status-publish","hentry"],"post_mailing_queue_ids":[],"_links":{"self":[{"href":"https:\/\/agora.xtec.cat\/iespuigdelacreu\/wp-json\/wp\/v2\/pages\/2902","targetHints":{"allow":["GET"]}}],"collection":[{"href":"https:\/\/agora.xtec.cat\/iespuigdelacreu\/wp-json\/wp\/v2\/pages"}],"about":[{"href":"https:\/\/agora.xtec.cat\/iespuigdelacreu\/wp-json\/wp\/v2\/types\/page"}],"author":[{"embeddable":true,"href":"https:\/\/agora.xtec.cat\/iespuigdelacreu\/wp-json\/wp\/v2\/users\/4"}],"replies":[{"embeddable":true,"href":"https:\/\/agora.xtec.cat\/iespuigdelacreu\/wp-json\/wp\/v2\/comments?post=2902"}],"version-history":[{"count":3,"href":"https:\/\/agora.xtec.cat\/iespuigdelacreu\/wp-json\/wp\/v2\/pages\/2902\/revisions"}],"predecessor-version":[{"id":3235,"href":"https:\/\/agora.xtec.cat\/iespuigdelacreu\/wp-json\/wp\/v2\/pages\/2902\/revisions\/3235"}],"wp:attachment":[{"href":"https:\/\/agora.xtec.cat\/iespuigdelacreu\/wp-json\/wp\/v2\/media?parent=2902"}],"curies":[{"name":"wp","href":"https:\/\/api.w.org\/{rel}","templated":true}]}}