{"id":2849,"date":"2021-11-22T19:25:10","date_gmt":"2021-11-22T18:25:10","guid":{"rendered":"https:\/\/agora.xtec.cat\/iespuigdelacreu\/?page_id=2849"},"modified":"2026-02-14T12:28:56","modified_gmt":"2026-02-14T11:28:56","slug":"fotos","status":"publish","type":"page","link":"https:\/\/agora.xtec.cat\/iespuigdelacreu\/fotos\/","title":{"rendered":"FOTOGRAFIES DEL CENTRE"},"content":{"rendered":"<p><strong>CURS 2025-26<\/strong><\/p>\n<ul>\n<li><a href=\"https:\/\/www.flickr.com\/gp\/146329151@N04\/9Qdf2365qx\">Festa de Carnaval &#8211; Curs 2025-26<\/a><\/li>\n<li><a href=\"https:\/\/flic.kr\/s\/aHBqjCEvrV\">Festa de Nadal &#8211; Curs 2025-26<\/a><\/li>\n<\/ul>\n<p><strong>CURS 2024-25<\/strong><\/p>\n<ul>\n<li><a href=\"https:\/\/flic.kr\/s\/aHBqjCkq2U\">Festa de final de curs &#8211; Curs 2024-25<\/a><\/li>\n<li><a href=\"https:\/\/flic.kr\/s\/aHBqjCf1ec\">Festa de Sant Jordi &#8211; Curs 2024-25<\/a><\/li>\n<li><a href=\"https:\/\/flic.kr\/s\/aHBqjC3eAz\">Festa de Carnaval &#8211; Curs 2024-25<\/a><\/li>\n<li><a href=\"https:\/\/flic.kr\/s\/aHBqjBVUG3\">Festa de Nadal &#8211; Curs 2024-25<\/a><\/li>\n<li><a href=\"https:\/\/flic.kr\/s\/aHBqjBVQ9C\">Folgueroles &#8211; Ruta Verdaguer (4ESO) &#8211; Curs 2024-25<\/a><\/li>\n<li><a href=\"https:\/\/flic.kr\/s\/aHBqjBVQdF\">Emp\u00faries &#8211; Museu d&#8217;Arqueologia de Catalunya (Batxillerat human\u00edstic) &#8211; Curs 2024-25<\/a><\/li>\n<li><a href=\"https:\/\/flic.kr\/s\/aHBqjBVVTB\">Sitges &#8211; Cau Ferrat i Museu Maricel (2BTX) &#8211; Curs 2024-25<\/a><\/li>\n<li><a href=\"https:\/\/flic.kr\/s\/aHBqjBVVJt\">Activitat de cohesi\u00f3 de grup_CAR Sant Cugat (2ESO) &#8211; Curs 2024-25<\/a><\/li>\n<li><a href=\"https:\/\/flic.kr\/s\/aHBqjBVQir\">Servei comunitari (4ESO) &#8211; Curs 2024-25<\/a><\/li>\n<li><a href=\"https:\/\/flic.kr\/s\/aHBqjBVUEK\">25N Dia Internacional contra la Viol\u00e8ncia envers les Dones &#8211; Curs 2024-25<\/a><\/li>\n<li><a href=\"https:\/\/flic.kr\/s\/aHBqjBND7N\">27S Manifest contra el genocidi a Palestina &#8211; Curs 2024-25<\/a><\/li>\n<\/ul>\n<p><strong>CURS 2023-24<\/strong><\/p>\n<ul>\n<li><a href=\"https:\/\/flic.kr\/s\/aHBqjBwh3u\">Festa de final de curs &#8211; Curs 2023-24<\/a><\/li>\n<li><a href=\"https:\/\/flic.kr\/s\/aHBqjBwF64\">Viatge final etapa Val\u00e8ncia (4ESO) &#8211; Curs 2023-24<\/a><\/li>\n<li><a href=\"https:\/\/flic.kr\/s\/aHBqjBwENF\">Col\u00f2nies a Lloret de Mar (2ESO) &#8211; Curs 2023-24<\/a><\/li>\n<li><a href=\"https:\/\/flic.kr\/s\/aHBqjBwH4S\">Cr\u00e8dit de s\u00edntesi Vall d&#8217;Horta i Montcau (1ESO) &#8211; Curs 2023-24<\/a><\/li>\n<li><a href=\"https:\/\/flic.kr\/s\/aHBqjBwJLX\">Barri del Born &#8211; Barcino (1BTX) &#8211; Curs 2023-24<\/a><\/li>\n<li><a href=\"https:\/\/flic.kr\/s\/aHBqjBwJRB\">Sortida l\u00fadica a Badalona (1ESO) &#8211; Curs 2023-24<\/a><\/li>\n<li><a href=\"https:\/\/flic.kr\/s\/aHBqjBwLW9\">Xerrada liter\u00e0ria Marc Solanes (4ESO) &#8211; Curs 2023-24<\/a><\/li>\n<li><a href=\"https:\/\/flic.kr\/s\/aHBqjBwLMM\">Sortida de l&#8217;Optativa de Franc\u00e8s (3ESO i 4ESO) &#8211; Curs 2023-24<\/a><\/li>\n<li><a href=\"https:\/\/flic.kr\/s\/aHBqjBwLHJ\">Jocs Florals Escolars de Catalunya (4ESO) &#8211; Curs 2023-24<\/a><\/li>\n<li><a href=\"https:\/\/flic.kr\/s\/aHBqjBwETL\">AMIC &#8211; Ficcions (4ESO) &#8211; Curs 2023-24<\/a><\/li>\n<li><a href=\"https:\/\/flic.kr\/s\/aHBqjBwFcu\">Jornada de cohesi\u00f3 &#8211; CAR (2ESO) &#8211; Curs 2023-24<\/a><\/li>\n<li><a href=\"https:\/\/flic.kr\/s\/aHBqjBwJTA\">Activitats Suma+ (1ESO) &#8211; Curs 2023-24<\/a><\/li>\n<li><a href=\"https:\/\/drive.google.com\/file\/d\/1OjFmAMKtOAFwhzZyaeUudfn_qAVk4ypK\/view?usp=sharing\">Setmana de Sant Jordi &#8211; Lectura d&#8217;<em>El Quijote<\/em> (audiovisual) &#8211; Curs 2023-24<\/a><\/li>\n<li><a href=\"https:\/\/flic.kr\/s\/aHBqjBnDMm\">Setmana de Sant Jordi &#8211; Tallers i activitats &#8211; Curs 2023-24<\/a><\/li>\n<li><a href=\"https:\/\/flic.kr\/s\/aHBqjBmuZm\">Poble vell de Mequinensa &#8211; Ruta liter\u00e0ria Jes\u00fas Moncada (1BTX) &#8211; Curs 2023-24<\/a><\/li>\n<li><a href=\"https:\/\/flic.kr\/s\/aHBqjBmyvC\">Sortida de final de trimestre a Castellar del Vall\u00e8s (4ESO) &#8211; Curs 2023-24<\/a><\/li>\n<li><a href=\"https:\/\/flic.kr\/s\/aHBqjBmyuF\">Sortida de final de trimestre al Puig de la Creu (2ESO) &#8211; Curs 2023-24<\/a><\/li>\n<li><a href=\"https:\/\/flic.kr\/s\/aHBqjBmtij\">Projecte e-Twinning (2ESO) &#8211; Curs 2023-24<\/a><\/li>\n<li><a href=\"https:\/\/flic.kr\/s\/aHBqjBmyiy\">Casa Museu Joan Maragall (4ESO) &#8211; Curs 2023-24<\/a><\/li>\n<li><a href=\"https:\/\/flic.kr\/s\/aHBqjBmtwC\">Activitats 8M &#8211; Comissi\u00f3 feminista (4ESO) &#8211; Curs 2023-24<\/a><\/li>\n<li><a href=\"https:\/\/flic.kr\/s\/aHBqjBmtqL\">Museu Picasso (4ESO) &#8211; Curs 2023-24<\/a><\/li>\n<li><a href=\"https:\/\/flic.kr\/s\/aHBqjBmwuc\">Col\u00f2nia Vidal (4ESO) &#8211; Curs 2023-24<\/a><\/li>\n<li><a href=\"https:\/\/flic.kr\/s\/aHBqjBdKdJ\">Festa de Carnaval &#8211; Curs 2023-24<\/a><\/li>\n<li><a href=\"https:\/\/flic.kr\/s\/aHBqjBmv2W\">Museu de les Matem\u00e0tiques de Catalunya (1ESO) &#8211; Curs 2023-24<\/a><\/li>\n<li><a href=\"https:\/\/flic.kr\/s\/aHBqjBmuXn\">Biblioteca Antoni Tort (1ESO) &#8211; Curs 2023-24<\/a><\/li>\n<li><a href=\"https:\/\/flic.kr\/s\/aHBqjB9PaG\">Festa de Nadal &#8211; Curs 2023-24<\/a><\/li>\n<li><a href=\"https:\/\/flic.kr\/s\/aHBqjB7jEh\">Activitats Marat\u00f3 3Cat (PFI) &#8211; Curs 2023-24<\/a><\/li>\n<li><a href=\"https:\/\/flic.kr\/s\/aHBqjB7k9X\">Esmorzar literari &#8211; Biblioteca &#8211; Curs 2023-24<\/a><\/li>\n<li><a href=\"https:\/\/flic.kr\/s\/aHBqjB7jhN\">Folgueroles &#8211; Ruta Verdaguer (4ESO) &#8211; Curs 2023-24<\/a><\/li>\n<li><a href=\"https:\/\/flic.kr\/s\/aHBqjB7m2z\">25N. Dia Internacional per l&#8217;Erradicaci\u00f3 de la Viol\u00e8ncia contra les Dones &#8211; Curs 2023-24<\/a><\/li>\n<li><a href=\"https:\/\/flic.kr\/s\/aHBqjB7rn2\">Taller relaxaci\u00f3 &#8211; La F\u00e0brica (4ESO) &#8211; Curs 2023-24<\/a><\/li>\n<li><a href=\"https:\/\/flic.kr\/s\/aHBqjB7rmF\">Servei comunitari (4ESO) &#8211; Curs 2023-24<\/a><\/li>\n<li><a href=\"https:\/\/flic.kr\/s\/aHBqjB7h2X\">Parc arqueol\u00f2gic i mines de Gav\u00e0 (1ESO) &#8211; Curs 2023-24<\/a><\/li>\n<li><a href=\"https:\/\/flic.kr\/s\/aHBqjB7jgf\">Parc arqueol\u00f2gic i mines de Gav\u00e0 (2ESO) &#8211; Curs 2023-24<\/a><\/li>\n<li><a href=\"https:\/\/flic.kr\/s\/aHBqjB7jun\">Visita al Tibidabo (Modalitat cient\u00edfic-tecnol\u00f2gic) (1BAT) &#8211; Curs 2023-24<\/a><\/li>\n<li><a href=\"https:\/\/flic.kr\/s\/aHBqjB7hBH\">Bosc vertical de Matar\u00f3 (1ESO) &#8211; Curs 2023-24<\/a><\/li>\n<li><a href=\"https:\/\/flic.kr\/s\/aHBqjB7inA\">Esmorzar inici de curs (PFI) &#8211; Curs 2023<\/a><\/li>\n<li><a href=\"https:\/\/flic.kr\/s\/aHBqjB7hE3\">Activitat de tutoria &#8211; Castell de Fluvi\u00e0 (2ESO) &#8211; Curs 2023-24<\/a><\/li>\n<li><a href=\"https:\/\/flic.kr\/s\/aHBqjB7hBn\">Activitats inicials &#8211; Primera tutoria (1ESO) &#8211; Curs 2023-24<\/a><\/li>\n<\/ul>\n<p><strong>CURS 2022-23<\/strong><\/p>\n<ul>\n<li><a href=\"https:\/\/flic.kr\/s\/aHBqjAKdL6\">Festa de final de curs &#8211; Curs 2022-23<\/a><\/li>\n<li><a href=\"https:\/\/flic.kr\/s\/aHBqjAK8Sm\">Reconeixement del Servei Comunitari i comiat d&#8217;E4 &#8211; Curs 2022-23<\/a><\/li>\n<li><a href=\"https:\/\/flic.kr\/s\/aHBqjAK9qX\">Viatge de final d&#8217;etapa a Gandia i Val\u00e8ncia (4ESO) &#8211; Curs 2022-23<\/a><\/li>\n<li><a href=\"https:\/\/flic.kr\/s\/aHBqjAKdBD\">Cr\u00e8dit de s\u00edntesi &#8211; Descobrint l&#8217;entorn cultural i natural de Lloret (2ESO) &#8211; Curs 2022-23<\/a><\/li>\n<li><a href=\"https:\/\/flic.kr\/s\/aHBqjAK9jC\">Cr\u00e8dit de s\u00edntesi &#8211; Descobrint l&#8217;entorn de Sant Lloren\u00e7 del Munt (1ESO) &#8211; Curs 2022-23<\/a><\/li>\n<li><a href=\"https:\/\/flic.kr\/s\/aHBqjAK8M1\">Sortida de l&#8217;optativa de Franc\u00e8s a Argelers i Cotlliure (3ESO i 4ESO) &#8211; Curs 2022-23<\/a><\/li>\n<li><a href=\"https:\/\/flic.kr\/s\/aHBqjAK8Qs\">Exposici\u00f3 de vitralls de l&#8217;optativa de Visual i Pl\u00e0stica (4ESO) &#8211; Curs 2022-23<\/a><\/li>\n<li><a href=\"https:\/\/flic.kr\/s\/aHBqjAK9m1\">Comiat B2 &#8211; Curs 2022-23<\/a><\/li>\n<li><a href=\"https:\/\/sites.google.com\/inspuigdelacreu.cat\/els-filmets-del-puig\/finalistes-i-premiats-2022-2023\">Els Filmets del Puig &#8211; II Festival de Curtmetratges INS Puig de la Creu. Guanyadors i finalistes &#8211; Curs 2022-23<\/a><\/li>\n<li><a href=\"https:\/\/flic.kr\/s\/aHBqjAEfNZ\">Cam\u00ed dels bandolers (2ESO) &#8211; Curs 2022-23<\/a><\/li>\n<li><a href=\"https:\/\/flic.kr\/s\/aHBqjAEcmQ\">Cooperativa La Fageda i la Fageda d&#8217;en Jord\u00e0 (3ESO) &#8211; Curs 2022-23<\/a><\/li>\n<li><a href=\"https:\/\/flic.kr\/s\/aHBqjAEfCt\">Redescobrint Francesc Vicent Garcia &#8211; 400 anys Rector de Vallfogona (3ESO) &#8211; Curs 2022-23<\/a><\/li>\n<li><a href=\"https:\/\/flic.kr\/s\/aHBqjADvdm\">Festa de Sant Jordi &#8211; Curs 2022-23<\/a><\/li>\n<li><a href=\"https:\/\/flic.kr\/s\/aHBqjAK9gy\">Centre de Recuperaci\u00f3 d&#8217;Amfibis i R\u00e8tils de Catalunya (1ESO) &#8211; Curs 2022-23<\/a><\/li>\n<li><a href=\"https:\/\/flic.kr\/s\/aHBqjADr3G\">Tert\u00falia liter\u00e0ria amb \u00c1lvaro Colomer (4ESO) &#8211; Curs 2022-23<\/a><\/li>\n<li><a href=\"https:\/\/flic.kr\/s\/aHBqjADqXG\">Espai Haring &#8211; Projecte d&#8217;Educaci\u00f3 Visual i Pl\u00e0stica (4ESO) &#8211; Curs 2022-23<\/a><\/li>\n<li><a href=\"https:\/\/flic.kr\/s\/aHBqjAy7Yg\">Taller Scrabble (2ESO) -Curs 2022-23<\/a><\/li>\n<li><a href=\"https:\/\/flic.kr\/s\/aHBqjAy4wR\">Museu de Matem\u00e0tiques de Catalunya (MMACA) (3ESO) &#8211; Curs 2022-23<\/a><\/li>\n<li><a href=\"https:\/\/flic.kr\/s\/aHBqjAy8fe\">Museu de Matem\u00e0tiques de Catalunya (MMACA) (2ESO) &#8211; Curs 2022-23<\/a><\/li>\n<li><a href=\"https:\/\/flic.kr\/s\/aHBqjAy86g\">Museu de Matem\u00e0tiques de Catalunya (MMACA) (1ESO) &#8211; Curs 2022-23<\/a><\/li>\n<li><a href=\"https:\/\/flic.kr\/s\/aHBqjAy3R6\">Un tomb per les aules (3ESO) &#8211; Curs 2022-23<\/a><\/li>\n<li><a href=\"https:\/\/flic.kr\/s\/aHBqjAy9ex\">Fira Connecta&#8217;t a l&#8217;FP (4ESO) &#8211; Curs 2022-23<\/a><\/li>\n<li><a href=\"https:\/\/flic.kr\/s\/aHBqjAy2tB\">Born Centre Cultural i Santa Maria del Mar (1BTX) &#8211; Curs 2022-23<\/a><\/li>\n<li><a href=\"https:\/\/flic.kr\/s\/aHBqjAy2BY\">Viatge de final d&#8217;etapa (Munic, Roma, Tenerife) (2BTX) -Curs 2022-23<\/a><\/li>\n<li><a href=\"https:\/\/flic.kr\/s\/aHBqjAsJwJ\">Festa de Carnestoltes &#8211; Curs 2022-23<\/a><\/li>\n<li><a href=\"https:\/\/flic.kr\/s\/aHBqjApGZB\">Jornades de Qu\u00edmica Interactiva a la UAB (2BTX) &#8211; Curs 2022-23<\/a><\/li>\n<li><a href=\"https:\/\/flic.kr\/s\/aHBqjAkddE\">Festa de Nadal &#8211; Curs 2022-23<\/a><\/li>\n<li><a href=\"https:\/\/flic.kr\/s\/aHBqjAnP4d\">Taller de fabricaci\u00f3 de sab\u00f3 (3ESO<\/a><a href=\"https:\/\/flic.kr\/s\/aHBqjAnP4d\">C) &#8211; Curs 2022-23<\/a><\/li>\n<li><a href=\"https:\/\/flic.kr\/s\/aHBqjApCVm\">Museu de Ci\u00e8ncies Naturals de Granollers (1ESO) &#8211; Curs 2022-23<\/a><\/li>\n<li><a href=\"https:\/\/flic.kr\/s\/aHBqjAgM8K\">25N. Dia internacional per a l&#8217;eliminaci\u00f3 de la viol\u00e8ncia contra les dones &#8211; Curs 2022-23<\/a><\/li>\n<li><a href=\"https:\/\/flic.kr\/s\/aHBqjAdKbS\">Servei comunitari (4ESO) &#8211; Curs 2022-23<\/a><\/li>\n<li><a href=\"https:\/\/flic.kr\/s\/aHBqjAdEsg\">Confer\u00e8ncia inaugural &#8216;El bibliotecari de Mossul&#8217; (2BTX) &#8211; Curs 2022-23<\/a><\/li>\n<li><a href=\"https:\/\/flic.kr\/s\/aHBqjAdvS4\">Sortida de tutoria a Ocata (2ESO) &#8211; Curs 2022-23<\/a><\/li>\n<li><a href=\"https:\/\/flic.kr\/s\/aHBqjAdvRC\">Sortida a Can Grau (1ESO) &#8211; Curs 2022-23<\/a><\/li>\n<li><a href=\"https:\/\/flic.kr\/s\/aHBqjAdyr6\">Activitat inicial de tutoria (1ESO) &#8211; Curs 2022-23<\/a><\/li>\n<\/ul>\n","protected":false},"excerpt":{"rendered":"<p>CURS 2025-26<\/p>\n<ul>\n<li><a href=\"https:\/\/www.flickr.com\/gp\/146329151@N04\/9Qdf2365qx\">Festa de Carnaval &#8211; Curs 2025-26<\/a><\/li>\n<li><a href=\"https:\/\/flic.kr\/s\/aHBqjCEvrV\">Festa de Nadal &#8211; Curs 2025-26<\/a><\/li>\n<\/ul>\n<p>CURS 2024-25<\/p>\n<ul>\n<li><a href=\"https:\/\/flic.kr\/s\/aHBqjCkq2U\">Festa de final de curs &#8211; Curs 2024-25<\/a><\/li>\n<li><a href=\"https:\/\/flic.kr\/s\/aHBqjCf1ec\">Festa de Sant Jordi &#8211; Curs 2024-25<\/a><\/li>\n<li><a href=\"https:\/\/flic.kr\/s\/aHBqjC3eAz\">Festa de Carnaval &#8211; Curs 2024-25<\/a><\/li>\n<li><a href=\"https:\/\/flic.kr\/s\/aHBqjBVUG3\">Festa de Nadal &#8211; Curs 2024-25<\/a><\/li>\n<li><a href=\"https:\/\/flic.kr\/s\/aHBqjBVQ9C\">Folgueroles &#8211; Ruta&hellip;  <a href=\"https:\/\/agora.xtec.cat\/iespuigdelacreu\/fotos\/\" title=\"Read FOTOGRAFIES DEL CENTRE\">Llegeix m\u00e9s\u00bb<\/a><br \/>\n","protected":false},"author":101,"featured_media":0,"parent":0,"menu_order":0,"comment_status":"closed","ping_status":"closed","template":"","meta":{"_bbp_topic_count":0,"_bbp_reply_count":0,"_bbp_total_topic_count":0,"_bbp_total_reply_count":0,"_bbp_voice_count":0,"_bbp_anonymous_reply_count":0,"_bbp_topic_count_hidden":0,"_bbp_reply_count_hidden":0,"_bbp_forum_subforum_count":0,"footnotes":""},"class_list":["post-2849","page","type-page","status-publish","hentry"],"post_mailing_queue_ids":[],"_links":{"self":[{"href":"https:\/\/agora.xtec.cat\/iespuigdelacreu\/wp-json\/wp\/v2\/pages\/2849","targetHints":{"allow":["GET"]}}],"collection":[{"href":"https:\/\/agora.xtec.cat\/iespuigdelacreu\/wp-json\/wp\/v2\/pages"}],"about":[{"href":"https:\/\/agora.xtec.cat\/iespuigdelacreu\/wp-json\/wp\/v2\/types\/page"}],"author":[{"embeddable":true,"href":"https:\/\/agora.xtec.cat\/iespuigdelacreu\/wp-json\/wp\/v2\/users\/101"}],"replies":[{"embeddable":true,"href":"https:\/\/agora.xtec.cat\/iespuigdelacreu\/wp-json\/wp\/v2\/comments?post=2849"}],"version-history":[{"count":8,"href":"https:\/\/agora.xtec.cat\/iespuigdelacreu\/wp-json\/wp\/v2\/pages\/2849\/revisions"}],"predecessor-version":[{"id":3908,"href":"https:\/\/agora.xtec.cat\/iespuigdelacreu\/wp-json\/wp\/v2\/pages\/2849\/revisions\/3908"}],"wp:attachment":[{"href":"https:\/\/agora.xtec.cat\/iespuigdelacreu\/wp-json\/wp\/v2\/media?parent=2849"}],"curies":[{"name":"wp","href":"https:\/\/api.w.org\/{rel}","templated":true}]}}