{"id":21,"date":"2014-09-17T16:14:14","date_gmt":"2014-09-17T16:14:14","guid":{"rendered":"http:\/\/agora.xtec.cat\/iespuigdelacreu\/?page_id=21"},"modified":"2025-06-23T12:43:05","modified_gmt":"2025-06-23T10:43:05","slug":"on-som","status":"publish","type":"page","link":"https:\/\/agora.xtec.cat\/iespuigdelacreu\/linstitut\/on-som\/","title":{"rendered":"On som"},"content":{"rendered":"<p><strong>On som<\/strong>: Carrer Alemanya 34 &#8211; Castellar del Vall\u00e8s &#8211; 08211 &#8211; <a href=\"http:\/\/g.co\/maps\/hgd3e\" target=\"_blank\" rel=\"noopener noreferrer\">mapa de situaci\u00f3<\/a><\/p>\n<p><strong>Contacte<\/strong>: Telf: 93 747 33 22 &#8211; a8058520@xtec.cat<\/p>\n<p><strong>Secretaria &#8211; Horari durant el curs<\/strong>: de dilluns a divendres de 8:30 a 14:00, dimarts i dijous de 8:30 a 14:00 i de 15:00 a 17:00. &#8211; <strong>Horari d&#8217;estiu<\/strong>: de dilluns a divendres de 9:00 a 13:00.<\/p>\n<p><strong>Estudis<\/strong> : ESO i batxillerat modalitats ci\u00e8ncies i tecnologia i humanitats i ci\u00e8ncies socials<\/p>\n<p><strong>Serveis<\/strong>: desenvolupament de projectes d&#8217;innovaci\u00f3 pedag\u00f2gica, Educat 2.0 (ensenyament virtual), Orientaci\u00f3 acad\u00e8mica, Salut i Escola, biblioteca, cafeteria-menjador, armariets (taquilles), viatges d&#8217;estudis, Campus \u00cdtaca<\/p>\n<p><strong>Instal\u00b7lacions<\/strong>: biblioteca, laboratoris, tallers de tecnologia, aula de m\u00fasica, aula de pl\u00e0stica, gimn\u00e0s, pistes esportives, aules d&#8217;inform\u00e0tica, aules multim\u00e8dia<\/p>\n","protected":false},"excerpt":{"rendered":"<p>On som: Carrer Alemanya 34 &#8211; Castellar del Vall\u00e8s &#8211; 08211 &#8211; <a href=\"http:\/\/g.co\/maps\/hgd3e\" target=\"_blank\" rel=\"noopener noreferrer\">mapa de situaci\u00f3<\/a><br \/>\nContacte: Telf: 93 747 33 22 &#8211; a8058520@xtec.cat<br \/>\nSecretaria &#8211; Horari durant el curs: de dilluns a divendres de 8:30 a 14:00, dimarts i dijous de 8:30 a&hellip;  <a href=\"https:\/\/agora.xtec.cat\/iespuigdelacreu\/linstitut\/on-som\/\" title=\"Read On som\">Llegeix m\u00e9s\u00bb<\/a><\/p>\n","protected":false},"author":1,"featured_media":0,"parent":19,"menu_order":10,"comment_status":"closed","ping_status":"closed","template":"page-templates\/side-menu.php","meta":{"_bbp_topic_count":0,"_bbp_reply_count":0,"_bbp_total_topic_count":0,"_bbp_total_reply_count":0,"_bbp_voice_count":0,"_bbp_anonymous_reply_count":0,"_bbp_topic_count_hidden":0,"_bbp_reply_count_hidden":0,"_bbp_forum_subforum_count":0,"footnotes":""},"class_list":["post-21","page","type-page","status-publish","hentry"],"post_mailing_queue_ids":[],"_links":{"self":[{"href":"https:\/\/agora.xtec.cat\/iespuigdelacreu\/wp-json\/wp\/v2\/pages\/21","targetHints":{"allow":["GET"]}}],"collection":[{"href":"https:\/\/agora.xtec.cat\/iespuigdelacreu\/wp-json\/wp\/v2\/pages"}],"about":[{"href":"https:\/\/agora.xtec.cat\/iespuigdelacreu\/wp-json\/wp\/v2\/types\/page"}],"author":[{"embeddable":true,"href":"https:\/\/agora.xtec.cat\/iespuigdelacreu\/wp-json\/wp\/v2\/users\/1"}],"replies":[{"embeddable":true,"href":"https:\/\/agora.xtec.cat\/iespuigdelacreu\/wp-json\/wp\/v2\/comments?post=21"}],"version-history":[{"count":6,"href":"https:\/\/agora.xtec.cat\/iespuigdelacreu\/wp-json\/wp\/v2\/pages\/21\/revisions"}],"predecessor-version":[{"id":3845,"href":"https:\/\/agora.xtec.cat\/iespuigdelacreu\/wp-json\/wp\/v2\/pages\/21\/revisions\/3845"}],"up":[{"embeddable":true,"href":"https:\/\/agora.xtec.cat\/iespuigdelacreu\/wp-json\/wp\/v2\/pages\/19"}],"wp:attachment":[{"href":"https:\/\/agora.xtec.cat\/iespuigdelacreu\/wp-json\/wp\/v2\/media?parent=21"}],"curies":[{"name":"wp","href":"https:\/\/api.w.org\/{rel}","templated":true}]}}