{"id":481,"date":"2016-02-04T19:12:47","date_gmt":"2016-02-04T18:12:47","guid":{"rendered":"http:\/\/agora.xtec.cat\/iespuigcargol-calonge\/?page_id=481"},"modified":"2025-11-04T09:08:56","modified_gmt":"2025-11-04T08:08:56","slug":"organigrama-2","status":"publish","type":"page","link":"https:\/\/agora.xtec.cat\/iespuigcargol-calonge\/linstitut\/organigrama-2\/","title":{"rendered":"Organigrama"},"content":{"rendered":"<p align=\"justify\"><span style=\"color: #000000;\"><span style=\"font-family: Arial, serif;\"><span style=\"font-size: small;\"><b><a href=\"https:\/\/agora.xtec.cat\/iespuigcargol-calonge\/wp-content\/uploads\/usu480\/2022\/08\/Organigrama-de-una-empresa-1140x759-1.jpeg\"><img loading=\"lazy\" decoding=\"async\" class=\"wp-image-2928 alignright\" src=\"https:\/\/agora.xtec.cat\/iespuigcargol-calonge\/wp-content\/uploads\/usu480\/2022\/08\/Organigrama-de-una-empresa-1140x759-1-1024x682.jpeg\" alt=\"\" width=\"589\" height=\"392\" srcset=\"https:\/\/agora.xtec.cat\/iespuigcargol-calonge\/wp-content\/uploads\/usu480\/2022\/08\/Organigrama-de-una-empresa-1140x759-1-1024x682.jpeg 1024w, https:\/\/agora.xtec.cat\/iespuigcargol-calonge\/wp-content\/uploads\/usu480\/2022\/08\/Organigrama-de-una-empresa-1140x759-1-300x200.jpeg 300w, https:\/\/agora.xtec.cat\/iespuigcargol-calonge\/wp-content\/uploads\/usu480\/2022\/08\/Organigrama-de-una-empresa-1140x759-1-768x511.jpeg 768w, https:\/\/agora.xtec.cat\/iespuigcargol-calonge\/wp-content\/uploads\/usu480\/2022\/08\/Organigrama-de-una-empresa-1140x759-1.jpeg 1140w\" sizes=\"auto, (max-width: 589px) 100vw, 589px\" \/><\/a>CURS 2025-2026<\/b><\/span><\/span><\/span><\/p>\n<p align=\"left\"><b> <\/b><span style=\"font-family: Arial, serif;\"><span style=\"font-size: small;\"><u><b>EQUIP DIRECTIU<\/b><\/u><\/span><\/span><\/p>\n<p><span style=\"font-family: Arial, serif;\"><span style=\"font-size: small;\">DIRECCI\u00d3: Merc\u00e8 Guti\u00e9rrez<\/span><\/span><\/p>\n<p><span style=\"font-family: Arial, serif;\"><span style=\"font-size: small;\">CAP D\u2019ESTUDIS: Anna Lamana<\/span><\/span><\/p>\n<p><span style=\"font-family: Arial, serif;\"><span style=\"font-size: small;\">COORDINACI\u00d3 PEDAG\u00d2GICA: Joan Mir\u00f3<\/span><\/span><\/p>\n<p><span style=\"font-family: Arial, serif;\"><span style=\"font-size: small;\">SECRETARIA: Pepi Fuentes<\/span><\/span><\/p>\n<p><b> <\/b><span style=\"font-family: Arial, serif;\"><span style=\"font-size: small;\"><u><b>CAPS DE DEPARTAMENT<\/b><\/u><\/span><\/span><\/p>\n<p><span style=\"font-family: Arial, serif;\"><span style=\"font-size: small;\">LLENG\u00dcES: Anna Fuentes<\/span><\/span><\/p>\n<p><span style=\"font-family: Arial, serif;\"><span style=\"font-size: small;\">LLENG\u00dcES ESTRANGERES:\u00a0 Malen Bl\u00e0via<\/span><\/span><\/p>\n<p><span style=\"font-family: Arial, serif;\"><span style=\"font-size: small;\">MATEM\u00c0TIQUES I ECONOMIA: Miquel \u00c0ngel Mu\u00f1iz<\/span><\/span><\/p>\n<p><span style=\"font-family: Arial, serif;\"><span style=\"font-size: small;\">HUMANITATS: Marta Vallejo<\/span><\/span><\/p>\n<p><span style=\"font-family: Arial, serif;\"><span style=\"font-size: small;\">CI\u00c8NCIES i TECNOLOGIA: Carme Titos<\/span><\/span><\/p>\n<p><span style=\"font-family: Arial, serif;\"><span style=\"font-size: small;\">EXPRESSI\u00d3: Llu\u00eds Feliu<\/span><\/span><\/p>\n<p><span style=\"font-family: Arial, serif;\"><span style=\"font-size: small;\">ORIENTACI\u00d3: Lola Rom\u00e1n<\/span><\/span><\/p>\n<p><b> <\/b><span style=\"font-family: Arial, serif;\"><span style=\"font-size: small;\"><u><b>COORDINACIONS<\/b><\/u><\/span><\/span><\/p>\n<p align=\"left\"><span style=\"font-family: Arial, serif;\"><span style=\"font-size: small;\">COORDINACI\u00d3 1r ESO: Pilar Soteras<\/span><\/span><\/p>\n<p align=\"left\"><span style=\"font-family: Arial, serif;\"><span style=\"font-size: small;\">COORDINACI\u00d3 2n ESO: Manel Deulofeu<\/span><\/span><\/p>\n<p align=\"left\"><span style=\"font-family: Arial, serif;\"><span style=\"font-size: small;\">COORDINACI\u00d3 3r ESO: S\u00edlvia Canet<\/span><\/span><\/p>\n<p align=\"left\"><span style=\"font-family: Arial, serif;\"><span style=\"font-size: small;\">COORDINACI\u00d3 4t ESO:\u00a0 Dani Trigo<\/span><\/span><\/p>\n<p><span style=\"font-family: Arial, serif;\"><span style=\"font-size: small;\">COORDINACI\u00d3 BATXILLERAT: Gemma Vi\u00f1als<\/span><\/span><\/p>\n<p><span style=\"font-family: Arial, serif;\"><span style=\"font-size: small;\">COORDINACI\u00d3 LIC i COCOBE: Mireia Abell\u00ed<\/span><\/span><\/p>\n<p><span style=\"font-family: Arial, serif;\"><span style=\"font-size: small;\"> BIBLIOTECA:\u00a0 Cati Blavi<\/span><\/span><\/p>\n<p><span style=\"font-family: Arial, serif;\"><span style=\"font-size: small;\">COORD. INFORM\u00c0TICA:\u00a0 Albert Bach<\/span><\/span><\/p>\n<p><span style=\"font-family: Arial, serif;\"><span style=\"font-size: small;\">C. RISCOS LABORALS: Carme Titos<\/span><\/span><\/p>\n<p><span style=\"font-family: Arial, serif;\"><span style=\"font-size: small;\">C. ACTIVITATS I SERVEIS ESCOLARS:\u00a0 Maria Jos\u00e9 G\u00e1ndara<\/span><\/span><\/p>\n<p><span style=\"font-family: Arial, serif;\"><span style=\"font-size: small;\">WEB (Nodes) i MITJANS DE COMUNICACI\u00d3:\u00a0 Joan Mir\u00f3 i Maria Cimadevilla<\/span><\/span><\/p>\n<p><span style=\"font-family: Arial, serif;\"><span style=\"font-size: small;\">ESCOLA VERDA:\u00a0 Marina Arbat<\/span><\/span><\/p>\n<p><span style=\"font-family: Arial, serif;\"><span style=\"font-size: small;\">AUDIOVISUALS: Jaume Mas<\/span><\/span><\/p>\n<p><span style=\"font-family: Arial, serif;\"><span style=\"font-size: small;\">SERVEI COMUNITARI:\u00a0 Cati Blavi<\/span><\/span><\/p>\n<p><span style=\"font-family: Arial, serif;\"><span style=\"font-size: small;\"><u><b>TUTORIES<\/b><\/u><\/span><\/span><\/p>\n<p align=\"left\"><span style=\"font-family: Arial, serif;\"><span style=\"font-size: small;\">1 A d\u2019ESO:\u00a0 Pilar Soteras<\/span><\/span><\/p>\n<p align=\"left\"><span style=\"font-family: Arial, serif;\"><span style=\"font-size: small;\">1 B d\u2019ESO: Cristina Pla<\/span><\/span><\/p>\n<p align=\"left\"><span style=\"font-family: Arial, serif;\"><span style=\"font-size: small;\">1 C d&#8217;ESO: Eul\u00e0lia Casta\u00f1eda<\/span><\/span><\/p>\n<p align=\"left\"><span style=\"font-family: Arial, serif;\"><span style=\"font-size: small;\">2 A d\u2019ESO:\u00a0 Manel Deulofeu<\/span><\/span><\/p>\n<p align=\"left\"><span style=\"font-family: Arial, serif;\"><span style=\"font-size: small;\">2 B d\u2019ESO:\u00a0 Eduard Lu\u00eds<\/span><\/span><\/p>\n<p align=\"left\"><span style=\"font-family: Arial, serif;\"><span style=\"font-size: small;\">2 C d\u2019ESO: Eva Noguer<\/span><\/span><\/p>\n<p align=\"left\"><span style=\"font-family: Arial, serif;\"><span style=\"font-size: small;\">2 D d&#8217;ESO: Maria \u00c0ngels Alzina<\/span><\/span><\/p>\n<p align=\"left\"><span style=\"font-family: Arial, serif;\"><span style=\"font-size: small;\">3 A d\u2019ESO: Olga Abella<\/span><\/span><\/p>\n<p align=\"left\"><span style=\"font-family: Arial, serif;\"><span style=\"font-size: small;\">3 B d\u2019ESO:\u00a0 Marta Janoher<\/span><\/span><\/p>\n<p align=\"left\"><span style=\"font-family: Arial, serif;\"><span style=\"font-size: small;\">3 C d&#8217;ESO:\u00a0 Martina Font<\/span><\/span><\/p>\n<p align=\"left\"><span style=\"font-family: Arial, serif;\"><span style=\"font-size: small;\">3r D d&#8217;ESO: Joan Presas<\/span><\/span><\/p>\n<p align=\"left\"><span style=\"font-family: Arial, serif;\"><span style=\"font-size: small;\">3r E ESO (AO): S\u00edlvia Canet<\/span><\/span><\/p>\n<p align=\"left\"><span style=\"font-family: Arial, serif;\"><span style=\"font-size: small;\">4 A d\u2019ESO:\u00a0 Dani Trigo<\/span><\/span><\/p>\n<p align=\"left\"><span style=\"font-family: Arial, serif;\"><span style=\"font-size: small;\">4 B d\u2019ESO:\u00a0 Maria Cimadevilla<\/span><\/span><\/p>\n<p align=\"left\"><span style=\"font-family: Arial, serif;\"><span style=\"font-size: small;\">4 C d&#8217;ESO:\u00a0 Xavier Badosa<\/span><\/span><\/p>\n<p align=\"left\"><span style=\"font-family: Arial, serif;\"><span style=\"font-size: small;\">4 D d&#8217;ESO:\u00a0 Berta Sureda<\/span><\/span><\/p>\n<p align=\"left\"><span style=\"font-family: Arial, serif;\"><span style=\"font-size: small;\">4t E d&#8217;ESO (PS): Jordi Matamala<\/span><\/span><\/p>\n<p align=\"left\"><span style=\"font-family: Arial, serif;\"><span style=\"font-size: small;\">SIEI: Daniel Reyes<\/span><\/span><\/p>\n<p align=\"left\"><span style=\"font-family: Arial, serif;\"><span style=\"font-size: small;\"> UEC:\u00a0 Jordi Matamala<\/span><\/span><\/p>\n<p align=\"left\"><span style=\"font-family: Arial, serif;\"><span style=\"font-size: small;\">AULA ACOLLIDA: Esther S\u00e1nchez<\/span><\/span><\/p>\n<p align=\"left\"><span style=\"font-family: Arial, serif;\"><span style=\"font-size: small;\">1 BATX A:\u00a0 Gemma Vi\u00f1als<\/span><\/span><\/p>\n<p align=\"left\"><span style=\"font-family: Arial, serif;\"><span style=\"font-size: small;\">1 BATX B:\u00a0 Pau Bosch<\/span><\/span><\/p>\n<p align=\"left\"><span style=\"font-family: Arial, serif;\"><span style=\"font-size: small;\">2 BATX A:\u00a0 Gaiet\u00e0 Arjona<\/span><\/span><\/p>\n<p align=\"left\"><span style=\"font-family: Arial, serif;\"><span style=\"font-size: small;\">2 BATX B:\u00a0 Marta Vallejo<\/span><\/span><\/p>\n<p>&nbsp;<\/p>\n<p>&nbsp;<\/p>\n<p>&nbsp;<\/p>\n<p>&nbsp;<\/p>\n<p>&nbsp;<\/p>\n<p>&nbsp;<\/p>\n","protected":false},"excerpt":{"rendered":"<p>CURS 2025-2026 EQUIP DIRECTIU DIRECCI\u00d3: Merc\u00e8 Guti\u00e9rrez CAP D\u2019ESTUDIS: Anna Lamana COORDINACI\u00d3 PEDAG\u00d2GICA: Joan Mir\u00f3 SECRETARIA: Pepi Fuentes CAPS DE DEPARTAMENT LLENG\u00dcES: Anna Fuentes LLENG\u00dcES ESTRANGERES:\u00a0 Malen Bl\u00e0via MATEM\u00c0TIQUES I ECONOMIA: Miquel \u00c0ngel Mu\u00f1iz HUMANITATS: Marta Vallejo CI\u00c8NCIES i TECNOLOGIA: Carme Titos EXPRESSI\u00d3: Llu\u00eds Feliu ORIENTACI\u00d3: Lola Rom\u00e1n COORDINACIONS COORDINACI\u00d3 1r ESO: Pilar Soteras COORDINACI\u00d3 [&hellip;]<\/p>\n","protected":false},"author":1,"featured_media":0,"parent":19,"menu_order":4,"comment_status":"closed","ping_status":"closed","template":"page-templates\/side-menu.php","meta":{"_bbp_topic_count":0,"_bbp_reply_count":0,"_bbp_total_topic_count":0,"_bbp_total_reply_count":0,"_bbp_voice_count":0,"_bbp_anonymous_reply_count":0,"_bbp_topic_count_hidden":0,"_bbp_reply_count_hidden":0,"_bbp_forum_subforum_count":0,"site-sidebar-layout":"default","site-content-layout":"","ast-site-content-layout":"","site-content-style":"default","site-sidebar-style":"default","ast-global-header-display":"","ast-banner-title-visibility":"","ast-main-header-display":"","ast-hfb-above-header-display":"","ast-hfb-below-header-display":"","ast-hfb-mobile-header-display":"","site-post-title":"","ast-breadcrumbs-content":"","ast-featured-img":"","footer-sml-layout":"","theme-transparent-header-meta":"","adv-header-id-meta":"","stick-header-meta":"","header-above-stick-meta":"","header-main-stick-meta":"","header-below-stick-meta":"","astra-migrate-meta-layouts":"default","ast-page-background-enabled":"default","ast-page-background-meta":{"desktop":{"background-color":"var(--ast-global-color-4)","background-image":"","background-repeat":"repeat","background-position":"center center","background-size":"auto","background-attachment":"scroll","background-type":"","background-media":"","overlay-type":"","overlay-color":"","overlay-opacity":"","overlay-gradient":""},"tablet":{"background-color":"","background-image":"","background-repeat":"repeat","background-position":"center center","background-size":"auto","background-attachment":"scroll","background-type":"","background-media":"","overlay-type":"","overlay-color":"","overlay-opacity":"","overlay-gradient":""},"mobile":{"background-color":"","background-image":"","background-repeat":"repeat","background-position":"center center","background-size":"auto","background-attachment":"scroll","background-type":"","background-media":"","overlay-type":"","overlay-color":"","overlay-opacity":"","overlay-gradient":""}},"ast-content-background-meta":{"desktop":{"background-color":"var(--ast-global-color-5)","background-image":"","background-repeat":"repeat","background-position":"center center","background-size":"auto","background-attachment":"scroll","background-type":"","background-media":"","overlay-type":"","overlay-color":"","overlay-opacity":"","overlay-gradient":""},"tablet":{"background-color":"var(--ast-global-color-5)","background-image":"","background-repeat":"repeat","background-position":"center center","background-size":"auto","background-attachment":"scroll","background-type":"","background-media":"","overlay-type":"","overlay-color":"","overlay-opacity":"","overlay-gradient":""},"mobile":{"background-color":"var(--ast-global-color-5)","background-image":"","background-repeat":"repeat","background-position":"center center","background-size":"auto","background-attachment":"scroll","background-type":"","background-media":"","overlay-type":"","overlay-color":"","overlay-opacity":"","overlay-gradient":""}},"footnotes":""},"class_list":["post-481","page","type-page","status-publish","hentry"],"post_mailing_queue_ids":[],"_links":{"self":[{"href":"https:\/\/agora.xtec.cat\/iespuigcargol-calonge\/wp-json\/wp\/v2\/pages\/481","targetHints":{"allow":["GET"]}}],"collection":[{"href":"https:\/\/agora.xtec.cat\/iespuigcargol-calonge\/wp-json\/wp\/v2\/pages"}],"about":[{"href":"https:\/\/agora.xtec.cat\/iespuigcargol-calonge\/wp-json\/wp\/v2\/types\/page"}],"author":[{"embeddable":true,"href":"https:\/\/agora.xtec.cat\/iespuigcargol-calonge\/wp-json\/wp\/v2\/users\/1"}],"replies":[{"embeddable":true,"href":"https:\/\/agora.xtec.cat\/iespuigcargol-calonge\/wp-json\/wp\/v2\/comments?post=481"}],"version-history":[{"count":7,"href":"https:\/\/agora.xtec.cat\/iespuigcargol-calonge\/wp-json\/wp\/v2\/pages\/481\/revisions"}],"predecessor-version":[{"id":5133,"href":"https:\/\/agora.xtec.cat\/iespuigcargol-calonge\/wp-json\/wp\/v2\/pages\/481\/revisions\/5133"}],"up":[{"embeddable":true,"href":"https:\/\/agora.xtec.cat\/iespuigcargol-calonge\/wp-json\/wp\/v2\/pages\/19"}],"wp:attachment":[{"href":"https:\/\/agora.xtec.cat\/iespuigcargol-calonge\/wp-json\/wp\/v2\/media?parent=481"}],"curies":[{"name":"wp","href":"https:\/\/api.w.org\/{rel}","templated":true}]}}