{"id":43,"date":"2014-09-17T16:45:07","date_gmt":"2014-09-17T15:45:07","guid":{"rendered":"http:\/\/agora.xtec.cat\/iespuigcargol-calonge\/?page_id=43"},"modified":"2022-01-19T11:36:37","modified_gmt":"2022-01-19T10:36:37","slug":"consell-escolar","status":"publish","type":"page","link":"https:\/\/agora.xtec.cat\/iespuigcargol-calonge\/linstitut\/consell-escolar\/","title":{"rendered":"Consell escolar"},"content":{"rendered":"<p>El Consell Escolar est\u00e0 constitu\u00eft per <strong>representants de tots els estaments escolars<\/strong>. El nombre total de persones que en formen part \u00e9s de 17, repartides de la seg\u00fcent manera: director, que n\u2019\u00e9s el president, el secretari del centre (sense dret de vot i encarregat d\u2019aixecar acta de la reuni\u00f3), la Cap d\u2019Estudis, 6 representats del professorat, 3 representants de l\u2019alumnat, 2 representants de pares i mares, 1 representant de l&#8217;AMPA, \u00a01 representant del PAS i 1 representant de l\u2019Ajuntament.<\/p>\n<p>Durant el primer trimestre de cada curs escolar es procedeix a l\u2019elecci\u00f3 dels membres que han causat baixa.<\/p>\n<p>El Consell Escolar del Centre \u00e9s l&#8217;<strong>\u00f2rgan de participaci\u00f3 de la comunitat escolar.<\/strong> T\u00e9 poder de decisi\u00f3 sobre qualsevol tema de tipus organitzatiu i pedag\u00f2gic que afecti el funcionament de l&#8217; Institut.<\/p>\n<p>Les seves funcions s\u00f3n molt importants per al funcionament del Centre. El Consell Escolar participa en el procediment de selecci\u00f3 i en la proposta de cessament del director\/a i participa en l&#8217;aprovaci\u00f3 del projecte educatiu de centre (PEC).<\/p>\n<p>Donat el seu car\u00e0cter representatiu <strong>tots hi podem fer escoltar la nostra veu<\/strong>, mitjan\u00e7ant els nostres representants. Ells poden exposar al Consell Escolar els nostres suggeriments o les nostres\u00a0queixes.<\/p>\n<p>&nbsp;<\/p>\n<p><a href=\"https:\/\/drive.google.com\/file\/d\/1wi-g5dBQi4vI_bKho3E4BW09I54cuu2I\/view?usp=sharing\">ACTA CONSTITUCI\u00d3 CONSELL ESCOLAR curs 21-22<\/a><\/p>\n","protected":false},"excerpt":{"rendered":"<p>El Consell Escolar est\u00e0 constitu\u00eft per representants de tots els estaments escolars. El nombre total de persones que en formen part \u00e9s de 17, repartides de la seg\u00fcent manera: director, que n\u2019\u00e9s el president, el secretari del centre (sense dret de vot i encarregat d\u2019aixecar acta de la reuni\u00f3), la Cap d\u2019Estudis, 6 representats del [&hellip;]<\/p>\n","protected":false},"author":1,"featured_media":0,"parent":19,"menu_order":3,"comment_status":"closed","ping_status":"closed","template":"page-templates\/side-menu.php","meta":{"_bbp_topic_count":0,"_bbp_reply_count":0,"_bbp_total_topic_count":0,"_bbp_total_reply_count":0,"_bbp_voice_count":0,"_bbp_anonymous_reply_count":0,"_bbp_topic_count_hidden":0,"_bbp_reply_count_hidden":0,"_bbp_forum_subforum_count":0,"site-sidebar-layout":"default","site-content-layout":"","ast-site-content-layout":"","site-content-style":"default","site-sidebar-style":"default","ast-global-header-display":"","ast-banner-title-visibility":"","ast-main-header-display":"","ast-hfb-above-header-display":"","ast-hfb-below-header-display":"","ast-hfb-mobile-header-display":"","site-post-title":"","ast-breadcrumbs-content":"","ast-featured-img":"","footer-sml-layout":"","theme-transparent-header-meta":"","adv-header-id-meta":"","stick-header-meta":"","header-above-stick-meta":"","header-main-stick-meta":"","header-below-stick-meta":"","astra-migrate-meta-layouts":"default","ast-page-background-enabled":"default","ast-page-background-meta":{"desktop":{"background-color":"var(--ast-global-color-4)","background-image":"","background-repeat":"repeat","background-position":"center center","background-size":"auto","background-attachment":"scroll","background-type":"","background-media":"","overlay-type":"","overlay-color":"","overlay-opacity":"","overlay-gradient":""},"tablet":{"background-color":"","background-image":"","background-repeat":"repeat","background-position":"center center","background-size":"auto","background-attachment":"scroll","background-type":"","background-media":"","overlay-type":"","overlay-color":"","overlay-opacity":"","overlay-gradient":""},"mobile":{"background-color":"","background-image":"","background-repeat":"repeat","background-position":"center center","background-size":"auto","background-attachment":"scroll","background-type":"","background-media":"","overlay-type":"","overlay-color":"","overlay-opacity":"","overlay-gradient":""}},"ast-content-background-meta":{"desktop":{"background-color":"var(--ast-global-color-5)","background-image":"","background-repeat":"repeat","background-position":"center center","background-size":"auto","background-attachment":"scroll","background-type":"","background-media":"","overlay-type":"","overlay-color":"","overlay-opacity":"","overlay-gradient":""},"tablet":{"background-color":"var(--ast-global-color-5)","background-image":"","background-repeat":"repeat","background-position":"center center","background-size":"auto","background-attachment":"scroll","background-type":"","background-media":"","overlay-type":"","overlay-color":"","overlay-opacity":"","overlay-gradient":""},"mobile":{"background-color":"var(--ast-global-color-5)","background-image":"","background-repeat":"repeat","background-position":"center center","background-size":"auto","background-attachment":"scroll","background-type":"","background-media":"","overlay-type":"","overlay-color":"","overlay-opacity":"","overlay-gradient":""}},"footnotes":""},"class_list":["post-43","page","type-page","status-publish","hentry"],"post_mailing_queue_ids":[],"_links":{"self":[{"href":"https:\/\/agora.xtec.cat\/iespuigcargol-calonge\/wp-json\/wp\/v2\/pages\/43","targetHints":{"allow":["GET"]}}],"collection":[{"href":"https:\/\/agora.xtec.cat\/iespuigcargol-calonge\/wp-json\/wp\/v2\/pages"}],"about":[{"href":"https:\/\/agora.xtec.cat\/iespuigcargol-calonge\/wp-json\/wp\/v2\/types\/page"}],"author":[{"embeddable":true,"href":"https:\/\/agora.xtec.cat\/iespuigcargol-calonge\/wp-json\/wp\/v2\/users\/1"}],"replies":[{"embeddable":true,"href":"https:\/\/agora.xtec.cat\/iespuigcargol-calonge\/wp-json\/wp\/v2\/comments?post=43"}],"version-history":[{"count":3,"href":"https:\/\/agora.xtec.cat\/iespuigcargol-calonge\/wp-json\/wp\/v2\/pages\/43\/revisions"}],"predecessor-version":[{"id":2724,"href":"https:\/\/agora.xtec.cat\/iespuigcargol-calonge\/wp-json\/wp\/v2\/pages\/43\/revisions\/2724"}],"up":[{"embeddable":true,"href":"https:\/\/agora.xtec.cat\/iespuigcargol-calonge\/wp-json\/wp\/v2\/pages\/19"}],"wp:attachment":[{"href":"https:\/\/agora.xtec.cat\/iespuigcargol-calonge\/wp-json\/wp\/v2\/media?parent=43"}],"curies":[{"name":"wp","href":"https:\/\/api.w.org\/{rel}","templated":true}]}}