{"id":595,"date":"2016-06-17T21:48:18","date_gmt":"2016-06-17T20:48:18","guid":{"rendered":"http:\/\/agora.xtec.cat\/iespriorat\/?page_id=595"},"modified":"2016-06-29T10:32:47","modified_gmt":"2016-06-29T09:32:47","slug":"italiano","status":"publish","type":"page","link":"https:\/\/agora.xtec.cat\/iespriorat\/projecte-educatiu\/erasmus\/italiano\/","title":{"rendered":"Italiano"},"content":{"rendered":"<p><strong>FARE IL TIROCINIO DI LAVORO ALL&#8217;ESTERO<\/strong><\/p>\n<p><strong>\u00a0<\/strong>Il Dipartimento di Enologia promuove e facilita la realizzazione della formazione presso un centro di lavoro (stage) all&#8217;estero. La realizzazione dei tirocini per parte degli studenti delle scuole superiore \u00e8 riconosciuto nell&#8217;ambito del programma Erasmus.<\/p>\n<p>Per partecipare a questo progetto, la scuola che insegna gli studi deve essere titolare della Carta Erasmus. L&#8217;Istituto Priorat ha chiesto la concessione all&#8217;Unione Europea. Se si ottiene, quando uno studente faccia lo stage pratiche in un paese dell&#8217;Unione europea o associati, l&#8217;Istituto automaticamente domander\u00e0 una borsa di studio Erasmus. Se viene approvata la concessione (di solito \u00e8), lo studente ricever\u00e0 una concessione di un aiuto mensile mentre si sta eseguendo lo stage all&#8217;estero.<\/p>\n<p><strong>PERCH\u00c9 FARE IL TIROCINIO ALL&#8217;ESTERO<\/strong><\/p>\n<p><strong>\u00a0<\/strong>Le pratiche viticole ed enologiche contengono un importante componente territoriale. Studiare e vivere in un territorio viticolo singolare suposse imparare delle forme particolari da fare, legate alla regione in cui si vive e studia, ma non la realizzazione pratica di molte altre. Essere in grado di lavorare con delle proprie techniche in altri territori, comprendere attraverso le persone del paese ospite perch\u00e9 lavorare come si lavora e guardare i risultati, comporta una apertura mentale per il tircinante e fornisce una conoscenza viticola ed Enologica pi\u00f9 vasta.<\/p>\n<p>D&#8217;altra parte, \u00e8 un potente impulso verso l&#8217;aprendimiento delle lingue. La decisione di andare all&#8217;estero per lo svolgimento del tirocinio, significa anche una sfida per imparare la lingua. Inoltre, lo studente si impegna ad acquisire una conoscenza di base della lingua del paese. Per altro, durante il periodo di tirocinio, lo studente \u00e8 in una situazione di immersione, che implica una grande progressione nell&#8217;apprendimento della lingua.<\/p>\n<p><strong>COME FUNZIONANO GLI STAGE ALL&#8217;ESTERO<\/strong><\/p>\n<p><strong>\u00a0<\/strong>Il tutor spiega agli studenti come funziona il tirocinio all&#8217;estero (verso dicembre del primo anno). Gli studenti che vogliono fare la formazione all&#8217;estero lo devono comunicare al suo tutor, facendo sapere la destinatione scelta, sottolineando la specifica regione dove vogliono andare. Inoltre gli studenti dovranno segnalare se si hanno dispongono dei contatti con qualsiasi societ\u00e0 specifica. Il tutor cercher\u00e0 una scuola di vinificazione nella zona ed attraverso questa ultima, una societ\u00e0 per lo svoglimento dello stage<\/p>\n<p>Se raggiungono un accordo, questo, sar\u00e0 firmato tra l&#8217;INS Priorat, la scuola ospitante, l&#8217;azienda e lo studente. In caso contrario, essi offrir\u00e0 allo studente le possibili alternative, tra le pi\u00f9 simile alla sua richiesta.<\/p>\n<p>L&#8217;INS Priorat chieder\u00e0 una borsa di studio Erasmus per gli studenti (grado superiore) all&#8217;interno della Erasmus +. La non assegnazione della borsa, non \u00e8 motivo di risoluzione del contratto da parte dello studente. All&#8217;studenti di livello intermedio che vogliono praticare all&#8217;estero, l&#8217;INS Priorat deve ospitare in altri programmi.<\/p>\n<p>La scuola ospitante deve nominare un tutor locale che aiuti agli studenti a trovare un alloggio (pagamento a carico dello studente) e servizi adeguati. Il tutor sar\u00e0 il primo contatto locale per lo studente e sar\u00e0 il il suo punto di riferimento per quanto riguarda il controllo e la conformit\u00e0 con il programma di stage in azienda. Se lo studente fa richiesta, la scuola ospitante fornir\u00e0 formazione linguistica (di solito pagamento a carico dello studente).<\/p>\n<p>La societ\u00e0 nominera un tutore per lo studente. Il tutor aziendale, che \u00e8 responsabile della conformit\u00e0 con il programma di formazione, valuter\u00e0 lo studente in accordo sostanzialmente con il tutor locale e anche con il tutor di origine.<\/p>\n<p>Il tutor di origine (INS Priorat) sar\u00e0 in contatto con gli studenti, il tutor e le imprese locali. Si assicurer\u00e0 che il programma previsto sia compiuto e qualora fosse necessario risolvere eventuali problemi che possono emergere.<\/p>\n<p>Lo studente \u00e8 protetto da una polizza assicurativa del Ministero di Educazione della Generalitat della Catalogna, sia per le questioni civili e mediche. Lo studente deve prendere la tessera sanitaria europea prima di lasciare la destinazione.<\/p>\n<p><strong>STUDENTI STRANIERI CHE VOGLIONO FARE PRATICA NEL PRIORAT O NELLE REGIONI LIMITROFE.<\/strong><\/p>\n<p><strong>\u00a0<\/strong>Gli studenti stranieri che desiderano fare stage nella zona di influenza de l&#8217;INS Priorat; DOQ Priorat, DO Montsant, DO Tarragona, DO Terra Alta, DO Conca de Barbera e DO Costers del Segre, possono chiedere al tutor di mobilit\u00e0 o equivalente della loro scuola che contatti con il INS Priorat.<\/p>\n<p>L&#8217;INS Priorat assegnera un tutor che parla la loro lingua o, in mancanza, inglese. Gli studenti, quindi, dovrebbero essere in grado di difendersi in catalano, spagnolo o inglese. Lo studente deve accettare di raggiungere prima del completamento del tirocinio, un livello minimo di sussistenza in catalano o spagnolo. Se lo studente lo richieda, l&#8217;INS Priorat fornir\u00e0 lezioni di catalano o di spagnolo (pagamento a carico dello studente).<\/p>\n<p>Il tutor INS Priorat, cerchera una societ\u00e0 nella zona con caratteristiche piu simili possibile alla richiesta da parte dello studente. Essi firmerano un contratto di formazione tra la scuola di provenienza, l&#8217;INS Priorat, la societ\u00e0 e lo studente.<\/p>\n<p>Se la scuola ha la lettera Erasmus pu\u00f2 presentare domanda della borsa Erasmus per lo studente.<\/p>\n<p>Il tutor locale (INS Priorat) aiuter\u00e0 agli studenti a trovare alloggio e tutti i servizi necessari. Inoltre fornir\u00e0 tutte le informazioni necessarie nella zona in cui si rimane (trasporti pubblici, biblioteche, servizi medici &#8230;). Sar\u00e0 il primo contatto per le questioni al di fuori dell&#8217;ambito lavorativo (cure mediche, incidenti, furti, i conflitti con i vicini o la polizia &#8230;).<\/p>\n<p>Lo studente deve venire assicurato dal loro paese di origine. Se in piu delle ore corrispondenti alle stage, per necessit\u00e0 della societ\u00e0 l&#8217;azienda e lo studente accordano che lo studente devono lavorare piu ore, quelle ore saranno sotto contratto di lavoro, pagate e assicurate dalla societ\u00e0.<\/p>\n<p><strong>PROMOZIONE DELLE LINGUE A INS PRIORAT<\/strong><\/p>\n<p><strong>\u00a0<\/strong>L&#8217;INS Priorat ha partecipato 2010-2014 (il tempo massimo consentito) all Programma PIL (Programma impulso linguistica) del Ministero della Pubblica Istruzione della Catalogna. Questo significa avere insegnanti aggiuntivi per gli studenti nell&#8217;insegnamento della lingua inglese. Attualmente, l&#8217;istituto ha chiesto di partecipare al &#8220;Programma del multilinguismo&#8221; a partire dall&#8217;anno accademico 2016\/17.<\/p>\n<p>Ogni anno, gli studenti della ESO hanno almeno una materia no linguistica in lingua inglese. Inoltre, nel campo della lingua inglese, grazie ad un accordo con l&#8217;associazione dei genitori, gli studenti ricevono un rafforzamento della lingua inglese orale attraverso di professori nativi.<\/p>\n<p>Ogni anno gli studenti di 3 \u00b0 ESO, faranno uno scambio linguistico con la scuola Emmaus Rotterdam.<\/p>\n<p><strong>\u00a0<\/strong>Gli studenti di formazione professionale faranno un modulo di inglese durante i loro studi. Nel ciclo di grado superiore, a partire dall&#8217;anno accademico 2016\/17, gli studenti riceveranno almeno una materia no linguistica in lingua inglese.<\/p>\n<p>Gli studenti appartenenti al ciclo intermedio di formazione sull&#8217;olio e sul vino ed al ciclo superiore di vinificazione, possono fare il tirocinio all&#8217;estero. L&#8217;istituto ha richiesto la concessione della lettera Erasmus per facilitare la realizzazione di queste pratiche all&#8217;estero per studenti di livello superiore.<\/p>\n<p>Alla scuola l&#8217;insegnamento della lingua francese a carattere facoltativo.<\/p>\n","protected":false},"excerpt":{"rendered":"<p>FARE IL TIROCINIO DI LAVORO ALL&#8217;ESTERO \u00a0Il Dipartimento di Enologia promuove e facilita la realizzazione della formazione presso un centro di lavoro (stage) all&#8217;estero. La realizzazione dei tirocini per parte degli studenti delle scuole superiore \u00e8 riconosciuto nell&#8217;ambito del programma Erasmus. Per partecipare a questo progetto, la scuola che insegna gli studi deve essere titolare [&hellip;]<\/p>\n","protected":false},"author":1,"featured_media":0,"parent":527,"menu_order":0,"comment_status":"closed","ping_status":"closed","template":"page-templates\/side-menu.php","meta":{"_bbp_topic_count":0,"_bbp_reply_count":0,"_bbp_total_topic_count":0,"_bbp_total_reply_count":0,"_bbp_voice_count":0,"_bbp_anonymous_reply_count":0,"_bbp_topic_count_hidden":0,"_bbp_reply_count_hidden":0,"_bbp_forum_subforum_count":0,"site-sidebar-layout":"default","site-content-layout":"","ast-site-content-layout":"","site-content-style":"default","site-sidebar-style":"default","ast-global-header-display":"","ast-banner-title-visibility":"","ast-main-header-display":"","ast-hfb-above-header-display":"","ast-hfb-below-header-display":"","ast-hfb-mobile-header-display":"","site-post-title":"","ast-breadcrumbs-content":"","ast-featured-img":"","footer-sml-layout":"","theme-transparent-header-meta":"","adv-header-id-meta":"","stick-header-meta":"","header-above-stick-meta":"","header-main-stick-meta":"","header-below-stick-meta":"","astra-migrate-meta-layouts":"default","ast-page-background-enabled":"default","ast-page-background-meta":{"desktop":{"background-color":"var(--ast-global-color-4)","background-image":"","background-repeat":"repeat","background-position":"center center","background-size":"auto","background-attachment":"scroll","background-type":"","background-media":"","overlay-type":"","overlay-color":"","overlay-opacity":"","overlay-gradient":""},"tablet":{"background-color":"","background-image":"","background-repeat":"repeat","background-position":"center center","background-size":"auto","background-attachment":"scroll","background-type":"","background-media":"","overlay-type":"","overlay-color":"","overlay-opacity":"","overlay-gradient":""},"mobile":{"background-color":"","background-image":"","background-repeat":"repeat","background-position":"center center","background-size":"auto","background-attachment":"scroll","background-type":"","background-media":"","overlay-type":"","overlay-color":"","overlay-opacity":"","overlay-gradient":""}},"ast-content-background-meta":{"desktop":{"background-color":"var(--ast-global-color-5)","background-image":"","background-repeat":"repeat","background-position":"center center","background-size":"auto","background-attachment":"scroll","background-type":"","background-media":"","overlay-type":"","overlay-color":"","overlay-opacity":"","overlay-gradient":""},"tablet":{"background-color":"var(--ast-global-color-5)","background-image":"","background-repeat":"repeat","background-position":"center center","background-size":"auto","background-attachment":"scroll","background-type":"","background-media":"","overlay-type":"","overlay-color":"","overlay-opacity":"","overlay-gradient":""},"mobile":{"background-color":"var(--ast-global-color-5)","background-image":"","background-repeat":"repeat","background-position":"center center","background-size":"auto","background-attachment":"scroll","background-type":"","background-media":"","overlay-type":"","overlay-color":"","overlay-opacity":"","overlay-gradient":""}},"footnotes":""},"class_list":["post-595","page","type-page","status-publish","hentry"],"post_mailing_queue_ids":[],"_links":{"self":[{"href":"https:\/\/agora.xtec.cat\/iespriorat\/wp-json\/wp\/v2\/pages\/595","targetHints":{"allow":["GET"]}}],"collection":[{"href":"https:\/\/agora.xtec.cat\/iespriorat\/wp-json\/wp\/v2\/pages"}],"about":[{"href":"https:\/\/agora.xtec.cat\/iespriorat\/wp-json\/wp\/v2\/types\/page"}],"author":[{"embeddable":true,"href":"https:\/\/agora.xtec.cat\/iespriorat\/wp-json\/wp\/v2\/users\/1"}],"replies":[{"embeddable":true,"href":"https:\/\/agora.xtec.cat\/iespriorat\/wp-json\/wp\/v2\/comments?post=595"}],"version-history":[{"count":1,"href":"https:\/\/agora.xtec.cat\/iespriorat\/wp-json\/wp\/v2\/pages\/595\/revisions"}],"predecessor-version":[{"id":596,"href":"https:\/\/agora.xtec.cat\/iespriorat\/wp-json\/wp\/v2\/pages\/595\/revisions\/596"}],"up":[{"embeddable":true,"href":"https:\/\/agora.xtec.cat\/iespriorat\/wp-json\/wp\/v2\/pages\/527"}],"wp:attachment":[{"href":"https:\/\/agora.xtec.cat\/iespriorat\/wp-json\/wp\/v2\/media?parent=595"}],"curies":[{"name":"wp","href":"https:\/\/api.w.org\/{rel}","templated":true}]}}