{"id":530,"date":"2016-06-17T16:49:37","date_gmt":"2016-06-17T15:49:37","guid":{"rendered":"http:\/\/agora.xtec.cat\/iespriorat\/?page_id=530"},"modified":"2021-07-22T09:06:44","modified_gmt":"2021-07-22T07:06:44","slug":"perfil-del-contractant","status":"publish","type":"page","link":"https:\/\/agora.xtec.cat\/iespriorat\/serveis\/perfil-del-contractant\/","title":{"rendered":"POEFA"},"content":{"rendered":"<p style=\"text-align: left;\" align=\"center\">El Departament d\u2019Educaci\u00f3 ha seleccionat l&#8217;INS Priorat perqu\u00e8 participi en el Projecte amb oportunitats d\u2019\u00e8xit educatiu a favor de l\u2019alumnat (POEFA).<\/p>\n<p style=\"text-align: left;\" align=\"center\">Aquest projecte t\u00e9 per objecte la selecci\u00f3 de centres de titularitat p\u00fablica del Departament d\u2019Educaci\u00f3 que presentin un projecte escolar amb actuacions innovadores de suport i refor\u00e7 per reduir i prevenir l\u2019abandonament escolar prematur i fomentar la igualtat d\u2019acc\u00e9s a una educaci\u00f3 de qualitat en les etapes de prim\u00e0ria, secund\u00e0ria obligat\u00f2ria i batxillerat. En el nostre cas el projecte seleccionat \u00e9s &#8216;Comencem!&#8217; a 1r d&#8217;ESO.<\/p>\n<p><a href=\"https:\/\/agora.xtec.cat\/iespriorat\/wp-content\/uploads\/usu502\/2021\/02\/poefa-2.jpg\"><img loading=\"lazy\" decoding=\"async\" class=\"aligncenter size-medium wp-image-2068\" src=\"https:\/\/agora.xtec.cat\/iespriorat\/wp-content\/uploads\/usu502\/2021\/02\/poefa-2-300x203.jpg\" alt=\"\" width=\"300\" height=\"203\" srcset=\"https:\/\/agora.xtec.cat\/iespriorat\/wp-content\/uploads\/usu502\/2021\/02\/poefa-2-300x203.jpg 300w, https:\/\/agora.xtec.cat\/iespriorat\/wp-content\/uploads\/usu502\/2021\/02\/poefa-2.jpg 349w\" sizes=\"auto, (max-width: 300px) 100vw, 300px\" \/><\/a><\/p>\n<p style=\"text-align: left;\" align=\"center\">Les actuacions previstes dins del POEFA en el Projecte Comencem! adre\u00e7ades als alumnes del 1r d\u2019ESO per aquest curs 2020-21 s\u00f3n:<\/p>\n<p style=\"text-align: left;\" align=\"center\">1r Trimestre: Activitat per motivar l\u2019alumnat dins del Projecte \u201dFem m\u00e0gia!\u201d a c\u00e0rrec de la M\u00e0gia Melanie que va realitzar un espectacle de m\u00e0gia per iniciar el projecte al centre.<\/p>\n<p>&nbsp;<br \/>\n<center><\/p>\n<table>\n<tbody>\n<tr>\n<td><a href=\"https:\/\/agora.xtec.cat\/iespriorat\/wp-content\/uploads\/usu502\/2021\/02\/POEFA-Comencem-Projecte-Magia1.jpg\"><img loading=\"lazy\" decoding=\"async\" class=\"aligncenter size-thumbnail wp-image-2062\" src=\"https:\/\/agora.xtec.cat\/iespriorat\/wp-content\/uploads\/usu502\/2021\/02\/POEFA-Comencem-Projecte-Magia1-150x150.jpg\" alt=\"\" width=\"150\" height=\"150\" \/><\/a><\/td>\n<td><a href=\"https:\/\/agora.xtec.cat\/iespriorat\/wp-content\/uploads\/usu502\/2021\/02\/POEFA-Comencem-Projecte-Magia-4.jpg\"><img loading=\"lazy\" decoding=\"async\" class=\"aligncenter size-thumbnail wp-image-2063\" src=\"https:\/\/agora.xtec.cat\/iespriorat\/wp-content\/uploads\/usu502\/2021\/02\/POEFA-Comencem-Projecte-Magia-4-150x150.jpg\" alt=\"\" width=\"150\" height=\"150\" \/><\/a><\/td>\n<\/tr>\n<tr>\n<td><a href=\"https:\/\/agora.xtec.cat\/iespriorat\/wp-content\/uploads\/usu502\/2021\/02\/POEFA-Comencem-Projecte-Magia3.jpg\"><img loading=\"lazy\" decoding=\"async\" class=\"aligncenter size-thumbnail wp-image-2064\" src=\"https:\/\/agora.xtec.cat\/iespriorat\/wp-content\/uploads\/usu502\/2021\/02\/POEFA-Comencem-Projecte-Magia3-150x150.jpg\" alt=\"\" width=\"150\" height=\"150\" \/><\/a><\/td>\n<td><a href=\"https:\/\/agora.xtec.cat\/iespriorat\/wp-content\/uploads\/usu502\/2021\/02\/POEFA-Comencem-Projecte-Magia-5.jpg\"><img loading=\"lazy\" decoding=\"async\" class=\"aligncenter size-thumbnail wp-image-2065\" src=\"https:\/\/agora.xtec.cat\/iespriorat\/wp-content\/uploads\/usu502\/2021\/02\/POEFA-Comencem-Projecte-Magia-5-150x150.jpg\" alt=\"\" width=\"150\" height=\"150\" \/><\/a><\/td>\n<\/tr>\n<\/tbody>\n<\/table>\n<p><\/center><br \/>\n&nbsp;<\/p>\n<p style=\"text-align: left;\" align=\"center\">2n Trimestre: Activitat dirigida per l\u2019expert Marc Boada per tal d\u2019aprofundir en el coneixement dels metalls, contingut que es treballa des de l\u2019\u00e0mbit de ci\u00e8ncies.<\/p>\n<p><img loading=\"lazy\" decoding=\"async\" class=\"aligncenter size-full wp-image-2072\" src=\"https:\/\/agora.xtec.cat\/iespriorat\/wp-content\/uploads\/usu502\/2021\/03\/IMG-20210224-WA0025-2.jpg\" alt=\"\" width=\"1000\" height=\"460\" srcset=\"https:\/\/agora.xtec.cat\/iespriorat\/wp-content\/uploads\/usu502\/2021\/03\/IMG-20210224-WA0025-2.jpg 2000w, https:\/\/agora.xtec.cat\/iespriorat\/wp-content\/uploads\/usu502\/2021\/03\/IMG-20210224-WA0025-2-300x138.jpg 300w, https:\/\/agora.xtec.cat\/iespriorat\/wp-content\/uploads\/usu502\/2021\/03\/IMG-20210224-WA0025-2-768x353.jpg 768w, https:\/\/agora.xtec.cat\/iespriorat\/wp-content\/uploads\/usu502\/2021\/03\/IMG-20210224-WA0025-2-1024x471.jpg 1024w\" sizes=\"auto, (max-width: 1000px) 100vw, 1000px\" \/><\/p>\n<p><center><iframe loading=\"lazy\" src=\"https:\/\/www.youtube.com\/embed\/arW99wXrecM\" width=\"560\" height=\"315\" frameborder=\"0\" allowfullscreen=\"allowfullscreen\"><\/iframe><\/center><center><\/center><center><br \/>\n<br \/>\n3r Trimestre: Activitat dirigida a treballar el sentiment de pertinen\u00e7a al centre pintant un mural a partir de propostes del propis alumnes per fer-se seu el pati.<\/center><center><\/center><center><a href=\"https:\/\/agora.xtec.cat\/iespriorat\/wp-content\/uploads\/usu502\/2021\/07\/0a6eb28e-c066-4b16-8459-5fbacc153e7f-1.jpg\"><img loading=\"lazy\" decoding=\"async\" class=\"aligncenter size-large wp-image-2119\" src=\"https:\/\/agora.xtec.cat\/iespriorat\/wp-content\/uploads\/usu502\/2021\/07\/0a6eb28e-c066-4b16-8459-5fbacc153e7f-1-1024x471.jpg\" alt=\"\" width=\"1024\" height=\"471\" srcset=\"https:\/\/agora.xtec.cat\/iespriorat\/wp-content\/uploads\/usu502\/2021\/07\/0a6eb28e-c066-4b16-8459-5fbacc153e7f-1-1024x471.jpg 1024w, https:\/\/agora.xtec.cat\/iespriorat\/wp-content\/uploads\/usu502\/2021\/07\/0a6eb28e-c066-4b16-8459-5fbacc153e7f-1-300x138.jpg 300w, https:\/\/agora.xtec.cat\/iespriorat\/wp-content\/uploads\/usu502\/2021\/07\/0a6eb28e-c066-4b16-8459-5fbacc153e7f-1-768x353.jpg 768w, https:\/\/agora.xtec.cat\/iespriorat\/wp-content\/uploads\/usu502\/2021\/07\/0a6eb28e-c066-4b16-8459-5fbacc153e7f-1-1536x707.jpg 1536w, https:\/\/agora.xtec.cat\/iespriorat\/wp-content\/uploads\/usu502\/2021\/07\/0a6eb28e-c066-4b16-8459-5fbacc153e7f-1.jpg 2000w\" sizes=\"auto, (max-width: 1024px) 100vw, 1024px\" \/><\/a><\/center><\/p>\n","protected":false},"excerpt":{"rendered":"<p>El Departament d\u2019Educaci\u00f3 ha seleccionat l&#8217;INS Priorat perqu\u00e8 participi en el Projecte amb oportunitats d\u2019\u00e8xit educatiu a favor de l\u2019alumnat (POEFA). Aquest projecte t\u00e9 per objecte la selecci\u00f3 de centres de titularitat p\u00fablica del Departament d\u2019Educaci\u00f3 que presentin un projecte escolar amb actuacions innovadores de suport i refor\u00e7 per reduir i prevenir l\u2019abandonament escolar prematur [&hellip;]<\/p>\n","protected":false},"author":1,"featured_media":0,"parent":63,"menu_order":30,"comment_status":"closed","ping_status":"closed","template":"page-templates\/side-menu.php","meta":{"_bbp_topic_count":0,"_bbp_reply_count":0,"_bbp_total_topic_count":0,"_bbp_total_reply_count":0,"_bbp_voice_count":0,"_bbp_anonymous_reply_count":0,"_bbp_topic_count_hidden":0,"_bbp_reply_count_hidden":0,"_bbp_forum_subforum_count":0,"site-sidebar-layout":"default","site-content-layout":"","ast-site-content-layout":"","site-content-style":"default","site-sidebar-style":"default","ast-global-header-display":"","ast-banner-title-visibility":"","ast-main-header-display":"","ast-hfb-above-header-display":"","ast-hfb-below-header-display":"","ast-hfb-mobile-header-display":"","site-post-title":"","ast-breadcrumbs-content":"","ast-featured-img":"","footer-sml-layout":"","theme-transparent-header-meta":"","adv-header-id-meta":"","stick-header-meta":"","header-above-stick-meta":"","header-main-stick-meta":"","header-below-stick-meta":"","astra-migrate-meta-layouts":"default","ast-page-background-enabled":"default","ast-page-background-meta":{"desktop":{"background-color":"var(--ast-global-color-4)","background-image":"","background-repeat":"repeat","background-position":"center center","background-size":"auto","background-attachment":"scroll","background-type":"","background-media":"","overlay-type":"","overlay-color":"","overlay-opacity":"","overlay-gradient":""},"tablet":{"background-color":"","background-image":"","background-repeat":"repeat","background-position":"center center","background-size":"auto","background-attachment":"scroll","background-type":"","background-media":"","overlay-type":"","overlay-color":"","overlay-opacity":"","overlay-gradient":""},"mobile":{"background-color":"","background-image":"","background-repeat":"repeat","background-position":"center center","background-size":"auto","background-attachment":"scroll","background-type":"","background-media":"","overlay-type":"","overlay-color":"","overlay-opacity":"","overlay-gradient":""}},"ast-content-background-meta":{"desktop":{"background-color":"var(--ast-global-color-5)","background-image":"","background-repeat":"repeat","background-position":"center center","background-size":"auto","background-attachment":"scroll","background-type":"","background-media":"","overlay-type":"","overlay-color":"","overlay-opacity":"","overlay-gradient":""},"tablet":{"background-color":"var(--ast-global-color-5)","background-image":"","background-repeat":"repeat","background-position":"center center","background-size":"auto","background-attachment":"scroll","background-type":"","background-media":"","overlay-type":"","overlay-color":"","overlay-opacity":"","overlay-gradient":""},"mobile":{"background-color":"var(--ast-global-color-5)","background-image":"","background-repeat":"repeat","background-position":"center center","background-size":"auto","background-attachment":"scroll","background-type":"","background-media":"","overlay-type":"","overlay-color":"","overlay-opacity":"","overlay-gradient":""}},"footnotes":""},"class_list":["post-530","page","type-page","status-publish","hentry"],"post_mailing_queue_ids":[],"_links":{"self":[{"href":"https:\/\/agora.xtec.cat\/iespriorat\/wp-json\/wp\/v2\/pages\/530","targetHints":{"allow":["GET"]}}],"collection":[{"href":"https:\/\/agora.xtec.cat\/iespriorat\/wp-json\/wp\/v2\/pages"}],"about":[{"href":"https:\/\/agora.xtec.cat\/iespriorat\/wp-json\/wp\/v2\/types\/page"}],"author":[{"embeddable":true,"href":"https:\/\/agora.xtec.cat\/iespriorat\/wp-json\/wp\/v2\/users\/1"}],"replies":[{"embeddable":true,"href":"https:\/\/agora.xtec.cat\/iespriorat\/wp-json\/wp\/v2\/comments?post=530"}],"version-history":[{"count":4,"href":"https:\/\/agora.xtec.cat\/iespriorat\/wp-json\/wp\/v2\/pages\/530\/revisions"}],"predecessor-version":[{"id":2121,"href":"https:\/\/agora.xtec.cat\/iespriorat\/wp-json\/wp\/v2\/pages\/530\/revisions\/2121"}],"up":[{"embeddable":true,"href":"https:\/\/agora.xtec.cat\/iespriorat\/wp-json\/wp\/v2\/pages\/63"}],"wp:attachment":[{"href":"https:\/\/agora.xtec.cat\/iespriorat\/wp-json\/wp\/v2\/media?parent=530"}],"curies":[{"name":"wp","href":"https:\/\/api.w.org\/{rel}","templated":true}]}}