{"id":451,"date":"2016-06-17T11:37:04","date_gmt":"2016-06-17T10:37:04","guid":{"rendered":"http:\/\/agora.xtec.cat\/iespriorat\/?page_id=451"},"modified":"2019-06-30T18:20:45","modified_gmt":"2019-06-30T16:20:45","slug":"pares-mares-i-alumnes","status":"publish","type":"page","link":"https:\/\/agora.xtec.cat\/iespriorat\/serveis\/documents\/pares-mares-i-alumnes\/","title":{"rendered":"Pares, mares i alumnes"},"content":{"rendered":"<p style=\"text-align: center;\"><span style=\"color: #993366; font-size: large;\"><strong>Orientaci\u00f3 acad\u00e8mica: i despr\u00e9s de l\u2019ESO, qu\u00e8?<\/strong><\/span><\/p>\n<p style=\"text-align: center;\"><a href=\"https:\/\/docs.google.com\/file\/d\/1Ouk4Ab4ugqHURVGDq3bWp4T5pJV3yrB7\/edit?usp=docslist_api&amp;filetype=mspresentation\" target=\"_blank\" rel=\"noopener noreferrer\">Presentaci\u00f3<\/a><\/p>\n<table style=\"text-align: left; width: 100%;\">\n<tbody>\n<tr>\n<td><a href=\"https:\/\/docs.google.com\/file\/d\/0B146q4IMrdwRQzAzZEZ5NEYxZ2M\/edit?usp=docslist_api&amp;filetype=msword\" target=\"_blank\" rel=\"noopener noreferrer\">Horari de la infermera<\/a><\/td>\n<td><\/td>\n<\/tr>\n<tr>\n<td><\/td>\n<td><\/td>\n<\/tr>\n<tr>\n<td><a href=\"https:\/\/drive.google.com\/file\/d\/0B146q4IMrdwRUU96d3hCWXNHX3M\/edit?usp=sharing\" target=\"_blank\" rel=\"noopener noreferrer\">Candidatura al Consell escolar<\/a><\/td>\n<td><\/td>\n<\/tr>\n<tr>\n<td><a href=\"https:\/\/drive.google.com\/file\/d\/0B146q4IMrdwRdnYxR0ltellhUm8\/edit?usp=sharing\" target=\"_blank\" rel=\"noopener noreferrer\">Carta de comprom\u00eds educatiu<\/a><\/td>\n<td><\/td>\n<\/tr>\n<tr>\n<td><a href=\"https:\/\/drive.google.com\/file\/d\/0B146q4IMrdwReXB1NDJWMWY2c0k\/edit?usp=sharing\" target=\"_blank\" rel=\"noopener noreferrer\">Com ajudar el vostre fill o filla?<\/a><\/td>\n<td><\/td>\n<\/tr>\n<tr>\n<td><a href=\"https:\/\/drive.google.com\/file\/d\/0B146q4IMrdwReHg0RHA1WUlTUk0\/edit?usp=sharing\" target=\"_blank\" rel=\"noopener noreferrer\">Carta del viatge de 1r de BAT<\/a><\/td>\n<td><\/td>\n<\/tr>\n<tr>\n<td><a href=\"https:\/\/drive.google.com\/folderview?id=0B146q4IMrdwRflZ6QVJBMkxuejc4MkFkY3Q5Z1EwelVjMl9OX3diWmh3ZzEyNHRvV1dvZ0U&amp;usp=sharing\" target=\"_blank\" rel=\"noopener noreferrer\">Qu\u00e8 fer despr\u00e9s de 4t d&#8217;ESO?<\/a><\/td>\n<td><\/td>\n<\/tr>\n<tr>\n<td><\/td>\n<td><\/td>\n<\/tr>\n<tr>\n<td><\/td>\n<td><\/td>\n<\/tr>\n<tr>\n<td><span style=\"color: #993366; font-size: large;\"><strong>Models<\/strong><\/span><\/td>\n<td><span style=\"color: #993366; font-size: large;\"><strong>Treball de recerca<\/strong><\/span><\/td>\n<\/tr>\n<tr>\n<td style=\"text-align: left;\"><a href=\"https:\/\/docs.google.com\/file\/d\/0B146q4IMrdwROGdTZ1ZlY3pRQVU\/edit?usp=docslist_api&amp;filetype=msword\" target=\"_blank\" rel=\"noopener noreferrer\">Justificants de faltes<\/a><\/td>\n<td><a href=\"https:\/\/docs.google.com\/file\/d\/1Ai8Hp6-zh45LGCHzifmkRcY91XOY0mbn\/edit?usp=docslist_api&amp;filetype=msword\">Dossier de l&#8217;alumne<\/a><\/td>\n<\/tr>\n<tr>\n<td><a href=\"https:\/\/docs.google.com\/document\/d\/1t54ZJHhmrwGCfSjj9yPirECFh1tS14OacUSPbpYjq5o\/edit?usp=sharing\" target=\"_blank\" rel=\"noopener noreferrer\">Tria de mat\u00e8ries a 3r d&#8217;ESO<\/a><\/td>\n<td><a href=\"https:\/\/docs.google.com\/file\/d\/1BFqghwo7JWpT9pE84gABdYibPwO0KvNP\/edit?usp=docslist_api&amp;filetype=msword\" target=\"_blank\" rel=\"noopener noreferrer\">Quadern de seguiment <\/a><\/td>\n<\/tr>\n<tr>\n<td><a href=\"https:\/\/docs.google.com\/document\/d\/1n2NO-Y6n6TofgFsEIN1rRdLUQrDoQdtRQCrsH5uWvnU\/edit?usp=sharing\" target=\"_blank\" rel=\"noopener noreferrer\">Descripci\u00f3 d&#8217;optatives de 3r d&#8217;ESO<\/a><\/td>\n<td><\/td>\n<\/tr>\n<tr>\n<td><a href=\"https:\/\/docs.google.com\/forms\/d\/1Y14UEf9HCLK6fITh7CA7nnxUSyU2QF7b-ATMn9QqhPU\/edit?usp=sharing\" target=\"_blank\" rel=\"noopener noreferrer\">Formulari per la tria d&#8217;optatives de 3r d&#8217;ESO<\/a><\/td>\n<td><\/td>\n<\/tr>\n<tr>\n<td><a href=\"https:\/\/drive.google.com\/file\/d\/0B146q4IMrdwRYTlJOE0wN0FjS1k\/view?usp=sharing\" target=\"_blank\" rel=\"noopener noreferrer\">Tria de mat\u00e8ries de 2n de BAT<\/a><\/td>\n<td><span style=\"color: #993366; font-size: large;\"><strong>Enquestes de satisfacci\u00f3<\/strong><\/span><\/td>\n<\/tr>\n<tr>\n<td><\/td>\n<td><a href=\"https:\/\/docs.google.com\/forms\/d\/1TudzoVB_3cgrFFALGlyQVP_2ww665Qbv5APMqMTnlx8\/edit?usp=sharing\" target=\"_blank\" rel=\"noopener noreferrer\">Valoraci\u00f3 ESO i Bat<\/a><\/td>\n<\/tr>\n<tr>\n<td><a href=\"https:\/\/drive.google.com\/file\/d\/0B146q4IMrdwRUTFQM0pTV0hlbjQ\/edit?usp=sharing\" target=\"_blank\" rel=\"noopener noreferrer\">Canvi d&#8217;optativa<\/a><\/td>\n<td><a href=\"https:\/\/docs.google.com\/forms\/d\/1ymDGH7JHoyDYw0lfMHJOKmsmcQTjzWYiBlROsqn5D1Y\/edit?usp=sharing\" target=\"_blank\" rel=\"noopener noreferrer\">Valoraci\u00f3 Cicles<\/a><\/td>\n<\/tr>\n<tr>\n<td><a href=\"https:\/\/drive.google.com\/file\/d\/0B146q4IMrdwRdmh5N0l2SjhCSG8\/edit?usp=sharing\" target=\"_blank\" rel=\"noopener noreferrer\">Comunicat de vaga<\/a><\/td>\n<td><\/td>\n<\/tr>\n<tr>\n<td><a href=\"https:\/\/drive.google.com\/file\/d\/0B146q4IMrdwRNHRQWXVoa09KUTA\/edit?usp=sharing\" target=\"_blank\" rel=\"noopener noreferrer\">Queixes i suggeriments<\/a><\/td>\n<td><\/td>\n<\/tr>\n<tr>\n<td><a href=\"https:\/\/drive.google.com\/file\/d\/0B146q4IMrdwRVUxtRWhNQk9Tdm8\/view?usp=sharing\" target=\"_blank\" rel=\"noopener noreferrer\">Model d&#8217;inst\u00e0ncia<\/a><\/td>\n<td><\/td>\n<\/tr>\n<tr>\n<td><\/td>\n<td><\/td>\n<\/tr>\n<tr>\n<td><\/td>\n<td><\/td>\n<\/tr>\n<\/tbody>\n<\/table>\n<div style=\"text-align: left;\"><\/div>\n<p style=\"text-align: center;\"><span style=\"color: #993366; font-size: large;\"><strong>Miniprogramacions 18-19<\/strong><\/span><\/p>\n<table style=\"width: 100%;\">\n<tbody>\n<tr>\n<td><a href=\"https:\/\/drive.google.com\/open?id=1UG_q_4llze5gIcqEFdBRtpItVMgkYe48\" target=\"_blank\" rel=\"noopener noreferrer\">1r d&#8217;ESO<\/a><\/td>\n<td><a href=\"https:\/\/drive.google.com\/open?id=1DeizSy6IENzgh3xpLtTjWc75lN466mE0\" target=\"_blank\" rel=\"noopener noreferrer\">2n d&#8217;ESO<\/a><\/td>\n<td><a href=\"https:\/\/drive.google.com\/open?id=1ALpoRZCg550T6C1O1iGIRhJXHWRqYArK\" target=\"_blank\" rel=\"noopener noreferrer\">3r d&#8217;ESO<\/a><\/td>\n<td><a href=\"https:\/\/drive.google.com\/open?id=1olXuH0XClcGqXGbmGXTYsbCjeXRVutrr\" target=\"_blank\" rel=\"noopener noreferrer\">4t d&#8217;ESO<\/a><\/td>\n<td><a href=\"https:\/\/drive.google.com\/open?id=1dAVTL7NEH3T5ireAr1BXVBKJc0VX3p7_\">Aula oberta<\/a><\/td>\n<td><a href=\"https:\/\/drive.google.com\/open?id=16BMTT4cHCbhtyNobd2tFuVgnLpYK9roY\" target=\"_blank\" rel=\"noopener noreferrer\">1r de BAT<\/a><\/td>\n<td><a href=\"https:\/\/drive.google.com\/open?id=1DtFOFt79w207j1EOrfbD-pTFIxqyPyyp\" target=\"_blank\" rel=\"noopener noreferrer\">CAI-TAPD<\/a><\/td>\n<td><a href=\"https:\/\/drive.google.com\/open?id=1yQrhJAOrrZV7qkqO3WEA6tcMg15KCIMl\" target=\"_blank\" rel=\"noopener noreferrer\">Olis i vins<\/a><\/td>\n<td><a href=\"https:\/\/drive.google.com\/open?id=12Y2sbXuaOgSY9qY_OtM1T_j3z5Uph3aw\" target=\"_blank\" rel=\"noopener noreferrer\">Vitivinicultura<\/a><\/td>\n<\/tr>\n<tr>\n<td><a href=\"https:\/\/drive.google.com\/open?id=12e9aOg7bJ2dgmkl7K8ljuX-xdL4AEmwA\" target=\"_blank\" rel=\"noopener noreferrer\">2n de BAT<\/a><\/td>\n<\/tr>\n<\/tbody>\n<\/table>\n<div style=\"text-align: left;\"><\/div>\n<p style=\"text-align: center;\"><span style=\"color: #993366; font-size: large;\"><strong>Horaris 18-19<\/strong><\/span><\/p>\n","protected":false},"excerpt":{"rendered":"<p>Orientaci\u00f3 acad\u00e8mica: i despr\u00e9s de l\u2019ESO, qu\u00e8? Presentaci\u00f3 Horari de la infermera Candidatura al Consell escolar Carta de comprom\u00eds educatiu Com ajudar el vostre fill o filla? Carta del viatge de 1r de BAT Qu\u00e8 fer despr\u00e9s de 4t d&#8217;ESO? Models Treball de recerca Justificants de faltes Dossier de l&#8217;alumne Tria de mat\u00e8ries a 3r [&hellip;]<\/p>\n","protected":false},"author":1,"featured_media":0,"parent":445,"menu_order":0,"comment_status":"closed","ping_status":"closed","template":"page-templates\/side-menu.php","meta":{"_bbp_topic_count":0,"_bbp_reply_count":0,"_bbp_total_topic_count":0,"_bbp_total_reply_count":0,"_bbp_voice_count":0,"_bbp_anonymous_reply_count":0,"_bbp_topic_count_hidden":0,"_bbp_reply_count_hidden":0,"_bbp_forum_subforum_count":0,"site-sidebar-layout":"default","site-content-layout":"","ast-site-content-layout":"","site-content-style":"default","site-sidebar-style":"default","ast-global-header-display":"","ast-banner-title-visibility":"","ast-main-header-display":"","ast-hfb-above-header-display":"","ast-hfb-below-header-display":"","ast-hfb-mobile-header-display":"","site-post-title":"","ast-breadcrumbs-content":"","ast-featured-img":"","footer-sml-layout":"","theme-transparent-header-meta":"","adv-header-id-meta":"","stick-header-meta":"","header-above-stick-meta":"","header-main-stick-meta":"","header-below-stick-meta":"","astra-migrate-meta-layouts":"default","ast-page-background-enabled":"default","ast-page-background-meta":{"desktop":{"background-color":"var(--ast-global-color-4)","background-image":"","background-repeat":"repeat","background-position":"center center","background-size":"auto","background-attachment":"scroll","background-type":"","background-media":"","overlay-type":"","overlay-color":"","overlay-opacity":"","overlay-gradient":""},"tablet":{"background-color":"","background-image":"","background-repeat":"repeat","background-position":"center center","background-size":"auto","background-attachment":"scroll","background-type":"","background-media":"","overlay-type":"","overlay-color":"","overlay-opacity":"","overlay-gradient":""},"mobile":{"background-color":"","background-image":"","background-repeat":"repeat","background-position":"center center","background-size":"auto","background-attachment":"scroll","background-type":"","background-media":"","overlay-type":"","overlay-color":"","overlay-opacity":"","overlay-gradient":""}},"ast-content-background-meta":{"desktop":{"background-color":"var(--ast-global-color-5)","background-image":"","background-repeat":"repeat","background-position":"center center","background-size":"auto","background-attachment":"scroll","background-type":"","background-media":"","overlay-type":"","overlay-color":"","overlay-opacity":"","overlay-gradient":""},"tablet":{"background-color":"var(--ast-global-color-5)","background-image":"","background-repeat":"repeat","background-position":"center center","background-size":"auto","background-attachment":"scroll","background-type":"","background-media":"","overlay-type":"","overlay-color":"","overlay-opacity":"","overlay-gradient":""},"mobile":{"background-color":"var(--ast-global-color-5)","background-image":"","background-repeat":"repeat","background-position":"center center","background-size":"auto","background-attachment":"scroll","background-type":"","background-media":"","overlay-type":"","overlay-color":"","overlay-opacity":"","overlay-gradient":""}},"footnotes":""},"class_list":["post-451","page","type-page","status-publish","hentry"],"post_mailing_queue_ids":[],"_links":{"self":[{"href":"https:\/\/agora.xtec.cat\/iespriorat\/wp-json\/wp\/v2\/pages\/451","targetHints":{"allow":["GET"]}}],"collection":[{"href":"https:\/\/agora.xtec.cat\/iespriorat\/wp-json\/wp\/v2\/pages"}],"about":[{"href":"https:\/\/agora.xtec.cat\/iespriorat\/wp-json\/wp\/v2\/types\/page"}],"author":[{"embeddable":true,"href":"https:\/\/agora.xtec.cat\/iespriorat\/wp-json\/wp\/v2\/users\/1"}],"replies":[{"embeddable":true,"href":"https:\/\/agora.xtec.cat\/iespriorat\/wp-json\/wp\/v2\/comments?post=451"}],"version-history":[{"count":4,"href":"https:\/\/agora.xtec.cat\/iespriorat\/wp-json\/wp\/v2\/pages\/451\/revisions"}],"predecessor-version":[{"id":1761,"href":"https:\/\/agora.xtec.cat\/iespriorat\/wp-json\/wp\/v2\/pages\/451\/revisions\/1761"}],"up":[{"embeddable":true,"href":"https:\/\/agora.xtec.cat\/iespriorat\/wp-json\/wp\/v2\/pages\/445"}],"wp:attachment":[{"href":"https:\/\/agora.xtec.cat\/iespriorat\/wp-json\/wp\/v2\/media?parent=451"}],"curies":[{"name":"wp","href":"https:\/\/api.w.org\/{rel}","templated":true}]}}