{"id":2541,"date":"2025-09-19T12:29:49","date_gmt":"2025-09-19T10:29:49","guid":{"rendered":"https:\/\/agora.xtec.cat\/iespriorat\/?page_id=2541"},"modified":"2025-09-19T12:30:39","modified_gmt":"2025-09-19T10:30:39","slug":"homologacio-dels-proveidors","status":"publish","type":"page","link":"https:\/\/agora.xtec.cat\/iespriorat\/homologacio-dels-proveidors\/","title":{"rendered":"Homologaci\u00f3 dels prove\u00efdors"},"content":{"rendered":"<p>L\u2019Institut Priorat t\u00e9 implantat dins del seu sistema de Gesti\u00f3 de Qualitat un procediment que defineix el correcte \u00fas dels recursos, aix\u00ed com l\u2019asseguran\u00e7a que les compres i els productes adquirits compleixen amb els requisits de compra especificats.<\/p>\n<p>Per poder ser homologat com a prove\u00efdor es tenen en compte els seg\u00fcents criteris:<br \/>\n\u2013 Facilitat de compra<br \/>\n\u2013 Acompliment data de lliurament<br \/>\n\u2013 Qualitat producte\/servei<br \/>\n\u2013 Atenci\u00f3 al client<\/p>\n<p>A m\u00e9s, es valorar\u00e0 de forma positiva el fet de disposar d\u2019una Certificaci\u00f3 de Qualitat, que ser\u00e0 obligatori en alguns casos.<\/p>\n","protected":false},"excerpt":{"rendered":"<p>L\u2019Institut Priorat t\u00e9 implantat dins del seu sistema de Gesti\u00f3 de Qualitat un procediment que defineix el correcte \u00fas dels recursos, aix\u00ed com l\u2019asseguran\u00e7a que les compres i els productes adquirits compleixen amb els requisits de compra especificats. Per poder ser homologat com a prove\u00efdor es tenen en compte els seg\u00fcents criteris: \u2013 Facilitat de [&hellip;]<\/p>\n","protected":false},"author":1,"featured_media":0,"parent":0,"menu_order":0,"comment_status":"closed","ping_status":"closed","template":"","meta":{"_bbp_topic_count":0,"_bbp_reply_count":0,"_bbp_total_topic_count":0,"_bbp_total_reply_count":0,"_bbp_voice_count":0,"_bbp_anonymous_reply_count":0,"_bbp_topic_count_hidden":0,"_bbp_reply_count_hidden":0,"_bbp_forum_subforum_count":0,"site-sidebar-layout":"default","site-content-layout":"","ast-site-content-layout":"","site-content-style":"default","site-sidebar-style":"default","ast-global-header-display":"","ast-banner-title-visibility":"","ast-main-header-display":"","ast-hfb-above-header-display":"","ast-hfb-below-header-display":"","ast-hfb-mobile-header-display":"","site-post-title":"","ast-breadcrumbs-content":"","ast-featured-img":"","footer-sml-layout":"","theme-transparent-header-meta":"","adv-header-id-meta":"","stick-header-meta":"","header-above-stick-meta":"","header-main-stick-meta":"","header-below-stick-meta":"","astra-migrate-meta-layouts":"default","ast-page-background-enabled":"default","ast-page-background-meta":{"desktop":{"background-color":"var(--ast-global-color-4)","background-image":"","background-repeat":"repeat","background-position":"center center","background-size":"auto","background-attachment":"scroll","background-type":"","background-media":"","overlay-type":"","overlay-color":"","overlay-opacity":"","overlay-gradient":""},"tablet":{"background-color":"","background-image":"","background-repeat":"repeat","background-position":"center center","background-size":"auto","background-attachment":"scroll","background-type":"","background-media":"","overlay-type":"","overlay-color":"","overlay-opacity":"","overlay-gradient":""},"mobile":{"background-color":"","background-image":"","background-repeat":"repeat","background-position":"center center","background-size":"auto","background-attachment":"scroll","background-type":"","background-media":"","overlay-type":"","overlay-color":"","overlay-opacity":"","overlay-gradient":""}},"ast-content-background-meta":{"desktop":{"background-color":"var(--ast-global-color-5)","background-image":"","background-repeat":"repeat","background-position":"center center","background-size":"auto","background-attachment":"scroll","background-type":"","background-media":"","overlay-type":"","overlay-color":"","overlay-opacity":"","overlay-gradient":""},"tablet":{"background-color":"var(--ast-global-color-5)","background-image":"","background-repeat":"repeat","background-position":"center center","background-size":"auto","background-attachment":"scroll","background-type":"","background-media":"","overlay-type":"","overlay-color":"","overlay-opacity":"","overlay-gradient":""},"mobile":{"background-color":"var(--ast-global-color-5)","background-image":"","background-repeat":"repeat","background-position":"center center","background-size":"auto","background-attachment":"scroll","background-type":"","background-media":"","overlay-type":"","overlay-color":"","overlay-opacity":"","overlay-gradient":""}},"footnotes":""},"class_list":["post-2541","page","type-page","status-publish","hentry"],"post_mailing_queue_ids":[],"_links":{"self":[{"href":"https:\/\/agora.xtec.cat\/iespriorat\/wp-json\/wp\/v2\/pages\/2541","targetHints":{"allow":["GET"]}}],"collection":[{"href":"https:\/\/agora.xtec.cat\/iespriorat\/wp-json\/wp\/v2\/pages"}],"about":[{"href":"https:\/\/agora.xtec.cat\/iespriorat\/wp-json\/wp\/v2\/types\/page"}],"author":[{"embeddable":true,"href":"https:\/\/agora.xtec.cat\/iespriorat\/wp-json\/wp\/v2\/users\/1"}],"replies":[{"embeddable":true,"href":"https:\/\/agora.xtec.cat\/iespriorat\/wp-json\/wp\/v2\/comments?post=2541"}],"version-history":[{"count":2,"href":"https:\/\/agora.xtec.cat\/iespriorat\/wp-json\/wp\/v2\/pages\/2541\/revisions"}],"predecessor-version":[{"id":2546,"href":"https:\/\/agora.xtec.cat\/iespriorat\/wp-json\/wp\/v2\/pages\/2541\/revisions\/2546"}],"wp:attachment":[{"href":"https:\/\/agora.xtec.cat\/iespriorat\/wp-json\/wp\/v2\/media?parent=2541"}],"curies":[{"name":"wp","href":"https:\/\/api.w.org\/{rel}","templated":true}]}}