{"id":2322,"date":"2023-04-14T13:17:58","date_gmt":"2023-04-14T11:17:58","guid":{"rendered":"https:\/\/agora.xtec.cat\/iespriorat\/?page_id=2322"},"modified":"2025-04-07T09:01:05","modified_gmt":"2025-04-07T07:01:05","slug":"preinscripcio-i-matricula-cfgs","status":"publish","type":"page","link":"https:\/\/agora.xtec.cat\/iespriorat\/preinscripcio-i-matricula-cfgs\/","title":{"rendered":"Preinscripci\u00f3 i matr\u00edcula CFGS. Curs 25-26."},"content":{"rendered":"<header class=\"entry-header\">\n<div class=\"NG-menu__wrapper_title\" role=\"main\">\n<p><strong>Tota la informaci\u00f3 sobre el proc\u00e9s de preinscripci\u00f3 la trobareu al Web per a la preinscripci\u00f3 en l\u00ednia:\u00a0<\/strong><strong>\u200b<\/strong><a href=\"https:\/\/preinscripcio.gencat.cat\/ca\/estudis\/fp-grau-superior\/inici\/\"><strong>preinscripcio.gencat.cat<\/strong><\/a><\/p>\n<\/div>\n<div class=\"NG-menu__wrapper_title\" role=\"main\">\n<p>Tota l\u2019oferta educativa del curs la trobar\u00e0s a:\u00a0<a href=\"https:\/\/triaeducativa.gencat.cat\/ca\/inici\/\">triaeducativa.gencat.cat\u200b<\/a><\/p>\n<\/div>\n<\/header>\n<div class=\"entry-content\">\n<div class=\"border-start bgGrey\">\n<div id=\"impacteContainer\">\n<div class=\"fpca-subcapcalera \">\n<div class=\"NG-menu\">\n<div class=\"NG-container\">\n<div class=\"NG-menu__wrapper\">\n<div class=\"NG-menu__wrapper_title\" role=\"main\">\n<div class=\"NG-menu__wrapper_title\" role=\"main\"><\/div>\n<\/div>\n<\/div>\n<\/div>\n<\/div>\n<\/div>\n<\/div>\n<\/div>\n<\/div>\n","protected":false},"excerpt":{"rendered":"<p>Tota la informaci\u00f3 sobre el proc\u00e9s de preinscripci\u00f3 la trobareu al Web per a la preinscripci\u00f3 en l\u00ednia:\u00a0\u200bpreinscripcio.gencat.cat Tota l\u2019oferta educativa del curs la trobar\u00e0s a:\u00a0triaeducativa.gencat.cat\u200b<\/p>\n","protected":false},"author":1,"featured_media":0,"parent":0,"menu_order":0,"comment_status":"closed","ping_status":"closed","template":"","meta":{"_bbp_topic_count":0,"_bbp_reply_count":0,"_bbp_total_topic_count":0,"_bbp_total_reply_count":0,"_bbp_voice_count":0,"_bbp_anonymous_reply_count":0,"_bbp_topic_count_hidden":0,"_bbp_reply_count_hidden":0,"_bbp_forum_subforum_count":0,"site-sidebar-layout":"default","site-content-layout":"","ast-site-content-layout":"","site-content-style":"default","site-sidebar-style":"default","ast-global-header-display":"","ast-banner-title-visibility":"","ast-main-header-display":"","ast-hfb-above-header-display":"","ast-hfb-below-header-display":"","ast-hfb-mobile-header-display":"","site-post-title":"","ast-breadcrumbs-content":"","ast-featured-img":"","footer-sml-layout":"","theme-transparent-header-meta":"","adv-header-id-meta":"","stick-header-meta":"","header-above-stick-meta":"","header-main-stick-meta":"","header-below-stick-meta":"","astra-migrate-meta-layouts":"default","ast-page-background-enabled":"default","ast-page-background-meta":{"desktop":{"background-color":"var(--ast-global-color-4)","background-image":"","background-repeat":"repeat","background-position":"center center","background-size":"auto","background-attachment":"scroll","background-type":"","background-media":"","overlay-type":"","overlay-color":"","overlay-opacity":"","overlay-gradient":""},"tablet":{"background-color":"","background-image":"","background-repeat":"repeat","background-position":"center center","background-size":"auto","background-attachment":"scroll","background-type":"","background-media":"","overlay-type":"","overlay-color":"","overlay-opacity":"","overlay-gradient":""},"mobile":{"background-color":"","background-image":"","background-repeat":"repeat","background-position":"center center","background-size":"auto","background-attachment":"scroll","background-type":"","background-media":"","overlay-type":"","overlay-color":"","overlay-opacity":"","overlay-gradient":""}},"ast-content-background-meta":{"desktop":{"background-color":"var(--ast-global-color-5)","background-image":"","background-repeat":"repeat","background-position":"center center","background-size":"auto","background-attachment":"scroll","background-type":"","background-media":"","overlay-type":"","overlay-color":"","overlay-opacity":"","overlay-gradient":""},"tablet":{"background-color":"var(--ast-global-color-5)","background-image":"","background-repeat":"repeat","background-position":"center center","background-size":"auto","background-attachment":"scroll","background-type":"","background-media":"","overlay-type":"","overlay-color":"","overlay-opacity":"","overlay-gradient":""},"mobile":{"background-color":"var(--ast-global-color-5)","background-image":"","background-repeat":"repeat","background-position":"center center","background-size":"auto","background-attachment":"scroll","background-type":"","background-media":"","overlay-type":"","overlay-color":"","overlay-opacity":"","overlay-gradient":""}},"footnotes":""},"class_list":["post-2322","page","type-page","status-publish","hentry"],"post_mailing_queue_ids":[],"_links":{"self":[{"href":"https:\/\/agora.xtec.cat\/iespriorat\/wp-json\/wp\/v2\/pages\/2322","targetHints":{"allow":["GET"]}}],"collection":[{"href":"https:\/\/agora.xtec.cat\/iespriorat\/wp-json\/wp\/v2\/pages"}],"about":[{"href":"https:\/\/agora.xtec.cat\/iespriorat\/wp-json\/wp\/v2\/types\/page"}],"author":[{"embeddable":true,"href":"https:\/\/agora.xtec.cat\/iespriorat\/wp-json\/wp\/v2\/users\/1"}],"replies":[{"embeddable":true,"href":"https:\/\/agora.xtec.cat\/iespriorat\/wp-json\/wp\/v2\/comments?post=2322"}],"version-history":[{"count":3,"href":"https:\/\/agora.xtec.cat\/iespriorat\/wp-json\/wp\/v2\/pages\/2322\/revisions"}],"predecessor-version":[{"id":2520,"href":"https:\/\/agora.xtec.cat\/iespriorat\/wp-json\/wp\/v2\/pages\/2322\/revisions\/2520"}],"wp:attachment":[{"href":"https:\/\/agora.xtec.cat\/iespriorat\/wp-json\/wp\/v2\/media?parent=2322"}],"curies":[{"name":"wp","href":"https:\/\/api.w.org\/{rel}","templated":true}]}}