{"id":5750,"date":"2023-12-13T15:50:37","date_gmt":"2023-12-13T14:50:37","guid":{"rendered":"https:\/\/agora.xtec.cat\/iespontdesuert\/?page_id=5750"},"modified":"2026-02-20T12:30:25","modified_gmt":"2026-02-20T11:30:25","slug":"cfgs-educacio-i-control-ambiental","status":"publish","type":"page","link":"https:\/\/agora.xtec.cat\/iespontdesuert\/estudis\/cicles\/cfgs-educacio-i-control-ambiental\/","title":{"rendered":"CFGS Educaci\u00f3 i control ambiental"},"content":{"rendered":"<h1><strong>GRAU SUPERIOR- Educaci\u00f3 i control ambiental<\/strong><\/h1>\n<p><strong>Durada<\/strong><\/p>\n<p>Durada: <strong>1 Curs acad\u00e8mic<\/strong> si s&#8217;han aprovat el <strong>60%<\/strong> dels continguts del segon curs del CFGS Gesti\u00f3 forestal i conservaci\u00f3 del medi natural.<br \/>\nFormaci\u00f3 en el centre de treball: 383 h.<\/p>\n<p><strong>Acc\u00e9s<\/strong><\/p>\n<ul>\n<li>T\u00edtol de Batxiller<\/li>\n<li>T\u00e8cnic (FP-2) o equivalent<\/li>\n<li>Mitjan\u00e7ant curs pont<\/li>\n<\/ul>\n<p><strong>Curr\u00edculum<\/strong><\/p>\n<p>Si vols saber els continguts curriculars del cicle (cr\u00e8dits dels que es compon&#8230;) veure <u><a href=\"http:\/\/www.xtec.cat\/web\/curriculum\/professionals\/fp\/titolsloe\">aqu\u00ed<\/a><\/u> (<a title=\"Seguretat i medi ambient\" href=\"http:\/\/xtec.gencat.cat\/ca\/curriculum\/professionals\/fp\/titolsloe\/segumediambient\/\" target=\"_blank\" rel=\"noopener noreferrer\" data-saferedirecturl=\"https:\/\/www.google.com\/url?hl=en-GB&amp;q=http:\/\/xtec.gencat.cat\/ca\/curriculum\/professionals\/fp\/titolsloe\/segumediambient\/&amp;source=gmail&amp;ust=1498215333051000&amp;usg=AFQjCNFBtxu51jTAIvVUml9x74yiAiS_Sw\">Fam\u00edlia de Seguretat i medi ambient)<\/a><\/p>\n<p>&nbsp;<\/p>\n<table style=\"width: 54.5923%;\" width=\"679\">\n<tbody>\n<tr>\n<td style=\"width: 65.4063%;\" width=\"492\"><strong>CFGS EDUCACI\u00d3 I CONTROL AMBIENTAL (SMA0)<\/strong><\/td>\n<td style=\"width: 9.96369%; text-align: center;\" width=\"102\">HORES M\u00d2DUL PROFESSIONAL<\/td>\n<td style=\"width: 17.8794%; text-align: center;\" width=\"85\">HORES SETMANALS<\/td>\n<\/tr>\n<tr>\n<td style=\"width: 65.4063%;\">M\u00f2dul 1: Estructura i din\u00e0mica del Medi ambient<\/td>\n<td style=\"width: 9.96369%;\">99<\/td>\n<td style=\"width: 17.8794%;\">3<\/td>\n<\/tr>\n<tr>\n<td style=\"width: 65.4063%;\">M\u00f2dul 3: Activitats humanes i problem\u00e0tica ambiental<\/td>\n<td style=\"width: 9.96369%;\">99<\/td>\n<td style=\"width: 17.8794%;\">3<\/td>\n<\/tr>\n<tr>\n<td style=\"width: 65.4063%;\">M\u00f2dul 5: Desenvolupament en el medi<\/td>\n<td style=\"width: 9.96369%;\">66<\/td>\n<td style=\"width: 17.8794%;\">2<\/td>\n<\/tr>\n<tr>\n<td style=\"width: 65.4063%;\">M\u00f2dul 7: Programes d\u2019educaci\u00f3 ambiental<\/td>\n<td style=\"width: 9.96369%;\">132<\/td>\n<td style=\"width: 17.8794%;\">4<\/td>\n<\/tr>\n<tr>\n<td style=\"width: 65.4063%;\">M\u00f2dul 8: Gesti\u00f3 ambiental<\/td>\n<td style=\"width: 9.96369%;\">99<\/td>\n<td style=\"width: 17.8794%;\">3<\/td>\n<\/tr>\n<tr>\n<td style=\"width: 65.4063%;\">M\u00f2dul 10: Habilitats socials<\/td>\n<td style=\"width: 9.96369%;\">132<\/td>\n<td style=\"width: 17.8794%;\">4<\/td>\n<\/tr>\n<tr>\n<td style=\"width: 65.4063%;\">M\u00f2dul 13: Angl\u00e8s t\u00e8cnic<\/td>\n<td style=\"width: 9.96369%;\">99<\/td>\n<td style=\"width: 17.8794%;\">3<\/td>\n<\/tr>\n<tr>\n<td style=\"width: 65.4063%;\">M\u00f2dul 14: Projecte d\u2019educaci\u00f3 i control ambiental<\/td>\n<td style=\"width: 9.96369%;\">264<\/td>\n<td style=\"width: 17.8794%;\">8<\/td>\n<\/tr>\n<tr>\n<td style=\"width: 65.4063%;\">Tutoria<\/td>\n<td style=\"width: 9.96369%;\"><\/td>\n<td style=\"width: 17.8794%;\">1<\/td>\n<\/tr>\n<tr>\n<td style=\"width: 65.4063%; text-align: right;\"><strong>TOTAL (HORES)<\/strong><\/td>\n<td style=\"width: 9.96369%;\">990<\/td>\n<td style=\"width: 17.8794%;\">31<\/td>\n<\/tr>\n<\/tbody>\n<\/table>\n<p>&nbsp;<\/p>\n<p><strong>Sortides professionals<\/strong><\/p>\n<ul>\n<li>Educador ambiental<\/li>\n<li>Informador ambiental<\/li>\n<li>Monitor d&#8217;educaci\u00f3 ambiental<\/li>\n<li>Documentalista ambiental<\/li>\n<li>Guia ambiental<\/li>\n<li>Programador d&#8217; activitats ambientals<\/li>\n<li>Monitor de campanyes ambientals<\/li>\n<li>Guia-int\u00e8rpret del patrimoni natural<\/li>\n<li>Professional del servei de gesti\u00f3 ambiental<\/li>\n<li>T\u00e8cnic en control d&#8217;espais naturals<\/li>\n<li>Monitor de natura<\/li>\n<li>Agent mediambiental o similar<\/li>\n<li>Monitor d&#8217;equipaments ambientals<\/li>\n<\/ul>\n<p><strong>Tutors<\/strong><\/p>\n<p><strong>2n CFGS Medi Ambient<\/strong>: Marc Ricart<\/p>\n","protected":false},"excerpt":{"rendered":"<p>GRAU SUPERIOR- Educaci\u00f3 i control ambiental Durada Durada: 1 Curs acad\u00e8mic si s&#8217;han aprovat el 60% dels continguts del segon curs del CFGS Gesti\u00f3 forestal i conservaci\u00f3 del medi natural. Formaci\u00f3 en el centre de treball: 383 h. Acc\u00e9s T\u00edtol de Batxiller T\u00e8cnic (FP-2) o equivalent Mitjan\u00e7ant curs pont Curr\u00edculum Si vols saber els continguts [&hellip;]<\/p>\n","protected":false},"author":23,"featured_media":0,"parent":1308,"menu_order":0,"comment_status":"closed","ping_status":"closed","template":"","meta":{"_bbp_topic_count":0,"_bbp_reply_count":0,"_bbp_total_topic_count":0,"_bbp_total_reply_count":0,"_bbp_voice_count":0,"_bbp_anonymous_reply_count":0,"_bbp_topic_count_hidden":0,"_bbp_reply_count_hidden":0,"_bbp_forum_subforum_count":0,"site-sidebar-layout":"default","site-content-layout":"","ast-site-content-layout":"default","site-content-style":"default","site-sidebar-style":"default","ast-global-header-display":"","ast-banner-title-visibility":"","ast-main-header-display":"","ast-hfb-above-header-display":"","ast-hfb-below-header-display":"","ast-hfb-mobile-header-display":"","site-post-title":"","ast-breadcrumbs-content":"","ast-featured-img":"","footer-sml-layout":"","theme-transparent-header-meta":"default","adv-header-id-meta":"","stick-header-meta":"","header-above-stick-meta":"","header-main-stick-meta":"","header-below-stick-meta":"","astra-migrate-meta-layouts":"set","ast-page-background-enabled":"default","ast-page-background-meta":{"desktop":{"background-color":"var(--ast-global-color-4)","background-image":"","background-repeat":"repeat","background-position":"center center","background-size":"auto","background-attachment":"scroll","background-type":"","background-media":"","overlay-type":"","overlay-color":"","overlay-opacity":"","overlay-gradient":""},"tablet":{"background-color":"","background-image":"","background-repeat":"repeat","background-position":"center center","background-size":"auto","background-attachment":"scroll","background-type":"","background-media":"","overlay-type":"","overlay-color":"","overlay-opacity":"","overlay-gradient":""},"mobile":{"background-color":"","background-image":"","background-repeat":"repeat","background-position":"center center","background-size":"auto","background-attachment":"scroll","background-type":"","background-media":"","overlay-type":"","overlay-color":"","overlay-opacity":"","overlay-gradient":""}},"ast-content-background-meta":{"desktop":{"background-color":"var(--ast-global-color-5)","background-image":"","background-repeat":"repeat","background-position":"center center","background-size":"auto","background-attachment":"scroll","background-type":"","background-media":"","overlay-type":"","overlay-color":"","overlay-opacity":"","overlay-gradient":""},"tablet":{"background-color":"var(--ast-global-color-5)","background-image":"","background-repeat":"repeat","background-position":"center center","background-size":"auto","background-attachment":"scroll","background-type":"","background-media":"","overlay-type":"","overlay-color":"","overlay-opacity":"","overlay-gradient":""},"mobile":{"background-color":"var(--ast-global-color-5)","background-image":"","background-repeat":"repeat","background-position":"center center","background-size":"auto","background-attachment":"scroll","background-type":"","background-media":"","overlay-type":"","overlay-color":"","overlay-opacity":"","overlay-gradient":""}},"footnotes":""},"class_list":["post-5750","page","type-page","status-publish","hentry"],"post_mailing_queue_ids":[],"_links":{"self":[{"href":"https:\/\/agora.xtec.cat\/iespontdesuert\/wp-json\/wp\/v2\/pages\/5750","targetHints":{"allow":["GET"]}}],"collection":[{"href":"https:\/\/agora.xtec.cat\/iespontdesuert\/wp-json\/wp\/v2\/pages"}],"about":[{"href":"https:\/\/agora.xtec.cat\/iespontdesuert\/wp-json\/wp\/v2\/types\/page"}],"author":[{"embeddable":true,"href":"https:\/\/agora.xtec.cat\/iespontdesuert\/wp-json\/wp\/v2\/users\/23"}],"replies":[{"embeddable":true,"href":"https:\/\/agora.xtec.cat\/iespontdesuert\/wp-json\/wp\/v2\/comments?post=5750"}],"version-history":[{"count":3,"href":"https:\/\/agora.xtec.cat\/iespontdesuert\/wp-json\/wp\/v2\/pages\/5750\/revisions"}],"predecessor-version":[{"id":6374,"href":"https:\/\/agora.xtec.cat\/iespontdesuert\/wp-json\/wp\/v2\/pages\/5750\/revisions\/6374"}],"up":[{"embeddable":true,"href":"https:\/\/agora.xtec.cat\/iespontdesuert\/wp-json\/wp\/v2\/pages\/1308"}],"wp:attachment":[{"href":"https:\/\/agora.xtec.cat\/iespontdesuert\/wp-json\/wp\/v2\/media?parent=5750"}],"curies":[{"name":"wp","href":"https:\/\/api.w.org\/{rel}","templated":true}]}}