{"id":57,"date":"2014-09-17T17:01:07","date_gmt":"2014-09-17T17:01:07","guid":{"rendered":"http:\/\/agora.xtec.cat\/iespontdesuert\/?page_id=57"},"modified":"2021-02-02T09:36:18","modified_gmt":"2021-02-02T08:36:18","slug":"projecte-educatiu","status":"publish","type":"page","link":"https:\/\/agora.xtec.cat\/iespontdesuert\/projecte-educatiu\/","title":{"rendered":"Projectes de Centre"},"content":{"rendered":"<p style=\"text-align: justify;\">L\u2019Institut El Pont de Suert \u00e9s un centre escolar p\u00fablic del Departament d\u2019Educaci\u00f3 de la Generalitat de Catalunya.<\/p>\n<p style=\"text-align: justify;\">En aquest Projecte Educatiu de Centre es troben reflectits els trets d\u2019identitat, la formulaci\u00f3 d\u2019objectius, l\u2019expressi\u00f3 de l\u2019estructura organitzativa i el tractament de les lleng\u00fces de l\u2019Institut. El Projecte estableix les l\u00ednies d\u2019actuaci\u00f3 per a tots els membres de la nostra comunitat educativa i \u00e9s, alhora, el comprom\u00eds del nostre institut amb la societat. En aquest sentit, s\u2019erigeix com a l\u2019instrument necessari per exercir l\u2019autonomia del centre.<\/p>\n<p style=\"text-align: justify;\">Els eixos que han guiat i orientat la concreci\u00f3 d\u2019aquest Projecte Educatiu han estat, d\u2019una banda, la gran experi\u00e8ncia acumulada al llarg dels anys de vida acad\u00e8mica (l\u2019IES Pont de Suert es va crear l\u2019any 1985), i de l\u2019altra, la voluntat de millora de la qualitat de la nostra tasca docent.<\/p>\n<p style=\"text-align: justify;\">L\u2019elaboraci\u00f3 del PEC correspon a l\u2019Equip Directiu, d\u2019acord amb les propostes del Claustre i els criteris establerts pel Consell Escolar que \u00e9s l\u2019\u00f2rgan que finalment l\u2019ha d\u2019aprovar. Tot i els principis de continu\u00eftat i estabilitat, el PEC \u00e9s un document obert a modificacions futures i a noves aportacions, per\u00f2 sense que suposin un canvi significatiu dels seus principis generals.<\/p>\n<p style=\"text-align: justify;\">\u00c9s deure de l\u2019Equip Directiu donar-lo a con\u00e8ixer i fomentar-ne la difusi\u00f3 entre la comunitat educativa.<\/p>\n<p style=\"text-align: justify;\">L\u2019Institut El Pont de Suert t\u00e9 com a objectiu fonamental ser un centre educatiu de qualitat, amb voluntat d&#8217;innovaci\u00f3 i millora cont\u00ednua, adaptat a les peculiaritats del seu entorn i de refer\u00e8ncia a la comarca.<\/p>\n<p style=\"text-align: justify;\"><a href=\"http:\/\/agora.xtec.cat\/iespontdesuert\/wp-content\/uploads\/usu1633\/2014\/09\/projecte_educatiu_centre.pdf\" target=\"_blank\" rel=\"noopener noreferrer\">Document complet del Projecte Educatiu de Centre<\/a><\/p>\n","protected":false},"excerpt":{"rendered":"<p>L\u2019Institut El Pont de Suert \u00e9s un centre escolar p\u00fablic del Departament d\u2019Educaci\u00f3 de la Generalitat de Catalunya. En aquest Projecte Educatiu de Centre es troben reflectits els trets d\u2019identitat, la formulaci\u00f3 d\u2019objectius, l\u2019expressi\u00f3 de l\u2019estructura organitzativa i el tractament de les lleng\u00fces de l\u2019Institut. El Projecte estableix les l\u00ednies d\u2019actuaci\u00f3 per a tots els [&hellip;]<\/p>\n","protected":false},"author":1,"featured_media":0,"parent":0,"menu_order":0,"comment_status":"closed","ping_status":"closed","template":"page-templates\/side-menu.php","meta":{"_bbp_topic_count":0,"_bbp_reply_count":0,"_bbp_total_topic_count":0,"_bbp_total_reply_count":0,"_bbp_voice_count":0,"_bbp_anonymous_reply_count":0,"_bbp_topic_count_hidden":0,"_bbp_reply_count_hidden":0,"_bbp_forum_subforum_count":0,"site-sidebar-layout":"default","site-content-layout":"","ast-site-content-layout":"","site-content-style":"default","site-sidebar-style":"default","ast-global-header-display":"","ast-banner-title-visibility":"","ast-main-header-display":"","ast-hfb-above-header-display":"","ast-hfb-below-header-display":"","ast-hfb-mobile-header-display":"","site-post-title":"","ast-breadcrumbs-content":"","ast-featured-img":"","footer-sml-layout":"","theme-transparent-header-meta":"","adv-header-id-meta":"","stick-header-meta":"","header-above-stick-meta":"","header-main-stick-meta":"","header-below-stick-meta":"","astra-migrate-meta-layouts":"default","ast-page-background-enabled":"default","ast-page-background-meta":{"desktop":{"background-color":"var(--ast-global-color-4)","background-image":"","background-repeat":"repeat","background-position":"center center","background-size":"auto","background-attachment":"scroll","background-type":"","background-media":"","overlay-type":"","overlay-color":"","overlay-opacity":"","overlay-gradient":""},"tablet":{"background-color":"","background-image":"","background-repeat":"repeat","background-position":"center center","background-size":"auto","background-attachment":"scroll","background-type":"","background-media":"","overlay-type":"","overlay-color":"","overlay-opacity":"","overlay-gradient":""},"mobile":{"background-color":"","background-image":"","background-repeat":"repeat","background-position":"center center","background-size":"auto","background-attachment":"scroll","background-type":"","background-media":"","overlay-type":"","overlay-color":"","overlay-opacity":"","overlay-gradient":""}},"ast-content-background-meta":{"desktop":{"background-color":"var(--ast-global-color-5)","background-image":"","background-repeat":"repeat","background-position":"center center","background-size":"auto","background-attachment":"scroll","background-type":"","background-media":"","overlay-type":"","overlay-color":"","overlay-opacity":"","overlay-gradient":""},"tablet":{"background-color":"var(--ast-global-color-5)","background-image":"","background-repeat":"repeat","background-position":"center center","background-size":"auto","background-attachment":"scroll","background-type":"","background-media":"","overlay-type":"","overlay-color":"","overlay-opacity":"","overlay-gradient":""},"mobile":{"background-color":"var(--ast-global-color-5)","background-image":"","background-repeat":"repeat","background-position":"center center","background-size":"auto","background-attachment":"scroll","background-type":"","background-media":"","overlay-type":"","overlay-color":"","overlay-opacity":"","overlay-gradient":""}},"footnotes":""},"class_list":["post-57","page","type-page","status-publish","hentry"],"post_mailing_queue_ids":[],"_links":{"self":[{"href":"https:\/\/agora.xtec.cat\/iespontdesuert\/wp-json\/wp\/v2\/pages\/57","targetHints":{"allow":["GET"]}}],"collection":[{"href":"https:\/\/agora.xtec.cat\/iespontdesuert\/wp-json\/wp\/v2\/pages"}],"about":[{"href":"https:\/\/agora.xtec.cat\/iespontdesuert\/wp-json\/wp\/v2\/types\/page"}],"author":[{"embeddable":true,"href":"https:\/\/agora.xtec.cat\/iespontdesuert\/wp-json\/wp\/v2\/users\/1"}],"replies":[{"embeddable":true,"href":"https:\/\/agora.xtec.cat\/iespontdesuert\/wp-json\/wp\/v2\/comments?post=57"}],"version-history":[{"count":3,"href":"https:\/\/agora.xtec.cat\/iespontdesuert\/wp-json\/wp\/v2\/pages\/57\/revisions"}],"predecessor-version":[{"id":3891,"href":"https:\/\/agora.xtec.cat\/iespontdesuert\/wp-json\/wp\/v2\/pages\/57\/revisions\/3891"}],"wp:attachment":[{"href":"https:\/\/agora.xtec.cat\/iespontdesuert\/wp-json\/wp\/v2\/media?parent=57"}],"curies":[{"name":"wp","href":"https:\/\/api.w.org\/{rel}","templated":true}]}}