{"id":5648,"date":"2023-10-23T15:40:12","date_gmt":"2023-10-23T13:40:12","guid":{"rendered":"https:\/\/agora.xtec.cat\/iespontdesuert\/?page_id=5648"},"modified":"2023-10-23T15:40:12","modified_gmt":"2023-10-23T13:40:12","slug":"avaluacio-de-la-competencia-digital-de-lalumnat","status":"publish","type":"page","link":"https:\/\/agora.xtec.cat\/iespontdesuert\/linstitut\/estrategia-digital-de-centre\/avaluacio-de-la-competencia-digital-de-lalumnat\/","title":{"rendered":"Avaluaci\u00f3 de la compet\u00e8ncia digital de l&#8217;alumnat"},"content":{"rendered":"<ul style=\"list-style-type: square;\">\n<li>Avaluaci\u00f3 CDA . Distribuci\u00f3 continguts clau per cursos i \u00e0mbits\u00a0 + seq\u00fcenciaci\u00f3 (en construcci\u00f3)<\/li>\n<li><a href=\"https:\/\/docs.google.com\/presentation\/d\/1pS1PXN5zZZeymeIX0EWDQLYqBS0mvGFp8CJDVHWNraU\/edit?usp=sharing\">C<\/a><a href=\"https:\/\/docs.google.com\/presentation\/d\/1pS1PXN5zZZeymeIX0EWDQLYqBS0mvGFp8CJDVHWNraU\/edit?usp=sharing\">om dissenyar una bona presentaci\u00f3 amb diapositives<\/a><\/li>\n<li><a href=\"https:\/\/docs.google.com\/document\/d\/1qmHi4RRSEgvQlQpvUg3S7z-jJ0-E-bo-IMtlqdulKsk\/edit?usp=sharing\">Com dissenyar una bona infografia<\/a><\/li>\n<li>Processador de text. Proposta de distribuci\u00f3 de continguts per nivells a\u00a0 l\u2019ESO (en revisi\u00f3)<\/li>\n<li>Full de c\u00e0lcul. Proposta de distribuci\u00f3 de continguts per nivells a l\u2019ESO (en revisi\u00f3)<\/li>\n<li>Carpeta d&#8217;aprenentatge. Model com\u00fa\u00a0 (en revisi\u00f3)<\/li>\n<\/ul>\n","protected":false},"excerpt":{"rendered":"<p>Avaluaci\u00f3 CDA . Distribuci\u00f3 continguts clau per cursos i \u00e0mbits\u00a0 + seq\u00fcenciaci\u00f3 (en construcci\u00f3) Com dissenyar una bona presentaci\u00f3 amb diapositives Com dissenyar una bona infografia Processador de text. Proposta de distribuci\u00f3 de continguts per nivells a\u00a0 l\u2019ESO (en revisi\u00f3) Full de c\u00e0lcul. Proposta de distribuci\u00f3 de continguts per nivells a l\u2019ESO (en revisi\u00f3) Carpeta [&hellip;]<\/p>\n","protected":false},"author":23,"featured_media":0,"parent":4402,"menu_order":0,"comment_status":"closed","ping_status":"closed","template":"","meta":{"_bbp_topic_count":0,"_bbp_reply_count":0,"_bbp_total_topic_count":0,"_bbp_total_reply_count":0,"_bbp_voice_count":0,"_bbp_anonymous_reply_count":0,"_bbp_topic_count_hidden":0,"_bbp_reply_count_hidden":0,"_bbp_forum_subforum_count":0,"site-sidebar-layout":"default","site-content-layout":"","ast-site-content-layout":"","site-content-style":"default","site-sidebar-style":"default","ast-global-header-display":"","ast-banner-title-visibility":"","ast-main-header-display":"","ast-hfb-above-header-display":"","ast-hfb-below-header-display":"","ast-hfb-mobile-header-display":"","site-post-title":"","ast-breadcrumbs-content":"","ast-featured-img":"","footer-sml-layout":"","theme-transparent-header-meta":"","adv-header-id-meta":"","stick-header-meta":"","header-above-stick-meta":"","header-main-stick-meta":"","header-below-stick-meta":"","astra-migrate-meta-layouts":"default","ast-page-background-enabled":"default","ast-page-background-meta":{"desktop":{"background-color":"var(--ast-global-color-4)","background-image":"","background-repeat":"repeat","background-position":"center center","background-size":"auto","background-attachment":"scroll","background-type":"","background-media":"","overlay-type":"","overlay-color":"","overlay-opacity":"","overlay-gradient":""},"tablet":{"background-color":"","background-image":"","background-repeat":"repeat","background-position":"center center","background-size":"auto","background-attachment":"scroll","background-type":"","background-media":"","overlay-type":"","overlay-color":"","overlay-opacity":"","overlay-gradient":""},"mobile":{"background-color":"","background-image":"","background-repeat":"repeat","background-position":"center center","background-size":"auto","background-attachment":"scroll","background-type":"","background-media":"","overlay-type":"","overlay-color":"","overlay-opacity":"","overlay-gradient":""}},"ast-content-background-meta":{"desktop":{"background-color":"var(--ast-global-color-5)","background-image":"","background-repeat":"repeat","background-position":"center center","background-size":"auto","background-attachment":"scroll","background-type":"","background-media":"","overlay-type":"","overlay-color":"","overlay-opacity":"","overlay-gradient":""},"tablet":{"background-color":"var(--ast-global-color-5)","background-image":"","background-repeat":"repeat","background-position":"center center","background-size":"auto","background-attachment":"scroll","background-type":"","background-media":"","overlay-type":"","overlay-color":"","overlay-opacity":"","overlay-gradient":""},"mobile":{"background-color":"var(--ast-global-color-5)","background-image":"","background-repeat":"repeat","background-position":"center center","background-size":"auto","background-attachment":"scroll","background-type":"","background-media":"","overlay-type":"","overlay-color":"","overlay-opacity":"","overlay-gradient":""}},"footnotes":""},"class_list":["post-5648","page","type-page","status-publish","hentry"],"post_mailing_queue_ids":[],"_links":{"self":[{"href":"https:\/\/agora.xtec.cat\/iespontdesuert\/wp-json\/wp\/v2\/pages\/5648","targetHints":{"allow":["GET"]}}],"collection":[{"href":"https:\/\/agora.xtec.cat\/iespontdesuert\/wp-json\/wp\/v2\/pages"}],"about":[{"href":"https:\/\/agora.xtec.cat\/iespontdesuert\/wp-json\/wp\/v2\/types\/page"}],"author":[{"embeddable":true,"href":"https:\/\/agora.xtec.cat\/iespontdesuert\/wp-json\/wp\/v2\/users\/23"}],"replies":[{"embeddable":true,"href":"https:\/\/agora.xtec.cat\/iespontdesuert\/wp-json\/wp\/v2\/comments?post=5648"}],"version-history":[{"count":1,"href":"https:\/\/agora.xtec.cat\/iespontdesuert\/wp-json\/wp\/v2\/pages\/5648\/revisions"}],"predecessor-version":[{"id":5649,"href":"https:\/\/agora.xtec.cat\/iespontdesuert\/wp-json\/wp\/v2\/pages\/5648\/revisions\/5649"}],"up":[{"embeddable":true,"href":"https:\/\/agora.xtec.cat\/iespontdesuert\/wp-json\/wp\/v2\/pages\/4402"}],"wp:attachment":[{"href":"https:\/\/agora.xtec.cat\/iespontdesuert\/wp-json\/wp\/v2\/media?parent=5648"}],"curies":[{"name":"wp","href":"https:\/\/api.w.org\/{rel}","templated":true}]}}