{"id":49,"date":"2019-01-17T16:55:55","date_gmt":"2019-01-17T15:55:55","guid":{"rendered":"http:\/\/agora.xtec.cat\/iespontdesuert\/?page_id=49"},"modified":"2026-02-25T12:13:41","modified_gmt":"2026-02-25T11:13:41","slug":"normes-i-funcionament","status":"publish","type":"page","link":"https:\/\/agora.xtec.cat\/iespontdesuert\/linstitut\/normes-i-funcionament\/","title":{"rendered":"Documents de Centre"},"content":{"rendered":"<p><a href=\"https:\/\/drive.google.com\/file\/d\/1Z0x8d6-DwYuhwR3gkCxPYMuHl7-BoovS\/view?usp=sharing\">NOFC &#8211; Normes i organitzaci\u00f3 de l&#8217;Institut El Pont de Suert (document pendent d&#8217;actualitzar)<\/a><\/p>\n<p><a href=\"https:\/\/drive.google.com\/file\/d\/1wXnjh0kF6vO7WeXfIK-gc6IVO8dsNBWj\/view?usp=share_link\">PROJECTE EDUCATIU DE CENTRE<\/a><\/p>\n<p><a href=\"https:\/\/drive.google.com\/file\/d\/1rRNgQtVlL60Uvqp8nVzEoeB_W_z_0qP8\/view?usp=sharing\">PLA D&#8217;EMERG\u00c8NCIA <\/a><\/p>\n<p><a href=\"http:\/\/agora.xtec.cat\/iespontdesuert\/wp-content\/uploads\/usu1633\/2017\/04\/projectelingcentre.pdf\" target=\"_blank\" rel=\"noopener noreferrer\">Projecte ling\u00fc\u00edstic de l&#8217;Institut El Pont de Suert<\/a> (pendent d&#8217;actualitzar)<\/p>\n<p><a href=\"https:\/\/agora.xtec.cat\/iespontdesuert\/wp-content\/uploads\/usu1633\/2024\/09\/Actualitzacio-Projecte-de-Direccio-2024_28.pdf\">Actualitzaci\u00f3 Projecte de Direcci\u00f3 2024_28<\/a><\/p>\n<p><a href=\"https:\/\/drive.google.com\/file\/d\/1FgstSpVphcqloCmvuSylW3vWZgzWKwOl\/view?usp=drive_link\">Projecte esportiu de Centre<\/a><\/p>\n<p>&nbsp;<\/p>\n<p>&nbsp;<\/p>\n","protected":false},"excerpt":{"rendered":"<p>NOFC &#8211; Normes i organitzaci\u00f3 de l&#8217;Institut El Pont de Suert (document pendent d&#8217;actualitzar) PROJECTE EDUCATIU DE CENTRE PLA D&#8217;EMERG\u00c8NCIA Projecte ling\u00fc\u00edstic de l&#8217;Institut El Pont de Suert (pendent d&#8217;actualitzar) Actualitzaci\u00f3 Projecte de Direcci\u00f3 2024_28 Projecte esportiu de Centre &nbsp; &nbsp;<\/p>\n","protected":false},"author":1,"featured_media":0,"parent":19,"menu_order":60,"comment_status":"closed","ping_status":"closed","template":"","meta":{"_bbp_topic_count":0,"_bbp_reply_count":0,"_bbp_total_topic_count":0,"_bbp_total_reply_count":0,"_bbp_voice_count":0,"_bbp_anonymous_reply_count":0,"_bbp_topic_count_hidden":0,"_bbp_reply_count_hidden":0,"_bbp_forum_subforum_count":0,"site-sidebar-layout":"default","site-content-layout":"","ast-site-content-layout":"default","site-content-style":"default","site-sidebar-style":"default","ast-global-header-display":"","ast-banner-title-visibility":"","ast-main-header-display":"","ast-hfb-above-header-display":"","ast-hfb-below-header-display":"","ast-hfb-mobile-header-display":"","site-post-title":"","ast-breadcrumbs-content":"","ast-featured-img":"","footer-sml-layout":"","theme-transparent-header-meta":"default","adv-header-id-meta":"","stick-header-meta":"","header-above-stick-meta":"","header-main-stick-meta":"","header-below-stick-meta":"","astra-migrate-meta-layouts":"set","ast-page-background-enabled":"default","ast-page-background-meta":{"desktop":{"background-color":"var(--ast-global-color-4)","background-image":"","background-repeat":"repeat","background-position":"center center","background-size":"auto","background-attachment":"scroll","background-type":"","background-media":"","overlay-type":"","overlay-color":"","overlay-opacity":"","overlay-gradient":""},"tablet":{"background-color":"","background-image":"","background-repeat":"repeat","background-position":"center center","background-size":"auto","background-attachment":"scroll","background-type":"","background-media":"","overlay-type":"","overlay-color":"","overlay-opacity":"","overlay-gradient":""},"mobile":{"background-color":"","background-image":"","background-repeat":"repeat","background-position":"center center","background-size":"auto","background-attachment":"scroll","background-type":"","background-media":"","overlay-type":"","overlay-color":"","overlay-opacity":"","overlay-gradient":""}},"ast-content-background-meta":{"desktop":{"background-color":"var(--ast-global-color-5)","background-image":"","background-repeat":"repeat","background-position":"center center","background-size":"auto","background-attachment":"scroll","background-type":"","background-media":"","overlay-type":"","overlay-color":"","overlay-opacity":"","overlay-gradient":""},"tablet":{"background-color":"var(--ast-global-color-5)","background-image":"","background-repeat":"repeat","background-position":"center center","background-size":"auto","background-attachment":"scroll","background-type":"","background-media":"","overlay-type":"","overlay-color":"","overlay-opacity":"","overlay-gradient":""},"mobile":{"background-color":"var(--ast-global-color-5)","background-image":"","background-repeat":"repeat","background-position":"center center","background-size":"auto","background-attachment":"scroll","background-type":"","background-media":"","overlay-type":"","overlay-color":"","overlay-opacity":"","overlay-gradient":""}},"footnotes":""},"class_list":["post-49","page","type-page","status-publish","hentry"],"post_mailing_queue_ids":[],"_links":{"self":[{"href":"https:\/\/agora.xtec.cat\/iespontdesuert\/wp-json\/wp\/v2\/pages\/49","targetHints":{"allow":["GET"]}}],"collection":[{"href":"https:\/\/agora.xtec.cat\/iespontdesuert\/wp-json\/wp\/v2\/pages"}],"about":[{"href":"https:\/\/agora.xtec.cat\/iespontdesuert\/wp-json\/wp\/v2\/types\/page"}],"author":[{"embeddable":true,"href":"https:\/\/agora.xtec.cat\/iespontdesuert\/wp-json\/wp\/v2\/users\/1"}],"replies":[{"embeddable":true,"href":"https:\/\/agora.xtec.cat\/iespontdesuert\/wp-json\/wp\/v2\/comments?post=49"}],"version-history":[{"count":9,"href":"https:\/\/agora.xtec.cat\/iespontdesuert\/wp-json\/wp\/v2\/pages\/49\/revisions"}],"predecessor-version":[{"id":6378,"href":"https:\/\/agora.xtec.cat\/iespontdesuert\/wp-json\/wp\/v2\/pages\/49\/revisions\/6378"}],"up":[{"embeddable":true,"href":"https:\/\/agora.xtec.cat\/iespontdesuert\/wp-json\/wp\/v2\/pages\/19"}],"wp:attachment":[{"href":"https:\/\/agora.xtec.cat\/iespontdesuert\/wp-json\/wp\/v2\/media?parent=49"}],"curies":[{"name":"wp","href":"https:\/\/api.w.org\/{rel}","templated":true}]}}