{"id":46,"date":"2014-09-17T16:53:45","date_gmt":"2014-09-17T16:53:45","guid":{"rendered":"http:\/\/agora.xtec.cat\/iespontdesuert\/?page_id=46"},"modified":"2025-09-22T19:43:48","modified_gmt":"2025-09-22T17:43:48","slug":"organigrama","status":"publish","type":"page","link":"https:\/\/agora.xtec.cat\/iespontdesuert\/linstitut\/organigrama\/","title":{"rendered":"Organigrama"},"content":{"rendered":"<p><strong>EQUIP DIRECTIU<\/strong><\/p>\n<table style=\"height: 241px; width: 575px;\" border=\"0\">\n<tbody>\n<tr>\n<td class=\"Estilo25\" style=\"width: 268px;\" bgcolor=\"#CCCCCC\" height=\"50\">DIRECTORA<\/td>\n<td class=\"Estilo25\" style=\"width: 276px;\" bgcolor=\"#FFFFFF\" height=\"50\">Ariadna Garcia<\/td>\n<\/tr>\n<tr>\n<td class=\"Estilo25\" style=\"width: 268px;\" bgcolor=\"#CCCCCC\" height=\"50\">CAP D&#8217;ESTUDIS<\/td>\n<td class=\"Estilo25\" style=\"width: 276px;\" bgcolor=\"#FFFFFF\" height=\"50\">Katerina Badia<\/td>\n<\/tr>\n<tr>\n<td class=\"Estilo25\" style=\"width: 268px;\" bgcolor=\"#CCCCCC\" height=\"50\">CAP D&#8217;ESTUDIS ADJUNT<\/td>\n<td class=\"Estilo25\" style=\"width: 276px;\" bgcolor=\"#FFFFFF\" height=\"50\">Jordi Soria<\/td>\n<\/tr>\n<tr>\n<td class=\"Estilo25\" style=\"width: 268px;\" bgcolor=\"#CCCCCC\" height=\"50\">COORDINADORA PEDAG\u00d2GICA<\/td>\n<td class=\"Estilo25\" style=\"width: 276px;\" bgcolor=\"#FFFFFF\" height=\"50\">Olga Ciutat<\/td>\n<\/tr>\n<tr>\n<td class=\"Estilo25\" style=\"width: 268px;\" bgcolor=\"#CCCCCC\" height=\"50\">SECRETARIA<\/td>\n<td class=\"Estilo25\" style=\"width: 276px;\" bgcolor=\"#FFFFFF\" height=\"50\">Laia Pueyo<\/td>\n<\/tr>\n<\/tbody>\n<\/table>\n<p>&nbsp;<\/p>\n<p><strong>CLAUSTRE<\/strong><\/p>\n<table style=\"height: 638px; width: 81.2032%;\">\n<tbody>\n<tr style=\"height: 48px;\">\n<td style=\"width: 21.875%; height: 48px;\"><strong>Llengua Catalana<\/strong><\/td>\n<td style=\"width: 82.945%; height: 48px;\">J\u00falia Moya, Rosa Noray, Gemma Moln\u00e9<\/td>\n<\/tr>\n<tr style=\"height: 64px;\">\n<td style=\"width: 21.875%; height: 64px;\"><strong>Llengua Castellana i Cl\u00e0ssiques<\/strong><\/td>\n<td style=\"width: 82.945%; height: 64px;\">Clara Feria, Miguel Mac\u00edas<\/td>\n<\/tr>\n<tr style=\"height: 48px;\">\n<td style=\"width: 21.875%; height: 48px;\"><strong>Llengua Estrangera<\/strong><\/td>\n<td style=\"width: 82.945%; height: 48px;\">Maria Ferrer, Lourdes Casals, \u00c8lia Erta, Bouchra Douiri,\u00a0Ester Grau<\/td>\n<\/tr>\n<tr style=\"height: 32px;\">\n<td style=\"width: 21.875%; height: 32px;\"><strong>Matem\u00e0tiques<\/strong><\/td>\n<td style=\"width: 82.945%; height: 32px;\">Anna Seluy, Laia Pueyo, Xavier Roca<\/td>\n<\/tr>\n<tr style=\"height: 32px;\">\n<td style=\"width: 21.875%; height: 32px;\"><strong>Tecnologia<\/strong><\/td>\n<td style=\"width: 82.945%; height: 32px;\">Dolors Pifarr\u00e9, Edu Tudel, Susanna Garrido<\/td>\n<\/tr>\n<tr style=\"height: 48px;\">\n<td style=\"width: 21.875%; height: 48px;\"><strong>Ci\u00e8ncies Naturals<\/strong><\/td>\n<td style=\"width: 82.945%; height: 48px;\">Ester Parache, Katerina Badia, Olga Ciutat, Cristian Fondevilla, Roser Salas<\/td>\n<\/tr>\n<tr style=\"height: 80px;\">\n<td style=\"width: 21.875%; height: 80px;\"><strong>Ci\u00e8ncies Socials, Filosofia i Religi\u00f3<\/strong><\/td>\n<td style=\"width: 82.945%; height: 80px;\">Quim Roy, Rosa-Aitana Guivernau, Regina Pall\u00e0s i Roger S\u00e0nchez<\/td>\n<\/tr>\n<tr style=\"height: 32px;\">\n<td style=\"width: 21.875%; height: 32px;\"><strong>Expressi\u00f3<\/strong><\/td>\n<td style=\"width: 82.945%; height: 32px;\">Ariadna Garcia, Edison Montava, Anna Quintana, Juli Carrion I Gregorio Castro<\/td>\n<\/tr>\n<tr style=\"height: 96px;\">\n<td style=\"width: 21.875%; height: 96px;\"><strong>Orientaci\u00f3 educativa<\/strong><\/td>\n<td style=\"width: 82.945%; height: 96px;\">Verena Viaene, Anna Batlle, Martina Mart\u00ed<\/p>\n<p>Educadora d&#8217;educaci\u00f3 especial : J\u00falia Serret<\/td>\n<\/tr>\n<tr style=\"height: 48px;\">\n<td style=\"width: 21.875%; height: 48px;\"><strong>Educaci\u00f3 f\u00edsica i Neu<\/strong><\/td>\n<td style=\"width: 82.945%; height: 48px;\">Josep Castanera, Berta Terr\u00e9s, Carla Vigo, Sonia Faure<\/td>\n<\/tr>\n<tr style=\"height: 64px;\">\n<td style=\"width: 21.875%; height: 64px;\"><strong>Forestals i Medi Natural<\/strong><\/td>\n<td style=\"width: 82.945%; height: 64px;\">Javier Piqu\u00e9, S\u00f2nia Mart\u00ed, Esperan\u00e7a Florit, Marc Ricart,\u00a0Eva Jord\u00e0, N\u00faria Nieto, G\u00e9raldine Granier, Jordi Soria, Alex Doste , Lidia Fernandez i Sonia Faure<\/td>\n<\/tr>\n<tr style=\"height: 46px;\">\n<td style=\"width: 21.875%; height: 46px;\"><strong>PFI<\/strong><\/td>\n<td style=\"width: 82.945%; height: 46px;\">Elena Mur i \u00c8lia Pifarr\u00e9<\/td>\n<\/tr>\n<\/tbody>\n<\/table>\n<p><strong>COORDINADORS I COMISSIONS<\/strong><\/p>\n<p><strong><span class=\"Estilo70\">Coordinadors\/es:<\/span><\/strong><\/p>\n<table style=\"height: 535px; width: 72.7573%;\" cellspacing=\"4\">\n<tbody>\n<tr style=\"height: 60px;\">\n<td class=\"Estilo25\" style=\"width: 212.683px; height: 60px;\" bgcolor=\"#CCCCCC\" height=\"60\">ACTIVITATS I SERVEIS ESCOLARS<\/td>\n<td class=\"Estilo25\" style=\"width: 315.317px; height: 60px;\" bgcolor=\"#FFFFFF\" height=\"60\">Edison Montava<\/td>\n<\/tr>\n<tr style=\"height: 60px;\">\n<td class=\"Estilo25\" style=\"width: 212.683px; height: 60px;\" bgcolor=\"#CCCCCC\" height=\"60\">CICLES<\/td>\n<td class=\"Estilo25\" style=\"width: 315.317px; height: 60px;\" bgcolor=\"#FFFFFF\" height=\"60\">Esperan\u00e7a Florit<\/td>\n<\/tr>\n<tr style=\"height: 60px;\">\n<td class=\"Estilo25\" style=\"width: 212.683px; height: 60px;\" bgcolor=\"#CCCCCC\" height=\"60\">MANTENIMENT<\/td>\n<td class=\"Estilo25\" style=\"width: 315.317px; height: 60px;\" bgcolor=\"#FFFFFF\" height=\"60\">Josep Castanera<\/td>\n<\/tr>\n<tr style=\"height: 60px;\">\n<td class=\"Estilo25\" style=\"width: 212.683px; height: 60px;\" bgcolor=\"#CCCCCC\" height=\"60\">RISCOS LABORALS<\/td>\n<td class=\"Estilo25\" style=\"width: 315.317px; height: 60px;\" bgcolor=\"#FFFFFF\" height=\"60\">Creixell Escoda<\/td>\n<\/tr>\n<tr style=\"height: 60px;\">\n<td class=\"Estilo25\" style=\"width: 212.683px; height: 60px;\" bgcolor=\"#CCCCCC\" height=\"60\">COORDINACI\u00d3 LIC<\/td>\n<td class=\"Estilo25\" style=\"width: 315.317px; height: 60px;\" bgcolor=\"#FFFFFF\" height=\"60\">M\u00aa Elena<\/td>\n<\/tr>\n<tr style=\"height: 60px;\">\n<td class=\"Estilo25\" style=\"width: 212.683px; height: 60px;\" bgcolor=\"#CCCCCC\" height=\"60\">COORDINADOR TAC<\/td>\n<td class=\"Estilo25\" style=\"width: 315.317px; height: 60px;\" bgcolor=\"#FFFFFF\" height=\"60\">Pere Fabr\u00e9<\/td>\n<\/tr>\n<tr style=\"height: 60px;\">\n<td class=\"Estilo25\" style=\"width: 212.683px; height: 60px;\" bgcolor=\"#CCCCCC\" height=\"60\">COORDINACI\u00d3 CONVIV\u00c8NCIA<\/td>\n<td class=\"Estilo25\" style=\"width: 315.317px; height: 60px;\" bgcolor=\"#FFFFFF\" height=\"60\">Anna Batlle<\/td>\n<\/tr>\n<tr style=\"height: 69px;\">\n<td style=\"width: 212.683px; background-color: #bfb8b8; height: 69px;\">ORIENTACI\u00d3 ACAD\u00c8MICA<\/td>\n<td style=\"width: 315.317px; height: 69px;\">Anna Batlle<\/td>\n<\/tr>\n<\/tbody>\n<\/table>\n<p><strong><span class=\"Estilo70\">Comissions:<\/span><\/strong><\/p>\n<table style=\"height: 628px; width: 44.8229%;\" cellspacing=\"4\">\n<tbody>\n<tr style=\"height: 155px;\">\n<td class=\"Estilo25\" style=\"width: 160.75px; height: 122px;\" bgcolor=\"#CCCCCC\" height=\"144\">Atenci\u00f3 a la diversitat<\/td>\n<td class=\"Estilo25\" style=\"width: 370.25px; height: 122px;\" bgcolor=\"#FFFFFF\" height=\"144\">\n<div align=\"justify\">Olga Ciutat (Coordinadora pedag\u00f2gica), Anna Batlle (Orientaci\u00f3 educativa), Verena Viaene (SIEI), Antoni Bernad\u00f3 (Dep. Catal\u00e0), Clara Feria (Dep. Castell\u00e0), Ana Seluy (Dep. Matem\u00e0tiques), Cristina Riu (EAP)<\/div>\n<\/td>\n<\/tr>\n<tr style=\"height: 207px;\">\n<td class=\"Estilo25\" style=\"width: 160.75px; height: 136px;\" bgcolor=\"#CCCCCC\" height=\"196\">Salut i escola<\/td>\n<td class=\"Estilo25\" style=\"width: 370.25px; height: 136px;\" bgcolor=\"#FFFFFF\" height=\"196\">\n<div align=\"justify\">S\u00f2nia Notario\u00a0 (Associaci\u00f3 Antisida de Lleida), Xavi Guerrero (Mossos d\u2019Esquadra), M\u00aa Mar Mata (CAP), Cristina Riu (EAP), Marta Sala (Serveis Socials), Anna Saura\u00a0 (\u00c0rea de joventut dels Serveis Socials), Anna Batlle i Verena Viaene (Institut El Pont de Suert)<\/div>\n<\/td>\n<\/tr>\n<tr style=\"height: 220px;\">\n<td class=\"Estilo25\" style=\"width: 160.75px; height: 194px;\" bgcolor=\"#CCCCCC\" height=\"60\">Valoraci\u00f3, avaluaci\u00f3 i seguiment de casos de risc <strong>(comissi\u00f3 social)<\/strong><\/td>\n<td class=\"Estilo25\" style=\"width: 370.25px; height: 194px;\" bgcolor=\"#FFFFFF\" height=\"60\">\n<div align=\"justify\">\n<p><strong>Fixes:\u00a0 <\/strong>Marta Sala (Serveis socials), Marta Cases (Treballadora Social EAP), Cristina Riu (EAP)<\/p>\n<p><strong>Segons les necessitats: <\/strong>Verena Viaene (INS El Pont de Suert), directores de les Escoles de prim\u00e0ria de la zona, Vanesa Famat (Psic\u00f2loga del CAP) , Susana Nevado (CSMIJ), Ma Jos\u00e9 Monge (Centre Obert), N\u00faria Ruiz, Meritxell Torres (EAIA).<\/p>\n<\/div>\n<\/td>\n<\/tr>\n<tr style=\"height: 71px;\">\n<td class=\"Estilo25\" style=\"width: 160.75px; height: 71px;\" bgcolor=\"#CCCCCC\" height=\"60\">Projecci\u00f3 externa i esdeveniments al Centre<\/td>\n<td class=\"Estilo25\" style=\"width: 370.25px; height: 71px;\" bgcolor=\"#FFFFFF\" height=\"60\">\n<div align=\"justify\">\u00a0Ariadna Garc\u00eda, Albert Pastor, Katerina Badia, Olga Ciutat, \u00c8dison Montava, \u00c0lex Ramal,\u00a0 Geraldine Granier, Eva Jord\u00e0.<\/div>\n<\/td>\n<\/tr>\n<tr style=\"height: 26px;\">\n<td class=\"Estilo25\" style=\"width: 160.75px; height: 26px;\" bgcolor=\"#CCCCCC\" height=\"60\">Conviv\u00e8ncia i resoluci\u00f3 de conflictes<\/td>\n<td class=\"Estilo25\" style=\"width: 370.25px; height: 26px;\" bgcolor=\"#FFFFFF\" height=\"60\"><strong>Fixes<\/strong>: Jordi S\u00f2ria\u00a0 (Cap d&#8217;Estuids adjunt) , Anna Batlle, Ma Elena Be\u00e0 i Eva Puig (mare).<\/p>\n<p><strong>Segons les necessitats (Equip de mediaci\u00f3 i pr\u00e0ctiques restauratives)<\/strong><\/p>\n<p>Quim Roy, Ester Parache, Clara Feria, Verena Viane, Eva Jord\u00e0, Maria Ferrer, Katerina Badia, Olga Ciutat (Coordinadora pedag\u00f2gica), 7 alumnes mediadors (3r i 4t de l&#8217;ESO)<\/td>\n<\/tr>\n<tr>\n<td style=\"width: 160.75px;\">Projectes globalitzats<\/td>\n<td style=\"width: 370.25px;\"><\/td>\n<\/tr>\n<tr>\n<td style=\"width: 160.75px;\">Consell de direcci\u00f3<\/td>\n<td style=\"width: 370.25px;\">Equip directiu, Caps de Departament, Membres del Consell Escolar<\/td>\n<\/tr>\n<tr>\n<td style=\"width: 160.75px;\">Grup impulsor STEAM<\/td>\n<td style=\"width: 370.25px;\">Ester Parache, Olga Ciutat, Dolors Pifarr\u00e9, Katerina Badia<\/td>\n<\/tr>\n<tr>\n<td style=\"width: 160.75px;\">Grup impulsor AraArt<\/td>\n<td style=\"width: 370.25px;\">Ariadna Garcia, Anna Quintana<\/td>\n<\/tr>\n<tr>\n<td style=\"width: 160.75px;\">Grup impulsor MUPFS<\/td>\n<td style=\"width: 370.25px;\">Katerina Badia, Olga Ciutat, Ana Seluy<\/td>\n<\/tr>\n<tr>\n<td style=\"width: 160.75px;\">Grup impulsor XERG<\/td>\n<td style=\"width: 370.25px;\">Katerina Badia, Regina Pall\u00e0s<\/td>\n<\/tr>\n<tr>\n<td style=\"width: 160.75px;\">Mediambiental<\/td>\n<td style=\"width: 370.25px;\">Espe Florit, Marc Ricart, Geraldine Granier, Dolors Pifarr\u00e9, Anna Quintana<\/td>\n<\/tr>\n<tr>\n<td style=\"width: 160.75px;\">Prevenci\u00f3 de consum de drogues<\/td>\n<td style=\"width: 370.25px;\">Ger\u00e1ldine Granier, Berta Terr\u00e9s, Creixell Escoda<\/td>\n<\/tr>\n<\/tbody>\n<\/table>\n<p><strong>CAPS DE DEPARTAMENT i \u00c0MBIT<\/strong><\/p>\n<table width=\"330\">\n<tbody>\n<tr>\n<td width=\"162\"><strong>Llengua Catalana<\/strong><\/td>\n<td width=\"168\">Gemma Moln\u00e9<\/td>\n<\/tr>\n<tr>\n<td width=\"162\"><strong>Llengua Castellana<\/strong><\/td>\n<td width=\"168\">Clara Feria<\/td>\n<\/tr>\n<tr>\n<td width=\"162\"><strong>Llengua Estrangera<\/strong><\/td>\n<td width=\"168\">Maria Ferrer<\/td>\n<\/tr>\n<tr>\n<td width=\"162\"><strong>Matem\u00e0tiques<\/strong><\/td>\n<td width=\"168\">Xavier Roca<\/td>\n<\/tr>\n<tr>\n<td width=\"162\"><strong>Tecnologia<\/strong><\/td>\n<td width=\"168\">Dolors Pifarr\u00e9<\/td>\n<\/tr>\n<tr>\n<td width=\"162\"><strong>Ci\u00e8ncies\u00a0<\/strong><\/td>\n<td width=\"168\">Ester Parache<\/td>\n<\/tr>\n<tr>\n<td width=\"162\"><strong>Ci\u00e8ncies Socials<\/strong><\/td>\n<td width=\"168\">Regina Pall\u00e0s<\/td>\n<\/tr>\n<tr>\n<td width=\"162\"><strong>Expressi\u00f3<\/strong><\/td>\n<td width=\"168\">\u00c9dison Montava<\/td>\n<\/tr>\n<tr>\n<td width=\"162\"><strong>Orientaci\u00f3 educativa<\/strong><\/td>\n<td width=\"168\">Verena Viaene i Martina Nart\u00ed<\/td>\n<\/tr>\n<tr>\n<td width=\"162\"><strong>Educaci\u00f3 f\u00edsica i Neu<\/strong><\/td>\n<td width=\"168\">Josep Castanera<\/td>\n<\/tr>\n<tr>\n<td width=\"162\"><strong>Forestals<\/strong><\/td>\n<td width=\"168\">S\u00f2nia Mart\u00ed<\/td>\n<\/tr>\n<tr>\n<td width=\"162\"><strong>Medi Ambient<\/strong><\/td>\n<td width=\"168\">G\u00e9raldine Granier<\/td>\n<\/tr>\n<\/tbody>\n<\/table>\n<p><strong>PAS (Personal d&#8217;Administraci\u00f3 i Serveis)<\/strong><\/p>\n<ul>\n<li>Imma Jordana<\/li>\n<li><\/li>\n<li>Eva Serra<\/li>\n<\/ul>\n<p><strong>AFA<\/strong><\/p>\n<div id=\"Layer3\">\n<div align=\"justify\">\n<p class=\"Estilo25\">Benvinguts a la secci\u00f3 de l&#8217;Associaci\u00f3 de mares i pares d&#8217;alumnes de l&#8217;Institut del Pont de Suert<\/p>\n<\/div>\n<\/div>\n<div id=\"Layer5\">\n<p class=\"Estilo4\"><u><span class=\"Estilo23\"><strong>Representants i c\u00e0rrecs de la Junta<\/strong><\/span><\/u><\/p>\n<p class=\"Estilo4\"><u><span class=\"Estilo23\"><strong>Representants i c\u00e0rrecs de la Junta<\/strong><\/span><\/u><\/p>\n<table border=\"0\" width=\"921\" cellspacing=\"6\">\n<tbody>\n<tr class=\"Estilo25\">\n<td class=\"Estilo25\" bgcolor=\"#FFFFFF\" height=\"50\">C\u00c0RREC<\/td>\n<td width=\"175\" height=\"50\">NOM<\/td>\n<td class=\"Estilo25\" bgcolor=\"#FFFFFF\" width=\"387\" height=\"50\">CORREU ELECTR\u00d2NIC o TEL\u00c8FON DE CONTACTE<\/td>\n<\/tr>\n<tr class=\"Estilo25\">\n<td class=\"Estilo25\" bgcolor=\"#CCCCCC\" width=\"329\" height=\"50\">Presidenta i representant de 3r d\u2019ESO<\/td>\n<td height=\"50\">\n<pre>M\u00f2nica Farr\u00e9 Sevilla<\/pre>\n<\/td>\n<td bgcolor=\"#FFFFFF\" height=\"50\">\n<pre><a class=\"m_-41395791165926422moz-txt-link-abbreviated\" href=\"mailto:monica_farre@yahoo.es\" target=\"_blank\" rel=\"noopener noreferrer\">monica_farre@yahoo.es<\/a><\/pre>\n<\/td>\n<\/tr>\n<tr class=\"Estilo25\">\n<td class=\"Estilo25\" bgcolor=\"#CCCCCC\" height=\"50\">Vocal i representant de 2n de batxillerat<\/td>\n<td height=\"50\"><\/td>\n<td bgcolor=\"#FFFFFF\" height=\"50\"><\/td>\n<\/tr>\n<tr class=\"Estilo25\">\n<td class=\"Estilo25\" bgcolor=\"#CCCCCC\" height=\"50\">Vocal i representant de 2n d\u2019ESO.<\/td>\n<td height=\"50\">\n<pre>Esther Isus Font<\/pre>\n<\/td>\n<td class=\"Estilo25\" bgcolor=\"#FFFFFF\" height=\"50\"><\/td>\n<\/tr>\n<tr class=\"Estilo25\">\n<td class=\"Estilo25\" bgcolor=\"#CCCCCC\" height=\"50\"><span class=\"Estilo23\">Sercret\u00e0ria i representant de 4t d\u2019ESO.<\/span><\/td>\n<td height=\"50\">\n<pre>Geraldine Granier<\/pre>\n<\/td>\n<td class=\"Estilo25\" bgcolor=\"#FFFFFF\" height=\"50\">\n<pre><a class=\"m_-41395791165926422moz-txt-link-abbreviated\" href=\"mailto:rispa-granier@hotmail.com\" target=\"_blank\" rel=\"noopener noreferrer\">rispa-granier@hotmail.com<\/a><\/pre>\n<\/td>\n<\/tr>\n<tr class=\"Estilo25\">\n<td class=\"Estilo25\" bgcolor=\"#CCCCCC\" height=\"50\"><span class=\"Estilo23\">Vocal i Representant al Consell escolar .<\/span><\/td>\n<td height=\"50\">\n<pre>Neus Franco<\/pre>\n<\/td>\n<td class=\"Estilo25\" bgcolor=\"#FFFFFF\" height=\"50\">\n<pre><a href=\"mailto:nfranco@gencat.cat\" target=\"_blank\" rel=\"noopener noreferrer\">nfranco@gencat.<wbr \/>cat<\/a><\/pre>\n<\/td>\n<\/tr>\n<tr class=\"Estilo25\">\n<td class=\"Estilo25\" bgcolor=\"#CCCCCC\" height=\"50\">Tresorera<\/td>\n<td height=\"50\">\n<pre>Roser Padulles Escrib\u00e0<\/pre>\n<\/td>\n<td class=\"Estilo25\" bgcolor=\"#FFFFFF\" height=\"50\">\n<pre><a class=\"m_-41395791165926422moz-txt-link-abbreviated\" href=\"mailto:patruga70@msn.com\" target=\"_blank\" rel=\"noopener noreferrer\">patruga70@msn.com<\/a><\/pre>\n<\/td>\n<\/tr>\n<\/tbody>\n<\/table>\n<div id=\"Layer4\">\n<p class=\"Estilo4\" style=\"text-align: justify;\"><strong><u><span class=\"Estilo23\">Activitats de l&#8217;AFA<\/span><\/u><\/strong><\/p>\n<ul style=\"text-align: justify;\">\n<li class=\"Estilo72\">D<span class=\"Estilo78\" lang=\"ES-TRAD\">onar<\/span><span class=\"Estilo23\" lang=\"ES-TRAD\"> suport i assist\u00e8ncia als socis pares i mares d&#8217;alumnes<\/span><\/li>\n<li class=\"Estilo72\"><span class=\"Estilo23\" lang=\"ES-TRAD\">Promoure la participaci\u00f3 de pares i mares en la gesti\u00f3 del centre<\/span><\/li>\n<li class=\"Estilo72\"><span class=\"Estilo23\" lang=\"ES-TRAD\">R<\/span><span class=\"Estilo23\" lang=\"ES-TRAD\">epresentar l&#8217;AMPA en el Consell Escolar<\/span><\/li>\n<li class=\"Estilo72\"><span class=\"Estilo23\" lang=\"FR\">O<\/span><span class=\"Estilo23\" lang=\"FR\">rganitzar activitats educatives (servei de biblioteca), esportives i l\u00fadiques per als alumnes<\/span><\/li>\n<li class=\"Estilo72\"><span class=\"Estilo23\" lang=\"FR\">O<\/span><span class=\"Estilo23\" lang=\"FR\">rganitzar cursos i xerrades d&#8217;inter\u00e8s formatiu per a pares<\/span><\/li>\n<li class=\"Estilo72\"><span class=\"Estilo23\" lang=\"ES-TRAD\">S<\/span><span class=\"Estilo23\" lang=\"FR\">ubvencionar activitats organitzades per l&#8217;Institut<\/span><\/li>\n<li class=\"Estilo72\"><span class=\"Estilo23\" lang=\"ES-TRAD\">A<\/span><span class=\"Estilo23\" lang=\"ES-TRAD\">conseguir ajuts per a l&#8217;adquisici\u00f3 de material<\/span><\/li>\n<\/ul>\n<p class=\"Estilo72\" style=\"text-align: justify;\">Si encara no ets membre de la nostra associaci\u00f3, el preu de la <strong>quota anual per fam\u00edlia <\/strong>\u00e9s de <strong>20,00\u20ac<\/strong>.<\/p>\n<p class=\"Estilo72\" style=\"text-align: justify;\">Feu l&#8217;ingr\u00e8s al compte corrent <strong>0159 0200107706<\/strong><\/p>\n<p class=\"Estilo72\" style=\"text-align: justify;\"><strong>IMPORTANT <\/strong>: indicar el <strong>nom i curs de l&#8217; alumne<\/strong>, en cas de m\u00e9s d&#8217;un alumne, indicar els noms i cursos corresponents.<\/p>\n<p class=\"Estilo72\" style=\"text-align: justify;\"><strong>Data m\u00e0xima<\/strong> : <strong>finals \u00a0DESEMBRE<\/strong><\/p>\n<\/div>\n<\/div>\n<p>&nbsp;<\/p>\n","protected":false},"excerpt":{"rendered":"<p>EQUIP DIRECTIU DIRECTORA Ariadna Garcia CAP D&#8217;ESTUDIS Katerina Badia CAP D&#8217;ESTUDIS ADJUNT Jordi Soria COORDINADORA PEDAG\u00d2GICA Olga Ciutat SECRETARIA Laia Pueyo &nbsp; CLAUSTRE Llengua Catalana J\u00falia Moya, Rosa Noray, Gemma Moln\u00e9 Llengua Castellana i Cl\u00e0ssiques Clara Feria, Miguel Mac\u00edas Llengua Estrangera Maria Ferrer, Lourdes Casals, \u00c8lia Erta, Bouchra Douiri,\u00a0Ester Grau Matem\u00e0tiques Anna Seluy, Laia Pueyo, [&hellip;]<\/p>\n","protected":false},"author":1,"featured_media":0,"parent":19,"menu_order":50,"comment_status":"closed","ping_status":"closed","template":"page-templates\/side-menu.php","meta":{"_bbp_topic_count":0,"_bbp_reply_count":0,"_bbp_total_topic_count":0,"_bbp_total_reply_count":0,"_bbp_voice_count":0,"_bbp_anonymous_reply_count":0,"_bbp_topic_count_hidden":0,"_bbp_reply_count_hidden":0,"_bbp_forum_subforum_count":0,"site-sidebar-layout":"default","site-content-layout":"","ast-site-content-layout":"","site-content-style":"default","site-sidebar-style":"default","ast-global-header-display":"","ast-banner-title-visibility":"","ast-main-header-display":"","ast-hfb-above-header-display":"","ast-hfb-below-header-display":"","ast-hfb-mobile-header-display":"","site-post-title":"","ast-breadcrumbs-content":"","ast-featured-img":"","footer-sml-layout":"","theme-transparent-header-meta":"","adv-header-id-meta":"","stick-header-meta":"","header-above-stick-meta":"","header-main-stick-meta":"","header-below-stick-meta":"","astra-migrate-meta-layouts":"default","ast-page-background-enabled":"default","ast-page-background-meta":{"desktop":{"background-color":"var(--ast-global-color-4)","background-image":"","background-repeat":"repeat","background-position":"center center","background-size":"auto","background-attachment":"scroll","background-type":"","background-media":"","overlay-type":"","overlay-color":"","overlay-opacity":"","overlay-gradient":""},"tablet":{"background-color":"","background-image":"","background-repeat":"repeat","background-position":"center center","background-size":"auto","background-attachment":"scroll","background-type":"","background-media":"","overlay-type":"","overlay-color":"","overlay-opacity":"","overlay-gradient":""},"mobile":{"background-color":"","background-image":"","background-repeat":"repeat","background-position":"center center","background-size":"auto","background-attachment":"scroll","background-type":"","background-media":"","overlay-type":"","overlay-color":"","overlay-opacity":"","overlay-gradient":""}},"ast-content-background-meta":{"desktop":{"background-color":"var(--ast-global-color-5)","background-image":"","background-repeat":"repeat","background-position":"center center","background-size":"auto","background-attachment":"scroll","background-type":"","background-media":"","overlay-type":"","overlay-color":"","overlay-opacity":"","overlay-gradient":""},"tablet":{"background-color":"var(--ast-global-color-5)","background-image":"","background-repeat":"repeat","background-position":"center center","background-size":"auto","background-attachment":"scroll","background-type":"","background-media":"","overlay-type":"","overlay-color":"","overlay-opacity":"","overlay-gradient":""},"mobile":{"background-color":"var(--ast-global-color-5)","background-image":"","background-repeat":"repeat","background-position":"center center","background-size":"auto","background-attachment":"scroll","background-type":"","background-media":"","overlay-type":"","overlay-color":"","overlay-opacity":"","overlay-gradient":""}},"footnotes":""},"class_list":["post-46","page","type-page","status-publish","hentry"],"post_mailing_queue_ids":[],"_links":{"self":[{"href":"https:\/\/agora.xtec.cat\/iespontdesuert\/wp-json\/wp\/v2\/pages\/46","targetHints":{"allow":["GET"]}}],"collection":[{"href":"https:\/\/agora.xtec.cat\/iespontdesuert\/wp-json\/wp\/v2\/pages"}],"about":[{"href":"https:\/\/agora.xtec.cat\/iespontdesuert\/wp-json\/wp\/v2\/types\/page"}],"author":[{"embeddable":true,"href":"https:\/\/agora.xtec.cat\/iespontdesuert\/wp-json\/wp\/v2\/users\/1"}],"replies":[{"embeddable":true,"href":"https:\/\/agora.xtec.cat\/iespontdesuert\/wp-json\/wp\/v2\/comments?post=46"}],"version-history":[{"count":7,"href":"https:\/\/agora.xtec.cat\/iespontdesuert\/wp-json\/wp\/v2\/pages\/46\/revisions"}],"predecessor-version":[{"id":6229,"href":"https:\/\/agora.xtec.cat\/iespontdesuert\/wp-json\/wp\/v2\/pages\/46\/revisions\/6229"}],"up":[{"embeddable":true,"href":"https:\/\/agora.xtec.cat\/iespontdesuert\/wp-json\/wp\/v2\/pages\/19"}],"wp:attachment":[{"href":"https:\/\/agora.xtec.cat\/iespontdesuert\/wp-json\/wp\/v2\/media?parent=46"}],"curies":[{"name":"wp","href":"https:\/\/api.w.org\/{rel}","templated":true}]}}