{"id":4398,"date":"2021-09-10T17:26:17","date_gmt":"2021-09-10T15:26:17","guid":{"rendered":"https:\/\/agora.xtec.cat\/iespontdesuert\/?page_id=4398"},"modified":"2023-09-18T22:58:25","modified_gmt":"2023-09-18T20:58:25","slug":"tutoria","status":"publish","type":"page","link":"https:\/\/agora.xtec.cat\/iespontdesuert\/tutoria\/","title":{"rendered":"Tutoria"},"content":{"rendered":"<p>&nbsp;<\/p>\n<table style=\"border-collapse: collapse; width: 48.507%;\">\n<tbody>\n<tr>\n<td style=\"width: 24.2123%; text-align: center;\">\n<h3>TUTORIA 1r d&#8217;ESO<\/h3>\n<\/td>\n<td style=\"width: 24.2952%; text-align: center;\">\n<h5><a href=\"https:\/\/sites.google.com\/xtec.cat\/tutoria1reso?usp=sharing\">Enlla\u00e7 al Site<\/a><\/h5>\n<\/td>\n<\/tr>\n<tr>\n<td style=\"width: 24.2123%; text-align: center;\">\n<h3>TUTORIA 2n d&#8217;ESO<\/h3>\n<\/td>\n<td style=\"width: 24.2952%; text-align: center;\">\n<h5><a href=\"https:\/\/sites.google.com\/xtec.cat\/tutoria-2n-eso?usp=sharing\">Enlla\u00e7 al Site<\/a><\/h5>\n<\/td>\n<\/tr>\n<tr>\n<td style=\"width: 24.2123%; text-align: center;\">\n<h3>TUTORIA 3r d&#8217;ESO<\/h3>\n<\/td>\n<td style=\"width: 24.2952%; text-align: center;\">\n<h5><a href=\"https:\/\/sites.google.com\/xtec.cat\/tutoria-3r-eso?usp=sharing\">Enlla\u00e7 al Site<\/a><\/h5>\n<\/td>\n<\/tr>\n<tr>\n<td style=\"width: 24.2123%; text-align: center;\">\n<h3>TUTORIA 4t d&#8217;ESO<\/h3>\n<\/td>\n<td style=\"width: 24.2952%; text-align: center;\">\n<h5><a href=\"https:\/\/sites.google.com\/xtec.cat\/tutoria-4t-eso?usp=sharing\">Enlla\u00e7 al Site<\/a><\/h5>\n<\/td>\n<\/tr>\n<tr>\n<td style=\"width: 24.2123%; text-align: center;\">\n<h3 style=\"background-color: #ffffff;\">TUTORIA1r BTX<\/h3>\n<\/td>\n<td style=\"width: 24.2952%; text-align: center;\">\n<h5><a href=\"https:\/\/sites.google.com\/xtec.cat\/tutoria-1rbat?usp=sharing\">Enlla\u00e7 al Site<\/a><\/h5>\n<\/td>\n<\/tr>\n<tr>\n<td style=\"width: 24.2123%; text-align: center;\">\n<h3 style=\"background-color: #ffffff;\">TUTORIA 2n BTX<\/h3>\n<\/td>\n<td style=\"width: 24.2952%; text-align: center;\">\n<h5><a href=\"https:\/\/sites.google.com\/xtec.cat\/tutoria2nbat?usp=sharing\">Enlla\u00e7 al Site<\/a><\/h5>\n<\/td>\n<\/tr>\n<tr>\n<td style=\"width: 24.2123%; text-align: center;\">\n<h3 style=\"background-color: #ffffff;\">TUTORIA CICLES<\/h3>\n<\/td>\n<td style=\"width: 24.2952%; text-align: center;\">\n<h5><a href=\"https:\/\/sites.google.com\/xtec.cat\/tutoria-cicles?usp=sharing\">Enlla\u00e7 al Site<\/a><\/h5>\n<\/td>\n<\/tr>\n<\/tbody>\n<\/table>\n<p>&nbsp;<\/p>\n<h3><\/h3>\n<p>&nbsp;<\/p>\n","protected":false},"excerpt":{"rendered":"<p>&nbsp; TUTORIA 1r d&#8217;ESO Enlla\u00e7 al Site TUTORIA 2n d&#8217;ESO Enlla\u00e7 al Site TUTORIA 3r d&#8217;ESO Enlla\u00e7 al Site TUTORIA 4t d&#8217;ESO Enlla\u00e7 al Site TUTORIA1r BTX Enlla\u00e7 al Site TUTORIA 2n BTX Enlla\u00e7 al Site TUTORIA CICLES Enlla\u00e7 al Site &nbsp; &nbsp;<\/p>\n","protected":false},"author":4,"featured_media":0,"parent":0,"menu_order":0,"comment_status":"closed","ping_status":"closed","template":"","meta":{"_bbp_topic_count":0,"_bbp_reply_count":0,"_bbp_total_topic_count":0,"_bbp_total_reply_count":0,"_bbp_voice_count":0,"_bbp_anonymous_reply_count":0,"_bbp_topic_count_hidden":0,"_bbp_reply_count_hidden":0,"_bbp_forum_subforum_count":0,"site-sidebar-layout":"default","site-content-layout":"","ast-site-content-layout":"","site-content-style":"default","site-sidebar-style":"default","ast-global-header-display":"","ast-banner-title-visibility":"","ast-main-header-display":"","ast-hfb-above-header-display":"","ast-hfb-below-header-display":"","ast-hfb-mobile-header-display":"","site-post-title":"","ast-breadcrumbs-content":"","ast-featured-img":"","footer-sml-layout":"","theme-transparent-header-meta":"","adv-header-id-meta":"","stick-header-meta":"","header-above-stick-meta":"","header-main-stick-meta":"","header-below-stick-meta":"","astra-migrate-meta-layouts":"default","ast-page-background-enabled":"default","ast-page-background-meta":{"desktop":{"background-color":"var(--ast-global-color-4)","background-image":"","background-repeat":"repeat","background-position":"center center","background-size":"auto","background-attachment":"scroll","background-type":"","background-media":"","overlay-type":"","overlay-color":"","overlay-opacity":"","overlay-gradient":""},"tablet":{"background-color":"","background-image":"","background-repeat":"repeat","background-position":"center center","background-size":"auto","background-attachment":"scroll","background-type":"","background-media":"","overlay-type":"","overlay-color":"","overlay-opacity":"","overlay-gradient":""},"mobile":{"background-color":"","background-image":"","background-repeat":"repeat","background-position":"center center","background-size":"auto","background-attachment":"scroll","background-type":"","background-media":"","overlay-type":"","overlay-color":"","overlay-opacity":"","overlay-gradient":""}},"ast-content-background-meta":{"desktop":{"background-color":"var(--ast-global-color-5)","background-image":"","background-repeat":"repeat","background-position":"center center","background-size":"auto","background-attachment":"scroll","background-type":"","background-media":"","overlay-type":"","overlay-color":"","overlay-opacity":"","overlay-gradient":""},"tablet":{"background-color":"var(--ast-global-color-5)","background-image":"","background-repeat":"repeat","background-position":"center center","background-size":"auto","background-attachment":"scroll","background-type":"","background-media":"","overlay-type":"","overlay-color":"","overlay-opacity":"","overlay-gradient":""},"mobile":{"background-color":"var(--ast-global-color-5)","background-image":"","background-repeat":"repeat","background-position":"center center","background-size":"auto","background-attachment":"scroll","background-type":"","background-media":"","overlay-type":"","overlay-color":"","overlay-opacity":"","overlay-gradient":""}},"footnotes":""},"class_list":["post-4398","page","type-page","status-publish","hentry"],"post_mailing_queue_ids":[],"_links":{"self":[{"href":"https:\/\/agora.xtec.cat\/iespontdesuert\/wp-json\/wp\/v2\/pages\/4398","targetHints":{"allow":["GET"]}}],"collection":[{"href":"https:\/\/agora.xtec.cat\/iespontdesuert\/wp-json\/wp\/v2\/pages"}],"about":[{"href":"https:\/\/agora.xtec.cat\/iespontdesuert\/wp-json\/wp\/v2\/types\/page"}],"author":[{"embeddable":true,"href":"https:\/\/agora.xtec.cat\/iespontdesuert\/wp-json\/wp\/v2\/users\/4"}],"replies":[{"embeddable":true,"href":"https:\/\/agora.xtec.cat\/iespontdesuert\/wp-json\/wp\/v2\/comments?post=4398"}],"version-history":[{"count":3,"href":"https:\/\/agora.xtec.cat\/iespontdesuert\/wp-json\/wp\/v2\/pages\/4398\/revisions"}],"predecessor-version":[{"id":5552,"href":"https:\/\/agora.xtec.cat\/iespontdesuert\/wp-json\/wp\/v2\/pages\/4398\/revisions\/5552"}],"wp:attachment":[{"href":"https:\/\/agora.xtec.cat\/iespontdesuert\/wp-json\/wp\/v2\/media?parent=4398"}],"curies":[{"name":"wp","href":"https:\/\/api.w.org\/{rel}","templated":true}]}}