{"id":43,"date":"2014-09-17T16:45:07","date_gmt":"2014-09-17T16:45:07","guid":{"rendered":"http:\/\/agora.xtec.cat\/iespontdesuert\/?page_id=43"},"modified":"2025-09-22T19:35:03","modified_gmt":"2025-09-22T17:35:03","slug":"consell-escolar","status":"publish","type":"page","link":"https:\/\/agora.xtec.cat\/iespontdesuert\/linstitut\/consell-escolar\/","title":{"rendered":"Consell escolar"},"content":{"rendered":"<table style=\"height: 993px; width: 29.3226%;\">\n<tbody>\n<tr style=\"height: 50px;\">\n<td style=\"height: 50px; width: 97.7273%;\">\n<h5>Direcci\u00f3<\/h5>\n<\/td>\n<\/tr>\n<tr style=\"height: 33px;\">\n<td style=\"height: 33px; width: 97.7273%;\">Ariadna Garcia Codina<\/td>\n<\/tr>\n<tr style=\"height: 33px;\">\n<td style=\"height: 33px; width: 97.7273%;\">Katerina Badia<\/td>\n<\/tr>\n<tr style=\"height: 33px;\">\n<td style=\"height: 33px; width: 97.7273%;\">Laia Pueyo<\/td>\n<\/tr>\n<tr style=\"height: 50px;\">\n<td style=\"height: 50px; width: 97.7273%;\">\n<h5>Representants del professorat<\/h5>\n<\/td>\n<\/tr>\n<tr style=\"height: 33px;\">\n<td style=\"height: 33px; width: 97.7273%;\">Rosa Noray<\/td>\n<\/tr>\n<tr style=\"height: 33px;\">\n<td style=\"height: 33px; width: 97.7273%;\">Ester Parache<\/td>\n<\/tr>\n<tr style=\"height: 33px;\">\n<td style=\"height: 33px; width: 97.7273%;\">Josep Castanera<\/td>\n<\/tr>\n<tr style=\"height: 33px;\">\n<td style=\"height: 33px; width: 97.7273%;\">Dolors Pifarr\u00e9<\/td>\n<\/tr>\n<tr>\n<td style=\"width: 97.7273%;\">Espe Florit<\/td>\n<\/tr>\n<tr>\n<td style=\"width: 97.7273%;\">Regina Pall\u00e0s<\/td>\n<\/tr>\n<tr style=\"height: 50px;\">\n<td style=\"height: 50px; width: 97.7273%;\">\n<h5>Representants de les fam\u00edlies<\/h5>\n<\/td>\n<\/tr>\n<tr style=\"height: 33px;\">\n<td style=\"height: 33px; width: 97.7273%;\">Nacho Foix<\/td>\n<\/tr>\n<tr>\n<td style=\"width: 97.7273%;\">Eva Ouig<\/td>\n<\/tr>\n<tr style=\"height: 33px;\">\n<td style=\"height: 33px; width: 97.7273%;\">Julio Roig<\/td>\n<\/tr>\n<tr style=\"height: 50px;\">\n<td style=\"height: 50px; width: 97.7273%;\">\n<h5>Representant de l&#8217;AFA<\/h5>\n<\/td>\n<\/tr>\n<tr style=\"height: 33px;\">\n<td style=\"height: 33px; width: 97.7273%;\">Erik Baud\u00fa<\/td>\n<\/tr>\n<tr style=\"height: 33px;\">\n<td style=\"height: 33px; width: 97.7273%;\"><strong>Representants de l&#8217;Alumnat<\/strong><\/td>\n<\/tr>\n<tr>\n<td style=\"width: 97.7273%;\">Yanira G\u00f3mez<\/td>\n<\/tr>\n<tr>\n<td style=\"width: 97.7273%;\">N\u00faria Camino<\/td>\n<\/tr>\n<tr>\n<td style=\"width: 97.7273%;\">Elena Pardina<\/td>\n<\/tr>\n<tr style=\"height: 50px;\">\n<td style=\"height: 50px; width: 97.7273%;\">\n<h5>Representant de l&#8217;Ajuntament<\/h5>\n<\/td>\n<\/tr>\n<tr style=\"height: 33px;\">\n<td style=\"height: 33px; width: 97.7273%;\">Susanna Garrido<\/td>\n<\/tr>\n<tr style=\"height: 50px;\">\n<td style=\"height: 50px; width: 97.7273%;\">\n<h5>Representant del PAS<\/h5>\n<\/td>\n<\/tr>\n<tr style=\"height: 33px;\">\n<td style=\"height: 33px; width: 97.7273%;\">Imma Jordana<\/td>\n<\/tr>\n<\/tbody>\n<\/table>\n<p><a title=\"Definici\u00f3 de consell escolar (gencat)\" href=\"http:\/\/consellescolarcat.gencat.cat\/ca\/\" target=\"_blank\" rel=\"noopener noreferrer\">Consell Escolar de Catalunya<\/a><\/p>\n","protected":false},"excerpt":{"rendered":"<p>Direcci\u00f3 Ariadna Garcia Codina Katerina Badia Laia Pueyo Representants del professorat Rosa Noray Ester Parache Josep Castanera Dolors Pifarr\u00e9 Espe Florit Regina Pall\u00e0s Representants de les fam\u00edlies Nacho Foix Eva Ouig Julio Roig Representant de l&#8217;AFA Erik Baud\u00fa Representants de l&#8217;Alumnat Yanira G\u00f3mez N\u00faria Camino Elena Pardina Representant de l&#8217;Ajuntament Susanna Garrido Representant del PAS [&hellip;]<\/p>\n","protected":false},"author":1,"featured_media":0,"parent":19,"menu_order":40,"comment_status":"closed","ping_status":"closed","template":"page-templates\/side-menu.php","meta":{"_bbp_topic_count":0,"_bbp_reply_count":0,"_bbp_total_topic_count":0,"_bbp_total_reply_count":0,"_bbp_voice_count":0,"_bbp_anonymous_reply_count":0,"_bbp_topic_count_hidden":0,"_bbp_reply_count_hidden":0,"_bbp_forum_subforum_count":0,"site-sidebar-layout":"default","site-content-layout":"","ast-site-content-layout":"","site-content-style":"default","site-sidebar-style":"default","ast-global-header-display":"","ast-banner-title-visibility":"","ast-main-header-display":"","ast-hfb-above-header-display":"","ast-hfb-below-header-display":"","ast-hfb-mobile-header-display":"","site-post-title":"","ast-breadcrumbs-content":"","ast-featured-img":"","footer-sml-layout":"","theme-transparent-header-meta":"","adv-header-id-meta":"","stick-header-meta":"","header-above-stick-meta":"","header-main-stick-meta":"","header-below-stick-meta":"","astra-migrate-meta-layouts":"default","ast-page-background-enabled":"default","ast-page-background-meta":{"desktop":{"background-color":"var(--ast-global-color-4)","background-image":"","background-repeat":"repeat","background-position":"center center","background-size":"auto","background-attachment":"scroll","background-type":"","background-media":"","overlay-type":"","overlay-color":"","overlay-opacity":"","overlay-gradient":""},"tablet":{"background-color":"","background-image":"","background-repeat":"repeat","background-position":"center center","background-size":"auto","background-attachment":"scroll","background-type":"","background-media":"","overlay-type":"","overlay-color":"","overlay-opacity":"","overlay-gradient":""},"mobile":{"background-color":"","background-image":"","background-repeat":"repeat","background-position":"center center","background-size":"auto","background-attachment":"scroll","background-type":"","background-media":"","overlay-type":"","overlay-color":"","overlay-opacity":"","overlay-gradient":""}},"ast-content-background-meta":{"desktop":{"background-color":"var(--ast-global-color-5)","background-image":"","background-repeat":"repeat","background-position":"center center","background-size":"auto","background-attachment":"scroll","background-type":"","background-media":"","overlay-type":"","overlay-color":"","overlay-opacity":"","overlay-gradient":""},"tablet":{"background-color":"var(--ast-global-color-5)","background-image":"","background-repeat":"repeat","background-position":"center center","background-size":"auto","background-attachment":"scroll","background-type":"","background-media":"","overlay-type":"","overlay-color":"","overlay-opacity":"","overlay-gradient":""},"mobile":{"background-color":"var(--ast-global-color-5)","background-image":"","background-repeat":"repeat","background-position":"center center","background-size":"auto","background-attachment":"scroll","background-type":"","background-media":"","overlay-type":"","overlay-color":"","overlay-opacity":"","overlay-gradient":""}},"footnotes":""},"class_list":["post-43","page","type-page","status-publish","hentry"],"post_mailing_queue_ids":[],"_links":{"self":[{"href":"https:\/\/agora.xtec.cat\/iespontdesuert\/wp-json\/wp\/v2\/pages\/43","targetHints":{"allow":["GET"]}}],"collection":[{"href":"https:\/\/agora.xtec.cat\/iespontdesuert\/wp-json\/wp\/v2\/pages"}],"about":[{"href":"https:\/\/agora.xtec.cat\/iespontdesuert\/wp-json\/wp\/v2\/types\/page"}],"author":[{"embeddable":true,"href":"https:\/\/agora.xtec.cat\/iespontdesuert\/wp-json\/wp\/v2\/users\/1"}],"replies":[{"embeddable":true,"href":"https:\/\/agora.xtec.cat\/iespontdesuert\/wp-json\/wp\/v2\/comments?post=43"}],"version-history":[{"count":6,"href":"https:\/\/agora.xtec.cat\/iespontdesuert\/wp-json\/wp\/v2\/pages\/43\/revisions"}],"predecessor-version":[{"id":6228,"href":"https:\/\/agora.xtec.cat\/iespontdesuert\/wp-json\/wp\/v2\/pages\/43\/revisions\/6228"}],"up":[{"embeddable":true,"href":"https:\/\/agora.xtec.cat\/iespontdesuert\/wp-json\/wp\/v2\/pages\/19"}],"wp:attachment":[{"href":"https:\/\/agora.xtec.cat\/iespontdesuert\/wp-json\/wp\/v2\/media?parent=43"}],"curies":[{"name":"wp","href":"https:\/\/api.w.org\/{rel}","templated":true}]}}