{"id":3911,"date":"2021-02-22T18:24:34","date_gmt":"2021-02-22T17:24:34","guid":{"rendered":"http:\/\/agora.xtec.cat\/iespontdesuert\/?page_id=3911"},"modified":"2021-09-09T19:19:44","modified_gmt":"2021-09-09T17:19:44","slug":"google-suite","status":"publish","type":"page","link":"https:\/\/agora.xtec.cat\/iespontdesuert\/serveis\/google-suite\/","title":{"rendered":"Google Workspace"},"content":{"rendered":"<p>L\u2019Institut el Pont de Suert proporciona un compte de Google Workspace for Education al PAS, professorat i l\u2019alumnat matriculat al centre per facilitar la comunicaci\u00f3 entre els membres de la comunitat educativa, fer tasques acad\u00e8miques de les diferents mat\u00e8ries i realitzar treballs per projectes transversals.<\/p>\n<p>Les condicions generals del contracte de l\u2019Institut amb els serveis de Google les podeu <a href=\"https:\/\/workspace.google.es\/intl\/es\/terms\/education_terms.html\">consultar aqu\u00ed<\/a>.<\/p>\n<p>La descripci\u00f3 dels serveis i les eines de l\u2019entorn Workspace disponibles les podeu <a href=\"https:\/\/workspace.google.com\/intl\/es\/terms\/user_features.html\">consultar aqu\u00ed<\/a>.<\/p>\n<p>Les normes d\u2019\u00fas de les eines de Google Workspace a l\u2019Institut El Pont de Suert s\u00f3n les seg\u00fcents :<\/p>\n<ol>\n<li>El compte i els serveis oferts s\u00f3n gratu\u00efts.<\/li>\n<li>L\u2019acc\u00e9s al compte es fa a <a href=\"https:\/\/accounts.google.com\/\">https:\/\/accounts.google.com\/<\/a><\/li>\n<li>Cada membre disposar\u00e0 d\u2019un usuari i contrasenya, personal i intransferible.<\/li>\n<li>Per al primer acc\u00e9s el centre facilitar\u00e0 una contrasenya inicial que l\u2019usuari haur\u00e0 de canviar, en accedir per primer cop a la plataforma, per la seva contrasenya privada.<\/li>\n<li>En cas d\u2019oblit o sospita de que alg\u00fa sap la contrasenya, cal comunicar-ho a l\u2019administrador del servei, per a restablir una nova contrasenya.<\/li>\n<li>L\u2019usuari es compromet a fer un \u00fas correcte i respectu\u00f3s de tots els recursos amb finalitats educatives i acad\u00e8miques.<\/li>\n<li>No est\u00e0 perm\u00e8s l\u2019\u00fas del compte amb finalitats comercials o publicit\u00e0ries.<\/li>\n<li>El contingut dels documents desats a Drive o Classroom ha d\u2019estar relacionat amb les activitats educatives del curs actual.<\/li>\n<li>L\u2019usuari ha de vetllar per mantenir una bona organitzaci\u00f3 i identificaci\u00f3 dels documents a les carpetes personals i a les unitats compartides, eliminant els fitxers que no siguin necessaris.<\/li>\n<li>Els usuaris han de respectar la propietat intel\u00b7lectual dels documents i no esborrar fitxers compartits per altres membres de la comunitat Workspace.<\/li>\n<li>A les sessions de Meet caldr\u00e0 complir les <a href=\"https:\/\/drive.google.com\/file\/d\/1qe3KRK7YLhnJUcdghy7rxqndflwadEsv\/view\">normes de cortesia per a les classes virtuals<\/a>.<\/li>\n<li>En cas de detectar un incompliment d\u2019aquestes condicions o fer un \u00fas indegut d\u2019algun dels serveis de l\u2019entorn Workspace, tutoria i la comissi\u00f3 TAC valoraran els fets i es podr\u00e0 bloquejar l\u2019acc\u00e9s temporalment al compte o donar-lo de baixa definitivament.<\/li>\n<li>Transcorreguts 60 dies despr\u00e9s que l\u2019usuari hagi cursat baixa del centre, es desactivar\u00e0 el compte i s\u2019eliminaran tots els documents emmagatzemats a Drive.<\/li>\n<li>Per a qualsevol consulta o incid\u00e8ncia adreceu-vos a <a href=\"mailto:admin@inspontdesuert.cat\">admin@inspontdesuert.cat<\/a><\/li>\n<li>L\u2019usuari d\u2019un compte amb domini @inspontdesuert.cat accepta el compliment de totes les normes redactades en aquest document.<\/li>\n<\/ol>\n<p>&nbsp;<\/p>\n","protected":false},"excerpt":{"rendered":"<p>L\u2019Institut el Pont de Suert proporciona un compte de Google Workspace for Education al PAS, professorat i l\u2019alumnat matriculat al centre per facilitar la comunicaci\u00f3 entre els membres de la comunitat educativa, fer tasques acad\u00e8miques de les diferents mat\u00e8ries i realitzar treballs per projectes transversals. Les condicions generals del contracte de l\u2019Institut amb els serveis [&hellip;]<\/p>\n","protected":false},"author":3,"featured_media":0,"parent":63,"menu_order":0,"comment_status":"closed","ping_status":"closed","template":"","meta":{"_bbp_topic_count":0,"_bbp_reply_count":0,"_bbp_total_topic_count":0,"_bbp_total_reply_count":0,"_bbp_voice_count":0,"_bbp_anonymous_reply_count":0,"_bbp_topic_count_hidden":0,"_bbp_reply_count_hidden":0,"_bbp_forum_subforum_count":0,"site-sidebar-layout":"default","site-content-layout":"","ast-site-content-layout":"","site-content-style":"default","site-sidebar-style":"default","ast-global-header-display":"","ast-banner-title-visibility":"","ast-main-header-display":"","ast-hfb-above-header-display":"","ast-hfb-below-header-display":"","ast-hfb-mobile-header-display":"","site-post-title":"","ast-breadcrumbs-content":"","ast-featured-img":"","footer-sml-layout":"","theme-transparent-header-meta":"","adv-header-id-meta":"","stick-header-meta":"","header-above-stick-meta":"","header-main-stick-meta":"","header-below-stick-meta":"","astra-migrate-meta-layouts":"default","ast-page-background-enabled":"default","ast-page-background-meta":{"desktop":{"background-color":"var(--ast-global-color-4)","background-image":"","background-repeat":"repeat","background-position":"center center","background-size":"auto","background-attachment":"scroll","background-type":"","background-media":"","overlay-type":"","overlay-color":"","overlay-opacity":"","overlay-gradient":""},"tablet":{"background-color":"","background-image":"","background-repeat":"repeat","background-position":"center center","background-size":"auto","background-attachment":"scroll","background-type":"","background-media":"","overlay-type":"","overlay-color":"","overlay-opacity":"","overlay-gradient":""},"mobile":{"background-color":"","background-image":"","background-repeat":"repeat","background-position":"center center","background-size":"auto","background-attachment":"scroll","background-type":"","background-media":"","overlay-type":"","overlay-color":"","overlay-opacity":"","overlay-gradient":""}},"ast-content-background-meta":{"desktop":{"background-color":"var(--ast-global-color-5)","background-image":"","background-repeat":"repeat","background-position":"center center","background-size":"auto","background-attachment":"scroll","background-type":"","background-media":"","overlay-type":"","overlay-color":"","overlay-opacity":"","overlay-gradient":""},"tablet":{"background-color":"var(--ast-global-color-5)","background-image":"","background-repeat":"repeat","background-position":"center center","background-size":"auto","background-attachment":"scroll","background-type":"","background-media":"","overlay-type":"","overlay-color":"","overlay-opacity":"","overlay-gradient":""},"mobile":{"background-color":"var(--ast-global-color-5)","background-image":"","background-repeat":"repeat","background-position":"center center","background-size":"auto","background-attachment":"scroll","background-type":"","background-media":"","overlay-type":"","overlay-color":"","overlay-opacity":"","overlay-gradient":""}},"footnotes":""},"class_list":["post-3911","page","type-page","status-publish","hentry"],"post_mailing_queue_ids":[],"_links":{"self":[{"href":"https:\/\/agora.xtec.cat\/iespontdesuert\/wp-json\/wp\/v2\/pages\/3911","targetHints":{"allow":["GET"]}}],"collection":[{"href":"https:\/\/agora.xtec.cat\/iespontdesuert\/wp-json\/wp\/v2\/pages"}],"about":[{"href":"https:\/\/agora.xtec.cat\/iespontdesuert\/wp-json\/wp\/v2\/types\/page"}],"author":[{"embeddable":true,"href":"https:\/\/agora.xtec.cat\/iespontdesuert\/wp-json\/wp\/v2\/users\/3"}],"replies":[{"embeddable":true,"href":"https:\/\/agora.xtec.cat\/iespontdesuert\/wp-json\/wp\/v2\/comments?post=3911"}],"version-history":[{"count":3,"href":"https:\/\/agora.xtec.cat\/iespontdesuert\/wp-json\/wp\/v2\/pages\/3911\/revisions"}],"predecessor-version":[{"id":4384,"href":"https:\/\/agora.xtec.cat\/iespontdesuert\/wp-json\/wp\/v2\/pages\/3911\/revisions\/4384"}],"up":[{"embeddable":true,"href":"https:\/\/agora.xtec.cat\/iespontdesuert\/wp-json\/wp\/v2\/pages\/63"}],"wp:attachment":[{"href":"https:\/\/agora.xtec.cat\/iespontdesuert\/wp-json\/wp\/v2\/media?parent=3911"}],"curies":[{"name":"wp","href":"https:\/\/api.w.org\/{rel}","templated":true}]}}