{"id":3904,"date":"2021-02-07T19:53:55","date_gmt":"2021-02-07T18:53:55","guid":{"rendered":"http:\/\/agora.xtec.cat\/iespontdesuert\/?page_id=3904"},"modified":"2022-05-29T10:00:45","modified_gmt":"2022-05-29T08:00:45","slug":"projecte-avancem","status":"publish","type":"page","link":"https:\/\/agora.xtec.cat\/iespontdesuert\/projecte-educatiu\/projecte-avancem\/","title":{"rendered":"PROJECTE AVANCEM"},"content":{"rendered":"<p><a href=\"https:\/\/agora.xtec.cat\/iespontdesuert\/wp-content\/uploads\/usu1633\/2022\/05\/avancem.png\"><img loading=\"lazy\" decoding=\"async\" class=\"aligncenter wp-image-4844 size-full\" src=\"https:\/\/agora.xtec.cat\/iespontdesuert\/wp-content\/uploads\/usu1633\/2022\/05\/avancem.png\" alt=\"\" width=\"292\" height=\"172\" \/><\/a><\/p>\n<p><strong>PROJECTE AVANCEM 3r any (Curs 21\/22)<\/strong><\/p>\n<p>Per visualitzar el v\u00eddeo de la Jornada, clickeu en <strong><a href=\"https:\/\/youtu.be\/W5NkQJP3T-I\">aquest enlla\u00e7.<\/a><\/strong><\/p>\n<p>Amb motiu del <strong>Dia Internacional dels Museus<\/strong> que se celebra el dia 18 de maig, el nostre Centre va organitzar una Jornada per tal de mostrar els productes finals que s&#8217;han realitzat durant el darrer any del Projecte TIL-\u00a0 dins el Programa Avancem.<\/p>\n<p>El nostre Projecte\u00a0 &#8220;Scriptus&#8221; estava relacionat amb &#8220;La hist\u00f2ria de l&#8217;escriptura al llarg dels anys&#8221;, des del l&#8217;escriptura eg\u00edpcia fins a l&#8217;era digital, passant per la impremta<\/p>\n<p>Durant tot el dia l&#8217;alumnat va poder gaudir de diferents tallers (Escriptura amb plomilla, taller d&#8217;alfabet \u00e0rab, taller d&#8217;escriptura amb m\u00e0quina d&#8217;escriure, braille, taller d&#8217;impremta. A m\u00e9s, els alumnes van poder visitar el museu amb els productes finals per racons i van poder enriquir-se de les explicacions dels seus companys\/es.<br \/>\nLa setmana anterior, el nostre alumnat ja va poder gaudir d&#8217;un taller experimental de paper artesanal a c\u00e0rrec d\u2019 En Diego i\u00a0 la Mamen, Sastres Paperers.<\/p>\n<p>Gr\u00e0cies a tots\/es per la vostra participaci\u00f3! Ha estat tot un \u00e8xit.<\/p>\n<p><strong>PROJECTE AVANCEM 2n any (Curs 20\/21)<\/strong><\/p>\n<p><strong>Projecte de 4t ESO\u00a0 &#8220;Un tastet pels ODS&#8221;<\/strong><\/p>\n<p><a href=\"https:\/\/agora.xtec.cat\/iespontdesuert\/wp-content\/uploads\/usu1633\/2021\/05\/IMG_20210414_101809.jpg\"><img loading=\"lazy\" decoding=\"async\" class=\"alignnone size-thumbnail wp-image-4161\" src=\"https:\/\/agora.xtec.cat\/iespontdesuert\/wp-content\/uploads\/usu1633\/2021\/05\/IMG_20210414_101809-150x150.jpg\" alt=\"\" width=\"150\" height=\"150\" \/><\/a> <a href=\"https:\/\/agora.xtec.cat\/iespontdesuert\/wp-content\/uploads\/usu1633\/2021\/05\/IMG_20210414_101815.jpg\"><img loading=\"lazy\" decoding=\"async\" class=\"alignnone size-thumbnail wp-image-4162\" src=\"https:\/\/agora.xtec.cat\/iespontdesuert\/wp-content\/uploads\/usu1633\/2021\/05\/IMG_20210414_101815-150x150.jpg\" alt=\"\" width=\"150\" height=\"150\" \/><\/a> <a href=\"https:\/\/agora.xtec.cat\/iespontdesuert\/wp-content\/uploads\/usu1633\/2021\/05\/IMG_20210414_101821.jpg\"><img loading=\"lazy\" decoding=\"async\" class=\"alignnone size-thumbnail wp-image-4163\" src=\"https:\/\/agora.xtec.cat\/iespontdesuert\/wp-content\/uploads\/usu1633\/2021\/05\/IMG_20210414_101821-150x150.jpg\" alt=\"\" width=\"150\" height=\"150\" \/><\/a> <a href=\"https:\/\/agora.xtec.cat\/iespontdesuert\/wp-content\/uploads\/usu1633\/2021\/05\/IMG_20210414_101835.jpg\"><img loading=\"lazy\" decoding=\"async\" class=\"alignnone size-thumbnail wp-image-4164\" src=\"https:\/\/agora.xtec.cat\/iespontdesuert\/wp-content\/uploads\/usu1633\/2021\/05\/IMG_20210414_101835-150x150.jpg\" alt=\"\" width=\"150\" height=\"150\" \/><\/a> <a href=\"https:\/\/agora.xtec.cat\/iespontdesuert\/wp-content\/uploads\/usu1633\/2021\/05\/IMG_20210421_101722.jpg\"><img loading=\"lazy\" decoding=\"async\" class=\"alignnone size-thumbnail wp-image-4165\" src=\"https:\/\/agora.xtec.cat\/iespontdesuert\/wp-content\/uploads\/usu1633\/2021\/05\/IMG_20210421_101722-150x150.jpg\" alt=\"\" width=\"150\" height=\"150\" \/><\/a> <a href=\"https:\/\/agora.xtec.cat\/iespontdesuert\/wp-content\/uploads\/usu1633\/2021\/05\/IMG_20210421_101732.jpg\"><img loading=\"lazy\" decoding=\"async\" class=\"alignnone size-thumbnail wp-image-4166\" src=\"https:\/\/agora.xtec.cat\/iespontdesuert\/wp-content\/uploads\/usu1633\/2021\/05\/IMG_20210421_101732-150x150.jpg\" alt=\"\" width=\"150\" height=\"150\" \/><\/a> <a href=\"https:\/\/agora.xtec.cat\/iespontdesuert\/wp-content\/uploads\/usu1633\/2021\/05\/IMG_20210421_101738.jpg\"><img loading=\"lazy\" decoding=\"async\" class=\"alignnone size-thumbnail wp-image-4167\" src=\"https:\/\/agora.xtec.cat\/iespontdesuert\/wp-content\/uploads\/usu1633\/2021\/05\/IMG_20210421_101738-150x150.jpg\" alt=\"\" width=\"150\" height=\"150\" \/><\/a> <a href=\"https:\/\/agora.xtec.cat\/iespontdesuert\/wp-content\/uploads\/usu1633\/2021\/05\/IMG_20210421_101800.jpg\"><img loading=\"lazy\" decoding=\"async\" class=\"alignnone size-thumbnail wp-image-4168\" src=\"https:\/\/agora.xtec.cat\/iespontdesuert\/wp-content\/uploads\/usu1633\/2021\/05\/IMG_20210421_101800-150x150.jpg\" alt=\"\" width=\"150\" height=\"150\" \/><\/a> <a href=\"https:\/\/agora.xtec.cat\/iespontdesuert\/wp-content\/uploads\/usu1633\/2021\/05\/IMG_20210422_100437.jpg\"><img loading=\"lazy\" decoding=\"async\" class=\"alignnone size-thumbnail wp-image-4169\" src=\"https:\/\/agora.xtec.cat\/iespontdesuert\/wp-content\/uploads\/usu1633\/2021\/05\/IMG_20210422_100437-150x150.jpg\" alt=\"\" width=\"150\" height=\"150\" \/><\/a> <a href=\"https:\/\/agora.xtec.cat\/iespontdesuert\/wp-content\/uploads\/usu1633\/2021\/05\/IMG_20210422_100444.jpg\"><img loading=\"lazy\" decoding=\"async\" class=\"alignnone size-thumbnail wp-image-4170\" src=\"https:\/\/agora.xtec.cat\/iespontdesuert\/wp-content\/uploads\/usu1633\/2021\/05\/IMG_20210422_100444-150x150.jpg\" alt=\"\" width=\"150\" height=\"150\" \/><\/a> <a href=\"https:\/\/agora.xtec.cat\/iespontdesuert\/wp-content\/uploads\/usu1633\/2021\/05\/IMG_20210422_100453.jpg\"><img loading=\"lazy\" decoding=\"async\" class=\"alignnone size-thumbnail wp-image-4171\" src=\"https:\/\/agora.xtec.cat\/iespontdesuert\/wp-content\/uploads\/usu1633\/2021\/05\/IMG_20210422_100453-150x150.jpg\" alt=\"\" width=\"150\" height=\"150\" \/><\/a> <a href=\"https:\/\/agora.xtec.cat\/iespontdesuert\/wp-content\/uploads\/usu1633\/2021\/05\/IMG_20210422_100508.jpg\"><img loading=\"lazy\" decoding=\"async\" class=\"alignnone size-thumbnail wp-image-4172\" src=\"https:\/\/agora.xtec.cat\/iespontdesuert\/wp-content\/uploads\/usu1633\/2021\/05\/IMG_20210422_100508-150x150.jpg\" alt=\"\" width=\"150\" height=\"150\" \/><\/a><\/p>\n<p>Durant el 3r trmestre, l&#8217;alumnat de 4t d&#8217;ESO ha realitzat el projecte &#8220;Un tastet pels ODS&#8221;, on s&#8217;han treballat els Objectius de Desenvolupament Sostenible de l&#8217;agenda 2030 de manera transversal entre diferents mat\u00e8ries (Catal\u00e0, Castell\u00e0, Angl\u00e8s, Socials i Visual i Pl\u00e0stica)<\/p>\n<p><strong>Producte final com\u00fa de totes les mat\u00e8ries: &#8220;Jornada per a un m\u00f3n millor&#8221;<\/strong><\/p>\n<p>El passat divendres el nostre Centre va dur a terme la Jornada \u201cUn m\u00f3n millor\u201d. Aquest esdeveniment forma part del Projecte Integrat de Lleng\u00fces del programa\u00a0 \u201cAVANCEM\u201d .<\/p>\n<p>Es van dur a terme diferents tallers organitzats per l\u2019alumnat de 4t d\u2019ESO. Felicitem tots els talleristes i els participants per la feina ben feta !<\/p>\n<p><a href=\"https:\/\/agora.xtec.cat\/iespontdesuert\/wp-content\/uploads\/usu1633\/2021\/05\/IMG-20210510-WA0001.jpg\"><img loading=\"lazy\" decoding=\"async\" class=\"alignnone size-thumbnail wp-image-4119\" src=\"https:\/\/agora.xtec.cat\/iespontdesuert\/wp-content\/uploads\/usu1633\/2021\/05\/IMG-20210510-WA0001-150x150.jpg\" alt=\"\" width=\"150\" height=\"150\" \/><\/a> <a href=\"https:\/\/agora.xtec.cat\/iespontdesuert\/wp-content\/uploads\/usu1633\/2021\/05\/IMG-20210510-WA0004-1.jpg\"><img loading=\"lazy\" decoding=\"async\" class=\"alignnone size-thumbnail wp-image-4111\" src=\"https:\/\/agora.xtec.cat\/iespontdesuert\/wp-content\/uploads\/usu1633\/2021\/05\/IMG-20210510-WA0004-1-150x150.jpg\" alt=\"\" width=\"150\" height=\"150\" \/><\/a> <a href=\"https:\/\/agora.xtec.cat\/iespontdesuert\/wp-content\/uploads\/usu1633\/2021\/05\/IMG-20210510-WA0002.jpg\"><img loading=\"lazy\" decoding=\"async\" class=\"alignnone size-thumbnail wp-image-4110\" src=\"https:\/\/agora.xtec.cat\/iespontdesuert\/wp-content\/uploads\/usu1633\/2021\/05\/IMG-20210510-WA0002-150x150.jpg\" alt=\"\" width=\"150\" height=\"150\" \/><\/a> <a href=\"https:\/\/agora.xtec.cat\/iespontdesuert\/wp-content\/uploads\/usu1633\/2021\/05\/IMG-20210510-WA0007-1.jpg\"><img loading=\"lazy\" decoding=\"async\" class=\"alignnone size-thumbnail wp-image-4112\" src=\"https:\/\/agora.xtec.cat\/iespontdesuert\/wp-content\/uploads\/usu1633\/2021\/05\/IMG-20210510-WA0007-1-150x150.jpg\" alt=\"\" width=\"150\" height=\"150\" \/><\/a> <a href=\"https:\/\/agora.xtec.cat\/iespontdesuert\/wp-content\/uploads\/usu1633\/2021\/05\/IMG-20210510-WA0008-1.jpg\"><img loading=\"lazy\" decoding=\"async\" class=\"alignnone size-thumbnail wp-image-4113\" src=\"https:\/\/agora.xtec.cat\/iespontdesuert\/wp-content\/uploads\/usu1633\/2021\/05\/IMG-20210510-WA0008-1-150x150.jpg\" alt=\"\" width=\"150\" height=\"150\" \/><\/a> <a href=\"https:\/\/agora.xtec.cat\/iespontdesuert\/wp-content\/uploads\/usu1633\/2021\/05\/IMG-20210510-WA0009-1.jpg\"><img loading=\"lazy\" decoding=\"async\" class=\"alignnone size-thumbnail wp-image-4114\" src=\"https:\/\/agora.xtec.cat\/iespontdesuert\/wp-content\/uploads\/usu1633\/2021\/05\/IMG-20210510-WA0009-1-150x150.jpg\" alt=\"\" width=\"150\" height=\"150\" \/><\/a> <a href=\"https:\/\/agora.xtec.cat\/iespontdesuert\/wp-content\/uploads\/usu1633\/2021\/05\/IMG-20210510-WA0010-1.jpg\"><img loading=\"lazy\" decoding=\"async\" class=\"alignnone size-thumbnail wp-image-4115\" src=\"https:\/\/agora.xtec.cat\/iespontdesuert\/wp-content\/uploads\/usu1633\/2021\/05\/IMG-20210510-WA0010-1-150x150.jpg\" alt=\"\" width=\"150\" height=\"150\" \/><\/a> <a href=\"https:\/\/agora.xtec.cat\/iespontdesuert\/wp-content\/uploads\/usu1633\/2021\/05\/IMG-20210510-WA0011-1.jpg\"><img loading=\"lazy\" decoding=\"async\" class=\"alignnone size-thumbnail wp-image-4116\" src=\"https:\/\/agora.xtec.cat\/iespontdesuert\/wp-content\/uploads\/usu1633\/2021\/05\/IMG-20210510-WA0011-1-150x150.jpg\" alt=\"\" width=\"150\" height=\"150\" \/><\/a> <a href=\"https:\/\/agora.xtec.cat\/iespontdesuert\/wp-content\/uploads\/usu1633\/2021\/05\/password.jpg\"><img loading=\"lazy\" decoding=\"async\" class=\"alignnone size-thumbnail wp-image-4117\" src=\"https:\/\/agora.xtec.cat\/iespontdesuert\/wp-content\/uploads\/usu1633\/2021\/05\/password-150x150.jpg\" alt=\"\" width=\"150\" height=\"150\" \/><\/a> <a href=\"https:\/\/agora.xtec.cat\/iespontdesuert\/wp-content\/uploads\/usu1633\/2021\/05\/1620642100594.jpg\"><img loading=\"lazy\" decoding=\"async\" class=\"alignnone size-thumbnail wp-image-4107\" src=\"https:\/\/agora.xtec.cat\/iespontdesuert\/wp-content\/uploads\/usu1633\/2021\/05\/1620642100594-150x150.jpg\" alt=\"\" width=\"150\" height=\"150\" \/><\/a> <a href=\"https:\/\/agora.xtec.cat\/iespontdesuert\/wp-content\/uploads\/usu1633\/2021\/05\/IMG-20210510-WA0000-copia-1.jpg\"><img loading=\"lazy\" decoding=\"async\" class=\"alignnone size-thumbnail wp-image-4108\" src=\"https:\/\/agora.xtec.cat\/iespontdesuert\/wp-content\/uploads\/usu1633\/2021\/05\/IMG-20210510-WA0000-copia-1-150x150.jpg\" alt=\"\" width=\"150\" height=\"150\" \/><\/a> <a href=\"https:\/\/agora.xtec.cat\/iespontdesuert\/wp-content\/uploads\/usu1633\/2021\/05\/1620642100584-copia.jpg\"><img loading=\"lazy\" decoding=\"async\" class=\"alignnone size-thumbnail wp-image-4106\" src=\"https:\/\/agora.xtec.cat\/iespontdesuert\/wp-content\/uploads\/usu1633\/2021\/05\/1620642100584-copia-150x150.jpg\" alt=\"\" width=\"150\" height=\"150\" \/><\/a> <a href=\"https:\/\/agora.xtec.cat\/iespontdesuert\/wp-content\/uploads\/usu1633\/2021\/05\/1620642100563.jpg\"><img loading=\"lazy\" decoding=\"async\" class=\"alignnone size-thumbnail wp-image-4105\" src=\"https:\/\/agora.xtec.cat\/iespontdesuert\/wp-content\/uploads\/usu1633\/2021\/05\/1620642100563-150x150.jpg\" alt=\"\" width=\"150\" height=\"150\" \/><\/a> <a href=\"https:\/\/agora.xtec.cat\/iespontdesuert\/wp-content\/uploads\/usu1633\/2021\/05\/1620642100542.jpg\"><img loading=\"lazy\" decoding=\"async\" class=\"alignnone size-thumbnail wp-image-4104\" src=\"https:\/\/agora.xtec.cat\/iespontdesuert\/wp-content\/uploads\/usu1633\/2021\/05\/1620642100542-150x150.jpg\" alt=\"\" width=\"150\" height=\"150\" \/><\/a> <a href=\"https:\/\/agora.xtec.cat\/iespontdesuert\/wp-content\/uploads\/usu1633\/2021\/05\/IMG-20210510-WA0011.jpg\"><img loading=\"lazy\" decoding=\"async\" class=\"alignnone size-thumbnail wp-image-4103\" src=\"https:\/\/agora.xtec.cat\/iespontdesuert\/wp-content\/uploads\/usu1633\/2021\/05\/IMG-20210510-WA0011-150x150.jpg\" alt=\"\" width=\"150\" height=\"150\" \/><\/a> <a href=\"https:\/\/agora.xtec.cat\/iespontdesuert\/wp-content\/uploads\/usu1633\/2021\/05\/IMG-20210510-WA0010.jpg\"><img loading=\"lazy\" decoding=\"async\" class=\"alignnone size-thumbnail wp-image-4102\" src=\"https:\/\/agora.xtec.cat\/iespontdesuert\/wp-content\/uploads\/usu1633\/2021\/05\/IMG-20210510-WA0010-150x150.jpg\" alt=\"\" width=\"150\" height=\"150\" \/><\/a> <a href=\"https:\/\/agora.xtec.cat\/iespontdesuert\/wp-content\/uploads\/usu1633\/2021\/05\/IMG-20210510-WA0009.jpg\"><img loading=\"lazy\" decoding=\"async\" class=\"alignnone size-thumbnail wp-image-4101\" src=\"https:\/\/agora.xtec.cat\/iespontdesuert\/wp-content\/uploads\/usu1633\/2021\/05\/IMG-20210510-WA0009-150x150.jpg\" alt=\"\" width=\"150\" height=\"150\" \/><\/a><\/p>\n<p>Per altra banda, l\u2019alumnat tamb\u00e9 va poder assistir a TED talks en directe dels seus companys relacionats amb els Objectius de Desenvolupament Sostenible . A m\u00e9s, per a aquesta jornada els alumnes tamb\u00e9 van preparar anuncis publicitaris sobre aquesta tem\u00e0tica.<\/p>\n<p>Aqu\u00ed en teniu un tastet!<\/p>\n<p><span class=\" jgG6ef\">Telenot\u00edcies\u00a0 sobre la comarca realitzats per l&#8217;alumnat de 3r d&#8217;ESO al Projecte de Centre AVANCEM<\/span> \u00a0<span class=\" jgG6ef\"><a class=\"XqQF9c rXJpyf\" href=\"https:\/\/youtu.be\/Ap68i_KXWwU\" target=\"_blank\" rel=\"noopener\">Exemple 1<\/a><\/span><span class=\" jgG6ef\"> \/<\/span><span class=\" jgG6ef\"><a class=\"XqQF9c rXJpyf\" href=\"https:\/\/youtu.be\/nq_jjq4V58E\" target=\"_blank\" rel=\"noopener\">Exemple 2<\/a><\/span><\/p>\n<p><a href=\"https:\/\/drive.google.com\/file\/d\/1NipRNMWvP4Kn9tr-dniLk8gASdazpn42\/view?usp=sharing\">Anunci publicitari sobre educaci\u00f3 de qualitat<\/a><\/p>\n<p><a href=\"https:\/\/drive.google.com\/file\/d\/1ZS31JwbYeCYzU2liZvVpDT9wbAQ9o1UM\/view?usp=sharing\">Anunci publicitari sobre educaci\u00f3 de qualitat<\/a><\/p>\n<p><a href=\"https:\/\/drive.google.com\/file\/d\/1N-uOJJsb7bBr5g55t3dO3_sv9V0q6vPw\/view?usp=sharing\">Anunci publicitari sobre educaci\u00f3 de qualitat<\/a><\/p>\n<p><a href=\"https:\/\/drive.google.com\/file\/d\/19DFUeNM2INLsL7KP8ROhL22cRnywZ0Cf\/view?usp=sharing\">Anuncio publicitario sobre resiliencia<\/a><\/p>\n<p><a href=\"https:\/\/drive.google.com\/file\/d\/1l4jcykL3T3pDflxfksyiJxHsbB-kJZun\/view?usp=sharing\">Anuncio sobre las desigualdades<\/a><\/p>\n<p><a href=\"https:\/\/drive.google.com\/file\/d\/1esbVmulNaMDsr-DYVojtVdnG-wiUTsYI\/view?usp=sharing\">Anuncio sobre las desigualdades<\/a><\/p>\n<p>TED Talks realitzats per l&#8217;alumnat de 4t d&#8217;ESO per al Projecte AVANCEM<\/p>\n<p><a href=\"https:\/\/drive.google.com\/file\/d\/12SGS8bhFzv5jpIDxqRt14c9m-zhQHoAa\/view?usp=sharing\">TED Talk about \u201cEconomy growth and its benefits\u201d\u00a0<\/a> by Clara Farelo<\/p>\n<p><a href=\"https:\/\/drive.google.com\/file\/d\/17mYRoi0vGetQFQgyTCSflXo6KfMF36NX\/view?usp=sharing\">TED Talk about \u201cPills or legal drugs?\u201d<\/a> by Arantzazu Feixa<\/p>\n<p><a href=\"https:\/\/drive.google.com\/file\/d\/16fKSe310PHZohBQuo9zCrQVSCRZLiwbY\/view?usp=sharing\">TED Talk about \u201cWorldwide Economic Disproportion\u201d<\/a>. by Erika Galafate<\/p>\n<p><a href=\"https:\/\/drive.google.com\/file\/d\/1g18JDMHYwfbr0hPeRwNEXpbVgRH3-BCo\/view?usp=sharing\">TED Talk about \u201cDiseases around the world\u201d<\/a> by Clara Espa\u00f1ol<\/p>\n<p><a href=\"https:\/\/drive.google.com\/file\/d\/1l6OF5yi-LeDxAkGuCyeILAU9PD3AfmDB\/view?usp=sharing\">TED talk sobre la ramaderia de proximitat<\/a> per \u00c8rik Ruiz<\/p>\n","protected":false},"excerpt":{"rendered":"<p>PROJECTE AVANCEM 3r any (Curs 21\/22) Per visualitzar el v\u00eddeo de la Jornada, clickeu en aquest enlla\u00e7. Amb motiu del Dia Internacional dels Museus que se celebra el dia 18 de maig, el nostre Centre va organitzar una Jornada per tal de mostrar els productes finals que s&#8217;han realitzat durant el darrer any del Projecte [&hellip;]<\/p>\n","protected":false},"author":4,"featured_media":0,"parent":57,"menu_order":0,"comment_status":"closed","ping_status":"closed","template":"","meta":{"_bbp_topic_count":0,"_bbp_reply_count":0,"_bbp_total_topic_count":0,"_bbp_total_reply_count":0,"_bbp_voice_count":0,"_bbp_anonymous_reply_count":0,"_bbp_topic_count_hidden":0,"_bbp_reply_count_hidden":0,"_bbp_forum_subforum_count":0,"site-sidebar-layout":"default","site-content-layout":"","ast-site-content-layout":"","site-content-style":"default","site-sidebar-style":"default","ast-global-header-display":"","ast-banner-title-visibility":"","ast-main-header-display":"","ast-hfb-above-header-display":"","ast-hfb-below-header-display":"","ast-hfb-mobile-header-display":"","site-post-title":"","ast-breadcrumbs-content":"","ast-featured-img":"","footer-sml-layout":"","theme-transparent-header-meta":"","adv-header-id-meta":"","stick-header-meta":"","header-above-stick-meta":"","header-main-stick-meta":"","header-below-stick-meta":"","astra-migrate-meta-layouts":"default","ast-page-background-enabled":"default","ast-page-background-meta":{"desktop":{"background-color":"var(--ast-global-color-4)","background-image":"","background-repeat":"repeat","background-position":"center center","background-size":"auto","background-attachment":"scroll","background-type":"","background-media":"","overlay-type":"","overlay-color":"","overlay-opacity":"","overlay-gradient":""},"tablet":{"background-color":"","background-image":"","background-repeat":"repeat","background-position":"center center","background-size":"auto","background-attachment":"scroll","background-type":"","background-media":"","overlay-type":"","overlay-color":"","overlay-opacity":"","overlay-gradient":""},"mobile":{"background-color":"","background-image":"","background-repeat":"repeat","background-position":"center center","background-size":"auto","background-attachment":"scroll","background-type":"","background-media":"","overlay-type":"","overlay-color":"","overlay-opacity":"","overlay-gradient":""}},"ast-content-background-meta":{"desktop":{"background-color":"var(--ast-global-color-5)","background-image":"","background-repeat":"repeat","background-position":"center center","background-size":"auto","background-attachment":"scroll","background-type":"","background-media":"","overlay-type":"","overlay-color":"","overlay-opacity":"","overlay-gradient":""},"tablet":{"background-color":"var(--ast-global-color-5)","background-image":"","background-repeat":"repeat","background-position":"center center","background-size":"auto","background-attachment":"scroll","background-type":"","background-media":"","overlay-type":"","overlay-color":"","overlay-opacity":"","overlay-gradient":""},"mobile":{"background-color":"var(--ast-global-color-5)","background-image":"","background-repeat":"repeat","background-position":"center center","background-size":"auto","background-attachment":"scroll","background-type":"","background-media":"","overlay-type":"","overlay-color":"","overlay-opacity":"","overlay-gradient":""}},"footnotes":""},"class_list":["post-3904","page","type-page","status-publish","hentry"],"post_mailing_queue_ids":[],"_links":{"self":[{"href":"https:\/\/agora.xtec.cat\/iespontdesuert\/wp-json\/wp\/v2\/pages\/3904","targetHints":{"allow":["GET"]}}],"collection":[{"href":"https:\/\/agora.xtec.cat\/iespontdesuert\/wp-json\/wp\/v2\/pages"}],"about":[{"href":"https:\/\/agora.xtec.cat\/iespontdesuert\/wp-json\/wp\/v2\/types\/page"}],"author":[{"embeddable":true,"href":"https:\/\/agora.xtec.cat\/iespontdesuert\/wp-json\/wp\/v2\/users\/4"}],"replies":[{"embeddable":true,"href":"https:\/\/agora.xtec.cat\/iespontdesuert\/wp-json\/wp\/v2\/comments?post=3904"}],"version-history":[{"count":4,"href":"https:\/\/agora.xtec.cat\/iespontdesuert\/wp-json\/wp\/v2\/pages\/3904\/revisions"}],"predecessor-version":[{"id":4846,"href":"https:\/\/agora.xtec.cat\/iespontdesuert\/wp-json\/wp\/v2\/pages\/3904\/revisions\/4846"}],"up":[{"embeddable":true,"href":"https:\/\/agora.xtec.cat\/iespontdesuert\/wp-json\/wp\/v2\/pages\/57"}],"wp:attachment":[{"href":"https:\/\/agora.xtec.cat\/iespontdesuert\/wp-json\/wp\/v2\/media?parent=3904"}],"curies":[{"name":"wp","href":"https:\/\/api.w.org\/{rel}","templated":true}]}}