{"id":27,"date":"2014-09-17T16:24:03","date_gmt":"2014-09-17T16:24:03","guid":{"rendered":"http:\/\/agora.xtec.cat\/iespontdesuert\/?page_id=27"},"modified":"2024-09-11T07:42:54","modified_gmt":"2024-09-11T05:42:54","slug":"historia","status":"publish","type":"page","link":"https:\/\/agora.xtec.cat\/iespontdesuert\/linstitut\/historia\/","title":{"rendered":"Hist\u00f2ria"},"content":{"rendered":"<p style=\"text-align: justify;\">Fundat l&#8217;any 1985, l&#8217;IES del Pont de Suert \u00e9s l&#8217;\u00fanic institut de l&#8217;<a href=\"http:\/\/www.xn--altaribagora-udb.cat\/\" target=\"_blank\" rel=\"noopener\">Alta Ribagor\u00e7a<\/a> i est\u00e0 ubicat a la seva capital, <a href=\"http:\/\/www.elpontdesuert.com\/\" target=\"_blank\" rel=\"noopener\">El Pont de Suert<\/a>, poblaci\u00f3 molt propera a la frontera amb l&#8217;Arag\u00f3. L&#8217;edifici actual va ser inaugurat la primavera de l&#8217;any 1991. Actualment hi estudien uns 365 alumnes repartits entre l&#8217;ESO, el Batxillerat i els Cicle<span class=\"Apple-style-span\"><span class=\"Apple-style-span\">s Formatius de Grau Mitj\u00e0 i de Grau Superior. Els alumnes s\u00f3n principalment del Pont de Suert, <a href=\"http:\/\/vilaller.ddl.net\/\" target=\"_blank\" rel=\"noopener\">Vilaller<\/a>, la <a href=\"http:\/\/www.valldeboi.cat\/ca\/index.aspx\" target=\"_blank\" rel=\"noopener\">Vall de Bo\u00ed<\/a> i la Ribagor\u00e7a Oriental (Osca) encara que a la Formaci\u00f3 Professional tenim alumnes d&#8217;altres punts de Catalunya i d&#8217;altres comunitats aut\u00f2nomes.<\/span><\/span><\/p>\n<p style=\"text-align: justify;\"><a href=\"http:\/\/agora.xtec.cat\/iespontdesuert\/wp-content\/uploads\/usu1633\/2017\/04\/3_Hall_2.jpg\"><img loading=\"lazy\" decoding=\"async\" class=\" wp-image-1372 aligncenter\" src=\"http:\/\/agora.xtec.cat\/iespontdesuert\/wp-content\/uploads\/usu1633\/2017\/04\/3_Hall_2-768x1024.jpg\" alt=\"3_Hall_2\" width=\"253\" height=\"337\" srcset=\"https:\/\/agora.xtec.cat\/iespontdesuert\/wp-content\/uploads\/usu1633\/2017\/04\/3_Hall_2-768x1024.jpg 768w, https:\/\/agora.xtec.cat\/iespontdesuert\/wp-content\/uploads\/usu1633\/2017\/04\/3_Hall_2-225x300.jpg 225w, https:\/\/agora.xtec.cat\/iespontdesuert\/wp-content\/uploads\/usu1633\/2017\/04\/3_Hall_2.jpg 1224w\" sizes=\"auto, (max-width: 253px) 100vw, 253px\" \/><\/a><\/p>\n<p style=\"text-align: justify;\">Som un centre bastant petit. Tenim uns 175 alumnes d&#8217;ESO repartits en dues l\u00ednies, la qual cosa ens dona una bona ratio per aula. De Batxillerat tenim uns 55 alumnes entre els dos cursos. Aquests alumnes solen provenir de la nostra \u00e0rea geogr\u00e0fica, la Ribagor\u00e7a.<\/p>\n<p style=\"text-align: justify;\"><a href=\"http:\/\/agora.xtec.cat\/iespontdesuert\/wp-content\/uploads\/usu1633\/2017\/04\/7_Passadis_Planta_Baixa_1.jpg\"><img loading=\"lazy\" decoding=\"async\" class=\"wp-image-1376 aligncenter\" src=\"http:\/\/agora.xtec.cat\/iespontdesuert\/wp-content\/uploads\/usu1633\/2017\/04\/7_Passadis_Planta_Baixa_1-1024x768.jpg\" alt=\"7_Passadis_Planta_Baixa_1\" width=\"273\" height=\"205\" srcset=\"https:\/\/agora.xtec.cat\/iespontdesuert\/wp-content\/uploads\/usu1633\/2017\/04\/7_Passadis_Planta_Baixa_1-1024x768.jpg 1024w, https:\/\/agora.xtec.cat\/iespontdesuert\/wp-content\/uploads\/usu1633\/2017\/04\/7_Passadis_Planta_Baixa_1-300x225.jpg 300w, https:\/\/agora.xtec.cat\/iespontdesuert\/wp-content\/uploads\/usu1633\/2017\/04\/7_Passadis_Planta_Baixa_1-768x576.jpg 768w, https:\/\/agora.xtec.cat\/iespontdesuert\/wp-content\/uploads\/usu1633\/2017\/04\/7_Passadis_Planta_Baixa_1-200x150.jpg 200w, https:\/\/agora.xtec.cat\/iespontdesuert\/wp-content\/uploads\/usu1633\/2017\/04\/7_Passadis_Planta_Baixa_1.jpg 1632w\" sizes=\"auto, (max-width: 273px) 100vw, 273px\" \/><\/a><\/p>\n<p style=\"text-align: justify;\">A la Formaci\u00f3 professional tenim un total de 130 alumnes.\u00a0 Per a m\u00e9s informaci\u00f3 visiteu les seves p\u00e0gines:<\/p>\n<p><a href=\"https:\/\/agora.xtec.cat\/iespontdesuert\/estudis\/cicles\/natura\/\">Cicles formatius de natura i medi ambient<\/a><\/p>\n<p><a href=\"https:\/\/agora.xtec.cat\/iespontdesuert\/estudis\/cicles\/neu\/\">CFGM Neu<\/a><\/p>\n<p style=\"text-align: justify;\"><a href=\"http:\/\/agora.xtec.cat\/iespontdesuert\/wp-content\/uploads\/usu1633\/2017\/04\/6_Bar_2.jpg\"><img loading=\"lazy\" decoding=\"async\" class=\"wp-image-1375 aligncenter\" src=\"http:\/\/agora.xtec.cat\/iespontdesuert\/wp-content\/uploads\/usu1633\/2017\/04\/6_Bar_2-768x1024.jpg\" alt=\"6_Bar_2\" width=\"245\" height=\"326\" srcset=\"https:\/\/agora.xtec.cat\/iespontdesuert\/wp-content\/uploads\/usu1633\/2017\/04\/6_Bar_2-768x1024.jpg 768w, https:\/\/agora.xtec.cat\/iespontdesuert\/wp-content\/uploads\/usu1633\/2017\/04\/6_Bar_2-225x300.jpg 225w, https:\/\/agora.xtec.cat\/iespontdesuert\/wp-content\/uploads\/usu1633\/2017\/04\/6_Bar_2.jpg 1224w\" sizes=\"auto, (max-width: 245px) 100vw, 245px\" \/><\/a><\/p>\n<p style=\"text-align: justify;\">El curs 2009-10 v\u00e0rem posar en marxa un cicle formatiu de grau mitj\u00e0 de la fam\u00edlia d&#8217;activitats esportives anomenat <span class=\"Estilo4\"><span class=\"Estilo11\"><strong>Conducci\u00f3 d&#8217;activitats f\u00edsico-esportives al medi natural &#8211; Especialistes en estacions d&#8217;esqu\u00ed<\/strong>.\u00a0<\/span><\/span><\/p>\n<p>&nbsp;<\/p>\n","protected":false},"excerpt":{"rendered":"<p>Fundat l&#8217;any 1985, l&#8217;IES del Pont de Suert \u00e9s l&#8217;\u00fanic institut de l&#8217;Alta Ribagor\u00e7a i est\u00e0 ubicat a la seva capital, El Pont de Suert, poblaci\u00f3 molt propera a la frontera amb l&#8217;Arag\u00f3. L&#8217;edifici actual va ser inaugurat la primavera de l&#8217;any 1991. Actualment hi estudien uns 365 alumnes repartits entre l&#8217;ESO, el Batxillerat i [&hellip;]<\/p>\n","protected":false},"author":1,"featured_media":0,"parent":19,"menu_order":20,"comment_status":"closed","ping_status":"closed","template":"page-templates\/side-menu.php","meta":{"_bbp_topic_count":0,"_bbp_reply_count":0,"_bbp_total_topic_count":0,"_bbp_total_reply_count":0,"_bbp_voice_count":0,"_bbp_anonymous_reply_count":0,"_bbp_topic_count_hidden":0,"_bbp_reply_count_hidden":0,"_bbp_forum_subforum_count":0,"site-sidebar-layout":"default","site-content-layout":"","ast-site-content-layout":"","site-content-style":"default","site-sidebar-style":"default","ast-global-header-display":"","ast-banner-title-visibility":"","ast-main-header-display":"","ast-hfb-above-header-display":"","ast-hfb-below-header-display":"","ast-hfb-mobile-header-display":"","site-post-title":"","ast-breadcrumbs-content":"","ast-featured-img":"","footer-sml-layout":"","theme-transparent-header-meta":"","adv-header-id-meta":"","stick-header-meta":"","header-above-stick-meta":"","header-main-stick-meta":"","header-below-stick-meta":"","astra-migrate-meta-layouts":"default","ast-page-background-enabled":"default","ast-page-background-meta":{"desktop":{"background-color":"var(--ast-global-color-4)","background-image":"","background-repeat":"repeat","background-position":"center center","background-size":"auto","background-attachment":"scroll","background-type":"","background-media":"","overlay-type":"","overlay-color":"","overlay-opacity":"","overlay-gradient":""},"tablet":{"background-color":"","background-image":"","background-repeat":"repeat","background-position":"center center","background-size":"auto","background-attachment":"scroll","background-type":"","background-media":"","overlay-type":"","overlay-color":"","overlay-opacity":"","overlay-gradient":""},"mobile":{"background-color":"","background-image":"","background-repeat":"repeat","background-position":"center center","background-size":"auto","background-attachment":"scroll","background-type":"","background-media":"","overlay-type":"","overlay-color":"","overlay-opacity":"","overlay-gradient":""}},"ast-content-background-meta":{"desktop":{"background-color":"var(--ast-global-color-5)","background-image":"","background-repeat":"repeat","background-position":"center center","background-size":"auto","background-attachment":"scroll","background-type":"","background-media":"","overlay-type":"","overlay-color":"","overlay-opacity":"","overlay-gradient":""},"tablet":{"background-color":"var(--ast-global-color-5)","background-image":"","background-repeat":"repeat","background-position":"center center","background-size":"auto","background-attachment":"scroll","background-type":"","background-media":"","overlay-type":"","overlay-color":"","overlay-opacity":"","overlay-gradient":""},"mobile":{"background-color":"var(--ast-global-color-5)","background-image":"","background-repeat":"repeat","background-position":"center center","background-size":"auto","background-attachment":"scroll","background-type":"","background-media":"","overlay-type":"","overlay-color":"","overlay-opacity":"","overlay-gradient":""}},"footnotes":""},"class_list":["post-27","page","type-page","status-publish","hentry"],"post_mailing_queue_ids":[],"_links":{"self":[{"href":"https:\/\/agora.xtec.cat\/iespontdesuert\/wp-json\/wp\/v2\/pages\/27","targetHints":{"allow":["GET"]}}],"collection":[{"href":"https:\/\/agora.xtec.cat\/iespontdesuert\/wp-json\/wp\/v2\/pages"}],"about":[{"href":"https:\/\/agora.xtec.cat\/iespontdesuert\/wp-json\/wp\/v2\/types\/page"}],"author":[{"embeddable":true,"href":"https:\/\/agora.xtec.cat\/iespontdesuert\/wp-json\/wp\/v2\/users\/1"}],"replies":[{"embeddable":true,"href":"https:\/\/agora.xtec.cat\/iespontdesuert\/wp-json\/wp\/v2\/comments?post=27"}],"version-history":[{"count":4,"href":"https:\/\/agora.xtec.cat\/iespontdesuert\/wp-json\/wp\/v2\/pages\/27\/revisions"}],"predecessor-version":[{"id":5983,"href":"https:\/\/agora.xtec.cat\/iespontdesuert\/wp-json\/wp\/v2\/pages\/27\/revisions\/5983"}],"up":[{"embeddable":true,"href":"https:\/\/agora.xtec.cat\/iespontdesuert\/wp-json\/wp\/v2\/pages\/19"}],"wp:attachment":[{"href":"https:\/\/agora.xtec.cat\/iespontdesuert\/wp-json\/wp\/v2\/media?parent=27"}],"curies":[{"name":"wp","href":"https:\/\/api.w.org\/{rel}","templated":true}]}}