{"id":2605,"date":"2019-03-19T12:21:36","date_gmt":"2019-03-19T11:21:36","guid":{"rendered":"http:\/\/agora.xtec.cat\/iespontdesuert\/?page_id=2605"},"modified":"2019-04-24T10:53:49","modified_gmt":"2019-04-24T08:53:49","slug":"3r-eso","status":"publish","type":"page","link":"https:\/\/agora.xtec.cat\/iespontdesuert\/projectes-de-centre\/3r-eso\/","title":{"rendered":"3r ESO"},"content":{"rendered":"<p>Els alumnes d&#8217;inform\u00e0tica de 3r d&#8217;ESO han elaborat una s\u00e8rie de not\u00edcies relacionades amb l&#8217;institut El Pont de Suert. Aqu\u00ed us deixem l&#8217;enlla\u00e7 a cadascuna d&#8217;elles:<\/p>\n<ol>\n<li><a href=\"https:\/\/drive.google.com\/file\/d\/1PClW5x53_sozuackfHEUvOqCS4yonC5B\/view?usp=sharing\">Mundial d&#8217;Esqu\u00ed Grandvalira 2019<\/a><\/li>\n<li><a href=\"https:\/\/drive.google.com\/file\/d\/1zeF6cm5FlU3XGbjgEwBOl2Y8I4SyJXyl\/view?usp=sharing\">Bullying<\/a><\/li>\n<li><a href=\"https:\/\/drive.google.com\/file\/d\/1b_1ABWmiiG5kCYMik6pcmmBNbHrrVkVU\/view?usp=sharing\">Cyberbullying<\/a><\/li>\n<li><a href=\"https:\/\/drive.google.com\/file\/d\/18Kdh46YDKr5SvGiN-vfR4tVmoImwB6-j\/view?usp=sharing\">Consum de drogues en joves<\/a><\/li>\n<li><a href=\"https:\/\/drive.google.com\/file\/d\/1Fj0Othm4WPZZKDUfK3w2zzsZv9QclJai\/view?usp=sharing\">Vaga sobre l&#8217;escalfament global<\/a><\/li>\n<\/ol>\n","protected":false},"excerpt":{"rendered":"<p>Els alumnes d&#8217;inform\u00e0tica de 3r d&#8217;ESO han elaborat una s\u00e8rie de not\u00edcies relacionades amb l&#8217;institut El Pont de Suert. Aqu\u00ed us deixem l&#8217;enlla\u00e7 a cadascuna d&#8217;elles: Mundial d&#8217;Esqu\u00ed Grandvalira 2019 Bullying Cyberbullying Consum de drogues en joves Vaga sobre l&#8217;escalfament global<\/p>\n","protected":false},"author":4,"featured_media":0,"parent":2257,"menu_order":0,"comment_status":"closed","ping_status":"closed","template":"","meta":{"_bbp_topic_count":0,"_bbp_reply_count":0,"_bbp_total_topic_count":0,"_bbp_total_reply_count":0,"_bbp_voice_count":0,"_bbp_anonymous_reply_count":0,"_bbp_topic_count_hidden":0,"_bbp_reply_count_hidden":0,"_bbp_forum_subforum_count":0,"site-sidebar-layout":"default","site-content-layout":"","ast-site-content-layout":"","site-content-style":"default","site-sidebar-style":"default","ast-global-header-display":"","ast-banner-title-visibility":"","ast-main-header-display":"","ast-hfb-above-header-display":"","ast-hfb-below-header-display":"","ast-hfb-mobile-header-display":"","site-post-title":"","ast-breadcrumbs-content":"","ast-featured-img":"","footer-sml-layout":"","theme-transparent-header-meta":"","adv-header-id-meta":"","stick-header-meta":"","header-above-stick-meta":"","header-main-stick-meta":"","header-below-stick-meta":"","astra-migrate-meta-layouts":"default","ast-page-background-enabled":"default","ast-page-background-meta":{"desktop":{"background-color":"var(--ast-global-color-4)","background-image":"","background-repeat":"repeat","background-position":"center center","background-size":"auto","background-attachment":"scroll","background-type":"","background-media":"","overlay-type":"","overlay-color":"","overlay-opacity":"","overlay-gradient":""},"tablet":{"background-color":"","background-image":"","background-repeat":"repeat","background-position":"center center","background-size":"auto","background-attachment":"scroll","background-type":"","background-media":"","overlay-type":"","overlay-color":"","overlay-opacity":"","overlay-gradient":""},"mobile":{"background-color":"","background-image":"","background-repeat":"repeat","background-position":"center center","background-size":"auto","background-attachment":"scroll","background-type":"","background-media":"","overlay-type":"","overlay-color":"","overlay-opacity":"","overlay-gradient":""}},"ast-content-background-meta":{"desktop":{"background-color":"var(--ast-global-color-5)","background-image":"","background-repeat":"repeat","background-position":"center center","background-size":"auto","background-attachment":"scroll","background-type":"","background-media":"","overlay-type":"","overlay-color":"","overlay-opacity":"","overlay-gradient":""},"tablet":{"background-color":"var(--ast-global-color-5)","background-image":"","background-repeat":"repeat","background-position":"center center","background-size":"auto","background-attachment":"scroll","background-type":"","background-media":"","overlay-type":"","overlay-color":"","overlay-opacity":"","overlay-gradient":""},"mobile":{"background-color":"var(--ast-global-color-5)","background-image":"","background-repeat":"repeat","background-position":"center center","background-size":"auto","background-attachment":"scroll","background-type":"","background-media":"","overlay-type":"","overlay-color":"","overlay-opacity":"","overlay-gradient":""}},"footnotes":""},"class_list":["post-2605","page","type-page","status-publish","hentry"],"post_mailing_queue_ids":[],"_links":{"self":[{"href":"https:\/\/agora.xtec.cat\/iespontdesuert\/wp-json\/wp\/v2\/pages\/2605","targetHints":{"allow":["GET"]}}],"collection":[{"href":"https:\/\/agora.xtec.cat\/iespontdesuert\/wp-json\/wp\/v2\/pages"}],"about":[{"href":"https:\/\/agora.xtec.cat\/iespontdesuert\/wp-json\/wp\/v2\/types\/page"}],"author":[{"embeddable":true,"href":"https:\/\/agora.xtec.cat\/iespontdesuert\/wp-json\/wp\/v2\/users\/4"}],"replies":[{"embeddable":true,"href":"https:\/\/agora.xtec.cat\/iespontdesuert\/wp-json\/wp\/v2\/comments?post=2605"}],"version-history":[{"count":3,"href":"https:\/\/agora.xtec.cat\/iespontdesuert\/wp-json\/wp\/v2\/pages\/2605\/revisions"}],"predecessor-version":[{"id":2704,"href":"https:\/\/agora.xtec.cat\/iespontdesuert\/wp-json\/wp\/v2\/pages\/2605\/revisions\/2704"}],"up":[{"embeddable":true,"href":"https:\/\/agora.xtec.cat\/iespontdesuert\/wp-json\/wp\/v2\/pages\/2257"}],"wp:attachment":[{"href":"https:\/\/agora.xtec.cat\/iespontdesuert\/wp-json\/wp\/v2\/media?parent=2605"}],"curies":[{"name":"wp","href":"https:\/\/api.w.org\/{rel}","templated":true}]}}