{"id":2602,"date":"2019-03-19T12:19:42","date_gmt":"2019-03-19T11:19:42","guid":{"rendered":"http:\/\/agora.xtec.cat\/iespontdesuert\/?page_id=2602"},"modified":"2023-02-04T08:39:24","modified_gmt":"2023-02-04T07:39:24","slug":"2n-eso","status":"publish","type":"page","link":"https:\/\/agora.xtec.cat\/iespontdesuert\/projectes-de-centre\/2n-eso\/","title":{"rendered":"2n ESO"},"content":{"rendered":"<p>&nbsp;<\/p>\n<p><strong>CURS 2021\/2022<\/strong><\/p>\n<h4><strong>Projecte\u00a0 &#8220;<a href=\"https:\/\/sites.google.com\/xtec.cat\/oratoria2n\/inici\">ORAT\u00d2RIA<\/a>&#8220;<\/strong><\/h4>\n<p><strong>Curs 2019\/2020<\/strong><\/p>\n<h4>Projecte: &#8220;Comics&#8221;<\/h4>\n<p>Angl\u00e8s: L&#8217;alumnat de 2n ESO ha dissenyat un c\u00f2mic en angl\u00e8s i\u00a0 algun en catal\u00e0 (alumnat de l&#8217;aula d&#8217;acollida). El Department de visual i pl\u00e0stica ha col\u00b7laborat amb els cartells<\/p>\n<p>Gr\u00e0cies a tots per la vostra creativitat!!!<\/p>\n<div id='gallery-1' class='gallery galleryid-2602 gallery-columns-3 gallery-size-medium'><figure class='gallery-item'>\n\t\t\t<div class='gallery-icon landscape'>\n\t\t\t\t<a href='https:\/\/agora.xtec.cat\/iespontdesuert\/projectes-de-centre\/2n-eso\/attachment\/captura1-3\/'><img loading=\"lazy\" decoding=\"async\" width=\"300\" height=\"193\" src=\"https:\/\/agora.xtec.cat\/iespontdesuert\/wp-content\/uploads\/usu1633\/2020\/03\/Captura1-1-300x193.gif\" class=\"attachment-medium size-medium\" alt=\"\" srcset=\"https:\/\/agora.xtec.cat\/iespontdesuert\/wp-content\/uploads\/usu1633\/2020\/03\/Captura1-1-300x193.gif 300w, https:\/\/agora.xtec.cat\/iespontdesuert\/wp-content\/uploads\/usu1633\/2020\/03\/Captura1-1-768x494.gif 768w, https:\/\/agora.xtec.cat\/iespontdesuert\/wp-content\/uploads\/usu1633\/2020\/03\/Captura1-1-1024x659.gif 1024w\" sizes=\"auto, (max-width: 300px) 100vw, 300px\" \/><\/a>\n\t\t\t<\/div><\/figure><figure class='gallery-item'>\n\t\t\t<div class='gallery-icon landscape'>\n\t\t\t\t<a href='https:\/\/agora.xtec.cat\/iespontdesuert\/projectes-de-centre\/2n-eso\/attachment\/captura2-2\/'><img loading=\"lazy\" decoding=\"async\" width=\"300\" height=\"193\" src=\"https:\/\/agora.xtec.cat\/iespontdesuert\/wp-content\/uploads\/usu1633\/2020\/03\/Captura2-300x193.gif\" class=\"attachment-medium size-medium\" alt=\"\" srcset=\"https:\/\/agora.xtec.cat\/iespontdesuert\/wp-content\/uploads\/usu1633\/2020\/03\/Captura2-300x193.gif 300w, https:\/\/agora.xtec.cat\/iespontdesuert\/wp-content\/uploads\/usu1633\/2020\/03\/Captura2-768x493.gif 768w, https:\/\/agora.xtec.cat\/iespontdesuert\/wp-content\/uploads\/usu1633\/2020\/03\/Captura2-1024x658.gif 1024w\" sizes=\"auto, (max-width: 300px) 100vw, 300px\" \/><\/a>\n\t\t\t<\/div><\/figure><figure class='gallery-item'>\n\t\t\t<div class='gallery-icon landscape'>\n\t\t\t\t<a href='https:\/\/agora.xtec.cat\/iespontdesuert\/projectes-de-centre\/2n-eso\/attachment\/captura3-2\/'><img loading=\"lazy\" decoding=\"async\" width=\"300\" height=\"195\" src=\"https:\/\/agora.xtec.cat\/iespontdesuert\/wp-content\/uploads\/usu1633\/2020\/03\/Captura3-300x195.gif\" class=\"attachment-medium size-medium\" alt=\"\" srcset=\"https:\/\/agora.xtec.cat\/iespontdesuert\/wp-content\/uploads\/usu1633\/2020\/03\/Captura3-300x195.gif 300w, https:\/\/agora.xtec.cat\/iespontdesuert\/wp-content\/uploads\/usu1633\/2020\/03\/Captura3-768x500.gif 768w, https:\/\/agora.xtec.cat\/iespontdesuert\/wp-content\/uploads\/usu1633\/2020\/03\/Captura3-1024x667.gif 1024w\" sizes=\"auto, (max-width: 300px) 100vw, 300px\" \/><\/a>\n\t\t\t<\/div><\/figure>\n\t\t<\/div>\n\n<p><strong>Curs 2018\/2019<\/strong><\/p>\n<h4><strong>Angl\u00e8s<\/strong>: &#8216;alumnat de 2n de L&#8217;ESO van realitzar el Projecte<strong> &#8220;Save the planet&#8221;<\/strong><\/h4>\n<p><strong><a href=\"https:\/\/youtu.be\/aIsLFEq1Ncc\">E.g. Blind world<\/a><\/strong><\/p>\n<p><strong>Educaci\u00f3 art\u00edstica: <\/strong>Cartells homenatjant Queen<\/p>\n<p><a href=\"https:\/\/agora.xtec.cat\/iespontdesuert\/wp-content\/uploads\/usu1633\/2019\/05\/queen_1.jpg\"><img loading=\"lazy\" decoding=\"async\" class=\"alignnone wp-image-2752 size-medium\" src=\"https:\/\/agora.xtec.cat\/iespontdesuert\/wp-content\/uploads\/usu1633\/2019\/05\/queen_1-300x160.jpg\" alt=\"\" width=\"300\" height=\"160\" srcset=\"https:\/\/agora.xtec.cat\/iespontdesuert\/wp-content\/uploads\/usu1633\/2019\/05\/queen_1-300x160.jpg 300w, https:\/\/agora.xtec.cat\/iespontdesuert\/wp-content\/uploads\/usu1633\/2019\/05\/queen_1-768x410.jpg 768w, https:\/\/agora.xtec.cat\/iespontdesuert\/wp-content\/uploads\/usu1633\/2019\/05\/queen_1-1024x547.jpg 1024w, https:\/\/agora.xtec.cat\/iespontdesuert\/wp-content\/uploads\/usu1633\/2019\/05\/queen_1.jpg 1313w\" sizes=\"auto, (max-width: 300px) 100vw, 300px\" \/><\/a> <a href=\"https:\/\/agora.xtec.cat\/iespontdesuert\/wp-content\/uploads\/usu1633\/2019\/05\/queen_2.jpg\"><img loading=\"lazy\" decoding=\"async\" class=\"alignnone wp-image-2753 size-medium\" src=\"https:\/\/agora.xtec.cat\/iespontdesuert\/wp-content\/uploads\/usu1633\/2019\/05\/queen_2-300x170.jpg\" alt=\"\" width=\"300\" height=\"170\" srcset=\"https:\/\/agora.xtec.cat\/iespontdesuert\/wp-content\/uploads\/usu1633\/2019\/05\/queen_2-300x170.jpg 300w, https:\/\/agora.xtec.cat\/iespontdesuert\/wp-content\/uploads\/usu1633\/2019\/05\/queen_2-768x434.jpg 768w, https:\/\/agora.xtec.cat\/iespontdesuert\/wp-content\/uploads\/usu1633\/2019\/05\/queen_2-1024x579.jpg 1024w, https:\/\/agora.xtec.cat\/iespontdesuert\/wp-content\/uploads\/usu1633\/2019\/05\/queen_2.jpg 1333w\" sizes=\"auto, (max-width: 300px) 100vw, 300px\" \/><\/a><\/p>\n","protected":false},"excerpt":{"rendered":"<p>&nbsp; CURS 2021\/2022 Projecte\u00a0 &#8220;ORAT\u00d2RIA&#8220; Curs 2019\/2020 Projecte: &#8220;Comics&#8221; Angl\u00e8s: L&#8217;alumnat de 2n ESO ha dissenyat un c\u00f2mic en angl\u00e8s i\u00a0 algun en catal\u00e0 (alumnat de l&#8217;aula d&#8217;acollida). El Department de visual i pl\u00e0stica ha col\u00b7laborat amb els cartells Gr\u00e0cies a tots per la vostra creativitat!!! Curs 2018\/2019 Angl\u00e8s: &#8216;alumnat de 2n de L&#8217;ESO van [&hellip;]<\/p>\n","protected":false},"author":4,"featured_media":0,"parent":2257,"menu_order":0,"comment_status":"closed","ping_status":"closed","template":"","meta":{"_bbp_topic_count":0,"_bbp_reply_count":0,"_bbp_total_topic_count":0,"_bbp_total_reply_count":0,"_bbp_voice_count":0,"_bbp_anonymous_reply_count":0,"_bbp_topic_count_hidden":0,"_bbp_reply_count_hidden":0,"_bbp_forum_subforum_count":0,"site-sidebar-layout":"default","site-content-layout":"","ast-site-content-layout":"","site-content-style":"default","site-sidebar-style":"default","ast-global-header-display":"","ast-banner-title-visibility":"","ast-main-header-display":"","ast-hfb-above-header-display":"","ast-hfb-below-header-display":"","ast-hfb-mobile-header-display":"","site-post-title":"","ast-breadcrumbs-content":"","ast-featured-img":"","footer-sml-layout":"","theme-transparent-header-meta":"","adv-header-id-meta":"","stick-header-meta":"","header-above-stick-meta":"","header-main-stick-meta":"","header-below-stick-meta":"","astra-migrate-meta-layouts":"default","ast-page-background-enabled":"default","ast-page-background-meta":{"desktop":{"background-color":"var(--ast-global-color-4)","background-image":"","background-repeat":"repeat","background-position":"center center","background-size":"auto","background-attachment":"scroll","background-type":"","background-media":"","overlay-type":"","overlay-color":"","overlay-opacity":"","overlay-gradient":""},"tablet":{"background-color":"","background-image":"","background-repeat":"repeat","background-position":"center center","background-size":"auto","background-attachment":"scroll","background-type":"","background-media":"","overlay-type":"","overlay-color":"","overlay-opacity":"","overlay-gradient":""},"mobile":{"background-color":"","background-image":"","background-repeat":"repeat","background-position":"center center","background-size":"auto","background-attachment":"scroll","background-type":"","background-media":"","overlay-type":"","overlay-color":"","overlay-opacity":"","overlay-gradient":""}},"ast-content-background-meta":{"desktop":{"background-color":"var(--ast-global-color-5)","background-image":"","background-repeat":"repeat","background-position":"center center","background-size":"auto","background-attachment":"scroll","background-type":"","background-media":"","overlay-type":"","overlay-color":"","overlay-opacity":"","overlay-gradient":""},"tablet":{"background-color":"var(--ast-global-color-5)","background-image":"","background-repeat":"repeat","background-position":"center center","background-size":"auto","background-attachment":"scroll","background-type":"","background-media":"","overlay-type":"","overlay-color":"","overlay-opacity":"","overlay-gradient":""},"mobile":{"background-color":"var(--ast-global-color-5)","background-image":"","background-repeat":"repeat","background-position":"center center","background-size":"auto","background-attachment":"scroll","background-type":"","background-media":"","overlay-type":"","overlay-color":"","overlay-opacity":"","overlay-gradient":""}},"footnotes":""},"class_list":["post-2602","page","type-page","status-publish","hentry"],"post_mailing_queue_ids":[],"_links":{"self":[{"href":"https:\/\/agora.xtec.cat\/iespontdesuert\/wp-json\/wp\/v2\/pages\/2602","targetHints":{"allow":["GET"]}}],"collection":[{"href":"https:\/\/agora.xtec.cat\/iespontdesuert\/wp-json\/wp\/v2\/pages"}],"about":[{"href":"https:\/\/agora.xtec.cat\/iespontdesuert\/wp-json\/wp\/v2\/types\/page"}],"author":[{"embeddable":true,"href":"https:\/\/agora.xtec.cat\/iespontdesuert\/wp-json\/wp\/v2\/users\/4"}],"replies":[{"embeddable":true,"href":"https:\/\/agora.xtec.cat\/iespontdesuert\/wp-json\/wp\/v2\/comments?post=2602"}],"version-history":[{"count":4,"href":"https:\/\/agora.xtec.cat\/iespontdesuert\/wp-json\/wp\/v2\/pages\/2602\/revisions"}],"predecessor-version":[{"id":5139,"href":"https:\/\/agora.xtec.cat\/iespontdesuert\/wp-json\/wp\/v2\/pages\/2602\/revisions\/5139"}],"up":[{"embeddable":true,"href":"https:\/\/agora.xtec.cat\/iespontdesuert\/wp-json\/wp\/v2\/pages\/2257"}],"wp:attachment":[{"href":"https:\/\/agora.xtec.cat\/iespontdesuert\/wp-json\/wp\/v2\/media?parent=2602"}],"curies":[{"name":"wp","href":"https:\/\/api.w.org\/{rel}","templated":true}]}}