{"id":2599,"date":"2019-03-19T12:13:32","date_gmt":"2019-03-19T11:13:32","guid":{"rendered":"http:\/\/agora.xtec.cat\/iespontdesuert\/?page_id=2599"},"modified":"2023-02-04T08:37:34","modified_gmt":"2023-02-04T07:37:34","slug":"1r-eso","status":"publish","type":"page","link":"https:\/\/agora.xtec.cat\/iespontdesuert\/projectes-de-centre\/1r-eso\/","title":{"rendered":"1r ESO"},"content":{"rendered":"<p>&nbsp;<\/p>\n<p><strong>CURS 20\/21<\/strong><\/p>\n<p><strong>\u00a0<\/strong><\/p>\n<p><a href=\"https:\/\/agora.xtec.cat\/iespontdesuert\/wp-content\/uploads\/usu1633\/2021\/05\/projectes_petits_talents.jpg\"><img loading=\"lazy\" decoding=\"async\" class=\"size-medium wp-image-4184 alignleft\" src=\"https:\/\/agora.xtec.cat\/iespontdesuert\/wp-content\/uploads\/usu1633\/2021\/05\/projectes_petits_talents-300x131.jpg\" alt=\"\" width=\"300\" height=\"131\" srcset=\"https:\/\/agora.xtec.cat\/iespontdesuert\/wp-content\/uploads\/usu1633\/2021\/05\/projectes_petits_talents-300x131.jpg 300w, https:\/\/agora.xtec.cat\/iespontdesuert\/wp-content\/uploads\/usu1633\/2021\/05\/projectes_petits_talents.jpg 450w\" sizes=\"auto, (max-width: 300px) 100vw, 300px\" \/><\/a><\/p>\n<p>Dins de la franja de projectes, l&#8217;alumnat de 1r d&#8217;ESO ha realitzat un projecte sobre l&#8217;espai. Aqu\u00ed us deixem un recull dels productes finals.<\/p>\n<p>Molt bona feina!<\/p>\n<p>&nbsp;<\/p>\n<p><a href=\"https:\/\/drive.google.com\/file\/d\/11yFtvcN-NuYTWkWpuXZoz6VE9r7Gk3V9\/view?usp=sharing\">El nostre viatge pel sistema solar\u00a0<\/a>(Treball realitzat pel Dami\u00e0, Mariona i Candela)<\/p>\n<p><a href=\"https:\/\/drive.google.com\/file\/d\/1qgFE6RbedjSPE46ywORBSSbAVBoeVFl9\/view?usp=sharing\">Un viatge espacial per visitar a l\u2019Eusebi, el malvat m\u00e9s temible&#8230;\u00a0<\/a> (Treball realitzat per: Martina Mons\u00f3, N\u00faria Mayoral i Alejandro Vargas)<\/p>\n<p><strong><a href=\"https:\/\/drive.google.com\/file\/d\/1IU1I2wCDeV4JkVPbi0BZtePPPKW-7U2w\/view?usp=sharing\">Viatge espacial<\/a> <\/strong>(Treball realitzat per: Halima Laabar, l\u2019Alex Escoll i l\u2019Alex Ortiz)<\/p>\n<p><strong><a href=\"https:\/\/drive.google.com\/file\/d\/1HPVfoISXYFfV0hf47JhvrLkbJGZQYnZy\/view?usp=sharing\">Viatge per l&#8217;espai<\/a> (<\/strong>Treball realitzat pel Marc, la Lila i la Maria)<\/p>\n<p><strong><a href=\"https:\/\/drive.google.com\/file\/d\/1z_zcy2PLFVPSJbaqiMyogFwkGZLEBhnQ\/view?usp=sharing\">Quasi morim a l&#8217;espai<\/a><\/strong> (Treball realitzat pel Teo, el N\u00e9stor i el Tor)<\/p>\n<p>___________________________________________________________________________________________________________________________________________________<\/p>\n<p>&nbsp;<\/p>\n<p>Els alumnes de primer d&#8217;ESO durant el segon trimestre han realitzat el projecte &#8220;Un viatge sostenible&#8221;. Com a producte final havien de fer un tr\u00edptic d&#8217;una proposta de viatge en un indret del planeta relacionat amb el tipus de clima que els hi havia estat assignat. En el seg\u00fcent link podreu veure el blog de l&#8217;ag\u00e8ncia de viatge amb els tr\u00edptics.<\/p>\n<div>\n<p>Esperem que us agradi\u00a0<a href=\"https:\/\/bagencia.blogspot.com\/\" target=\"_blank\" rel=\"noopener noreferrer\" data-saferedirecturl=\"https:\/\/www.google.com\/url?q=https:\/\/bagencia.blogspot.com\/&amp;source=gmail&amp;ust=1616675051196000&amp;usg=AFQjCNF9r97Y23hQonJQOtrHmbU5is3JAQ\">&#8220;B&#8221;ag\u00e8ncia<\/a><span style=\"color: #888888;\"><br clear=\"all\" \/><\/span><\/p>\n<div><\/div>\n<\/div>\n<p><strong>Catal\u00e0<\/strong><\/p>\n<p>Projecte &#8220;carrers de l&#8217;Alta Ribagor\u00e7a&#8221;<\/p>\n<div>\n<div>A continuaci\u00f3 teniu el recull de descripcions i il\u00b7lustracions de diferents carrers dels pobles de la Ribargor\u00e7a que l\u2019alumnat de 1r. d\u2019ESO de l\u2019Institut del Pont de Suert ha realitzat durant el primer<\/div>\n<div><\/div>\n<div>trimestre del curs 2020-2021. Aquest projecte ha estat elaborat de forma coordinada pels departaments de catal\u00e0 i de visual i pl\u00e0stica.<\/div>\n<\/div>\n<div><\/div>\n<div>\n<p>Enlla\u00e7os als llibres digitals (un per grup, A, B i C):<\/p>\n<p><a href=\"https:\/\/read.bookcreator.com\/wF5spLXdTIad5H5j16vFhEERB4l2\/OGJMm5blTluJT6hTU-5Ciw\" data-saferedirecturl=\"https:\/\/www.google.com\/url?q=https:\/\/read.bookcreator.com\/wF5spLXdTIad5H5j16vFhEERB4l2\/OGJMm5blTluJT6hTU-5Ciw&amp;source=gmail&amp;ust=1609398462946000&amp;usg=AFQjCNHEETcnaS0d3OAYUJpL7h4z8MYHfw\">https:\/\/read.bookcreator.com\/wF5spLXdTIad5H5j16vFhEERB4l2\/OGJMm5blTluJT6hTU-5Ciw<\/a><\/p>\n<p><a href=\"https:\/\/read.bookcreator.com\/wF5spLXdTIad5H5j16vFhEERB4l2\/wdhxA9jRTpKKPIShvAdGrw\" data-saferedirecturl=\"https:\/\/www.google.com\/url?q=https:\/\/read.bookcreator.com\/wF5spLXdTIad5H5j16vFhEERB4l2\/wdhxA9jRTpKKPIShvAdGrw&amp;source=gmail&amp;ust=1609398462946000&amp;usg=AFQjCNEInbpBF6wQQrvltgZm4BcHJlqBgg\">https:\/\/read.bookcreator.com\/wF5spLXdTIad5H5j16vFhEERB4l2\/wdhxA9jRTpKKPIShvAdGrw<\/a><\/p>\n<p><a href=\"https:\/\/read.bookcreator.com\/wF5spLXdTIad5H5j16vFhEERB4l2\/ebWvIbAcTBuxMiJx7y5poA\" data-saferedirecturl=\"https:\/\/www.google.com\/url?q=https:\/\/read.bookcreator.com\/wF5spLXdTIad5H5j16vFhEERB4l2\/ebWvIbAcTBuxMiJx7y5poA&amp;source=gmail&amp;ust=1609398462946000&amp;usg=AFQjCNE8Inje7KRhnhafwo0SwRY6mW0IEg\">https:\/\/read.bookcreator.com\/wF5spLXdTIad5H5j16vFhEERB4l2\/ebWvIbAcTBuxMiJx7y5poA<\/a><\/p>\n<\/div>\n<p><strong>CURS 18\/19<\/strong><\/p>\n<p><strong>Angl\u00e8s<\/strong><\/p>\n<p>L&#8217;alumnat de 4t ESO B van preparar un escape room per a l&#8217;alumnat de 1r d&#8217;ESO.<\/p>\n<p><a href=\"https:\/\/agora.xtec.cat\/iespontdesuert\/wp-content\/uploads\/usu1633\/2019\/05\/escape_1a.jpg\"><img loading=\"lazy\" decoding=\"async\" class=\"alignnone wp-image-2748 size-medium\" src=\"https:\/\/agora.xtec.cat\/iespontdesuert\/wp-content\/uploads\/usu1633\/2019\/05\/escape_1a-300x166.jpg\" alt=\"\" width=\"300\" height=\"166\" srcset=\"https:\/\/agora.xtec.cat\/iespontdesuert\/wp-content\/uploads\/usu1633\/2019\/05\/escape_1a-300x166.jpg 300w, https:\/\/agora.xtec.cat\/iespontdesuert\/wp-content\/uploads\/usu1633\/2019\/05\/escape_1a-768x424.jpg 768w, https:\/\/agora.xtec.cat\/iespontdesuert\/wp-content\/uploads\/usu1633\/2019\/05\/escape_1a-1024x565.jpg 1024w, https:\/\/agora.xtec.cat\/iespontdesuert\/wp-content\/uploads\/usu1633\/2019\/05\/escape_1a.jpg 1331w\" sizes=\"auto, (max-width: 300px) 100vw, 300px\" \/><\/a> <a href=\"https:\/\/agora.xtec.cat\/iespontdesuert\/wp-content\/uploads\/usu1633\/2019\/05\/escape_2a.jpg\"><img loading=\"lazy\" decoding=\"async\" class=\"alignnone wp-image-2749 size-medium\" src=\"https:\/\/agora.xtec.cat\/iespontdesuert\/wp-content\/uploads\/usu1633\/2019\/05\/escape_2a-300x165.jpg\" alt=\"\" width=\"300\" height=\"165\" srcset=\"https:\/\/agora.xtec.cat\/iespontdesuert\/wp-content\/uploads\/usu1633\/2019\/05\/escape_2a-300x165.jpg 300w, https:\/\/agora.xtec.cat\/iespontdesuert\/wp-content\/uploads\/usu1633\/2019\/05\/escape_2a-768x422.jpg 768w, https:\/\/agora.xtec.cat\/iespontdesuert\/wp-content\/uploads\/usu1633\/2019\/05\/escape_2a-1024x563.jpg 1024w, https:\/\/agora.xtec.cat\/iespontdesuert\/wp-content\/uploads\/usu1633\/2019\/05\/escape_2a.jpg 1324w\" sizes=\"auto, (max-width: 300px) 100vw, 300px\" \/><\/a><\/p>\n<p><strong>Ci\u00e8ncies<\/strong><\/p>\n<p>1r ESO. Projecte dels invertebrats<\/p>\n<p><a href=\"https:\/\/agora.xtec.cat\/iespontdesuert\/wp-content\/uploads\/usu1633\/2019\/05\/invert_1.jpg\"><img loading=\"lazy\" decoding=\"async\" class=\"alignnone wp-image-2750 size-medium\" src=\"https:\/\/agora.xtec.cat\/iespontdesuert\/wp-content\/uploads\/usu1633\/2019\/05\/invert_1-300x186.jpg\" alt=\"\" width=\"300\" height=\"186\" srcset=\"https:\/\/agora.xtec.cat\/iespontdesuert\/wp-content\/uploads\/usu1633\/2019\/05\/invert_1-300x186.jpg 300w, https:\/\/agora.xtec.cat\/iespontdesuert\/wp-content\/uploads\/usu1633\/2019\/05\/invert_1-768x475.jpg 768w, https:\/\/agora.xtec.cat\/iespontdesuert\/wp-content\/uploads\/usu1633\/2019\/05\/invert_1-1024x633.jpg 1024w, https:\/\/agora.xtec.cat\/iespontdesuert\/wp-content\/uploads\/usu1633\/2019\/05\/invert_1.jpg 1193w\" sizes=\"auto, (max-width: 300px) 100vw, 300px\" \/><\/a> <a href=\"https:\/\/agora.xtec.cat\/iespontdesuert\/wp-content\/uploads\/usu1633\/2019\/05\/invert_2.jpg\"><img loading=\"lazy\" decoding=\"async\" class=\"alignnone wp-image-2751 size-medium\" src=\"https:\/\/agora.xtec.cat\/iespontdesuert\/wp-content\/uploads\/usu1633\/2019\/05\/invert_2-300x175.jpg\" alt=\"\" width=\"300\" height=\"175\" srcset=\"https:\/\/agora.xtec.cat\/iespontdesuert\/wp-content\/uploads\/usu1633\/2019\/05\/invert_2-300x175.jpg 300w, https:\/\/agora.xtec.cat\/iespontdesuert\/wp-content\/uploads\/usu1633\/2019\/05\/invert_2-768x447.jpg 768w, https:\/\/agora.xtec.cat\/iespontdesuert\/wp-content\/uploads\/usu1633\/2019\/05\/invert_2-1024x596.jpg 1024w, https:\/\/agora.xtec.cat\/iespontdesuert\/wp-content\/uploads\/usu1633\/2019\/05\/invert_2.jpg 1290w\" sizes=\"auto, (max-width: 300px) 100vw, 300px\" \/><\/a><\/p>\n<p>&nbsp;<\/p>\n","protected":false},"excerpt":{"rendered":"<p>&nbsp; CURS 20\/21 \u00a0 Dins de la franja de projectes, l&#8217;alumnat de 1r d&#8217;ESO ha realitzat un projecte sobre l&#8217;espai. Aqu\u00ed us deixem un recull dels productes finals. Molt bona feina! &nbsp; El nostre viatge pel sistema solar\u00a0(Treball realitzat pel Dami\u00e0, Mariona i Candela) Un viatge espacial per visitar a l\u2019Eusebi, el malvat m\u00e9s temible&#8230;\u00a0 [&hellip;]<\/p>\n","protected":false},"author":4,"featured_media":0,"parent":2257,"menu_order":0,"comment_status":"closed","ping_status":"closed","template":"","meta":{"_bbp_topic_count":0,"_bbp_reply_count":0,"_bbp_total_topic_count":0,"_bbp_total_reply_count":0,"_bbp_voice_count":0,"_bbp_anonymous_reply_count":0,"_bbp_topic_count_hidden":0,"_bbp_reply_count_hidden":0,"_bbp_forum_subforum_count":0,"site-sidebar-layout":"default","site-content-layout":"","ast-site-content-layout":"","site-content-style":"default","site-sidebar-style":"default","ast-global-header-display":"","ast-banner-title-visibility":"","ast-main-header-display":"","ast-hfb-above-header-display":"","ast-hfb-below-header-display":"","ast-hfb-mobile-header-display":"","site-post-title":"","ast-breadcrumbs-content":"","ast-featured-img":"","footer-sml-layout":"","theme-transparent-header-meta":"","adv-header-id-meta":"","stick-header-meta":"","header-above-stick-meta":"","header-main-stick-meta":"","header-below-stick-meta":"","astra-migrate-meta-layouts":"default","ast-page-background-enabled":"default","ast-page-background-meta":{"desktop":{"background-color":"var(--ast-global-color-4)","background-image":"","background-repeat":"repeat","background-position":"center center","background-size":"auto","background-attachment":"scroll","background-type":"","background-media":"","overlay-type":"","overlay-color":"","overlay-opacity":"","overlay-gradient":""},"tablet":{"background-color":"","background-image":"","background-repeat":"repeat","background-position":"center center","background-size":"auto","background-attachment":"scroll","background-type":"","background-media":"","overlay-type":"","overlay-color":"","overlay-opacity":"","overlay-gradient":""},"mobile":{"background-color":"","background-image":"","background-repeat":"repeat","background-position":"center center","background-size":"auto","background-attachment":"scroll","background-type":"","background-media":"","overlay-type":"","overlay-color":"","overlay-opacity":"","overlay-gradient":""}},"ast-content-background-meta":{"desktop":{"background-color":"var(--ast-global-color-5)","background-image":"","background-repeat":"repeat","background-position":"center center","background-size":"auto","background-attachment":"scroll","background-type":"","background-media":"","overlay-type":"","overlay-color":"","overlay-opacity":"","overlay-gradient":""},"tablet":{"background-color":"var(--ast-global-color-5)","background-image":"","background-repeat":"repeat","background-position":"center center","background-size":"auto","background-attachment":"scroll","background-type":"","background-media":"","overlay-type":"","overlay-color":"","overlay-opacity":"","overlay-gradient":""},"mobile":{"background-color":"var(--ast-global-color-5)","background-image":"","background-repeat":"repeat","background-position":"center center","background-size":"auto","background-attachment":"scroll","background-type":"","background-media":"","overlay-type":"","overlay-color":"","overlay-opacity":"","overlay-gradient":""}},"footnotes":""},"class_list":["post-2599","page","type-page","status-publish","hentry"],"post_mailing_queue_ids":[],"_links":{"self":[{"href":"https:\/\/agora.xtec.cat\/iespontdesuert\/wp-json\/wp\/v2\/pages\/2599","targetHints":{"allow":["GET"]}}],"collection":[{"href":"https:\/\/agora.xtec.cat\/iespontdesuert\/wp-json\/wp\/v2\/pages"}],"about":[{"href":"https:\/\/agora.xtec.cat\/iespontdesuert\/wp-json\/wp\/v2\/types\/page"}],"author":[{"embeddable":true,"href":"https:\/\/agora.xtec.cat\/iespontdesuert\/wp-json\/wp\/v2\/users\/4"}],"replies":[{"embeddable":true,"href":"https:\/\/agora.xtec.cat\/iespontdesuert\/wp-json\/wp\/v2\/comments?post=2599"}],"version-history":[{"count":4,"href":"https:\/\/agora.xtec.cat\/iespontdesuert\/wp-json\/wp\/v2\/pages\/2599\/revisions"}],"predecessor-version":[{"id":5138,"href":"https:\/\/agora.xtec.cat\/iespontdesuert\/wp-json\/wp\/v2\/pages\/2599\/revisions\/5138"}],"up":[{"embeddable":true,"href":"https:\/\/agora.xtec.cat\/iespontdesuert\/wp-json\/wp\/v2\/pages\/2257"}],"wp:attachment":[{"href":"https:\/\/agora.xtec.cat\/iespontdesuert\/wp-json\/wp\/v2\/media?parent=2599"}],"curies":[{"name":"wp","href":"https:\/\/api.w.org\/{rel}","templated":true}]}}