{"id":21,"date":"2014-09-17T16:14:14","date_gmt":"2014-09-17T16:14:14","guid":{"rendered":"http:\/\/agora.xtec.cat\/iespontdesuert\/?page_id=21"},"modified":"2017-04-05T17:34:41","modified_gmt":"2017-04-05T15:34:41","slug":"on-som","status":"publish","type":"page","link":"https:\/\/agora.xtec.cat\/iespontdesuert\/linstitut\/on-som\/","title":{"rendered":"On som"},"content":{"rendered":"<p style=\"color: #666666;\"><strong>Institut\u00a0El Pont de Suert<\/strong><br \/>\nBarri d&#8217;Arag\u00f3 s\/n<br \/>\n25520 El Pont de Suert (Lleida)<\/p>\n<p style=\"color: #666666;\">973690040<\/p>\n<p style=\"color: #666666;\"><a href=\"mailto:iespontdesuert@xtec.cat\">iespontdesuert@xtec.cat<\/a><\/p>\n<p><iframe loading=\"lazy\" style=\"border: 0;\" src=\"https:\/\/www.google.com\/maps\/embed?pb=!1m18!1m12!1m3!1d2946.046898251105!2d0.740813290425497!3d42.40544634768726!2m3!1f0!2f0!3f0!3m2!1i1024!2i768!4f13.1!3m3!1m2!1s0x12a62feb8b25a57b%3A0xc828b27870c32bdb!2sInstitut+El+Pont+De+Suert!5e0!3m2!1sca!2ses!4v1491294130668\" width=\"600\" height=\"450\" frameborder=\"0\" allowfullscreen=\"allowfullscreen\"><\/iframe><\/p>\n<p><strong>Escoles adscrites a l&#8217;institut:<br \/>\n<\/strong><a href=\"http:\/\/agora.xtec.cat\/escola-ribagorcana\/\" target=\"_blank\">Escola Ribagor\u00e7ana<\/a>, <a href=\"https:\/\/zeralta.wordpress.com\/\" target=\"_blank\">ZER Alta Ribagor\u00e7a<\/a><\/p>\n<p><strong>Correus electr\u00f2nics de contacte<\/strong><\/p>\n<p><strong style=\"font-size: medium; font-family: inherit; line-height: 1.6;\">Centre<\/strong><\/p>\n<ul>\n<li><span style=\"font-size: medium;\">B\u00fastia General: <a title=\"Contact Email\" href=\"mailto:iespontdesuert@xtec.cat\">iespontdesuert@xtec.cat<\/a><\/span><\/li>\n<\/ul>\n<p><span style=\"font-size: medium;\"><strong>CICLES FORMATIUS<\/strong><\/span><\/p>\n<ul>\n<li><span style=\"font-size: medium;\">Coordinaci\u00f3 Cicles de Natura i Medi Ambient:\u00a0<a href=\"mailto:ciclesnatura@gmail.com\">ciclesnatura@gmail.com<\/a><\/span><\/li>\n<li><span style=\"font-size: medium;\">Coordinaci\u00f3 Cicles de Neu:\u00a0<\/span><\/li>\n<\/ul>\n<p><span style=\"font-size: medium;\"><strong>DEPARTAMENTS<\/strong><\/span><\/p>\n<ul>\n<li><span style=\"font-size: medium;\">Cap de departament Orientaci\u00f3:\u00a0<\/span><\/li>\n<li><span style=\"font-size: medium;\">Cap de departament Catal\u00e0:\u00a0<\/span><\/li>\n<li><span style=\"font-size: medium;\">Cap de departament Castella:\u00a0<\/span><\/li>\n<li><span style=\"font-size: medium;\">Cap de departament Lleng\u00fces estrangeres:\u00a0<\/span><\/li>\n<li><span style=\"font-size: medium;\">Cap de departament Matem\u00e0tiques:\u00a0<\/span><\/li>\n<li><span style=\"font-size: medium;\">Cap de departament Ci\u00e8ncies:\u00a0<\/span><\/li>\n<li><span style=\"font-size: medium;\">Cap de departament Socials:<\/span><\/li>\n<li><span style=\"font-size: medium;\">Cap de departament Tecnologia:\u00a0<\/span><\/li>\n<li><span style=\"font-size: medium;\">Cap de departament Educaci\u00f3 F\u00edsica:\u00a0<\/span><\/li>\n<li><span style=\"font-size: medium;\">Cap de departament Educaci\u00f3 Visual i Pl\u00e0stica:\u00a0<\/span><\/li>\n<li><span style=\"font-size: medium;\">Cap de departament M\u00fasica:\u00a0<\/span><\/li>\n<li><span style=\"font-size: medium;\">Cap de departament Inform\u00e0tica:\u00a0<\/span><\/li>\n<\/ul>\n<p><span style=\"font-size: medium;\"><strong>ALTRES CONTACTES:<\/strong><\/span><\/p>\n","protected":false},"excerpt":{"rendered":"<p>Institut\u00a0El Pont de Suert Barri d&#8217;Arag\u00f3 s\/n 25520 El Pont de Suert (Lleida) 973690040 iespontdesuert@xtec.cat Escoles adscrites a l&#8217;institut: Escola Ribagor\u00e7ana, ZER Alta Ribagor\u00e7a Correus electr\u00f2nics de contacte Centre B\u00fastia General: iespontdesuert@xtec.cat CICLES FORMATIUS Coordinaci\u00f3 Cicles de Natura i Medi Ambient:\u00a0ciclesnatura@gmail.com Coordinaci\u00f3 Cicles de Neu:\u00a0 DEPARTAMENTS Cap de departament Orientaci\u00f3:\u00a0 Cap de departament Catal\u00e0:\u00a0 Cap [&hellip;]<\/p>\n","protected":false},"author":1,"featured_media":0,"parent":19,"menu_order":10,"comment_status":"closed","ping_status":"closed","template":"page-templates\/side-menu.php","meta":{"_bbp_topic_count":0,"_bbp_reply_count":0,"_bbp_total_topic_count":0,"_bbp_total_reply_count":0,"_bbp_voice_count":0,"_bbp_anonymous_reply_count":0,"_bbp_topic_count_hidden":0,"_bbp_reply_count_hidden":0,"_bbp_forum_subforum_count":0,"site-sidebar-layout":"default","site-content-layout":"","ast-site-content-layout":"","site-content-style":"default","site-sidebar-style":"default","ast-global-header-display":"","ast-banner-title-visibility":"","ast-main-header-display":"","ast-hfb-above-header-display":"","ast-hfb-below-header-display":"","ast-hfb-mobile-header-display":"","site-post-title":"","ast-breadcrumbs-content":"","ast-featured-img":"","footer-sml-layout":"","theme-transparent-header-meta":"","adv-header-id-meta":"","stick-header-meta":"","header-above-stick-meta":"","header-main-stick-meta":"","header-below-stick-meta":"","astra-migrate-meta-layouts":"default","ast-page-background-enabled":"default","ast-page-background-meta":{"desktop":{"background-color":"var(--ast-global-color-4)","background-image":"","background-repeat":"repeat","background-position":"center center","background-size":"auto","background-attachment":"scroll","background-type":"","background-media":"","overlay-type":"","overlay-color":"","overlay-opacity":"","overlay-gradient":""},"tablet":{"background-color":"","background-image":"","background-repeat":"repeat","background-position":"center center","background-size":"auto","background-attachment":"scroll","background-type":"","background-media":"","overlay-type":"","overlay-color":"","overlay-opacity":"","overlay-gradient":""},"mobile":{"background-color":"","background-image":"","background-repeat":"repeat","background-position":"center center","background-size":"auto","background-attachment":"scroll","background-type":"","background-media":"","overlay-type":"","overlay-color":"","overlay-opacity":"","overlay-gradient":""}},"ast-content-background-meta":{"desktop":{"background-color":"var(--ast-global-color-5)","background-image":"","background-repeat":"repeat","background-position":"center center","background-size":"auto","background-attachment":"scroll","background-type":"","background-media":"","overlay-type":"","overlay-color":"","overlay-opacity":"","overlay-gradient":""},"tablet":{"background-color":"var(--ast-global-color-5)","background-image":"","background-repeat":"repeat","background-position":"center center","background-size":"auto","background-attachment":"scroll","background-type":"","background-media":"","overlay-type":"","overlay-color":"","overlay-opacity":"","overlay-gradient":""},"mobile":{"background-color":"var(--ast-global-color-5)","background-image":"","background-repeat":"repeat","background-position":"center center","background-size":"auto","background-attachment":"scroll","background-type":"","background-media":"","overlay-type":"","overlay-color":"","overlay-opacity":"","overlay-gradient":""}},"footnotes":""},"class_list":["post-21","page","type-page","status-publish","hentry"],"post_mailing_queue_ids":[],"_links":{"self":[{"href":"https:\/\/agora.xtec.cat\/iespontdesuert\/wp-json\/wp\/v2\/pages\/21","targetHints":{"allow":["GET"]}}],"collection":[{"href":"https:\/\/agora.xtec.cat\/iespontdesuert\/wp-json\/wp\/v2\/pages"}],"about":[{"href":"https:\/\/agora.xtec.cat\/iespontdesuert\/wp-json\/wp\/v2\/types\/page"}],"author":[{"embeddable":true,"href":"https:\/\/agora.xtec.cat\/iespontdesuert\/wp-json\/wp\/v2\/users\/1"}],"replies":[{"embeddable":true,"href":"https:\/\/agora.xtec.cat\/iespontdesuert\/wp-json\/wp\/v2\/comments?post=21"}],"version-history":[{"count":4,"href":"https:\/\/agora.xtec.cat\/iespontdesuert\/wp-json\/wp\/v2\/pages\/21\/revisions"}],"predecessor-version":[{"id":1438,"href":"https:\/\/agora.xtec.cat\/iespontdesuert\/wp-json\/wp\/v2\/pages\/21\/revisions\/1438"}],"up":[{"embeddable":true,"href":"https:\/\/agora.xtec.cat\/iespontdesuert\/wp-json\/wp\/v2\/pages\/19"}],"wp:attachment":[{"href":"https:\/\/agora.xtec.cat\/iespontdesuert\/wp-json\/wp\/v2\/media?parent=21"}],"curies":[{"name":"wp","href":"https:\/\/api.w.org\/{rel}","templated":true}]}}