{"id":1563,"date":"2017-04-11T14:17:16","date_gmt":"2017-04-11T12:17:16","guid":{"rendered":"http:\/\/agora.xtec.cat\/iespontdesuert\/?page_id=1563"},"modified":"2026-03-26T12:41:25","modified_gmt":"2026-03-26T11:41:25","slug":"orientacio-educativa","status":"publish","type":"page","link":"https:\/\/agora.xtec.cat\/iespontdesuert\/departaments\/orientacio-educativa\/","title":{"rendered":"Orientaci\u00f3 Educativa"},"content":{"rendered":"<p><strong>MEMBRES<\/strong><\/p>\n<table style=\"height: 202px;\" width=\"736\">\n<tbody>\n<tr>\n<td>Verena Viaene<\/p>\n<p>Orientadora<\/p>\n<p>SIEI<\/td>\n<td colspan=\"3\">Suport a l&#8217;alumnat amb necessitats educatives especials<\/p>\n<p>Suport a la doc\u00e8ncia a l&#8217;aula<\/p>\n<p>Referent d&#8217;orientaci\u00f3 educativa de 3r d&#8217;ESO<\/p>\n<p>Tutora SIEI<\/td>\n<\/tr>\n<tr>\n<td width=\"90\">Anna Batlle<\/p>\n<p>Cap de departament<\/p>\n<p>Orientadora<\/td>\n<td colspan=\"3\" width=\"316\">Referent d&#8217;orientaci\u00f3 de 1r, 2n, 4t d&#8217;ESO, batxillerat i cicles.<\/p>\n<p>Docent de Psicologia a 1r de Batxillerat<\/p>\n<p>Docent de l&#8217;optativa de refor\u00e7 a primer d&#8217;ESO<\/p>\n<p>Suport a la doc\u00e8ncia a l&#8217;aula<\/p>\n<p>Valoracions, assessorament i suport a alumnat amb necessitats espec\u00edfiques de suport educatiu<\/td>\n<\/tr>\n<tr>\n<td width=\"90\">Martina Mart\u00ed<\/p>\n<p>Aula d&#8217;Acollida<\/td>\n<td colspan=\"3\" width=\"316\">Tutora de l&#8217;Aula d&#8217;Acollida<\/p>\n<p>Doc\u00e8ncia de catal\u00e0, castell\u00e0 angl\u00e8s i matem\u00e0tiques a l&#8217;alumnat nouvingut<\/td>\n<\/tr>\n<tr>\n<td width=\"90\"><\/td>\n<td colspan=\"3\" width=\"143\"><\/td>\n<\/tr>\n<tr>\n<td>J\u00falia Serret<\/p>\n<p>Educador d&#8217;Educaci\u00f3 Especial<\/td>\n<td colspan=\"3\">Suport a la doc\u00e8ncia a l&#8217;aula<\/p>\n<p>Suport a l&#8217;alumnat amb necessitats educatives espec\u00edfiques de l&#8217;ESO i PFI<\/td>\n<\/tr>\n<\/tbody>\n<\/table>\n<p><strong>INFORMACI\u00d3<\/strong><\/p>\n<p><strong>FUNCIONS DEL DEPARTAMENT D&#8217;ORIENTACI\u00d3 EDUCATIVA<\/strong><\/p>\n<p>El nostre departament s&#8217;encarrega de:<\/p>\n<ol>\n<li>Atenci\u00f3 a l\u2019alumnat.<\/li>\n<li>Doc\u00e8ncia, prioritzant l\u2019alumnat amb m\u00e9s dificultats a fi que assoleixi les compet\u00e8ncies b\u00e0siques.<\/li>\n<li>Atenci\u00f3 individualitzada a alumnes amb necessitats educatives especials i alumnes que, per situacions personals o socials, requereixen una atenci\u00f3 espec\u00edfica. Aquestes actuacions es poden dur a terme:\n<ul>\n<li>Priorit\u00e0riament dins l\u2019aula ordin\u00e0ria per tal d\u2019oferir a aquest alumnat oportunitats de participar en els entorns i activitats el m\u00e9s normalitzats possible,<\/li>\n<li>Quan sigui necessari, en grups redu\u00efts d\u2019alumnes, en situacions d\u2019atenci\u00f3 individual o en altres formes d\u2019agrupament de l\u2019alumnat.<\/li>\n<\/ul>\n<\/li>\n<\/ol>\n<ol start=\"2\">\n<li>Suport t\u00e8cnic al professorat<\/li>\n<li>Valoraci\u00f3 de necessitats educatives de l\u2019alumnat en l\u2019\u00e0mbit acad\u00e8mic i escolar i concreci\u00f3 de propostes d\u2019intervenci\u00f3 educativa (amb el suport de l&#8217;EAP)<\/li>\n<li>Col\u00b7laboraci\u00f3 en la planificaci\u00f3 d\u2019estrat\u00e8gies organitzatives i did\u00e0ctiques per a l\u2019atenci\u00f3 a necessitats educatives de l\u2019alumnat, que afavoreixin la participaci\u00f3 d\u2019aquest alumnat en l\u2019entorn escolar ordinari.<\/li>\n<li>Participaci\u00f3 en l\u2019elaboraci\u00f3 i el seguiment de plans individualitzats.<\/li>\n<li>Aportaci\u00f3 de materials espec\u00edfics i adaptats que facilitin la participaci\u00f3 de l\u2019alumnat amb dificultats espec\u00edfiques en les activitats ordin\u00e0ries del centre i de l\u2019aula.<\/li>\n<li>Col\u00b7laboraci\u00f3 en la prevenci\u00f3 de conductes de risc i en la gesti\u00f3 de conflictes.<\/li>\n<li>Participaci\u00f3 en la comissi\u00f3 d\u2019atenci\u00f3 a la diversitat a fi de col\u00b7laborar en la planificaci\u00f3 i el seguiment de mesures d\u2019atenci\u00f3 a les necessitats educatives de l\u2019alumnat del centre.<\/li>\n<li>Coordinaci\u00f3 de les actuacions dels serveis externs que intervenen en l\u2019atenci\u00f3 a l\u2019alumnat (EAP, CSMIJ, Serveis Socials&#8230;)<\/li>\n<li>Orientaci\u00f3 a l&#8217;alumnat i suport a l&#8217;acci\u00f3 tutorial (sobretot a 3r i 4t d&#8217;ESO)<\/li>\n<\/ol>\n<p><strong>Orientador educatiu<\/strong> Anna Batlle<\/p>\n","protected":false},"excerpt":{"rendered":"<p>MEMBRES Verena Viaene Orientadora SIEI Suport a l&#8217;alumnat amb necessitats educatives especials Suport a la doc\u00e8ncia a l&#8217;aula Referent d&#8217;orientaci\u00f3 educativa de 3r d&#8217;ESO Tutora SIEI Anna Batlle Cap de departament Orientadora Referent d&#8217;orientaci\u00f3 de 1r, 2n, 4t d&#8217;ESO, batxillerat i cicles. Docent de Psicologia a 1r de Batxillerat Docent de l&#8217;optativa de refor\u00e7 a [&hellip;]<\/p>\n","protected":false},"author":4,"featured_media":0,"parent":1313,"menu_order":0,"comment_status":"closed","ping_status":"closed","template":"","meta":{"_bbp_topic_count":0,"_bbp_reply_count":0,"_bbp_total_topic_count":0,"_bbp_total_reply_count":0,"_bbp_voice_count":0,"_bbp_anonymous_reply_count":0,"_bbp_topic_count_hidden":0,"_bbp_reply_count_hidden":0,"_bbp_forum_subforum_count":0,"site-sidebar-layout":"default","site-content-layout":"","ast-site-content-layout":"default","site-content-style":"default","site-sidebar-style":"default","ast-global-header-display":"","ast-banner-title-visibility":"","ast-main-header-display":"","ast-hfb-above-header-display":"","ast-hfb-below-header-display":"","ast-hfb-mobile-header-display":"","site-post-title":"","ast-breadcrumbs-content":"","ast-featured-img":"","footer-sml-layout":"","theme-transparent-header-meta":"default","adv-header-id-meta":"","stick-header-meta":"","header-above-stick-meta":"","header-main-stick-meta":"","header-below-stick-meta":"","astra-migrate-meta-layouts":"set","ast-page-background-enabled":"default","ast-page-background-meta":{"desktop":{"background-color":"var(--ast-global-color-4)","background-image":"","background-repeat":"repeat","background-position":"center center","background-size":"auto","background-attachment":"scroll","background-type":"","background-media":"","overlay-type":"","overlay-color":"","overlay-opacity":"","overlay-gradient":""},"tablet":{"background-color":"","background-image":"","background-repeat":"repeat","background-position":"center center","background-size":"auto","background-attachment":"scroll","background-type":"","background-media":"","overlay-type":"","overlay-color":"","overlay-opacity":"","overlay-gradient":""},"mobile":{"background-color":"","background-image":"","background-repeat":"repeat","background-position":"center center","background-size":"auto","background-attachment":"scroll","background-type":"","background-media":"","overlay-type":"","overlay-color":"","overlay-opacity":"","overlay-gradient":""}},"ast-content-background-meta":{"desktop":{"background-color":"var(--ast-global-color-5)","background-image":"","background-repeat":"repeat","background-position":"center center","background-size":"auto","background-attachment":"scroll","background-type":"","background-media":"","overlay-type":"","overlay-color":"","overlay-opacity":"","overlay-gradient":""},"tablet":{"background-color":"var(--ast-global-color-5)","background-image":"","background-repeat":"repeat","background-position":"center center","background-size":"auto","background-attachment":"scroll","background-type":"","background-media":"","overlay-type":"","overlay-color":"","overlay-opacity":"","overlay-gradient":""},"mobile":{"background-color":"var(--ast-global-color-5)","background-image":"","background-repeat":"repeat","background-position":"center center","background-size":"auto","background-attachment":"scroll","background-type":"","background-media":"","overlay-type":"","overlay-color":"","overlay-opacity":"","overlay-gradient":""}},"footnotes":""},"class_list":["post-1563","page","type-page","status-publish","hentry"],"post_mailing_queue_ids":[],"_links":{"self":[{"href":"https:\/\/agora.xtec.cat\/iespontdesuert\/wp-json\/wp\/v2\/pages\/1563","targetHints":{"allow":["GET"]}}],"collection":[{"href":"https:\/\/agora.xtec.cat\/iespontdesuert\/wp-json\/wp\/v2\/pages"}],"about":[{"href":"https:\/\/agora.xtec.cat\/iespontdesuert\/wp-json\/wp\/v2\/types\/page"}],"author":[{"embeddable":true,"href":"https:\/\/agora.xtec.cat\/iespontdesuert\/wp-json\/wp\/v2\/users\/4"}],"replies":[{"embeddable":true,"href":"https:\/\/agora.xtec.cat\/iespontdesuert\/wp-json\/wp\/v2\/comments?post=1563"}],"version-history":[{"count":8,"href":"https:\/\/agora.xtec.cat\/iespontdesuert\/wp-json\/wp\/v2\/pages\/1563\/revisions"}],"predecessor-version":[{"id":6461,"href":"https:\/\/agora.xtec.cat\/iespontdesuert\/wp-json\/wp\/v2\/pages\/1563\/revisions\/6461"}],"up":[{"embeddable":true,"href":"https:\/\/agora.xtec.cat\/iespontdesuert\/wp-json\/wp\/v2\/pages\/1313"}],"wp:attachment":[{"href":"https:\/\/agora.xtec.cat\/iespontdesuert\/wp-json\/wp\/v2\/media?parent=1563"}],"curies":[{"name":"wp","href":"https:\/\/api.w.org\/{rel}","templated":true}]}}