{"id":1557,"date":"2017-04-11T14:16:02","date_gmt":"2017-04-11T12:16:02","guid":{"rendered":"http:\/\/agora.xtec.cat\/iespontdesuert\/?page_id=1557"},"modified":"2024-10-15T13:33:55","modified_gmt":"2024-10-15T11:33:55","slug":"ciencies-socials","status":"publish","type":"page","link":"https:\/\/agora.xtec.cat\/iespontdesuert\/departaments\/ciencies-socials\/","title":{"rendered":"Ci\u00e8ncies Socials"},"content":{"rendered":"<p><strong>MEMBRES<\/strong><\/p>\n<p>Cap de departament: <strong>Regina Pall\u00e0s<\/strong><\/p>\n<table style=\"width: 108.2%;\">\n<tbody>\n<tr>\n<td style=\"width: 120px;\">Regina Pall\u00e0s<\/td>\n<td style=\"width: 101px;\">Ci\u00e8ncies socials<\/p>\n<p>1r ESO A i B<\/td>\n<td style=\"width: 102px;\">Valors \u00e8tics<\/p>\n<p>4t ESO A<\/td>\n<td style=\"width: 113px;\">Filosofia<\/p>\n<p>1r\u00a0 Batxillerat A i B<\/td>\n<td style=\"width: 114px;\">Hist\u00f2ria de la filosofia<\/p>\n<p>2 Batxillerat<\/td>\n<td style=\"width: 128px;\">&nbsp;<\/p>\n<p>&nbsp;<\/td>\n<\/tr>\n<tr>\n<td style=\"width: 120px;\"><\/td>\n<td style=\"width: 101px;\"><\/td>\n<td style=\"width: 102px;\"><\/td>\n<td style=\"width: 113px;\"><\/td>\n<td style=\"width: 114px;\"><\/td>\n<td style=\"width: 128px;\"><\/td>\n<\/tr>\n<tr>\n<td style=\"width: 120px;\"><span style=\"font-weight: 400;\">Rosa Aitana Guivernan<\/span><\/td>\n<td style=\"width: 101px;\">Ci\u00e8ncies socials<\/p>\n<p>2n\u00a0 ESO B i C<\/td>\n<td style=\"width: 102px;\"><span style=\"font-family: inherit; font-size: 1em;\">\u00a0Ci\u00e8ncies socials\u00a0<\/span><\/p>\n<p>3r ESO A i B<\/td>\n<td style=\"width: 113px;\">Hist\u00f2ria de l&#8217;ART<\/p>\n<p>2n Batxillerat<\/td>\n<td style=\"width: 114px;\">&nbsp;<\/td>\n<td style=\"width: 128px;\"><\/td>\n<\/tr>\n<tr>\n<td style=\"width: 120px;\">Quim Roy<\/td>\n<td style=\"width: 101px;\">Ci\u00e8ncies Socials<\/p>\n<p>4t ESO B<\/td>\n<td style=\"width: 102px;\">Hist\u00f2ria del m\u00f3n contemporani<\/p>\n<p>1r Batxillerat A i B<\/td>\n<td style=\"width: 113px;\">Geografia<\/p>\n<p>2n Batxillerat<\/td>\n<td style=\"width: 114px;\">Ci\u00e8ncies socials<\/p>\n<p>2n ESO A<\/td>\n<td style=\"width: 128px;\">Ciutadania<\/p>\n<p>Problem\u00e0tiques socials<\/p>\n<p>1r Batxillerat A i B<\/td>\n<\/tr>\n<tr>\n<td style=\"width: 120px;\"><\/td>\n<td style=\"width: 101px;\"><\/td>\n<td style=\"width: 102px;\"><\/td>\n<td style=\"width: 113px;\"><\/td>\n<td style=\"width: 114px;\"><\/td>\n<td style=\"width: 128px;\"><\/td>\n<\/tr>\n<\/tbody>\n<\/table>\n<p>&nbsp;<\/p>\n<p>&nbsp;<\/p>\n","protected":false},"excerpt":{"rendered":"<p>MEMBRES Cap de departament: Regina Pall\u00e0s Regina Pall\u00e0s Ci\u00e8ncies socials 1r ESO A i B Valors \u00e8tics 4t ESO A Filosofia 1r\u00a0 Batxillerat A i B Hist\u00f2ria de la filosofia 2 Batxillerat &nbsp; &nbsp; Rosa Aitana Guivernan Ci\u00e8ncies socials 2n\u00a0 ESO B i C \u00a0Ci\u00e8ncies socials\u00a0 3r ESO A i B Hist\u00f2ria de l&#8217;ART 2n [&hellip;]<\/p>\n","protected":false},"author":4,"featured_media":0,"parent":1313,"menu_order":0,"comment_status":"closed","ping_status":"closed","template":"page-templates\/side-menu.php","meta":{"_bbp_topic_count":0,"_bbp_reply_count":0,"_bbp_total_topic_count":0,"_bbp_total_reply_count":0,"_bbp_voice_count":0,"_bbp_anonymous_reply_count":0,"_bbp_topic_count_hidden":0,"_bbp_reply_count_hidden":0,"_bbp_forum_subforum_count":0,"site-sidebar-layout":"default","site-content-layout":"","ast-site-content-layout":"","site-content-style":"default","site-sidebar-style":"default","ast-global-header-display":"","ast-banner-title-visibility":"","ast-main-header-display":"","ast-hfb-above-header-display":"","ast-hfb-below-header-display":"","ast-hfb-mobile-header-display":"","site-post-title":"","ast-breadcrumbs-content":"","ast-featured-img":"","footer-sml-layout":"","theme-transparent-header-meta":"","adv-header-id-meta":"","stick-header-meta":"","header-above-stick-meta":"","header-main-stick-meta":"","header-below-stick-meta":"","astra-migrate-meta-layouts":"default","ast-page-background-enabled":"default","ast-page-background-meta":{"desktop":{"background-color":"var(--ast-global-color-4)","background-image":"","background-repeat":"repeat","background-position":"center center","background-size":"auto","background-attachment":"scroll","background-type":"","background-media":"","overlay-type":"","overlay-color":"","overlay-opacity":"","overlay-gradient":""},"tablet":{"background-color":"","background-image":"","background-repeat":"repeat","background-position":"center center","background-size":"auto","background-attachment":"scroll","background-type":"","background-media":"","overlay-type":"","overlay-color":"","overlay-opacity":"","overlay-gradient":""},"mobile":{"background-color":"","background-image":"","background-repeat":"repeat","background-position":"center center","background-size":"auto","background-attachment":"scroll","background-type":"","background-media":"","overlay-type":"","overlay-color":"","overlay-opacity":"","overlay-gradient":""}},"ast-content-background-meta":{"desktop":{"background-color":"var(--ast-global-color-5)","background-image":"","background-repeat":"repeat","background-position":"center center","background-size":"auto","background-attachment":"scroll","background-type":"","background-media":"","overlay-type":"","overlay-color":"","overlay-opacity":"","overlay-gradient":""},"tablet":{"background-color":"var(--ast-global-color-5)","background-image":"","background-repeat":"repeat","background-position":"center center","background-size":"auto","background-attachment":"scroll","background-type":"","background-media":"","overlay-type":"","overlay-color":"","overlay-opacity":"","overlay-gradient":""},"mobile":{"background-color":"var(--ast-global-color-5)","background-image":"","background-repeat":"repeat","background-position":"center center","background-size":"auto","background-attachment":"scroll","background-type":"","background-media":"","overlay-type":"","overlay-color":"","overlay-opacity":"","overlay-gradient":""}},"footnotes":""},"class_list":["post-1557","page","type-page","status-publish","hentry"],"post_mailing_queue_ids":[],"_links":{"self":[{"href":"https:\/\/agora.xtec.cat\/iespontdesuert\/wp-json\/wp\/v2\/pages\/1557","targetHints":{"allow":["GET"]}}],"collection":[{"href":"https:\/\/agora.xtec.cat\/iespontdesuert\/wp-json\/wp\/v2\/pages"}],"about":[{"href":"https:\/\/agora.xtec.cat\/iespontdesuert\/wp-json\/wp\/v2\/types\/page"}],"author":[{"embeddable":true,"href":"https:\/\/agora.xtec.cat\/iespontdesuert\/wp-json\/wp\/v2\/users\/4"}],"replies":[{"embeddable":true,"href":"https:\/\/agora.xtec.cat\/iespontdesuert\/wp-json\/wp\/v2\/comments?post=1557"}],"version-history":[{"count":5,"href":"https:\/\/agora.xtec.cat\/iespontdesuert\/wp-json\/wp\/v2\/pages\/1557\/revisions"}],"predecessor-version":[{"id":6008,"href":"https:\/\/agora.xtec.cat\/iespontdesuert\/wp-json\/wp\/v2\/pages\/1557\/revisions\/6008"}],"up":[{"embeddable":true,"href":"https:\/\/agora.xtec.cat\/iespontdesuert\/wp-json\/wp\/v2\/pages\/1313"}],"wp:attachment":[{"href":"https:\/\/agora.xtec.cat\/iespontdesuert\/wp-json\/wp\/v2\/media?parent=1557"}],"curies":[{"name":"wp","href":"https:\/\/api.w.org\/{rel}","templated":true}]}}