{"id":1555,"date":"2017-04-11T14:15:35","date_gmt":"2017-04-11T12:15:35","guid":{"rendered":"http:\/\/agora.xtec.cat\/iespontdesuert\/?page_id=1555"},"modified":"2024-10-24T13:56:08","modified_gmt":"2024-10-24T11:56:08","slug":"educacio-fisica","status":"publish","type":"page","link":"https:\/\/agora.xtec.cat\/iespontdesuert\/departaments\/educacio-fisica\/","title":{"rendered":"Educaci\u00f3 F\u00edsica"},"content":{"rendered":"<p><strong>MEMBRES<\/strong><\/p>\n<p><b>Departament d\u2019educaci\u00f3 f\u00edsica i neu<\/b><\/p>\n<p><span style=\"font-weight: 400;\">Cap de departament: Jos\u00e9 Castanera<\/span><\/p>\n<table style=\"width: 80.8741%;\">\n<tbody>\n<tr>\n<td style=\"width: 13.4638%;\"><span style=\"font-weight: 400;\">Professor\/a<\/span><\/td>\n<td style=\"width: 114.269%;\" colspan=\"3\"><span style=\"font-weight: 400;\">Mat\u00e8ries que imparteix i cursos\u00a0 \/<\/span><span style=\"font-weight: 400;\">Desdoblaments<\/span><\/td>\n<\/tr>\n<tr>\n<td style=\"width: 13.4638%;\">Juli Carri\u00f3n<\/td>\n<td style=\"width: 7.82509%;\">1r<\/td>\n<td style=\"width: 75.0288%;\">1328. Atenci\u00f3 a grups<\/td>\n<td style=\"width: 31.4154%;\"><\/td>\n<\/tr>\n<tr>\n<td style=\"width: 13.4638%;\"><\/td>\n<td style=\"width: 7.82509%;\">1r<\/td>\n<td style=\"width: 75.0288%;\">1334. Guia de bicicleta<\/td>\n<td style=\"width: 31.4154%;\"><\/td>\n<\/tr>\n<tr>\n<td style=\"width: 13.4638%;\"><\/td>\n<td style=\"width: 7.82509%;\">4t ESO<\/td>\n<td style=\"width: 75.0288%;\">Educaci\u00f3 f\u00edsica<\/td>\n<td style=\"width: 31.4154%;\"><\/td>\n<\/tr>\n<tr>\n<td style=\"width: 13.4638%;\">Albert Pastor<\/td>\n<td style=\"width: 7.82509%;\">1r ESO<\/td>\n<td style=\"width: 75.0288%;\">Educaci\u00f3 f\u00edsica<\/td>\n<td style=\"width: 31.4154%;\"><\/td>\n<\/tr>\n<tr>\n<td style=\"width: 13.4638%;\"><\/td>\n<td style=\"width: 7.82509%;\">2n ESO<\/td>\n<td style=\"width: 75.0288%;\">Educaci\u00f3 f\u00edsica<\/td>\n<td style=\"width: 31.4154%;\"><\/td>\n<\/tr>\n<tr>\n<td style=\"width: 13.4638%;\"><\/td>\n<td style=\"width: 7.82509%;\">3r ESO<\/td>\n<td style=\"width: 75.0288%;\">Educaci\u00f3 f\u00edsica<\/td>\n<td style=\"width: 31.4154%;\"><\/td>\n<\/tr>\n<tr>\n<td style=\"width: 13.4638%;\">Alex Doste<\/td>\n<td style=\"width: 7.82509%;\"><\/td>\n<td style=\"width: 75.0288%;\">1709. Itinerari Personal per a l&#8217;ocupabilitat<\/td>\n<td style=\"width: 31.4154%;\"><\/td>\n<\/tr>\n<tr>\n<td style=\"width: 13.4638%;\"><\/td>\n<td style=\"width: 7.82509%;\"><\/td>\n<td style=\"width: 75.0288%;\"><\/td>\n<td style=\"width: 31.4154%;\"><\/td>\n<\/tr>\n<tr>\n<td style=\"width: 13.4638%;\">Berta Terr\u00e9s<\/td>\n<td style=\"width: 7.82509%;\">1r<\/td>\n<td style=\"width: 75.0288%;\">MP1335. T\u00e8cniques de temps de lleure<\/td>\n<td style=\"width: 31.4154%;\"><\/td>\n<\/tr>\n<tr>\n<td style=\"width: 13.4638%;\"><\/td>\n<td style=\"width: 7.82509%;\">1r<\/td>\n<td style=\"width: 75.0288%;\">MP1336. T\u00e8cniques de nataci\u00f3<\/td>\n<td style=\"width: 31.4154%;\"><\/td>\n<\/tr>\n<tr>\n<td style=\"width: 13.4638%;\"><\/td>\n<td style=\"width: 7.82509%;\">1r<\/td>\n<td style=\"width: 75.0288%;\">MP1339. Maniobres amb cordes<\/td>\n<td style=\"width: 31.4154%;\"><\/td>\n<\/tr>\n<tr>\n<td style=\"width: 13.4638%;\"><\/td>\n<td style=\"width: 7.82509%;\">1r &#8211; 2n<\/td>\n<td style=\"width: 75.0288%;\">MP1337. Socorrisme en el medi natural<\/td>\n<td style=\"width: 31.4154%;\"><\/td>\n<\/tr>\n<tr>\n<td style=\"width: 13.4638%;\"><\/td>\n<td style=\"width: 7.82509%;\">1r &#8211; 2n<\/td>\n<td style=\"width: 75.0288%;\">CP01. T\u00e8cniques de despla\u00e7ament amb taules d&#8217;esqu\u00ed alp\u00ed transportant materials de prevenci\u00f3 i rescat<\/td>\n<td style=\"width: 31.4154%;\"><\/td>\n<\/tr>\n<tr>\n<td style=\"width: 13.4638%;\"><\/td>\n<td style=\"width: 7.82509%;\">2n<\/td>\n<td style=\"width: 75.0288%;\">MP1338. Guia en el medi natural aqu\u00e0tic<\/td>\n<td style=\"width: 31.4154%;\"><\/td>\n<\/tr>\n<tr>\n<td style=\"width: 13.4638%;\"><\/td>\n<td style=\"width: 7.82509%;\">2n<\/td>\n<td style=\"width: 75.0288%;\">MP15. S\u00edntesi<\/td>\n<td style=\"width: 31.4154%;\"><\/td>\n<\/tr>\n<tr>\n<td style=\"width: 13.4638%;\"><\/td>\n<td style=\"width: 7.82509%;\">2n<\/td>\n<td style=\"width: 75.0288%;\">Tutora 2n curs<\/td>\n<td style=\"width: 31.4154%;\"><\/td>\n<\/tr>\n<tr>\n<td style=\"width: 13.4638%;\">Carla Vigo<\/td>\n<td style=\"width: 7.82509%;\">1r<\/td>\n<td style=\"width: 75.0288%;\">MP1334. Guia de bicicleta<\/td>\n<td style=\"width: 31.4154%;\"><\/td>\n<\/tr>\n<tr>\n<td style=\"width: 13.4638%;\"><\/td>\n<td style=\"width: 7.82509%;\">1r<\/td>\n<td style=\"width: 75.0288%;\">CP02. Prevenci\u00f3 d&#8217;accidents en dominis esquiables<\/td>\n<td style=\"width: 31.4154%;\"><\/td>\n<\/tr>\n<tr>\n<td style=\"width: 13.4638%;\"><\/td>\n<td style=\"width: 7.82509%;\">1r<\/td>\n<td style=\"width: 75.0288%;\">Tutora 1r curs<\/td>\n<td style=\"width: 31.4154%;\"><\/td>\n<\/tr>\n<tr>\n<td style=\"width: 13.4638%;\"><\/td>\n<td style=\"width: 7.82509%;\">1r &#8211; 2n<\/td>\n<td style=\"width: 75.0288%;\">CP01. T\u00e8cniques de despla\u00e7ament amb taules d&#8217;esqu\u00ed alp\u00ed transportant materials de prevenci\u00f3 i rescat<\/td>\n<td style=\"width: 31.4154%;\"><\/td>\n<\/tr>\n<tr>\n<td style=\"width: 13.4638%;\"><\/td>\n<td style=\"width: 7.82509%;\">2n<\/td>\n<td style=\"width: 75.0288%;\">MP15. S\u00edntesi<\/td>\n<td style=\"width: 31.4154%;\"><\/td>\n<\/tr>\n<tr>\n<td style=\"width: 13.4638%;\"><\/td>\n<td style=\"width: 7.82509%;\">2n<\/td>\n<td style=\"width: 75.0288%;\">MP18. Disseny d&#8217;espais i organitzaci\u00f3 d&#8217;esdeveniments esportius<\/td>\n<td style=\"width: 31.4154%;\"><\/td>\n<\/tr>\n<tr>\n<td style=\"width: 13.4638%;\"><\/td>\n<td style=\"width: 7.82509%;\">2n<\/td>\n<td style=\"width: 75.0288%;\">CP03. Rescat d&#8217;accidentats en espais esquiables, transports mec\u00e0nics per cable i allaus<\/td>\n<td style=\"width: 31.4154%;\"><\/td>\n<\/tr>\n<tr>\n<td style=\"width: 13.4638%;\"><\/td>\n<td style=\"width: 7.82509%;\">2n<\/td>\n<td style=\"width: 75.0288%;\">MP2. Guia eq\u00fcestre<\/td>\n<td style=\"width: 31.4154%;\"><\/td>\n<\/tr>\n<tr>\n<td style=\"width: 13.4638%;\">Jordi Soria<\/td>\n<td style=\"width: 7.82509%;\">1r<\/td>\n<td style=\"width: 75.0288%;\">C053. Transport per cable<\/td>\n<td style=\"width: 31.4154%;\"><\/td>\n<\/tr>\n<tr>\n<td style=\"width: 13.4638%;\"><\/td>\n<td style=\"width: 7.82509%;\">2n<\/td>\n<td style=\"width: 75.0288%;\">Producci\u00f3 de neu artificial<\/td>\n<td style=\"width: 31.4154%;\"><\/td>\n<\/tr>\n<tr>\n<td style=\"width: 13.4638%;\"><\/td>\n<td style=\"width: 7.82509%;\">2n<\/td>\n<td style=\"width: 75.0288%;\">C055. M\u00e0quines trepitjaneu<\/td>\n<td style=\"width: 31.4154%;\"><\/td>\n<\/tr>\n<tr>\n<td style=\"width: 13.4638%;\">Jos\u00e9 Castanera<\/td>\n<td style=\"width: 7.82509%;\">1r<\/td>\n<td style=\"width: 75.0288%;\">Maniobres amb cordes<\/td>\n<td style=\"width: 31.4154%;\"><\/td>\n<\/tr>\n<tr>\n<td style=\"width: 13.4638%;\"><\/td>\n<td style=\"width: 7.82509%;\">1r<\/td>\n<td style=\"width: 75.0288%;\">MP1339. Organitzaci\u00f3 d&#8217;itineraris<\/td>\n<td style=\"width: 31.4154%;\"><\/td>\n<\/tr>\n<tr>\n<td style=\"width: 13.4638%;\"><\/td>\n<td style=\"width: 7.82509%;\">1r<\/td>\n<td style=\"width: 75.0288%;\">MP1333. Guia de muntanya baixa i mitjana<\/td>\n<td style=\"width: 31.4154%;\"><\/td>\n<\/tr>\n<tr>\n<td style=\"width: 13.4638%;\"><\/td>\n<td style=\"width: 7.82509%;\"><\/td>\n<td style=\"width: 75.0288%;\"><\/td>\n<td style=\"width: 31.4154%;\"><\/td>\n<\/tr>\n<tr>\n<td style=\"width: 13.4638%;\"><\/td>\n<td style=\"width: 7.82509%;\">2n<\/td>\n<td style=\"width: 75.0288%;\">MP1325. T\u00e8cniques d&#8217;equitaci\u00f3<\/td>\n<td style=\"width: 31.4154%;\"><\/td>\n<\/tr>\n<tr>\n<td style=\"width: 13.4638%;\"><\/td>\n<td style=\"width: 7.82509%;\">2n<\/td>\n<td style=\"width: 75.0288%;\">MP1327. Guia eq\u00fcestre<\/td>\n<td style=\"width: 31.4154%;\"><\/td>\n<\/tr>\n<tr>\n<td style=\"width: 13.4638%;\"><\/td>\n<td style=\"width: 7.82509%;\">2n<\/td>\n<td style=\"width: 75.0288%;\">MP15. S\u00edntesi<\/td>\n<td style=\"width: 31.4154%;\"><\/td>\n<\/tr>\n<tr>\n<td style=\"width: 13.4638%;\"><\/td>\n<td style=\"width: 7.82509%;\">2n<\/td>\n<td style=\"width: 75.0288%;\">CP03. Rescat d&#8217;accidentats en espais esquiables, transports mec\u00e0nics per cable i allaus<\/td>\n<td style=\"width: 31.4154%;\"><\/td>\n<\/tr>\n<tr>\n<td style=\"width: 13.4638%;\">Elia Erta<\/td>\n<td style=\"width: 7.82509%;\">1r<\/td>\n<td style=\"width: 75.0288%;\">MP0156. Angl\u00e8s t\u00e8cnic<\/td>\n<td style=\"width: 31.4154%;\"><\/td>\n<\/tr>\n<tr>\n<td style=\"width: 13.4638%;\">Marc Maj\u00f3s<\/td>\n<td style=\"width: 7.82509%;\">2n<\/td>\n<td style=\"width: 75.0288%;\">MP0156. Angl\u00e8s t\u00e8cnic<\/td>\n<td style=\"width: 31.4154%;\"><\/td>\n<\/tr>\n<\/tbody>\n<\/table>\n<p>&nbsp;<\/p>\n","protected":false},"excerpt":{"rendered":"<p>MEMBRES Departament d\u2019educaci\u00f3 f\u00edsica i neu Cap de departament: Jos\u00e9 Castanera Professor\/a Mat\u00e8ries que imparteix i cursos\u00a0 \/Desdoblaments Juli Carri\u00f3n 1r 1328. Atenci\u00f3 a grups 1r 1334. Guia de bicicleta 4t ESO Educaci\u00f3 f\u00edsica Albert Pastor 1r ESO Educaci\u00f3 f\u00edsica 2n ESO Educaci\u00f3 f\u00edsica 3r ESO Educaci\u00f3 f\u00edsica Alex Doste 1709. Itinerari Personal per a [&hellip;]<\/p>\n","protected":false},"author":4,"featured_media":0,"parent":1313,"menu_order":0,"comment_status":"closed","ping_status":"closed","template":"page-templates\/side-menu.php","meta":{"_bbp_topic_count":0,"_bbp_reply_count":0,"_bbp_total_topic_count":0,"_bbp_total_reply_count":0,"_bbp_voice_count":0,"_bbp_anonymous_reply_count":0,"_bbp_topic_count_hidden":0,"_bbp_reply_count_hidden":0,"_bbp_forum_subforum_count":0,"site-sidebar-layout":"default","site-content-layout":"","ast-site-content-layout":"","site-content-style":"default","site-sidebar-style":"default","ast-global-header-display":"","ast-banner-title-visibility":"","ast-main-header-display":"","ast-hfb-above-header-display":"","ast-hfb-below-header-display":"","ast-hfb-mobile-header-display":"","site-post-title":"","ast-breadcrumbs-content":"","ast-featured-img":"","footer-sml-layout":"","theme-transparent-header-meta":"","adv-header-id-meta":"","stick-header-meta":"","header-above-stick-meta":"","header-main-stick-meta":"","header-below-stick-meta":"","astra-migrate-meta-layouts":"default","ast-page-background-enabled":"default","ast-page-background-meta":{"desktop":{"background-color":"var(--ast-global-color-4)","background-image":"","background-repeat":"repeat","background-position":"center center","background-size":"auto","background-attachment":"scroll","background-type":"","background-media":"","overlay-type":"","overlay-color":"","overlay-opacity":"","overlay-gradient":""},"tablet":{"background-color":"","background-image":"","background-repeat":"repeat","background-position":"center center","background-size":"auto","background-attachment":"scroll","background-type":"","background-media":"","overlay-type":"","overlay-color":"","overlay-opacity":"","overlay-gradient":""},"mobile":{"background-color":"","background-image":"","background-repeat":"repeat","background-position":"center center","background-size":"auto","background-attachment":"scroll","background-type":"","background-media":"","overlay-type":"","overlay-color":"","overlay-opacity":"","overlay-gradient":""}},"ast-content-background-meta":{"desktop":{"background-color":"var(--ast-global-color-5)","background-image":"","background-repeat":"repeat","background-position":"center center","background-size":"auto","background-attachment":"scroll","background-type":"","background-media":"","overlay-type":"","overlay-color":"","overlay-opacity":"","overlay-gradient":""},"tablet":{"background-color":"var(--ast-global-color-5)","background-image":"","background-repeat":"repeat","background-position":"center center","background-size":"auto","background-attachment":"scroll","background-type":"","background-media":"","overlay-type":"","overlay-color":"","overlay-opacity":"","overlay-gradient":""},"mobile":{"background-color":"var(--ast-global-color-5)","background-image":"","background-repeat":"repeat","background-position":"center center","background-size":"auto","background-attachment":"scroll","background-type":"","background-media":"","overlay-type":"","overlay-color":"","overlay-opacity":"","overlay-gradient":""}},"footnotes":""},"class_list":["post-1555","page","type-page","status-publish","hentry"],"post_mailing_queue_ids":[],"_links":{"self":[{"href":"https:\/\/agora.xtec.cat\/iespontdesuert\/wp-json\/wp\/v2\/pages\/1555","targetHints":{"allow":["GET"]}}],"collection":[{"href":"https:\/\/agora.xtec.cat\/iespontdesuert\/wp-json\/wp\/v2\/pages"}],"about":[{"href":"https:\/\/agora.xtec.cat\/iespontdesuert\/wp-json\/wp\/v2\/types\/page"}],"author":[{"embeddable":true,"href":"https:\/\/agora.xtec.cat\/iespontdesuert\/wp-json\/wp\/v2\/users\/4"}],"replies":[{"embeddable":true,"href":"https:\/\/agora.xtec.cat\/iespontdesuert\/wp-json\/wp\/v2\/comments?post=1555"}],"version-history":[{"count":5,"href":"https:\/\/agora.xtec.cat\/iespontdesuert\/wp-json\/wp\/v2\/pages\/1555\/revisions"}],"predecessor-version":[{"id":6019,"href":"https:\/\/agora.xtec.cat\/iespontdesuert\/wp-json\/wp\/v2\/pages\/1555\/revisions\/6019"}],"up":[{"embeddable":true,"href":"https:\/\/agora.xtec.cat\/iespontdesuert\/wp-json\/wp\/v2\/pages\/1313"}],"wp:attachment":[{"href":"https:\/\/agora.xtec.cat\/iespontdesuert\/wp-json\/wp\/v2\/media?parent=1555"}],"curies":[{"name":"wp","href":"https:\/\/api.w.org\/{rel}","templated":true}]}}