{"id":1551,"date":"2017-04-11T14:14:05","date_gmt":"2017-04-11T12:14:05","guid":{"rendered":"http:\/\/agora.xtec.cat\/iespontdesuert\/?page_id=1551"},"modified":"2024-09-30T11:48:17","modified_gmt":"2024-09-30T09:48:17","slug":"matematiques","status":"publish","type":"page","link":"https:\/\/agora.xtec.cat\/iespontdesuert\/departaments\/matematiques\/","title":{"rendered":"Matem\u00e0tiques"},"content":{"rendered":"<p><strong>MEMBRES<\/strong><\/p>\n<p>Cap de Departament: <strong>Ana Seluy<\/strong><\/p>\n<table style=\"height: 756px; width: 86.1263%;\" width=\"772\">\n<tbody>\n<tr style=\"height: 33px;\">\n<td style=\"width: 20.0517%; height: 33px;\">Professor\/a<\/td>\n<td style=\"width: 44.3959%; height: 33px;\" colspan=\"2\">Grups i mat\u00e8ries que imparteix<\/td>\n<\/tr>\n<tr style=\"height: 217px;\">\n<td style=\"width: 20.0517%; height: 217px;\">Ana Seluy<\/td>\n<td style=\"width: 18.9591%; height: 217px;\">2n ESO B<\/p>\n<p>2n ESO C<\/p>\n<p>4t ESO A<\/p>\n<p>1r Batxillerat<\/p>\n<p>2n Batxillerat<\/td>\n<td style=\"width: 25.4368%; height: 217px;\">Matem\u00e0tiques<\/p>\n<p>Matem\u00e0tiques<\/p>\n<p>Matem\u00e0tiques<\/p>\n<p>Matem\u00e0tiques CS I<\/p>\n<p>Matem\u00e0tiques CS II<\/td>\n<\/tr>\n<tr style=\"height: 33px;\">\n<td style=\"width: 20.0517%; height: 33px;\">Marcel Pitarch<\/td>\n<td style=\"width: 18.9591%; height: 33px;\">2n ESO A<\/td>\n<td style=\"width: 25.4368%; height: 33px;\">Matem\u00e0tiques<\/td>\n<\/tr>\n<tr style=\"height: 33px;\">\n<td style=\"width: 20.0517%; height: 33px;\">Katerina Badia<\/td>\n<td style=\"width: 18.9591%; height: 33px;\">3r ESO<\/td>\n<td style=\"width: 25.4368%; height: 33px;\">Matem\u00e0tiques<\/td>\n<\/tr>\n<tr style=\"height: 33px;\">\n<td style=\"width: 20.0517%; height: 33px;\">Susanna Garrido<\/td>\n<td style=\"width: 18.9591%; height: 33px;\">3r ESO<\/td>\n<td style=\"width: 25.4368%; height: 33px;\">Matem\u00e0tiques<\/td>\n<\/tr>\n<tr style=\"height: 168px;\">\n<td style=\"width: 20.0517%; height: 168px;\">Laia Pueyo<\/td>\n<td style=\"width: 18.9591%; height: 168px;\"><span style=\"font-family: inherit; font-size: 1em;\">4t ESO B<\/span><\/p>\n<p>1r Batxillerat<\/p>\n<p>2n Batxillerat<\/td>\n<td style=\"width: 25.4368%; height: 168px;\">Matem\u00e0tiques<\/p>\n<p>Matem\u00e0tiques I<\/p>\n<p>Matem\u00e0tiques II<\/td>\n<\/tr>\n<tr style=\"height: 239px;\">\n<td style=\"width: 20.0517%; height: 239px;\">Jordi Madrid<\/td>\n<td style=\"width: 18.9591%; height: 239px;\">1r ESO A<\/p>\n<p>1r ESO B<\/p>\n<p>3r ESO<\/p>\n<p>1r Batxillerat<\/p>\n<p>2n Batxillerat<\/td>\n<td style=\"width: 25.4368%; height: 239px;\">Matem\u00e0tiques<\/p>\n<p>Matem\u00e0tiques<\/p>\n<p>Matem\u00e0tiques<\/p>\n<p>Economia<\/p>\n<p>Funcionament de l&#8217;empresa i disseny de models de negoci<\/td>\n<\/tr>\n<\/tbody>\n<\/table>\n<p>&nbsp;<\/p>\n","protected":false},"excerpt":{"rendered":"<p>MEMBRES Cap de Departament: Ana Seluy Professor\/a Grups i mat\u00e8ries que imparteix Ana Seluy 2n ESO B 2n ESO C 4t ESO A 1r Batxillerat 2n Batxillerat Matem\u00e0tiques Matem\u00e0tiques Matem\u00e0tiques Matem\u00e0tiques CS I Matem\u00e0tiques CS II Marcel Pitarch 2n ESO A Matem\u00e0tiques Katerina Badia 3r ESO Matem\u00e0tiques Susanna Garrido 3r ESO Matem\u00e0tiques Laia Pueyo 4t [&hellip;]<\/p>\n","protected":false},"author":4,"featured_media":0,"parent":1313,"menu_order":0,"comment_status":"closed","ping_status":"closed","template":"page-templates\/side-menu.php","meta":{"_bbp_topic_count":0,"_bbp_reply_count":0,"_bbp_total_topic_count":0,"_bbp_total_reply_count":0,"_bbp_voice_count":0,"_bbp_anonymous_reply_count":0,"_bbp_topic_count_hidden":0,"_bbp_reply_count_hidden":0,"_bbp_forum_subforum_count":0,"site-sidebar-layout":"default","site-content-layout":"","ast-site-content-layout":"","site-content-style":"default","site-sidebar-style":"default","ast-global-header-display":"","ast-banner-title-visibility":"","ast-main-header-display":"","ast-hfb-above-header-display":"","ast-hfb-below-header-display":"","ast-hfb-mobile-header-display":"","site-post-title":"","ast-breadcrumbs-content":"","ast-featured-img":"","footer-sml-layout":"","theme-transparent-header-meta":"","adv-header-id-meta":"","stick-header-meta":"","header-above-stick-meta":"","header-main-stick-meta":"","header-below-stick-meta":"","astra-migrate-meta-layouts":"default","ast-page-background-enabled":"default","ast-page-background-meta":{"desktop":{"background-color":"var(--ast-global-color-4)","background-image":"","background-repeat":"repeat","background-position":"center center","background-size":"auto","background-attachment":"scroll","background-type":"","background-media":"","overlay-type":"","overlay-color":"","overlay-opacity":"","overlay-gradient":""},"tablet":{"background-color":"","background-image":"","background-repeat":"repeat","background-position":"center center","background-size":"auto","background-attachment":"scroll","background-type":"","background-media":"","overlay-type":"","overlay-color":"","overlay-opacity":"","overlay-gradient":""},"mobile":{"background-color":"","background-image":"","background-repeat":"repeat","background-position":"center center","background-size":"auto","background-attachment":"scroll","background-type":"","background-media":"","overlay-type":"","overlay-color":"","overlay-opacity":"","overlay-gradient":""}},"ast-content-background-meta":{"desktop":{"background-color":"var(--ast-global-color-5)","background-image":"","background-repeat":"repeat","background-position":"center center","background-size":"auto","background-attachment":"scroll","background-type":"","background-media":"","overlay-type":"","overlay-color":"","overlay-opacity":"","overlay-gradient":""},"tablet":{"background-color":"var(--ast-global-color-5)","background-image":"","background-repeat":"repeat","background-position":"center center","background-size":"auto","background-attachment":"scroll","background-type":"","background-media":"","overlay-type":"","overlay-color":"","overlay-opacity":"","overlay-gradient":""},"mobile":{"background-color":"var(--ast-global-color-5)","background-image":"","background-repeat":"repeat","background-position":"center center","background-size":"auto","background-attachment":"scroll","background-type":"","background-media":"","overlay-type":"","overlay-color":"","overlay-opacity":"","overlay-gradient":""}},"footnotes":""},"class_list":["post-1551","page","type-page","status-publish","hentry"],"post_mailing_queue_ids":[],"_links":{"self":[{"href":"https:\/\/agora.xtec.cat\/iespontdesuert\/wp-json\/wp\/v2\/pages\/1551","targetHints":{"allow":["GET"]}}],"collection":[{"href":"https:\/\/agora.xtec.cat\/iespontdesuert\/wp-json\/wp\/v2\/pages"}],"about":[{"href":"https:\/\/agora.xtec.cat\/iespontdesuert\/wp-json\/wp\/v2\/types\/page"}],"author":[{"embeddable":true,"href":"https:\/\/agora.xtec.cat\/iespontdesuert\/wp-json\/wp\/v2\/users\/4"}],"replies":[{"embeddable":true,"href":"https:\/\/agora.xtec.cat\/iespontdesuert\/wp-json\/wp\/v2\/comments?post=1551"}],"version-history":[{"count":5,"href":"https:\/\/agora.xtec.cat\/iespontdesuert\/wp-json\/wp\/v2\/pages\/1551\/revisions"}],"predecessor-version":[{"id":5996,"href":"https:\/\/agora.xtec.cat\/iespontdesuert\/wp-json\/wp\/v2\/pages\/1551\/revisions\/5996"}],"up":[{"embeddable":true,"href":"https:\/\/agora.xtec.cat\/iespontdesuert\/wp-json\/wp\/v2\/pages\/1313"}],"wp:attachment":[{"href":"https:\/\/agora.xtec.cat\/iespontdesuert\/wp-json\/wp\/v2\/media?parent=1551"}],"curies":[{"name":"wp","href":"https:\/\/api.w.org\/{rel}","templated":true}]}}