{"id":1511,"date":"2017-04-06T12:43:10","date_gmt":"2017-04-06T10:43:10","guid":{"rendered":"http:\/\/agora.xtec.cat\/iespontdesuert\/?page_id=1511"},"modified":"2017-04-06T12:46:28","modified_gmt":"2017-04-06T10:46:28","slug":"qualitat-i-millora","status":"publish","type":"page","link":"https:\/\/agora.xtec.cat\/iespontdesuert\/projecte-educatiu\/projectes\/qualitat-i-millora\/","title":{"rendered":"Qualitat i millora"},"content":{"rendered":"<p class=\"Estilo54\" align=\"justify\">El projecte de qualitat i millora cont\u00ednua (PQiMC)\u00a0es va iniciar a mitjans de setembre de 2010 amb la missi\u00f3 de definir, implantar i millorar el nostre propi sistema de gesti\u00f3. La responsable del projecte \u00e9s la <strong>directora<\/strong> <strong>Ariadna Garcia <\/strong>i la <strong>coordinadora de qualitat<\/strong> <strong>Gemma Aler<\/strong>. El projecte preveu una implantaci\u00f3 en tres anys del <strong>segell de qualitat ISO 9001<\/strong>, seguint un programa de treball en xarxa amb altres instituts que tamb\u00e9 inicien aquest curs el <strong>PQiMC<\/strong>. Podeu llegir m\u00e9s sobre com s&#8217;est\u00e0 duent a terme aquest projecte <a href=\"http:\/\/inspontdesuert.com\/avaluacio-global-diagnostica\/\" target=\"_blank\">aqu\u00ed<\/a>.<\/p>\n<p>El nostre centre va abandonar aquest projecte l&#8217;estiu de 2013. Per\u00f2 va continuar amb el Pla Estrat\u00e8gic associat amb ell fins al curs 2015.<\/p>\n<p>&nbsp;<\/p>\n","protected":false},"excerpt":{"rendered":"<p>El projecte de qualitat i millora cont\u00ednua (PQiMC)\u00a0es va iniciar a mitjans de setembre de 2010 amb la missi\u00f3 de definir, implantar i millorar el nostre propi sistema de gesti\u00f3. La responsable del projecte \u00e9s la directora Ariadna Garcia i la coordinadora de qualitat Gemma Aler. El projecte preveu una implantaci\u00f3 en tres anys del [&hellip;]<\/p>\n","protected":false},"author":1,"featured_media":0,"parent":1314,"menu_order":0,"comment_status":"closed","ping_status":"closed","template":"page-templates\/side-menu.php","meta":{"_bbp_topic_count":0,"_bbp_reply_count":0,"_bbp_total_topic_count":0,"_bbp_total_reply_count":0,"_bbp_voice_count":0,"_bbp_anonymous_reply_count":0,"_bbp_topic_count_hidden":0,"_bbp_reply_count_hidden":0,"_bbp_forum_subforum_count":0,"site-sidebar-layout":"default","site-content-layout":"","ast-site-content-layout":"","site-content-style":"default","site-sidebar-style":"default","ast-global-header-display":"","ast-banner-title-visibility":"","ast-main-header-display":"","ast-hfb-above-header-display":"","ast-hfb-below-header-display":"","ast-hfb-mobile-header-display":"","site-post-title":"","ast-breadcrumbs-content":"","ast-featured-img":"","footer-sml-layout":"","theme-transparent-header-meta":"","adv-header-id-meta":"","stick-header-meta":"","header-above-stick-meta":"","header-main-stick-meta":"","header-below-stick-meta":"","astra-migrate-meta-layouts":"default","ast-page-background-enabled":"default","ast-page-background-meta":{"desktop":{"background-color":"var(--ast-global-color-4)","background-image":"","background-repeat":"repeat","background-position":"center center","background-size":"auto","background-attachment":"scroll","background-type":"","background-media":"","overlay-type":"","overlay-color":"","overlay-opacity":"","overlay-gradient":""},"tablet":{"background-color":"","background-image":"","background-repeat":"repeat","background-position":"center center","background-size":"auto","background-attachment":"scroll","background-type":"","background-media":"","overlay-type":"","overlay-color":"","overlay-opacity":"","overlay-gradient":""},"mobile":{"background-color":"","background-image":"","background-repeat":"repeat","background-position":"center center","background-size":"auto","background-attachment":"scroll","background-type":"","background-media":"","overlay-type":"","overlay-color":"","overlay-opacity":"","overlay-gradient":""}},"ast-content-background-meta":{"desktop":{"background-color":"var(--ast-global-color-5)","background-image":"","background-repeat":"repeat","background-position":"center center","background-size":"auto","background-attachment":"scroll","background-type":"","background-media":"","overlay-type":"","overlay-color":"","overlay-opacity":"","overlay-gradient":""},"tablet":{"background-color":"var(--ast-global-color-5)","background-image":"","background-repeat":"repeat","background-position":"center center","background-size":"auto","background-attachment":"scroll","background-type":"","background-media":"","overlay-type":"","overlay-color":"","overlay-opacity":"","overlay-gradient":""},"mobile":{"background-color":"var(--ast-global-color-5)","background-image":"","background-repeat":"repeat","background-position":"center center","background-size":"auto","background-attachment":"scroll","background-type":"","background-media":"","overlay-type":"","overlay-color":"","overlay-opacity":"","overlay-gradient":""}},"footnotes":""},"class_list":["post-1511","page","type-page","status-publish","hentry"],"post_mailing_queue_ids":[],"_links":{"self":[{"href":"https:\/\/agora.xtec.cat\/iespontdesuert\/wp-json\/wp\/v2\/pages\/1511","targetHints":{"allow":["GET"]}}],"collection":[{"href":"https:\/\/agora.xtec.cat\/iespontdesuert\/wp-json\/wp\/v2\/pages"}],"about":[{"href":"https:\/\/agora.xtec.cat\/iespontdesuert\/wp-json\/wp\/v2\/types\/page"}],"author":[{"embeddable":true,"href":"https:\/\/agora.xtec.cat\/iespontdesuert\/wp-json\/wp\/v2\/users\/1"}],"replies":[{"embeddable":true,"href":"https:\/\/agora.xtec.cat\/iespontdesuert\/wp-json\/wp\/v2\/comments?post=1511"}],"version-history":[{"count":2,"href":"https:\/\/agora.xtec.cat\/iespontdesuert\/wp-json\/wp\/v2\/pages\/1511\/revisions"}],"predecessor-version":[{"id":1514,"href":"https:\/\/agora.xtec.cat\/iespontdesuert\/wp-json\/wp\/v2\/pages\/1511\/revisions\/1514"}],"up":[{"embeddable":true,"href":"https:\/\/agora.xtec.cat\/iespontdesuert\/wp-json\/wp\/v2\/pages\/1314"}],"wp:attachment":[{"href":"https:\/\/agora.xtec.cat\/iespontdesuert\/wp-json\/wp\/v2\/media?parent=1511"}],"curies":[{"name":"wp","href":"https:\/\/api.w.org\/{rel}","templated":true}]}}