{"id":1484,"date":"2017-04-05T22:24:32","date_gmt":"2017-04-05T20:24:32","guid":{"rendered":"http:\/\/agora.xtec.cat\/iespontdesuert\/?page_id=1484"},"modified":"2017-04-05T22:26:51","modified_gmt":"2017-04-05T20:26:51","slug":"erasmus","status":"publish","type":"page","link":"https:\/\/agora.xtec.cat\/iespontdesuert\/projecte-educatiu\/projectes\/erasmus\/","title":{"rendered":"Erasmus"},"content":{"rendered":"<p class=\"Estilo54\" style=\"text-align: justify;\" align=\"justify\">El Departament d&#8217;ensenyament vol apropar la realitat socioecon\u00f2mica d&#8217;altres pa\u00efsos a l&#8217;alumnat de cicles formatius mitjan\u00e7ant estades formatives en empreses, entitats o centres educatius estrangers a trav\u00e9s del programa anomenat Erasmus + d&#8217;educaci\u00f3, formaci\u00f3, joventut i esport durant el per\u00edode 2014-2020 que ha creat la Comissi\u00f3 europea.<\/p>\n<p class=\"Estilo54\" style=\"text-align: justify;\" align=\"justify\">El nostre institut ofereix al seu alumnat de formaci\u00f3 professional la possibilitat de realitzar les pr\u00e0ctiques en pa\u00efsos europeus tot participant en aquest projecte.<\/p>\n<p class=\"Estilo54\" style=\"text-align: justify;\" align=\"justify\">Qu\u00e8 cal fer per demanar una beca Erasmus +?<\/p>\n<p class=\"Estilo54\" style=\"text-align: justify;\" align=\"justify\">Un cop surti la resoluci\u00f3 de la convocat\u00f2ria, el tutor de les pr\u00e0ctiques del centre n&#8217;informar\u00e0 l&#8217;alumnat i els interessats hauran de presentar la seg\u00fcent documentaci\u00f3:<\/p>\n<p class=\"Estilo54\" style=\"text-align: justify;\" align=\"justify\">&#8211; La sol\u00b7licitud, que es pot demanar a secretaria del mateix centre.<\/p>\n<p class=\"Estilo54\" style=\"text-align: justify;\" align=\"justify\">&#8211; Una carta de motivaci\u00f3.<\/p>\n<p class=\"Estilo54\" style=\"text-align: justify;\" align=\"justify\">&#8211; Curr\u00edculum vitae.<\/p>\n<p class=\"Estilo54\" style=\"text-align: justify;\" align=\"justify\">Els resultats de les sol\u00b7licituds es publicaran al web i en el taulell d&#8217;anuncis del centre una vegada s&#8217;hagin avaluat totes les sol\u00b7licituds presentades i se s\u00e0piga quantes estades ens han estat concedides.<\/p>\n<p class=\"Estilo54\" style=\"text-align: justify;\" align=\"justify\">Criteris de selecci\u00f3 dels sol\u00b7licitants: A trav\u00e9s del full de baremaci\u00f3 que s&#8217;entregar\u00e0 junt amb la sol\u00b7licitud.<\/p>\n","protected":false},"excerpt":{"rendered":"<p>El Departament d&#8217;ensenyament vol apropar la realitat socioecon\u00f2mica d&#8217;altres pa\u00efsos a l&#8217;alumnat de cicles formatius mitjan\u00e7ant estades formatives en empreses, entitats o centres educatius estrangers a trav\u00e9s del programa anomenat Erasmus + d&#8217;educaci\u00f3, formaci\u00f3, joventut i esport durant el per\u00edode 2014-2020 que ha creat la Comissi\u00f3 europea. El nostre institut ofereix al seu alumnat de [&hellip;]<\/p>\n","protected":false},"author":1,"featured_media":0,"parent":1314,"menu_order":0,"comment_status":"closed","ping_status":"closed","template":"page-templates\/side-menu.php","meta":{"_bbp_topic_count":0,"_bbp_reply_count":0,"_bbp_total_topic_count":0,"_bbp_total_reply_count":0,"_bbp_voice_count":0,"_bbp_anonymous_reply_count":0,"_bbp_topic_count_hidden":0,"_bbp_reply_count_hidden":0,"_bbp_forum_subforum_count":0,"site-sidebar-layout":"default","site-content-layout":"","ast-site-content-layout":"","site-content-style":"default","site-sidebar-style":"default","ast-global-header-display":"","ast-banner-title-visibility":"","ast-main-header-display":"","ast-hfb-above-header-display":"","ast-hfb-below-header-display":"","ast-hfb-mobile-header-display":"","site-post-title":"","ast-breadcrumbs-content":"","ast-featured-img":"","footer-sml-layout":"","theme-transparent-header-meta":"","adv-header-id-meta":"","stick-header-meta":"","header-above-stick-meta":"","header-main-stick-meta":"","header-below-stick-meta":"","astra-migrate-meta-layouts":"default","ast-page-background-enabled":"default","ast-page-background-meta":{"desktop":{"background-color":"var(--ast-global-color-4)","background-image":"","background-repeat":"repeat","background-position":"center center","background-size":"auto","background-attachment":"scroll","background-type":"","background-media":"","overlay-type":"","overlay-color":"","overlay-opacity":"","overlay-gradient":""},"tablet":{"background-color":"","background-image":"","background-repeat":"repeat","background-position":"center center","background-size":"auto","background-attachment":"scroll","background-type":"","background-media":"","overlay-type":"","overlay-color":"","overlay-opacity":"","overlay-gradient":""},"mobile":{"background-color":"","background-image":"","background-repeat":"repeat","background-position":"center center","background-size":"auto","background-attachment":"scroll","background-type":"","background-media":"","overlay-type":"","overlay-color":"","overlay-opacity":"","overlay-gradient":""}},"ast-content-background-meta":{"desktop":{"background-color":"var(--ast-global-color-5)","background-image":"","background-repeat":"repeat","background-position":"center center","background-size":"auto","background-attachment":"scroll","background-type":"","background-media":"","overlay-type":"","overlay-color":"","overlay-opacity":"","overlay-gradient":""},"tablet":{"background-color":"var(--ast-global-color-5)","background-image":"","background-repeat":"repeat","background-position":"center center","background-size":"auto","background-attachment":"scroll","background-type":"","background-media":"","overlay-type":"","overlay-color":"","overlay-opacity":"","overlay-gradient":""},"mobile":{"background-color":"var(--ast-global-color-5)","background-image":"","background-repeat":"repeat","background-position":"center center","background-size":"auto","background-attachment":"scroll","background-type":"","background-media":"","overlay-type":"","overlay-color":"","overlay-opacity":"","overlay-gradient":""}},"footnotes":""},"class_list":["post-1484","page","type-page","status-publish","hentry"],"post_mailing_queue_ids":[],"_links":{"self":[{"href":"https:\/\/agora.xtec.cat\/iespontdesuert\/wp-json\/wp\/v2\/pages\/1484","targetHints":{"allow":["GET"]}}],"collection":[{"href":"https:\/\/agora.xtec.cat\/iespontdesuert\/wp-json\/wp\/v2\/pages"}],"about":[{"href":"https:\/\/agora.xtec.cat\/iespontdesuert\/wp-json\/wp\/v2\/types\/page"}],"author":[{"embeddable":true,"href":"https:\/\/agora.xtec.cat\/iespontdesuert\/wp-json\/wp\/v2\/users\/1"}],"replies":[{"embeddable":true,"href":"https:\/\/agora.xtec.cat\/iespontdesuert\/wp-json\/wp\/v2\/comments?post=1484"}],"version-history":[{"count":1,"href":"https:\/\/agora.xtec.cat\/iespontdesuert\/wp-json\/wp\/v2\/pages\/1484\/revisions"}],"predecessor-version":[{"id":1485,"href":"https:\/\/agora.xtec.cat\/iespontdesuert\/wp-json\/wp\/v2\/pages\/1484\/revisions\/1485"}],"up":[{"embeddable":true,"href":"https:\/\/agora.xtec.cat\/iespontdesuert\/wp-json\/wp\/v2\/pages\/1314"}],"wp:attachment":[{"href":"https:\/\/agora.xtec.cat\/iespontdesuert\/wp-json\/wp\/v2\/media?parent=1484"}],"curies":[{"name":"wp","href":"https:\/\/api.w.org\/{rel}","templated":true}]}}