{"id":1359,"date":"2017-04-04T13:13:09","date_gmt":"2017-04-04T11:13:09","guid":{"rendered":"http:\/\/agora.xtec.cat\/iespontdesuert\/?page_id=1359"},"modified":"2017-04-05T14:59:19","modified_gmt":"2017-04-05T12:59:19","slug":"valors","status":"publish","type":"page","link":"https:\/\/agora.xtec.cat\/iespontdesuert\/projecte-educatiu\/valors\/","title":{"rendered":"Valors"},"content":{"rendered":"<p style=\"text-align: justify;\">Els principis \u00e8tics i de funcionament, les conductes i responsabilitats que proposem s\u00f3n:<\/p>\n<p style=\"text-align: justify;\"><strong>Solidaritat i toler\u00e0ncia:<\/strong><\/p>\n<ul style=\"text-align: justify;\">\n<li>Acollir l\u2019alumnat, professorat, PAS, fam\u00edlies, usuaris de manera respectuosa, personalitzada i directa. Rebutjant, per tant, qualsevol tipus de discriminaci\u00f3, fomentat la solidaritat i la toler\u00e0ncia.<\/li>\n<\/ul>\n<p style=\"text-align: justify;\"><strong>Cooperaci\u00f3:<\/strong><\/p>\n<ul style=\"text-align: justify;\">\n<li>Basar les nostres accions en el treball en equip, de forma coordinada i compartida entre tots els membres de la comunitat educativa.<\/li>\n<\/ul>\n<p style=\"text-align: justify;\"><strong>Interrelaci\u00f3:<\/strong><\/p>\n<ul style=\"text-align: justify;\">\n<li>Assegurar l\u2019intercanvi d\u2019informaci\u00f3 entre els col\u00b7lectius del centre per tal d\u2019augmentar la participaci\u00f3 i l\u2019enriquiment mutus.<\/li>\n<\/ul>\n<p style=\"text-align: justify;\"><strong>Participaci\u00f3:<\/strong><\/p>\n<ul style=\"text-align: justify;\">\n<li>Organitzar sistemes de representaci\u00f3 que permetin la participaci\u00f3 i el consens en la presa de decisions. Gestionar el centre basant-se en el di\u00e0leg, el convenciment i la influ\u00e8ncia. Regular els processos del Centre de manera flexible, prenent com a guia la racionalitat i els bons usos.<\/li>\n<\/ul>\n<p style=\"text-align: justify;\"><strong>Responsabilitat:<\/strong><\/p>\n<ul style=\"text-align: justify;\">\n<li>Funcionar amb un tarann\u00e0 basat en el compliment de les tasques professionals, i en l\u2019assumpci\u00f3 de la responsabilitat de tota la comunitat educativa per tal d\u2019aconseguir una feina ben feta.<\/li>\n<\/ul>\n<p style=\"text-align: justify;\"><strong>Compromisos socials:<\/strong><\/p>\n<ul style=\"text-align: justify;\">\n<li>Actuar com un centre receptiu, participatiu, promotor i comprom\u00e8s en les activitats relacionades amb la salut, la cultura, l\u2019esport, el lleure, la solidaritat i el medi ambient, que facin de l\u2019institut un factor dinamitzador de la nostra comarca i sona d\u2019influ\u00e8ncia.<\/li>\n<\/ul>\n<p style=\"text-align: justify;\"><strong>Adaptaci\u00f3 als canvis:<\/strong><\/p>\n<ul style=\"text-align: justify;\">\n<li>Estar atent a les necessitats de la societat i de l\u2019entorn econ\u00f2mic per donar resposta a les diferents necessitats formatives.<\/li>\n<\/ul>\n<p style=\"text-align: justify;\"><strong>Innovaci\u00f3 i creativitat:<\/strong><\/p>\n<ul>\n<li style=\"text-align: justify;\">Promoure un centre viu, innovador, al dia, atent a la millora cont\u00ednua.<\/li>\n<li style=\"text-align: justify;\">Crear un entorn de treball on es desenvolupin idees i projectes innovadors.<\/li>\n<\/ul>\n","protected":false},"excerpt":{"rendered":"<p>Els principis \u00e8tics i de funcionament, les conductes i responsabilitats que proposem s\u00f3n: Solidaritat i toler\u00e0ncia: Acollir l\u2019alumnat, professorat, PAS, fam\u00edlies, usuaris de manera respectuosa, personalitzada i directa. Rebutjant, per tant, qualsevol tipus de discriminaci\u00f3, fomentat la solidaritat i la toler\u00e0ncia. Cooperaci\u00f3: Basar les nostres accions en el treball en equip, de forma coordinada i [&hellip;]<\/p>\n","protected":false},"author":1,"featured_media":0,"parent":57,"menu_order":0,"comment_status":"closed","ping_status":"closed","template":"page-templates\/side-menu.php","meta":{"_bbp_topic_count":0,"_bbp_reply_count":0,"_bbp_total_topic_count":0,"_bbp_total_reply_count":0,"_bbp_voice_count":0,"_bbp_anonymous_reply_count":0,"_bbp_topic_count_hidden":0,"_bbp_reply_count_hidden":0,"_bbp_forum_subforum_count":0,"site-sidebar-layout":"default","site-content-layout":"","ast-site-content-layout":"","site-content-style":"default","site-sidebar-style":"default","ast-global-header-display":"","ast-banner-title-visibility":"","ast-main-header-display":"","ast-hfb-above-header-display":"","ast-hfb-below-header-display":"","ast-hfb-mobile-header-display":"","site-post-title":"","ast-breadcrumbs-content":"","ast-featured-img":"","footer-sml-layout":"","theme-transparent-header-meta":"","adv-header-id-meta":"","stick-header-meta":"","header-above-stick-meta":"","header-main-stick-meta":"","header-below-stick-meta":"","astra-migrate-meta-layouts":"default","ast-page-background-enabled":"default","ast-page-background-meta":{"desktop":{"background-color":"var(--ast-global-color-4)","background-image":"","background-repeat":"repeat","background-position":"center center","background-size":"auto","background-attachment":"scroll","background-type":"","background-media":"","overlay-type":"","overlay-color":"","overlay-opacity":"","overlay-gradient":""},"tablet":{"background-color":"","background-image":"","background-repeat":"repeat","background-position":"center center","background-size":"auto","background-attachment":"scroll","background-type":"","background-media":"","overlay-type":"","overlay-color":"","overlay-opacity":"","overlay-gradient":""},"mobile":{"background-color":"","background-image":"","background-repeat":"repeat","background-position":"center center","background-size":"auto","background-attachment":"scroll","background-type":"","background-media":"","overlay-type":"","overlay-color":"","overlay-opacity":"","overlay-gradient":""}},"ast-content-background-meta":{"desktop":{"background-color":"var(--ast-global-color-5)","background-image":"","background-repeat":"repeat","background-position":"center center","background-size":"auto","background-attachment":"scroll","background-type":"","background-media":"","overlay-type":"","overlay-color":"","overlay-opacity":"","overlay-gradient":""},"tablet":{"background-color":"var(--ast-global-color-5)","background-image":"","background-repeat":"repeat","background-position":"center center","background-size":"auto","background-attachment":"scroll","background-type":"","background-media":"","overlay-type":"","overlay-color":"","overlay-opacity":"","overlay-gradient":""},"mobile":{"background-color":"var(--ast-global-color-5)","background-image":"","background-repeat":"repeat","background-position":"center center","background-size":"auto","background-attachment":"scroll","background-type":"","background-media":"","overlay-type":"","overlay-color":"","overlay-opacity":"","overlay-gradient":""}},"footnotes":""},"class_list":["post-1359","page","type-page","status-publish","hentry"],"post_mailing_queue_ids":[],"_links":{"self":[{"href":"https:\/\/agora.xtec.cat\/iespontdesuert\/wp-json\/wp\/v2\/pages\/1359","targetHints":{"allow":["GET"]}}],"collection":[{"href":"https:\/\/agora.xtec.cat\/iespontdesuert\/wp-json\/wp\/v2\/pages"}],"about":[{"href":"https:\/\/agora.xtec.cat\/iespontdesuert\/wp-json\/wp\/v2\/types\/page"}],"author":[{"embeddable":true,"href":"https:\/\/agora.xtec.cat\/iespontdesuert\/wp-json\/wp\/v2\/users\/1"}],"replies":[{"embeddable":true,"href":"https:\/\/agora.xtec.cat\/iespontdesuert\/wp-json\/wp\/v2\/comments?post=1359"}],"version-history":[{"count":2,"href":"https:\/\/agora.xtec.cat\/iespontdesuert\/wp-json\/wp\/v2\/pages\/1359\/revisions"}],"predecessor-version":[{"id":1415,"href":"https:\/\/agora.xtec.cat\/iespontdesuert\/wp-json\/wp\/v2\/pages\/1359\/revisions\/1415"}],"up":[{"embeddable":true,"href":"https:\/\/agora.xtec.cat\/iespontdesuert\/wp-json\/wp\/v2\/pages\/57"}],"wp:attachment":[{"href":"https:\/\/agora.xtec.cat\/iespontdesuert\/wp-json\/wp\/v2\/media?parent=1359"}],"curies":[{"name":"wp","href":"https:\/\/api.w.org\/{rel}","templated":true}]}}