{"id":1314,"date":"2015-10-03T10:12:06","date_gmt":"2015-10-03T10:12:06","guid":{"rendered":"http:\/\/webproves.tk\/?page_id=201"},"modified":"2021-09-12T17:57:34","modified_gmt":"2021-09-12T15:57:34","slug":"projectes","status":"publish","type":"page","link":"https:\/\/agora.xtec.cat\/iespontdesuert\/projecte-educatiu\/projectes\/","title":{"rendered":"Projectes i Intercanvis"},"content":{"rendered":"<p class=\"Estilo54\" align=\"justify\">Avui en dia, una part fonamental del funcionament d&#8217;un centre educatiu \u00e9s la participaci\u00f3 en projectes educatius que complementin la formaci\u00f3 que es d\u00f3na als alumnes dins de les aules ordin\u00e0ries. Aqu\u00ed teniu una relaci\u00f3 dels projectes en qu\u00e8 el nostre centre est\u00e0 treballant actualment o ha treballat al llarg dels darrers cursos.<\/p>\n<p class=\"Estilo54\" align=\"justify\"><strong>Projectes de recuperaci\u00f3 de llavors aut\u00f2ctones de la Ribagor\u00e7a i de cultiu de bolets<\/strong><\/p>\n<p class=\"Estilo54\" align=\"justify\">Projecte presentat a l&#8217;ADRR per intentar recuperar llavors aut\u00f2ctones\u00a0amb l&#8217;elaboraci\u00f3\u00a0d&#8217;un estudi previ de prospecci\u00f3 de les plantes\u00a0de la zona i acabar fent-ne el cultiu. El projecte de bolets est\u00e0 m\u00e9s encaminat a crear unes pr\u00e0ctiques per als estudiants de cicles de forestals en el mateix centre. Tots dos projectes millorarien les nostres instal\u00b7lacions i la imatge del cicle. La iniciativa tamb\u00e9 vol donar visions de possibles\u00a0negocis als alumnes del cicle.<\/p>\n<p class=\"Estilo54\" align=\"justify\"><span style=\"text-decoration: underline;\"><strong>Altres projectes<\/strong><\/span><\/p>\n<p><strong>Formaci\u00f3 en centres de treball<\/strong><\/p>\n<p class=\"Estilo54\" align=\"justify\">Adre\u00e7at als estudiants de forestals. Ja hem dut a terme pr\u00e0ctiques a Per\u00fa (el curs passat) i esperem per a quest curs unes pr\u00e0ctiques a Xile i\u00a0It\u00e0lia.<\/p>\n<p class=\"Estilo54\" align=\"justify\">Actualment el nostre centre participa en<strong> dos intercanvis<\/strong> amb altres centres de l&#8217;estranger:<\/p>\n<p class=\"Estilo54\" align=\"justify\">&#8211; Proposat pel Departament de lleng\u00fces estrangeres, un intercanvi dels alumnes de 1r de Batx amb estudiants d&#8217;edats similars del centre Damiaaninstituut d&#8217;Aarschott, B\u00e8lgica. La durada \u00e9s d&#8217;una setmana a cada pa\u00eds i se solen fer a l&#8217;octubre i l&#8217;abril durant el curs escolar. Durant els curs 2018\/19 hem fet un canvi\u00a0 pel que fa a aquest intercanvi. Actualment els alumnes que realitzen aquesta activitat s\u00f3n els de 4t d&#8217;ESO.<\/p>\n<p class=\"Estilo54\" align=\"justify\">&#8211; Des del curs 2014-15, el nostre centre realitza un intercanvi amb el centre Rutland High School de Rutland (Vermont) dels Estats Units d&#8217;Am\u00e8rica. En aquest han participat els nostres alumnes de 4t i de 1r de batxillerat. La durada \u00e9s de dues setmanes en cada lloc i, de moment, s&#8217;han dut a terme al setembre i al juny del curs escolar.<\/p>\n<p align=\"justify\"><strong>Durant el curs 18\/19<\/strong> hem fet un canvi en aquesta activitat i els alumnes que participaran en l&#8217;intercanvi seran els de 1r de batxillerat.<\/p>\n<p class=\"Estilo54\" align=\"justify\"><strong>Comenius<\/strong><\/p>\n<p class=\"Estilo54\" align=\"justify\">Tot i que vam sol\u00b7licitar un nou projecte i vam assistir a la reuni\u00f3 preparat\u00f2ria a Munich aquest projecte malauradament ens ha estat denegat per falta de pressupost des del Ministerio de educaci\u00f3n i el Departament d&#8217;educaci\u00f3. Seguirem treballant per iniciar nous projectes similars en el futur.<\/p>\n<p class=\"Estilo54\" align=\"justify\"><strong>Projecte Junior Rangers<\/strong><\/p>\n<p class=\"Estilo54\" align=\"justify\">Portem tamb\u00e9 uns quants anys col\u00b7laborant amb el Parc Nacional d\u2019Aig\u00fces Tortes i Estany de Sant Maurici en el projecte europeu anomenat <a href=\"http:\/\/www20.gencat.cat\/portal\/site\/parcsnaturals\/menuitem.6f889bfbe01d5db0e6789a10b0c0e1a0\/?vgnextoid=beaf3b3c19532210VgnVCM1000008d0c1e0aRCRD&amp;vgnextchannel=beaf3b3c19532210VgnVCM1000008d0c1e0aRCRD&amp;vgnextfmt=detall&amp;contentid=4ffae8e0823aa210VgnVCM2000009b0c1e0aRCRD&amp;newLang=es_ES\" target=\"_blank\" rel=\"noopener noreferrer\">Junior Rangers<\/a>. Alguns dels nostres alumnes han participat als estius en intercanvis organitzats amb diferents parcs nacionals de l\u2019\u00e0mbit europeu.<\/p>\n<p align=\"justify\"><strong>Intercanvis amb els EUA i B\u00e8lgica<\/strong><\/p>\n<p align=\"justify\">S&#8217;han estat realitzant intercanvis entre aquests 2 pa\u00efsos amb l&#8217;alumnat de 4t d&#8217;ESO i 1r de Batxillerat durant els darrers\u00a0 8 anys. Desafortunadament, degut a les restriccions de mobilitat per la pand\u00e8mia, aquests intercanvis estan postposats fins que el Departament d&#8217;Educaci\u00f3 doni les directrius\u00a0 per tornar a engegar aquests intercanvis ling\u00fc\u00edstics.<\/p>\n<p class=\"Estilo54\" align=\"justify\"><strong>Projecte Patrimonio Joven: 2\u00ba Foro juvenil iberoamericano del patrimonio mundial<\/strong><\/p>\n<p class=\"Estilo54\" align=\"justify\">Aquest projecte, organitzat pel <strong>Foro Juvenil Iberoamericano<\/strong> i la <strong>Subdirecci\u00f3n General de Protecci\u00f3n del Patrimonio Hist\u00f3rico<\/strong> -depenent del <strong>Ministerio de Cultura<\/strong>-, va comptar\u00a0 amb la participaci\u00f3 de l&#8217;alumna <strong>Joana Farrero Roger.<\/strong> Es tracta d&#8217;un projecte adre\u00e7at a joves de diferents nacionalitats per tal de concienciar-los de la import\u00e0ncia de la conservaci\u00f3 i manteniment del patrimoni cultural del m\u00f3n. La trobada va tenir lloc a <strong>Aranjuez<\/strong> del 20 al 30 de juny i va comptar amb la participaci\u00f3 de joves d&#8217;entre 12 i 15 anys procedents de Brasil, M\u00e8xic, Cuba, Colombia, Vene\u00e7uela, Per\u00fa, Xile, Bol\u00edvia, Portugal i Espanya. Si voleu tenir m\u00e9s informaci\u00f3 sobre el programa de les activitats i els objectius d&#8217;aquest foro, visiteu la seva <a href=\"http:\/\/www.patrimoniojoven.com\/2doforojuvenil\/home.php\" target=\"_blank\" rel=\"noopener noreferrer\">p\u00e0gina web<\/a>.<\/p>\n<p class=\"Estilo54\" align=\"justify\">\n","protected":false},"excerpt":{"rendered":"<p>Avui en dia, una part fonamental del funcionament d&#8217;un centre educatiu \u00e9s la participaci\u00f3 en projectes educatius que complementin la formaci\u00f3 que es d\u00f3na als alumnes dins de les aules ordin\u00e0ries. Aqu\u00ed teniu una relaci\u00f3 dels projectes en qu\u00e8 el nostre centre est\u00e0 treballant actualment o ha treballat al llarg dels darrers cursos. Projectes de [&hellip;]<\/p>\n","protected":false},"author":1,"featured_media":0,"parent":57,"menu_order":5,"comment_status":"closed","ping_status":"closed","template":"page-templates\/side-menu.php","meta":{"_bbp_topic_count":0,"_bbp_reply_count":0,"_bbp_total_topic_count":0,"_bbp_total_reply_count":0,"_bbp_voice_count":0,"_bbp_anonymous_reply_count":0,"_bbp_topic_count_hidden":0,"_bbp_reply_count_hidden":0,"_bbp_forum_subforum_count":0,"site-sidebar-layout":"default","site-content-layout":"","ast-site-content-layout":"","site-content-style":"default","site-sidebar-style":"default","ast-global-header-display":"","ast-banner-title-visibility":"","ast-main-header-display":"","ast-hfb-above-header-display":"","ast-hfb-below-header-display":"","ast-hfb-mobile-header-display":"","site-post-title":"","ast-breadcrumbs-content":"","ast-featured-img":"","footer-sml-layout":"","theme-transparent-header-meta":"","adv-header-id-meta":"","stick-header-meta":"","header-above-stick-meta":"","header-main-stick-meta":"","header-below-stick-meta":"","astra-migrate-meta-layouts":"default","ast-page-background-enabled":"default","ast-page-background-meta":{"desktop":{"background-color":"var(--ast-global-color-4)","background-image":"","background-repeat":"repeat","background-position":"center center","background-size":"auto","background-attachment":"scroll","background-type":"","background-media":"","overlay-type":"","overlay-color":"","overlay-opacity":"","overlay-gradient":""},"tablet":{"background-color":"","background-image":"","background-repeat":"repeat","background-position":"center center","background-size":"auto","background-attachment":"scroll","background-type":"","background-media":"","overlay-type":"","overlay-color":"","overlay-opacity":"","overlay-gradient":""},"mobile":{"background-color":"","background-image":"","background-repeat":"repeat","background-position":"center center","background-size":"auto","background-attachment":"scroll","background-type":"","background-media":"","overlay-type":"","overlay-color":"","overlay-opacity":"","overlay-gradient":""}},"ast-content-background-meta":{"desktop":{"background-color":"var(--ast-global-color-5)","background-image":"","background-repeat":"repeat","background-position":"center center","background-size":"auto","background-attachment":"scroll","background-type":"","background-media":"","overlay-type":"","overlay-color":"","overlay-opacity":"","overlay-gradient":""},"tablet":{"background-color":"var(--ast-global-color-5)","background-image":"","background-repeat":"repeat","background-position":"center center","background-size":"auto","background-attachment":"scroll","background-type":"","background-media":"","overlay-type":"","overlay-color":"","overlay-opacity":"","overlay-gradient":""},"mobile":{"background-color":"var(--ast-global-color-5)","background-image":"","background-repeat":"repeat","background-position":"center center","background-size":"auto","background-attachment":"scroll","background-type":"","background-media":"","overlay-type":"","overlay-color":"","overlay-opacity":"","overlay-gradient":""}},"footnotes":""},"class_list":["post-1314","page","type-page","status-publish","hentry"],"post_mailing_queue_ids":[],"_links":{"self":[{"href":"https:\/\/agora.xtec.cat\/iespontdesuert\/wp-json\/wp\/v2\/pages\/1314","targetHints":{"allow":["GET"]}}],"collection":[{"href":"https:\/\/agora.xtec.cat\/iespontdesuert\/wp-json\/wp\/v2\/pages"}],"about":[{"href":"https:\/\/agora.xtec.cat\/iespontdesuert\/wp-json\/wp\/v2\/types\/page"}],"author":[{"embeddable":true,"href":"https:\/\/agora.xtec.cat\/iespontdesuert\/wp-json\/wp\/v2\/users\/1"}],"replies":[{"embeddable":true,"href":"https:\/\/agora.xtec.cat\/iespontdesuert\/wp-json\/wp\/v2\/comments?post=1314"}],"version-history":[{"count":3,"href":"https:\/\/agora.xtec.cat\/iespontdesuert\/wp-json\/wp\/v2\/pages\/1314\/revisions"}],"predecessor-version":[{"id":4417,"href":"https:\/\/agora.xtec.cat\/iespontdesuert\/wp-json\/wp\/v2\/pages\/1314\/revisions\/4417"}],"up":[{"embeddable":true,"href":"https:\/\/agora.xtec.cat\/iespontdesuert\/wp-json\/wp\/v2\/pages\/57"}],"wp:attachment":[{"href":"https:\/\/agora.xtec.cat\/iespontdesuert\/wp-json\/wp\/v2\/media?parent=1314"}],"curies":[{"name":"wp","href":"https:\/\/api.w.org\/{rel}","templated":true}]}}