{"id":1311,"date":"2015-10-01T18:32:59","date_gmt":"2015-10-01T18:32:59","guid":{"rendered":"http:\/\/webproves.tk\/?page_id=86"},"modified":"2024-07-16T10:15:02","modified_gmt":"2024-07-16T08:15:02","slug":"secretaria","status":"publish","type":"page","link":"https:\/\/agora.xtec.cat\/iespontdesuert\/serveis\/secretaria\/","title":{"rendered":"SECRETARIA"},"content":{"rendered":"<p class=\"Estilo17 Estilo13 Estilo5\"><span style=\"text-decoration: underline;\"><strong>CICLES FORMATIUS DE GRAU SUPERIOR<\/strong><\/span><\/p>\n<p>Cal portar:<\/p>\n<ul>\n<li>Fotografia<\/li>\n<li>Resguard de pagament de les taxes del Departament d&#8217;Ensenyament (360 \u20ac, tant a primer com a segon) CODI: 0336824. Podeu <a href=\"https:\/\/educacio.gencat.cat\/ca\/departament\/normativa\/taxes-preus-publics\/preu-public\/\" target=\"_blank\" rel=\"noopener noreferrer\">consultar la normativa<\/a>, amb les possibles reduccions o exempcions.<\/li>\n<li>Resguard de pagament de les despeses de transport per les pr\u00e0ctiques i activitats de centre:\n<ul>\n<li>PRIMER CURS: 325 \u20ac, CODI: FORESTALS 0332235<\/li>\n<li>SEGON CURS: 250 \u20ac , CODI: FORESTALS 0332235,<\/li>\n<li>EDUCACI\u00d3 I CONTROL AMBIENTAL, 225\u20ac, CODI: MEDI AMBIENT 0421335<\/li>\n<\/ul>\n<\/li>\n<li><a href=\"https:\/\/docs.google.com\/document\/d\/1ZEoaq99f9NlHnHRfQk35ekb4SbZ00o3D\/edit?usp=sharing&amp;ouid=112551725852286957170&amp;rtpof=true&amp;sd=true\" target=\"_blank\" rel=\"noopener noreferrer\">Instruccions per a fer els pagaments per caixer o L\u00ednia Oberta <\/a>.<\/li>\n<li><a href=\"https:\/\/docs.google.com\/document\/d\/1V3PW1OXEK5hkOAfrISKnD-GFbO_MzebY\/edit?usp=sharing&amp;ouid=112551725852286957170&amp;rtpof=true&amp;sd=true\">Instruccions per al pagament de les Taxes del Departament.<\/a><\/li>\n<\/ul>\n<p><span style=\"text-decoration: underline;\"><strong>CICLES FORMATIUS DE GRAU MITJ\u00c0<\/strong><\/span><\/p>\n<p>Cal portar:<\/p>\n<ul>\n<li>Fotografia<\/li>\n<li>Resguard de pagament de les despeses de transport per les pr\u00e0ctiques i activitats de centre:\n<ul>\n<li>PRIMER CURS APROFITAMENT I CONSERVACI\u00d3 DEL MEDI NATURAL: 350 \u20ac, CODI: FORESTALS 0332235<\/li>\n<li>SEGON CURS APROFITAMENT I CONSERVACI\u00d3 DEL MEDI NATURAL: 250 \u20ac, CODI: FORESTALS 0332235<\/li>\n<li>PRIMER CURS EXPLOTACI\u00d3 ESTACIONS D&#8217;ESQU\u00cd: 700 \u20ac, CODI: NEU 0332247<\/li>\n<li>SEGON CURS EXPLOTACI\u00d3 ESTACIONS D&#8217;ESQU\u00cd: 700 \u20ac (+ el c\u00e0lcul de les UF pendents, si n&#8217;hi ha. Els repetidors nom\u00e9s han de pagar el c\u00e0lcul de les UF pendents). CODI: NEU 0332247<\/li>\n<\/ul>\n<\/li>\n<\/ul>\n<p><span style=\"text-decoration: underline;\"><strong>INSTRUCCIONS GENERALS PER FER PAGAMENTS AMB CODI<\/strong><\/span><\/p>\n<p><strong>Des de caixer autom\u00e0tic:<\/strong><\/p>\n<p>Clicar icones:<\/p>\n<ol>\n<li>Altres<\/li>\n<li>Pagaments<\/li>\n<li>Sense codi de barres<\/li>\n<li>Col\u00b7legis i matr\u00edcules o comunitats de ve\u00efns i associacions<\/li>\n<li>Amb el codi de l\u2019entitat<\/li>\n<li>Introduir el codi <b>XXXXX.<\/b><b> <\/b>Introduir la informaci\u00f3 que demana la pantalla: Remitent (nom i cognoms de l\u2019alumne\/a) i refer\u00e8ncia (1 o 2, segons el curs)<\/li>\n<\/ol>\n<p>Un cop s\u2019hagi fet l\u2019operaci\u00f3 s\u2019imprimiran dos rebuts, un per la persona pagadora i l\u2019altre per lliurar a secretaria<\/p>\n<p><b>Per l\u00ednia oberta<\/b>:<\/p>\n<div>\n<p>Seleccionar: Comptes\/Transfer\u00e8ncies i traspassos\/Pagaments a tercers\/Entitat: posar el codi:<\/p>\n<p><b>XXXXX<\/b><\/p>\n<p>A &#8220;Refer\u00e8ncia&#8221; podeu posar 1 o 2, segons el curs. Heu d\u2019imprimir el comprovant de l\u2019ingr\u00e9s i lliurar-lo a secretaria.<\/p>\n<\/div>\n<div>\n<div>\n<p>&nbsp;<\/p>\n<\/div>\n<\/div>\n","protected":false},"excerpt":{"rendered":"<p>CICLES FORMATIUS DE GRAU SUPERIOR Cal portar: Fotografia Resguard de pagament de les taxes del Departament d&#8217;Ensenyament (360 \u20ac, tant a primer com a segon) CODI: 0336824. Podeu consultar la normativa, amb les possibles reduccions o exempcions. Resguard de pagament de les despeses de transport per les pr\u00e0ctiques i activitats de centre: PRIMER CURS: 325 [&hellip;]<\/p>\n","protected":false},"author":1,"featured_media":0,"parent":63,"menu_order":1,"comment_status":"closed","ping_status":"closed","template":"page-templates\/side-menu.php","meta":{"_bbp_topic_count":0,"_bbp_reply_count":0,"_bbp_total_topic_count":0,"_bbp_total_reply_count":0,"_bbp_voice_count":0,"_bbp_anonymous_reply_count":0,"_bbp_topic_count_hidden":0,"_bbp_reply_count_hidden":0,"_bbp_forum_subforum_count":0,"site-sidebar-layout":"default","site-content-layout":"","ast-site-content-layout":"","site-content-style":"default","site-sidebar-style":"default","ast-global-header-display":"","ast-banner-title-visibility":"","ast-main-header-display":"","ast-hfb-above-header-display":"","ast-hfb-below-header-display":"","ast-hfb-mobile-header-display":"","site-post-title":"","ast-breadcrumbs-content":"","ast-featured-img":"","footer-sml-layout":"","theme-transparent-header-meta":"","adv-header-id-meta":"","stick-header-meta":"","header-above-stick-meta":"","header-main-stick-meta":"","header-below-stick-meta":"","astra-migrate-meta-layouts":"default","ast-page-background-enabled":"default","ast-page-background-meta":{"desktop":{"background-color":"var(--ast-global-color-4)","background-image":"","background-repeat":"repeat","background-position":"center center","background-size":"auto","background-attachment":"scroll","background-type":"","background-media":"","overlay-type":"","overlay-color":"","overlay-opacity":"","overlay-gradient":""},"tablet":{"background-color":"","background-image":"","background-repeat":"repeat","background-position":"center center","background-size":"auto","background-attachment":"scroll","background-type":"","background-media":"","overlay-type":"","overlay-color":"","overlay-opacity":"","overlay-gradient":""},"mobile":{"background-color":"","background-image":"","background-repeat":"repeat","background-position":"center center","background-size":"auto","background-attachment":"scroll","background-type":"","background-media":"","overlay-type":"","overlay-color":"","overlay-opacity":"","overlay-gradient":""}},"ast-content-background-meta":{"desktop":{"background-color":"var(--ast-global-color-5)","background-image":"","background-repeat":"repeat","background-position":"center center","background-size":"auto","background-attachment":"scroll","background-type":"","background-media":"","overlay-type":"","overlay-color":"","overlay-opacity":"","overlay-gradient":""},"tablet":{"background-color":"var(--ast-global-color-5)","background-image":"","background-repeat":"repeat","background-position":"center center","background-size":"auto","background-attachment":"scroll","background-type":"","background-media":"","overlay-type":"","overlay-color":"","overlay-opacity":"","overlay-gradient":""},"mobile":{"background-color":"var(--ast-global-color-5)","background-image":"","background-repeat":"repeat","background-position":"center center","background-size":"auto","background-attachment":"scroll","background-type":"","background-media":"","overlay-type":"","overlay-color":"","overlay-opacity":"","overlay-gradient":""}},"footnotes":""},"class_list":["post-1311","page","type-page","status-publish","hentry"],"post_mailing_queue_ids":[],"_links":{"self":[{"href":"https:\/\/agora.xtec.cat\/iespontdesuert\/wp-json\/wp\/v2\/pages\/1311","targetHints":{"allow":["GET"]}}],"collection":[{"href":"https:\/\/agora.xtec.cat\/iespontdesuert\/wp-json\/wp\/v2\/pages"}],"about":[{"href":"https:\/\/agora.xtec.cat\/iespontdesuert\/wp-json\/wp\/v2\/types\/page"}],"author":[{"embeddable":true,"href":"https:\/\/agora.xtec.cat\/iespontdesuert\/wp-json\/wp\/v2\/users\/1"}],"replies":[{"embeddable":true,"href":"https:\/\/agora.xtec.cat\/iespontdesuert\/wp-json\/wp\/v2\/comments?post=1311"}],"version-history":[{"count":7,"href":"https:\/\/agora.xtec.cat\/iespontdesuert\/wp-json\/wp\/v2\/pages\/1311\/revisions"}],"predecessor-version":[{"id":5963,"href":"https:\/\/agora.xtec.cat\/iespontdesuert\/wp-json\/wp\/v2\/pages\/1311\/revisions\/5963"}],"up":[{"embeddable":true,"href":"https:\/\/agora.xtec.cat\/iespontdesuert\/wp-json\/wp\/v2\/pages\/63"}],"wp:attachment":[{"href":"https:\/\/agora.xtec.cat\/iespontdesuert\/wp-json\/wp\/v2\/media?parent=1311"}],"curies":[{"name":"wp","href":"https:\/\/api.w.org\/{rel}","templated":true}]}}