{"id":1310,"date":"2015-09-29T08:58:23","date_gmt":"2015-09-29T08:58:23","guid":{"rendered":"http:\/\/webproves.tk\/?page_id=35"},"modified":"2026-03-24T09:58:01","modified_gmt":"2026-03-24T08:58:01","slug":"neu","status":"publish","type":"page","link":"https:\/\/agora.xtec.cat\/iespontdesuert\/estudis\/cicles\/neu\/","title":{"rendered":"NEU"},"content":{"rendered":"<h3>JORNADES DE PORTES OBERTES: 17 D&#8217;ABRIL DE 2026 A LES 18H<\/h3>\n<p>&nbsp;<\/p>\n<h3><a href=\"https:\/\/agora.xtec.cat\/iespontdesuert\/wp-content\/uploads\/usu1633\/2026\/03\/20260324100256434.pdf\">CARTELL JORNADA PORTES OBERTES<\/a><\/h3>\n<p>&nbsp;<\/p>\n<h3><strong>QU\u00c8 FEM AL CICLE DE NEU?<\/strong><\/h3>\n<p>CFGM de Guia en el Medi Natural i Temps de Lleure (AE10)<\/p>\n<p>&nbsp;<\/p>\n<p>&nbsp;<\/p>\n<h4><strong>Formaci\u00f3 complement\u00e0ria\u00a0\u00a0<\/strong><\/h4>\n<p>Abalisament de pistes, senyalitzaci\u00f3 i socorrisme en espais esquiables (540h)<\/p>\n<p><a href=\"https:\/\/agora.xtec.cat\/iespontdesuert\/wp-content\/uploads\/usu1633\/2025\/10\/baixa.png\"><img loading=\"lazy\" decoding=\"async\" class=\" wp-image-6251 aligncenter\" src=\"https:\/\/agora.xtec.cat\/iespontdesuert\/wp-content\/uploads\/usu1633\/2025\/10\/baixa.png\" alt=\"\" width=\"242\" height=\"95\" srcset=\"https:\/\/agora.xtec.cat\/iespontdesuert\/wp-content\/uploads\/usu1633\/2025\/10\/baixa.png 351w, https:\/\/agora.xtec.cat\/iespontdesuert\/wp-content\/uploads\/usu1633\/2025\/10\/baixa-300x118.png 300w\" sizes=\"auto, (max-width: 242px) 100vw, 242px\" \/><\/a><\/p>\n<p>Conductor de transport per cable expedit per FGC.<\/p>\n<p><a href=\"https:\/\/agora.xtec.cat\/iespontdesuert\/wp-content\/uploads\/usu1633\/2025\/10\/baixa-1.png\"><img loading=\"lazy\" decoding=\"async\" class=\" wp-image-6250 aligncenter\" src=\"https:\/\/agora.xtec.cat\/iespontdesuert\/wp-content\/uploads\/usu1633\/2025\/10\/baixa-1.png\" alt=\"\" width=\"186\" height=\"97\" \/><\/a><\/p>\n<p>Acreditaci\u00f3 oficial per a la utilitzaci\u00f3 de DESA (Desfibril\u00b7lador Semiautom\u00e0tic).<\/p>\n<p><a href=\"https:\/\/agora.xtec.cat\/iespontdesuert\/wp-content\/uploads\/usu1633\/2025\/10\/baixa-2.png\"><img loading=\"lazy\" decoding=\"async\" class=\"wp-image-6253 aligncenter\" src=\"https:\/\/agora.xtec.cat\/iespontdesuert\/wp-content\/uploads\/usu1633\/2025\/10\/baixa-2.png\" alt=\"\" width=\"129\" height=\"129\" srcset=\"https:\/\/agora.xtec.cat\/iespontdesuert\/wp-content\/uploads\/usu1633\/2025\/10\/baixa-2.png 200w, https:\/\/agora.xtec.cat\/iespontdesuert\/wp-content\/uploads\/usu1633\/2025\/10\/baixa-2-150x150.png 150w\" sizes=\"auto, (max-width: 129px) 100vw, 129px\" \/><\/a><\/p>\n<h4><strong>Perfil professional: <\/strong>T\u00e8cnic en Explotaci\u00f3 d&#8217;Estacions d&#8217;Esqu\u00ed<\/h4>\n<p>&nbsp;<\/p>\n<p><iframe loading=\"lazy\" src=\"https:\/\/www.youtube.com\/embed\/-VfOi0xLaLU\" width=\"560\" height=\"315\" frameborder=\"0\"><\/iframe><br \/>\nV\u00eddeo QU\u00c8 FEM AL CICLE DE NEU:<a href=\"https:\/\/www.youtube.com\/watch?v=JUEAGMAObY4\"> Versi\u00f3 llarga<\/a><\/p>\n<p><strong>INSTAGRAM<\/strong> <a href=\"https:\/\/www.instagram.com\/cicledeneu\/\">@cicledeneu<\/a> <strong>SEGUEIX-NOS!!<\/strong><\/p>\n<p><strong>EQUIP DOCENT\u00a0\u00a0<\/strong><\/p>\n<p>Cap de departament: Jos\u00e9 Castanera<\/p>\n<p>Tutor de 1r: Carla Vigo<\/p>\n<p>Tutor de 2n:\u00a0 Berta Terres<\/p>\n<p>Tutor de FCT: Carla Vigo<\/p>\n<p><strong>CFGM\u00a0 de Guia en el Medi Natural i Temps de Lleure (AE10)\u00a0<\/strong><\/p>\n<p><a href=\"https:\/\/agora.xtec.cat\/iespontdesuert\/wp-content\/uploads\/usu1633\/2025\/10\/Captura-de-pantalla-2025-10-02-115520.png\"><img loading=\"lazy\" decoding=\"async\" class=\"size-full wp-image-6258 aligncenter\" src=\"https:\/\/agora.xtec.cat\/iespontdesuert\/wp-content\/uploads\/usu1633\/2025\/10\/Captura-de-pantalla-2025-10-02-115520.png\" alt=\"\" width=\"433\" height=\"697\" srcset=\"https:\/\/agora.xtec.cat\/iespontdesuert\/wp-content\/uploads\/usu1633\/2025\/10\/Captura-de-pantalla-2025-10-02-115520.png 433w, https:\/\/agora.xtec.cat\/iespontdesuert\/wp-content\/uploads\/usu1633\/2025\/10\/Captura-de-pantalla-2025-10-02-115520-186x300.png 186w\" sizes=\"auto, (max-width: 433px) 100vw, 433px\" \/><\/a><a href=\"https:\/\/agora.xtec.cat\/iespontdesuert\/wp-content\/uploads\/usu1633\/2025\/10\/Captura-de-pantalla-2025-10-02-115644.png\"><img loading=\"lazy\" decoding=\"async\" class=\"size-full wp-image-6257 aligncenter\" src=\"https:\/\/agora.xtec.cat\/iespontdesuert\/wp-content\/uploads\/usu1633\/2025\/10\/Captura-de-pantalla-2025-10-02-115644.png\" alt=\"\" width=\"430\" height=\"673\" srcset=\"https:\/\/agora.xtec.cat\/iespontdesuert\/wp-content\/uploads\/usu1633\/2025\/10\/Captura-de-pantalla-2025-10-02-115644.png 430w, https:\/\/agora.xtec.cat\/iespontdesuert\/wp-content\/uploads\/usu1633\/2025\/10\/Captura-de-pantalla-2025-10-02-115644-192x300.png 192w\" sizes=\"auto, (max-width: 430px) 100vw, 430px\" \/><\/a><a href=\"https:\/\/agora.xtec.cat\/iespontdesuert\/wp-content\/uploads\/usu1633\/2025\/10\/Captura-de-pantalla-2025-10-02-115729.png\"><img loading=\"lazy\" decoding=\"async\" class=\"size-full wp-image-6256 aligncenter\" src=\"https:\/\/agora.xtec.cat\/iespontdesuert\/wp-content\/uploads\/usu1633\/2025\/10\/Captura-de-pantalla-2025-10-02-115729.png\" alt=\"\" width=\"430\" height=\"520\" srcset=\"https:\/\/agora.xtec.cat\/iespontdesuert\/wp-content\/uploads\/usu1633\/2025\/10\/Captura-de-pantalla-2025-10-02-115729.png 430w, https:\/\/agora.xtec.cat\/iespontdesuert\/wp-content\/uploads\/usu1633\/2025\/10\/Captura-de-pantalla-2025-10-02-115729-248x300.png 248w\" sizes=\"auto, (max-width: 430px) 100vw, 430px\" \/><\/a><\/p>\n<p><span style=\"font-family: Arial, sans-serif;\"><span style=\"font-size: small;\"><b>FORMACI\u00d3 COMPLEMENTARIA: ABALISAMENT DE PISTES, SENYALITZACI\u00d3 I SOCORRISME EN ESPAIS ESQUIABLES (540H)<\/b><\/span> <\/span><\/p>\n<p><a href=\"https:\/\/agora.xtec.cat\/iespontdesuert\/wp-content\/uploads\/usu1633\/2025\/10\/Captura-de-pantalla-2025-10-02-115838.png\"><img loading=\"lazy\" decoding=\"async\" class=\"size-full wp-image-6255 aligncenter\" src=\"https:\/\/agora.xtec.cat\/iespontdesuert\/wp-content\/uploads\/usu1633\/2025\/10\/Captura-de-pantalla-2025-10-02-115838.png\" alt=\"\" width=\"459\" height=\"301\" srcset=\"https:\/\/agora.xtec.cat\/iespontdesuert\/wp-content\/uploads\/usu1633\/2025\/10\/Captura-de-pantalla-2025-10-02-115838.png 459w, https:\/\/agora.xtec.cat\/iespontdesuert\/wp-content\/uploads\/usu1633\/2025\/10\/Captura-de-pantalla-2025-10-02-115838-300x197.png 300w\" sizes=\"auto, (max-width: 459px) 100vw, 459px\" \/><\/a><\/p>\n<p><strong>DELEGAT I SUBDELEGAT DEL GRUP CLASSE<\/strong><\/p>\n<p>1r CURS: DELEGAT: Nao Balart SUBDELEGADA: Leo Lopez<\/p>\n<p>2n CURS: DELEGAT: Tor Navarro SUBDELEGAT: Lau Fuster<\/p>\n<p><strong>INFORMACI\u00d3<\/strong><\/p>\n<p>\u00danica formaci\u00f3 professional espec\u00edfica en explotaci\u00f3 d&#8217;estacions d&#8217;esqu\u00ed reglada a Catalunya. No hi ha llibres de text. S&#8217;utilitzen fonts elaborades pel professorat i d&#8217;altres publicacions espec\u00edfiques.<\/p>\n<p><strong>UN DIA D&#8217;EX\u00c0MENS AL CICLE DE NEU. BAQUEIRA BERET. <\/strong><\/p>\n<p>En aquest v\u00eddeo podeu veure una sortida a Baqueira Beret per fer l&#8217;examen de T\u00e8cnica d&#8217;Esqu\u00ed en neus no tractades del m\u00f2dul de t\u00e8cnica d&#8217;esqu\u00ed.<\/p>\n<p>Per treballar de P\u00edster-Socorrista, s&#8217;ha de tenir un bon nivell d&#8217;esqu\u00ed, recursos per despla\u00e7ar-nos en tot tipus de terreny. Transmetre seguretat a les persones accidentades a les que hem d&#8217;evacuar en llitera de rescat.<\/p>\n<p><a href=\"http:\/\/www.tnproduccions.com\/\">TN PRODUCCIONS<\/a>.<\/p>\n<p><iframe loading=\"lazy\" src=\"\/\/www.youtube.com\/embed\/3FAIYz33fk8\" width=\"560\" height=\"314\" data-mce-fragment=\"1\"><\/iframe><\/p>\n<p><strong>ENLLA\u00c7OS<\/strong><\/p>\n<ul>\n<li><a href=\"https:\/\/www.instagram.com\/cicledeneu\/\">Instagram<\/a><\/li>\n<li><a href=\"http:\/\/inspontneu.blogspot.com.es\/\" target=\"_blank\" rel=\"noopener noreferrer\">Blog Cicle de neu<\/a><\/li>\n<li><a href=\"http:\/\/www.nevasport.com\/pont\/\" target=\"_blank\" rel=\"noopener noreferrer\">Blog Nevasport<\/a><\/li>\n<li><a href=\"http:\/\/www.boitaull.cat\/\">Bo\u00ed-Ta\u00fcll<\/a><\/li>\n<li><a href=\"http:\/\/www.nevasport.com\/\" target=\"_blank\" rel=\"noopener noreferrer\">Nevasport<\/a><\/li>\n<li><a href=\"http:\/\/www.elsesports.cat\/tdn\" target=\"_blank\" rel=\"noopener noreferrer\">Temps de neu<\/a><\/li>\n<li><span class=\"Estilo83\"><a class=\"Estilo84\" href=\"http:\/\/www.meteo.cat\/\" target=\"_blank\" rel=\"noopener noreferrer\">Meteocat<\/a><\/span><\/li>\n<li><a href=\"http:\/\/www.wetterzentrale.de\/\" target=\"_blank\" rel=\"noopener noreferrer\">Wetterzentrale<\/a><\/li>\n<\/ul>\n","protected":false},"excerpt":{"rendered":"<p>JORNADES DE PORTES OBERTES: 17 D&#8217;ABRIL DE 2026 A LES 18H &nbsp; CARTELL JORNADA PORTES OBERTES &nbsp; QU\u00c8 FEM AL CICLE DE NEU? CFGM de Guia en el Medi Natural i Temps de Lleure (AE10) &nbsp; &nbsp; Formaci\u00f3 complement\u00e0ria\u00a0\u00a0 Abalisament de pistes, senyalitzaci\u00f3 i socorrisme en espais esquiables (540h) Conductor de transport per cable expedit [&hellip;]<\/p>\n","protected":false},"author":1,"featured_media":0,"parent":1308,"menu_order":0,"comment_status":"closed","ping_status":"closed","template":"","meta":{"_bbp_topic_count":0,"_bbp_reply_count":0,"_bbp_total_topic_count":0,"_bbp_total_reply_count":0,"_bbp_voice_count":0,"_bbp_anonymous_reply_count":0,"_bbp_topic_count_hidden":0,"_bbp_reply_count_hidden":0,"_bbp_forum_subforum_count":0,"site-sidebar-layout":"default","site-content-layout":"","ast-site-content-layout":"default","site-content-style":"default","site-sidebar-style":"default","ast-global-header-display":"","ast-banner-title-visibility":"","ast-main-header-display":"","ast-hfb-above-header-display":"","ast-hfb-below-header-display":"","ast-hfb-mobile-header-display":"","site-post-title":"","ast-breadcrumbs-content":"","ast-featured-img":"","footer-sml-layout":"","theme-transparent-header-meta":"default","adv-header-id-meta":"","stick-header-meta":"","header-above-stick-meta":"","header-main-stick-meta":"","header-below-stick-meta":"","astra-migrate-meta-layouts":"set","ast-page-background-enabled":"default","ast-page-background-meta":{"desktop":{"background-color":"var(--ast-global-color-4)","background-image":"","background-repeat":"repeat","background-position":"center center","background-size":"auto","background-attachment":"scroll","background-type":"","background-media":"","overlay-type":"","overlay-color":"","overlay-opacity":"","overlay-gradient":""},"tablet":{"background-color":"","background-image":"","background-repeat":"repeat","background-position":"center center","background-size":"auto","background-attachment":"scroll","background-type":"","background-media":"","overlay-type":"","overlay-color":"","overlay-opacity":"","overlay-gradient":""},"mobile":{"background-color":"","background-image":"","background-repeat":"repeat","background-position":"center center","background-size":"auto","background-attachment":"scroll","background-type":"","background-media":"","overlay-type":"","overlay-color":"","overlay-opacity":"","overlay-gradient":""}},"ast-content-background-meta":{"desktop":{"background-color":"var(--ast-global-color-5)","background-image":"","background-repeat":"repeat","background-position":"center center","background-size":"auto","background-attachment":"scroll","background-type":"","background-media":"","overlay-type":"","overlay-color":"","overlay-opacity":"","overlay-gradient":""},"tablet":{"background-color":"var(--ast-global-color-5)","background-image":"","background-repeat":"repeat","background-position":"center center","background-size":"auto","background-attachment":"scroll","background-type":"","background-media":"","overlay-type":"","overlay-color":"","overlay-opacity":"","overlay-gradient":""},"mobile":{"background-color":"var(--ast-global-color-5)","background-image":"","background-repeat":"repeat","background-position":"center center","background-size":"auto","background-attachment":"scroll","background-type":"","background-media":"","overlay-type":"","overlay-color":"","overlay-opacity":"","overlay-gradient":""}},"footnotes":""},"class_list":["post-1310","page","type-page","status-publish","hentry"],"post_mailing_queue_ids":[],"_links":{"self":[{"href":"https:\/\/agora.xtec.cat\/iespontdesuert\/wp-json\/wp\/v2\/pages\/1310","targetHints":{"allow":["GET"]}}],"collection":[{"href":"https:\/\/agora.xtec.cat\/iespontdesuert\/wp-json\/wp\/v2\/pages"}],"about":[{"href":"https:\/\/agora.xtec.cat\/iespontdesuert\/wp-json\/wp\/v2\/types\/page"}],"author":[{"embeddable":true,"href":"https:\/\/agora.xtec.cat\/iespontdesuert\/wp-json\/wp\/v2\/users\/1"}],"replies":[{"embeddable":true,"href":"https:\/\/agora.xtec.cat\/iespontdesuert\/wp-json\/wp\/v2\/comments?post=1310"}],"version-history":[{"count":8,"href":"https:\/\/agora.xtec.cat\/iespontdesuert\/wp-json\/wp\/v2\/pages\/1310\/revisions"}],"predecessor-version":[{"id":6436,"href":"https:\/\/agora.xtec.cat\/iespontdesuert\/wp-json\/wp\/v2\/pages\/1310\/revisions\/6436"}],"up":[{"embeddable":true,"href":"https:\/\/agora.xtec.cat\/iespontdesuert\/wp-json\/wp\/v2\/pages\/1308"}],"wp:attachment":[{"href":"https:\/\/agora.xtec.cat\/iespontdesuert\/wp-json\/wp\/v2\/media?parent=1310"}],"curies":[{"name":"wp","href":"https:\/\/api.w.org\/{rel}","templated":true}]}}