{"id":1305,"date":"2015-09-29T08:56:50","date_gmt":"2015-09-29T06:56:50","guid":{"rendered":"http:\/\/webproves.tk\/?page_id=21"},"modified":"2017-04-10T15:16:15","modified_gmt":"2017-04-10T13:16:15","slug":"missio-del-centre","status":"publish","type":"page","link":"https:\/\/agora.xtec.cat\/iespontdesuert\/projecte-educatiu\/missio-del-centre\/","title":{"rendered":"Missi\u00f3 de Centre"},"content":{"rendered":"<p style=\"text-align: justify;\">La missi\u00f3 de l&#8217;Institut El Pont de Suert \u00e9s formar, orientar i acreditar el nostre alumnat d&#8217;acord amb els objectius i finalitats desplegats a les lleis educatives i la identitat pr\u00f2pia de l&#8217;Institut, per tal que assoleixin els coneixements, les habilitats, les actituds, els valors i les capacitats que els permetran assumir els reptes socials, acad\u00e8mics i professionals que els esperen.<\/p>\n<p style=\"text-align: justify;\">Volem preparar persones responsables, competents i d&#8217;esperit cr\u00edtic, cooperador i democr\u00e0tic, que contribueixin al progr\u00e9s i desenvolupament de la nostra societat dins d&#8217;uns valors de llibertat, toler\u00e0ncia, solidaritat i respecte al medi ambient.<\/p>\n<p>&nbsp;<\/p>\n","protected":false},"excerpt":{"rendered":"<p>La missi\u00f3 de l&#8217;Institut El Pont de Suert \u00e9s formar, orientar i acreditar el nostre alumnat d&#8217;acord amb els objectius i finalitats desplegats a les lleis educatives i la identitat pr\u00f2pia de l&#8217;Institut, per tal que assoleixin els coneixements, les habilitats, les actituds, els valors i les capacitats que els permetran assumir els reptes socials, [&hellip;]<\/p>\n","protected":false},"author":1,"featured_media":0,"parent":57,"menu_order":0,"comment_status":"closed","ping_status":"closed","template":"page-templates\/side-menu.php","meta":{"_bbp_topic_count":0,"_bbp_reply_count":0,"_bbp_total_topic_count":0,"_bbp_total_reply_count":0,"_bbp_voice_count":0,"_bbp_anonymous_reply_count":0,"_bbp_topic_count_hidden":0,"_bbp_reply_count_hidden":0,"_bbp_forum_subforum_count":0,"site-sidebar-layout":"default","site-content-layout":"","ast-site-content-layout":"","site-content-style":"default","site-sidebar-style":"default","ast-global-header-display":"","ast-banner-title-visibility":"","ast-main-header-display":"","ast-hfb-above-header-display":"","ast-hfb-below-header-display":"","ast-hfb-mobile-header-display":"","site-post-title":"","ast-breadcrumbs-content":"","ast-featured-img":"","footer-sml-layout":"","theme-transparent-header-meta":"","adv-header-id-meta":"","stick-header-meta":"","header-above-stick-meta":"","header-main-stick-meta":"","header-below-stick-meta":"","astra-migrate-meta-layouts":"default","ast-page-background-enabled":"default","ast-page-background-meta":{"desktop":{"background-color":"var(--ast-global-color-4)","background-image":"","background-repeat":"repeat","background-position":"center center","background-size":"auto","background-attachment":"scroll","background-type":"","background-media":"","overlay-type":"","overlay-color":"","overlay-opacity":"","overlay-gradient":""},"tablet":{"background-color":"","background-image":"","background-repeat":"repeat","background-position":"center center","background-size":"auto","background-attachment":"scroll","background-type":"","background-media":"","overlay-type":"","overlay-color":"","overlay-opacity":"","overlay-gradient":""},"mobile":{"background-color":"","background-image":"","background-repeat":"repeat","background-position":"center center","background-size":"auto","background-attachment":"scroll","background-type":"","background-media":"","overlay-type":"","overlay-color":"","overlay-opacity":"","overlay-gradient":""}},"ast-content-background-meta":{"desktop":{"background-color":"var(--ast-global-color-5)","background-image":"","background-repeat":"repeat","background-position":"center center","background-size":"auto","background-attachment":"scroll","background-type":"","background-media":"","overlay-type":"","overlay-color":"","overlay-opacity":"","overlay-gradient":""},"tablet":{"background-color":"var(--ast-global-color-5)","background-image":"","background-repeat":"repeat","background-position":"center center","background-size":"auto","background-attachment":"scroll","background-type":"","background-media":"","overlay-type":"","overlay-color":"","overlay-opacity":"","overlay-gradient":""},"mobile":{"background-color":"var(--ast-global-color-5)","background-image":"","background-repeat":"repeat","background-position":"center center","background-size":"auto","background-attachment":"scroll","background-type":"","background-media":"","overlay-type":"","overlay-color":"","overlay-opacity":"","overlay-gradient":""}},"footnotes":""},"class_list":["post-1305","page","type-page","status-publish","hentry"],"post_mailing_queue_ids":[],"_links":{"self":[{"href":"https:\/\/agora.xtec.cat\/iespontdesuert\/wp-json\/wp\/v2\/pages\/1305","targetHints":{"allow":["GET"]}}],"collection":[{"href":"https:\/\/agora.xtec.cat\/iespontdesuert\/wp-json\/wp\/v2\/pages"}],"about":[{"href":"https:\/\/agora.xtec.cat\/iespontdesuert\/wp-json\/wp\/v2\/types\/page"}],"author":[{"embeddable":true,"href":"https:\/\/agora.xtec.cat\/iespontdesuert\/wp-json\/wp\/v2\/users\/1"}],"replies":[{"embeddable":true,"href":"https:\/\/agora.xtec.cat\/iespontdesuert\/wp-json\/wp\/v2\/comments?post=1305"}],"version-history":[{"count":3,"href":"https:\/\/agora.xtec.cat\/iespontdesuert\/wp-json\/wp\/v2\/pages\/1305\/revisions"}],"predecessor-version":[{"id":1413,"href":"https:\/\/agora.xtec.cat\/iespontdesuert\/wp-json\/wp\/v2\/pages\/1305\/revisions\/1413"}],"up":[{"embeddable":true,"href":"https:\/\/agora.xtec.cat\/iespontdesuert\/wp-json\/wp\/v2\/pages\/57"}],"wp:attachment":[{"href":"https:\/\/agora.xtec.cat\/iespontdesuert\/wp-json\/wp\/v2\/media?parent=1305"}],"curies":[{"name":"wp","href":"https:\/\/api.w.org\/{rel}","templated":true}]}}